 {"id":86821,"date":"2025-08-19T12:08:04","date_gmt":"2025-08-19T10:08:04","guid":{"rendered":"https:\/\/www.comoditahome.com\/al\/?post_type=product&#038;p=86821"},"modified":"2026-03-02T09:12:01","modified_gmt":"2026-03-02T07:12:01","slug":"set-filxhanesh-kafeje-camel","status":"publish","type":"product","link":"https:\/\/www.comoditahome.com\/al\/product\/set-filxhanesh-kafeje-camel\/","title":{"rendered":"Set Filxhan\u00ebsh Kafeje Camel"},"content":{"rendered":"","protected":false},"excerpt":{"rendered":"<div class=\"woocommerce-product-details__short-description\">\n<p style=\"text-align: left;\"><span data-contrast=\"auto\">Shtoni eleganc\u00eb dhe thjesht\u00ebsi n\u00eb \u00e7do moment kafeje me k\u00ebt\u00eb set minimalist. Me nj\u00eb kapacitet prej 90 ml, ky filxhan \u00ebsht\u00eb ideal p\u00ebr espresso apo kafe turke. Ngjyra e ngroht\u00eb dhe sip\u00ebrfaqja me shk\u00eblqim i japin nj\u00eb pamje moderne dhe t\u00eb rafinuar. Pjata shoq\u00ebruese ofron stabilitet dhe funksionalitet, duke e b\u00ebr\u00eb k\u00ebt\u00eb set perfekt p\u00ebr p\u00ebrdorim n\u00eb sht\u00ebpi, kafene apo ambiente profesionale.<\/span><span data-ccp-props=\"{}\"><br \/>\n<\/span><b><span data-contrast=\"auto\">Dimensioni \/ Kompozicioni:<\/span><\/b><span data-contrast=\"auto\">\u202fSeti ka 12 pjes\u00eb: 6x filxhan\u00eb, 6x pjat\u00ebza.<\/span><br \/>\n<b><span data-contrast=\"auto\">NGJYRA:<\/span><\/b><span data-contrast=\"auto\">\u202fBezh\u00eb e ngroht\u00eb<\/span><br \/>\n<b><span data-contrast=\"auto\">MATERIALI:<\/span><\/b><span data-contrast=\"auto\">\u202fGuri<\/span><br \/>\n<b><span data-contrast=\"auto\">UDH\u00cbZIMET E P\u00cbRDORIMIT:<\/span><\/b><span data-contrast=\"auto\">\u202fT\u00eb pastrohet me dor\u00eb<\/span><br \/>\n<b><span data-contrast=\"auto\">KUSHTET E KTHIMIT \/ GARANCION:<\/span><\/b><span data-contrast=\"auto\">\u202fP\u00ebr k\u00ebt\u00eb produkt pranohet reklamacion brenda 24 or\u00ebve pasi t\u00eb pranoni porosin\u00eb.<\/span><span data-ccp-props=\"{}\">\u00a0<\/span><\/p>\n<p style=\"text-align: left;\"><span style=\"color: #ffffff;\">3905710940028<\/span><\/p>\n<\/div>\n","protected":false},"featured_media":86823,"template":"","meta":[],"product_cat":[62,55,57],"product_tag":[],"_links":{"self":[{"href":"https:\/\/www.comoditahome.com\/al\/wp-json\/wp\/v2\/product\/86821"}],"collection":[{"href":"https:\/\/www.comoditahome.com\/al\/wp-json\/wp\/v2\/product"}],"about":[{"href":"https:\/\/www.comoditahome.com\/al\/wp-json\/wp\/v2\/types\/product"}],"version-history":[{"count":2,"href":"https:\/\/www.comoditahome.com\/al\/wp-json\/wp\/v2\/product\/86821\/revisions"}],"predecessor-version":[{"id":86826,"href":"https:\/\/www.comoditahome.com\/al\/wp-json\/wp\/v2\/product\/86821\/revisions\/86826"}],"wp:featuredmedia":[{"embeddable":true,"href":"https:\/\/www.comoditahome.com\/al\/wp-json\/wp\/v2\/media\/86823"}],"wp:attachment":[{"href":"https:\/\/www.comoditahome.com\/al\/wp-json\/wp\/v2\/media?parent=86821"}],"wp:term":[{"taxonomy":"product_cat","embeddable":true,"href":"https:\/\/www.comoditahome.com\/al\/wp-json\/wp\/v2\/product_cat?post=86821"},{"taxonomy":"product_tag","embeddable":true,"href":"https:\/\/www.comoditahome.com\/al\/wp-json\/wp\/v2\/product_tag?post=86821"}],"curies":[{"name":"wp","href":"https:\/\/api.w.org\/{rel}","templated":true}]}}