 {"id":87974,"date":"2025-10-28T12:01:35","date_gmt":"2025-10-28T10:01:35","guid":{"rendered":"https:\/\/www.comoditahome.com\/al\/?post_type=product&#038;p=87974"},"modified":"2026-04-08T08:41:36","modified_gmt":"2026-04-08T06:41:36","slug":"dyshek-lavander-kornize-shtrati-latoflex","status":"publish","type":"product","link":"https:\/\/www.comoditahome.com\/al\/product\/dyshek-lavander-kornize-shtrati-latoflex\/","title":{"rendered":"DYSHEK LAVANDER + KORNIZ\u00cb SHTRATI + LATOFLEX"},"content":{"rendered":"","protected":false},"excerpt":{"rendered":"<div class=\"woocommerce-product-details__short-description\">\n<div class=\"woocommerce-product-details__short-description\">\n<div class=\"woocommerce-product-details__short-description\">\n<p style=\"text-align: left;\"><b><span data-contrast=\"auto\">Kompleti i p\u00ebrkryer p\u00ebr nj\u00eb gjum\u00eb t\u00eb qet\u00eb dhe rehati t\u00eb garantuar.<\/span><\/b><span data-ccp-props=\"{}\"><br \/>\n<\/span><span data-contrast=\"auto\">Krijuar p\u00ebr ata q\u00eb nuk b\u00ebjn\u00eb kompromise me cil\u00ebsin\u00eb e gjumit, kjo paket\u00eb ekskluzive p\u00ebrfshin nj\u00eb kombinim t\u00eb tre element\u00ebve thelb\u00ebsor\u00eb p\u00ebr nj\u00eb eksperienc\u00eb t\u00eb plot\u00eb pushimi: Dyshekun, Korniz\u00ebn e shtratit dhe Latoflex-in.<\/span><span data-ccp-props=\"{}\"><br \/>\n<\/span><b><span data-contrast=\"auto\">Dyshek Lavander<br \/>\n<\/span><\/b><span data-contrast=\"auto\">Dysheku Lavender \u00ebsht\u00eb me trash\u00ebsi prej 18cm, vjen me nj\u00eb mb\u00ebshtjell\u00ebs pambuku me mikrofibra t\u00eb dizajnuar p\u00ebr t\u00eb ofruar rehati gjat\u00eb fjetjes<\/span><span data-ccp-props=\"{}\"><br \/>\n<\/span><span data-contrast=\"auto\">Strukturua e dyshekut njihet p\u00ebr elasticitetin e shkum\u00ebs polietane q\u00eb ofron mb\u00ebshtetje optimale p\u00ebr form\u00ebn e trupit. Shtresa e shpuz\u00ebs \u00ebsht\u00eb e but\u00eb me sip\u00ebrfaqe t\u00eb konturuar<\/span><span data-ccp-props=\"{}\"><br \/>\n<\/span><span data-contrast=\"auto\">Dysheku ka nj\u00eb sturktur\u00eb pozore q\u00eb ofron nj\u00eb ventilim optimal duke hequr ajrin e lag\u00ebsht nga dysheku dhe vendosur ajrin e past\u00ebr, p\u00ebr nj\u00eb fjetje t\u00eb qet\u00eb n\u00eb temperatur\u00eb t\u00eb duhur.<\/span><span data-ccp-props=\"{}\"><br \/>\n<\/span><b><span data-contrast=\"auto\">K<\/span><\/b><b><span data-contrast=\"auto\">orniz\u00eb e q\u00ebndrueshme dhe elegante<br \/>\n<\/span><\/b><span data-contrast=\"auto\">Nd\u00ebrtuar me kujdes nga materiale rezistente dhe t\u00eb punuara n\u00eb m\u00ebnyr\u00eb estetike<\/span><span data-ccp-props=\"{}\"><br \/>\n<\/span><span data-contrast=\"auto\">P\u00ebrfaq\u00ebson nj\u00eb element t\u00eb r\u00ebnd\u00ebsish\u00ebm t\u00eb dizajnit t\u00eb dhom\u00ebs s\u00eb gjumit.<\/span><span data-ccp-props=\"{}\"><br \/>\n<\/span><span data-contrast=\"auto\">Me nj\u00eb pamje moderne dhe t\u00eb past\u00ebr, ajo p\u00ebrputhet leht\u00ebsisht me \u00e7do stil arredimi\u00a0<\/span><span data-ccp-props=\"{}\"><br \/>\n<\/span><span data-contrast=\"auto\">Garanton stabilitet dhe q\u00ebndrueshm\u00ebri p\u00ebr vite me radh\u00eb.<\/span><span data-ccp-props=\"{}\"><br \/>\n<\/span><b><span data-contrast=\"auto\">Latoflex i fort\u00eb dhe fleksib\u00ebl<\/span><\/b><br \/>\n<span data-contrast=\"auto\">Shtresa e brendshme me latoflex (rripa druri) \u00ebsht\u00eb ajo q\u00eb e b\u00ebn k\u00ebt\u00eb komplet edhe m\u00eb funksional.\u00a0<\/span><span data-ccp-props=\"{}\"><br \/>\n<\/span><span data-contrast=\"auto\">\u00cbsht\u00eb i p\u00ebrforcuar me tet\u00eb k\u00ebmb\u00eb dhe me platform\u00eb p\u00ebr q\u00ebndrueshm\u00ebri dhe p\u00ebr mbajtjen e pesh\u00ebs<\/span><span data-ccp-props=\"{}\"><br \/>\n<\/span><span data-contrast=\"auto\">Ofron nj\u00eb mb\u00ebshtetje shtes\u00eb p\u00ebr dyshekun, duke p\u00ebrmir\u00ebsuar komoditetin e tij dhe zgjatur jet\u00ebn e p\u00ebrdorimit.\u00a0<\/span><span data-ccp-props=\"{}\"><br \/>\n<\/span><span data-contrast=\"auto\">Siguron fleksibilitet t\u00eb kontrolluar dhe p\u00ebrmir\u00ebson ventilimin e dyshekut, gj\u00eb q\u00eb ndihmon n\u00eb ruajtjen e freskis\u00eb dhe higjien\u00ebs.<\/span><span data-ccp-props=\"{}\"><br \/>\n<\/span><span data-contrast=\"auto\">Ky kombinim perfekt i Dyshekut, Korniz\u00ebs dhe Latoflex-it \u00ebsht\u00eb zgjedhja ideale p\u00ebr ata q\u00eb k\u00ebrkojn\u00eb nj\u00eb ambient t\u00eb ngroht\u00eb, t\u00eb rehatsh\u00ebm dhe funksional n\u00eb dhom\u00ebn e tyre t\u00eb gjumit.<\/span><span data-ccp-props=\"{}\"><br \/>\n<\/span><b><span data-contrast=\"auto\">Dimensioni \/ Kompozicioni:<\/span><\/b><span data-contrast=\"auto\">\u202f90x200cm, 120x200cm, 140x200cm, 160x200cm dhe 180x200cm<br \/>\n<strong>LART\u00cbSIA E AN\u00cbSOREVE T\u00cb KORNIZES:<\/strong> 36cm<br \/>\n<strong>LART\u00cbSIA E PANELIT T\u00cb PAS\u00cbM T\u00cb KORNIZES (KOKA E KORNIZES):<\/strong> 111cm<\/span><span data-ccp-props=\"{}\"><br \/>\n<\/span><b><span data-contrast=\"auto\">NGJYRA E KORNIZES: <\/span><\/b><span data-contrast=\"auto\">Bezh\u00eb<\/span><span data-ccp-props=\"{}\"><br \/>\n<\/span><b><span data-contrast=\"auto\">MATERIALI I DYSHEKUT:\u202f<\/span><\/b><span data-contrast=\"auto\">Shpuz\u00eb poliuretane me mb\u00ebshtjell\u00ebs pambuku<\/span><span data-ccp-props=\"{}\"><br \/>\n<\/span><b><span data-contrast=\"auto\">UDH\u00cbZIMET E P\u00cbRDORIMIT:\u202f<\/span><\/b><span data-contrast=\"auto\">Dysheku vjen n\u00eb paketim t\u00eb vakumuar i mb\u00ebshtjellur n\u00eb m\u00ebnyr\u00eb hermetike. Pas hapjes, ai merr form\u00ebn brenda 10-20 minutave, por nuk duhet t\u00eb p\u00ebrdoret s\u00eb paku p\u00ebr 24 or\u00ebt e ardhshme. Dysheku nuk duhet t\u00eb ket\u00eb kontakt me ujin.<\/span><span data-ccp-props=\"{}\"><br \/>\n<\/span><b><span data-contrast=\"auto\">KUSHTET E KTHIMIT \/ GARANCION:\u202f<\/span><\/b><span data-contrast=\"auto\">Ky produkt nuk ka garancion<\/span><span data-ccp-props=\"{}\">\u00a0<\/span><\/p>\n<\/div>\n<\/div>\n<\/div>\n","protected":false},"featured_media":87978,"template":"","meta":[],"product_cat":[15,209,206],"product_tag":[],"_links":{"self":[{"href":"https:\/\/www.comoditahome.com\/al\/wp-json\/wp\/v2\/product\/87974"}],"collection":[{"href":"https:\/\/www.comoditahome.com\/al\/wp-json\/wp\/v2\/product"}],"about":[{"href":"https:\/\/www.comoditahome.com\/al\/wp-json\/wp\/v2\/types\/product"}],"version-history":[{"count":3,"href":"https:\/\/www.comoditahome.com\/al\/wp-json\/wp\/v2\/product\/87974\/revisions"}],"predecessor-version":[{"id":88025,"href":"https:\/\/www.comoditahome.com\/al\/wp-json\/wp\/v2\/product\/87974\/revisions\/88025"}],"wp:featuredmedia":[{"embeddable":true,"href":"https:\/\/www.comoditahome.com\/al\/wp-json\/wp\/v2\/media\/87978"}],"wp:attachment":[{"href":"https:\/\/www.comoditahome.com\/al\/wp-json\/wp\/v2\/media?parent=87974"}],"wp:term":[{"taxonomy":"product_cat","embeddable":true,"href":"https:\/\/www.comoditahome.com\/al\/wp-json\/wp\/v2\/product_cat?post=87974"},{"taxonomy":"product_tag","embeddable":true,"href":"https:\/\/www.comoditahome.com\/al\/wp-json\/wp\/v2\/product_tag?post=87974"}],"curies":[{"name":"wp","href":"https:\/\/api.w.org\/{rel}","templated":true}]}}