 {"id":87999,"date":"2025-10-28T12:15:27","date_gmt":"2025-10-28T10:15:27","guid":{"rendered":"https:\/\/www.comoditahome.com\/al\/?post_type=product&#038;p=87999"},"modified":"2026-04-08T08:54:10","modified_gmt":"2026-04-08T06:54:10","slug":"dyshek-memory-kornize-shtrati-latoflex-alba-bezhe","status":"publish","type":"product","link":"https:\/\/www.comoditahome.com\/al\/product\/dyshek-memory-kornize-shtrati-latoflex-alba-bezhe\/","title":{"rendered":"DYSHEK MEMORY + KORNIZ\u00cb SHTRATI + LATOFLEX ALBA BEZH\u00cb"},"content":{"rendered":"","protected":false},"excerpt":{"rendered":"<div class=\"woocommerce-product-details__short-description\">\n<div class=\"woocommerce-product-details__short-description\">\n<div class=\"woocommerce-product-details__short-description\">\n<p style=\"text-align: left;\"><b><span data-contrast=\"auto\">Kompleti i p\u00ebrkryer p\u00ebr nj\u00eb gjum\u00eb t\u00eb qet\u00eb dhe rehati t\u00eb garantuar.<\/span><\/b><span data-ccp-props=\"{}\"><br \/>\n<\/span><span data-contrast=\"auto\">Krijuar p\u00ebr ata q\u00eb nuk b\u00ebjn\u00eb kompromise me cil\u00ebsin\u00eb e gjumit, kjo paket\u00eb ekskluzive p\u00ebrfshin nj\u00eb kombinim t\u00eb tre element\u00ebve thelb\u00ebsor\u00eb p\u00ebr nj\u00eb eksperienc\u00eb t\u00eb plot\u00eb pushimi: Dyshekun, Korniz\u00ebn e shtratit dhe Latoflex-in.<\/span><span data-ccp-props=\"{}\"><br \/>\n<\/span><b><\/b><\/p>\n<p style=\"text-align: left;\"><b><span data-contrast=\"auto\">Dyshek Memory<\/span><\/b><\/p>\n<ul style=\"text-align: left;\">\n<li><span data-contrast=\"auto\">Dysheku Memory \u00ebsht\u00eb i strukturuar n\u00eb nj\u00eb kompozim shtresash shpuze t\u00eb cilat finalizojn\u00eb nj\u00eb dyshek me trash\u00ebsi 23cm tejet komfort<\/span><span data-ccp-props=\"{}\"><br \/>\n<\/span><\/li>\n<li><span data-contrast=\"auto\">Stuktura e k\u00ebtij dysheku \u00ebsht\u00eb e projektuar nga top shtresa me shkum\u00eb Memory 4cm, shtresat nd\u00ebrmet\u00ebsuese nga shkum\u00eb poliuretani, shtresa baz\u00eb me shkum\u00eb polyurethane me dend\u00ebsi m\u00eb t\u00eb lart\u00eb dhe mb\u00ebshjell\u00ebsi i dyshekut me p\u00ebrmbajtje mikrofib\u00ebr<\/span><span data-ccp-props=\"{}\"><br \/>\n<\/span><\/li>\n<li><span data-contrast=\"auto\">Shtresa Memory i p\u00ebrshtatet konturave specifike t\u00eb trupit tuaj, lejon q\u00eb pesha t\u00eb shp\u00ebrndahet nj\u00ebtrajt\u00ebsisht n\u00eb t\u00eb gjith\u00eb sip\u00ebrfaqen e saj n\u00eb k\u00ebt\u00eb m\u00ebnyr\u00eb ju t\u00eb mos ndjeni presionin e pesh\u00ebs suaj dhe k\u00ebshtu trupi juaj t\u00eb ndihet i liruar<\/span><span data-ccp-props=\"{}\"><br \/>\n<\/span><\/li>\n<li><span data-contrast=\"auto\">Shtresat nd\u00ebrmjet\u00ebsuese i ofrojn\u00eb mb\u00ebshtetjen e duhur boshtit tuaj kurrizor dhe shtresa baz\u00eb \u00ebsht\u00eb dizajnuar p\u00ebr t\u00eb ndihmuar n\u00eb sigurimin e q\u00ebndrueshm\u00ebris\u00eb dhe jet\u00ebgjat\u00ebsin\u00eb e dyshekut.<\/span><span data-ccp-props=\"{}\"><br \/>\n<\/span><b><\/b><\/li>\n<\/ul>\n<p style=\"text-align: left;\"><b><span data-contrast=\"auto\">K<\/span><\/b><b><span data-contrast=\"auto\">orniz\u00eb e q\u00ebndrueshme dhe elegante<\/span><\/b><\/p>\n<ul style=\"text-align: left;\">\n<li><span data-contrast=\"auto\">Nd\u00ebrtuar me kujdes nga materiale rezistente dhe t\u00eb punuara n\u00eb m\u00ebnyr\u00eb estetike<\/span><span data-ccp-props=\"{}\"><br \/>\n<\/span><\/li>\n<li><span data-contrast=\"auto\">P\u00ebrfaq\u00ebson nj\u00eb element t\u00eb r\u00ebnd\u00ebsish\u00ebm t\u00eb dizajnit t\u00eb dhom\u00ebs s\u00eb gjumit<\/span><span data-ccp-props=\"{}\"><br \/>\n<\/span><\/li>\n<li><span data-contrast=\"auto\">Me nj\u00eb pamje moderne dhe t\u00eb past\u00ebr, ajo p\u00ebrputhet leht\u00ebsisht me \u00e7do stil arredimi\u00a0<\/span><span data-ccp-props=\"{}\"><br \/>\n<\/span><\/li>\n<li><span data-contrast=\"auto\">Garanton stabilitet dhe q\u00ebndrueshm\u00ebri p\u00ebr vite me radh\u00eb.<\/span><span data-ccp-props=\"{}\"><br \/>\n<\/span><b><\/b><\/li>\n<\/ul>\n<p style=\"text-align: left;\"><b><span data-contrast=\"auto\">Latoflex i fort\u00eb dhe fleksib\u00ebl<\/span><\/b><\/p>\n<ul style=\"text-align: left;\">\n<li><span data-contrast=\"auto\">Shtresa e brendshme me latoflex (rripa druri) \u00ebsht\u00eb ajo q\u00eb e b\u00ebn k\u00ebt\u00eb komplet edhe m\u00eb funksional<\/span><span data-ccp-props=\"{}\"><br \/>\n<\/span><\/li>\n<li><span data-contrast=\"auto\">\u00cbsht\u00eb i p\u00ebrforcuar me tet\u00eb k\u00ebmb\u00eb dhe me platform\u00eb p\u00ebr q\u00ebndrueshm\u00ebri dhe p\u00ebr mbajtjen e pesh\u00ebs<\/span><span data-ccp-props=\"{}\"><br \/>\n<\/span><\/li>\n<li><span data-contrast=\"auto\">Ofron nj\u00eb mb\u00ebshtetje shtes\u00eb p\u00ebr dyshekun, duke p\u00ebrmir\u00ebsuar komoditetin e tij dhe zgjatur jet\u00ebn e p\u00ebrdorimit<\/span><span data-ccp-props=\"{}\"><br \/>\n<\/span><\/li>\n<li><span data-contrast=\"auto\">Siguron fleksibilitet t\u00eb kontrolluar dhe p\u00ebrmir\u00ebson ventilimin e dyshekut, gj\u00eb q\u00eb ndihmon n\u00eb ruajtjen e freskis\u00eb dhe higjien\u00ebs.<\/span><span data-ccp-props=\"{}\"><br \/>\n<\/span><\/li>\n<\/ul>\n<p style=\"text-align: left;\"><span data-contrast=\"auto\">Ky kombinim perfekt i Dyshekut, Korniz\u00ebs dhe Latoflex-it \u00ebsht\u00eb zgjedhja ideale p\u00ebr ata q\u00eb k\u00ebrkojn\u00eb nj\u00eb ambient t\u00eb ngroht\u00eb, t\u00eb rehatsh\u00ebm dhe funksional n\u00eb dhom\u00ebn e tyre t\u00eb gjumit.<\/span><span data-ccp-props=\"{}\"><br \/>\n<\/span><b><span data-contrast=\"auto\">Dimensioni \/ Kompozicioni:<\/span><\/b><span data-contrast=\"auto\">\u202f<\/span><span data-ccp-props=\"{}\"> 90x200cm, 120x200cm, 140x200cm, 160x200cm dhe 180x200cm<br \/>\n<strong>LART\u00cbSIA E AN\u00cbSOREVE T\u00cb KORNIZES:<\/strong> 40cm<br \/>\n<strong>LART\u00cbSIA E PANELIT T\u00cb PAS\u00cbM T\u00cb KORNIZES (KOKA E KORNIZES):<\/strong> 115cm<br \/>\n<\/span><b><span data-contrast=\"auto\">NGJYRA E KORNIZES: <\/span><\/b><span data-contrast=\"auto\">Bezh\u00eb<\/span><span data-ccp-props=\"{}\"><br \/>\n<\/span><b><span data-contrast=\"auto\">MATERIALI I DYSHEKUT:<\/span><\/b><span data-contrast=\"auto\">\u202fKombinim i shtresave t\u00eb shkum\u00ebs Memory dhe poliuretane me mb\u00ebshtjell\u00ebs pambuku<\/span><span data-ccp-props=\"{}\"><br \/>\n<\/span><b><span data-contrast=\"auto\">UDH\u00cbZIMET E P\u00cbRDORIMIT:<\/span><\/b><span data-contrast=\"auto\">\u202fDysheku vjen n\u00eb paketim t\u00eb vakumuar i mb\u00ebshtjellur n\u00eb m\u00ebnyr\u00eb hermetike. Pas hapjes, ai merr form\u00ebn brenda 10-20 minutave, por nuk duhet t\u00eb p\u00ebrdoret s\u00eb paku p\u00ebr 24 or\u00ebt e ardhshme. Dysheku nuk duhet t\u00eb ket\u00eb kontakt me ujin.<\/span><span data-ccp-props=\"{}\"><br \/>\n<\/span><b><span data-contrast=\"auto\">KUSHTET E KTHIMIT \/ GARANCION:<\/span><\/b><span data-contrast=\"auto\">\u202fGarancion 3 vite<\/span><span data-ccp-props=\"{}\">\u00a0<\/span><\/p>\n<\/div>\n<\/div>\n<\/div>\n","protected":false},"featured_media":88003,"template":"","meta":[],"product_cat":[15,208,206],"product_tag":[],"_links":{"self":[{"href":"https:\/\/www.comoditahome.com\/al\/wp-json\/wp\/v2\/product\/87999"}],"collection":[{"href":"https:\/\/www.comoditahome.com\/al\/wp-json\/wp\/v2\/product"}],"about":[{"href":"https:\/\/www.comoditahome.com\/al\/wp-json\/wp\/v2\/types\/product"}],"version-history":[{"count":2,"href":"https:\/\/www.comoditahome.com\/al\/wp-json\/wp\/v2\/product\/87999\/revisions"}],"predecessor-version":[{"id":88023,"href":"https:\/\/www.comoditahome.com\/al\/wp-json\/wp\/v2\/product\/87999\/revisions\/88023"}],"wp:featuredmedia":[{"embeddable":true,"href":"https:\/\/www.comoditahome.com\/al\/wp-json\/wp\/v2\/media\/88003"}],"wp:attachment":[{"href":"https:\/\/www.comoditahome.com\/al\/wp-json\/wp\/v2\/media?parent=87999"}],"wp:term":[{"taxonomy":"product_cat","embeddable":true,"href":"https:\/\/www.comoditahome.com\/al\/wp-json\/wp\/v2\/product_cat?post=87999"},{"taxonomy":"product_tag","embeddable":true,"href":"https:\/\/www.comoditahome.com\/al\/wp-json\/wp\/v2\/product_tag?post=87999"}],"curies":[{"name":"wp","href":"https:\/\/api.w.org\/{rel}","templated":true}]}}