 {"id":88047,"date":"2025-10-29T11:12:44","date_gmt":"2025-10-29T09:12:44","guid":{"rendered":"https:\/\/www.comoditahome.com\/al\/?post_type=product&#038;p=88047"},"modified":"2026-04-08T08:52:56","modified_gmt":"2026-04-08T06:52:56","slug":"kornize-shtrati-latoflex-serene-4","status":"publish","type":"product","link":"https:\/\/www.comoditahome.com\/al\/product\/kornize-shtrati-latoflex-serene-4\/","title":{"rendered":"KORNIZ\u00cb SHTRATI + LATOFLEX SERENE 4"},"content":{"rendered":"","protected":false},"excerpt":{"rendered":"<div class=\"woocommerce-product-details__short-description\">\n<div class=\"woocommerce-product-details__short-description\">\n<p style=\"text-align: left;\"><b><span data-contrast=\"auto\">Kompleti i p\u00ebrkryer p\u00ebr nj\u00eb gjum\u00eb t\u00eb qet\u00eb dhe rehati t\u00eb garantuar.<\/span><\/b><span data-ccp-props=\"{}\"><br \/>\n<\/span><span data-contrast=\"auto\">Krijuar p\u00ebr ata q\u00eb nuk b\u00ebjn\u00eb kompromise me cil\u00ebsin\u00eb e gjumit, kjo paket\u00eb ekskluzive p\u00ebrfshin nj\u00eb kombinim t\u00eb dy element\u00ebve thelb\u00ebsor\u00eb p\u00ebr nj\u00eb eksperienc\u00eb t\u00eb plot\u00eb pushimi: Korniz\u00ebn e shtratit dhe Latoflex-in.<\/span><b><\/b><\/p>\n<p style=\"text-align: left;\"><b><span data-contrast=\"auto\">K<\/span><\/b><b><span data-contrast=\"auto\">orniz\u00eb e q\u00ebndrueshme dhe elegante<\/span><\/b><\/p>\n<ul style=\"text-align: left;\">\n<li><span data-contrast=\"auto\">Nd\u00ebrtuar me kujdes nga materiale rezistente dhe t\u00eb punuara n\u00eb m\u00ebnyr\u00eb estetike<\/span><span data-ccp-props=\"{}\"><br \/>\n<\/span><\/li>\n<li><span data-contrast=\"auto\">P\u00ebrfaq\u00ebson nj\u00eb element t\u00eb r\u00ebnd\u00ebsish\u00ebm t\u00eb dizajnit t\u00eb dhom\u00ebs s\u00eb gjumit<\/span><span data-ccp-props=\"{}\"><br \/>\n<\/span><\/li>\n<li><span data-contrast=\"auto\">Me nj\u00eb pamje moderne dhe t\u00eb past\u00ebr, ajo p\u00ebrputhet leht\u00ebsisht me \u00e7do stil arredimi\u00a0<\/span><span data-ccp-props=\"{}\"><br \/>\n<\/span><\/li>\n<li><span data-contrast=\"auto\">Garanton stabilitet dhe q\u00ebndrueshm\u00ebri p\u00ebr vite me radh\u00eb.<\/span><span data-ccp-props=\"{}\"><br \/>\n<\/span><b><\/b><\/li>\n<\/ul>\n<p style=\"text-align: left;\"><b><span data-contrast=\"auto\">Latoflex i fort\u00eb dhe fleksib\u00ebl<\/span><\/b><\/p>\n<ul style=\"text-align: left;\">\n<li><span data-contrast=\"auto\">Shtresa e brendshme me latoflex (rripa druri) \u00ebsht\u00eb ajo q\u00eb e b\u00ebn k\u00ebt\u00eb komplet edhe m\u00eb funksional<\/span><span data-ccp-props=\"{}\"><br \/>\n<\/span><\/li>\n<li><span data-contrast=\"auto\">Ofron nj\u00eb mb\u00ebshtetje shtes\u00eb p\u00ebr dyshekun, duke p\u00ebrmir\u00ebsuar komoditetin e tij dhe zgjatur jet\u00ebn e p\u00ebrdorimit<\/span><span data-ccp-props=\"{}\"><br \/>\n<\/span><\/li>\n<li><span data-contrast=\"auto\">Siguron fleksibilitet t\u00eb kontrolluar dhe p\u00ebrmir\u00ebson ventilimin e dyshekut, gj\u00eb q\u00eb ndihmon n\u00eb ruajtjen e freskis\u00eb dhe higjien\u00ebs.<\/span><span data-ccp-props=\"{}\"><br \/>\n<\/span><\/li>\n<\/ul>\n<p style=\"text-align: left;\"><span data-contrast=\"auto\">Kombinim i Korniz\u00ebs dhe Latoflex-it \u00ebsht\u00eb zgjedhja ideale p\u00ebr ata q\u00eb k\u00ebrkojn\u00eb nj\u00eb ambient t\u00eb ngroht\u00eb, t\u00eb rehatsh\u00ebm dhe funksional n\u00eb dhom\u00ebn e tyre t\u00eb gjumit.<\/span><span data-ccp-props=\"{}\"><br \/>\n<\/span><b><span data-contrast=\"auto\">Dimensioni \/ Kompozicioni:<\/span><\/b><span data-contrast=\"auto\">\u202f<\/span><span data-ccp-props=\"{}\"> 90x200cm, 120x200cm, 140x200cm, 160x200cm dhe 180x200cm<br \/>\n<strong>LART\u00cbSIA E AN\u00cbSOREVE T\u00cb KORNIZES:<\/strong>40cm<strong><br \/>\nLART\u00cbSIA E PANELIT T\u00cb PAS\u00cbM T\u00cb KORNIZES (KOKA E KORNIZES):<\/strong>115cm<br \/>\n<\/span><b><span data-contrast=\"auto\">NGJYRA E KORNIZES:<\/span><\/b><span data-contrast=\"auto\">\u202fGrey<\/span><span data-ccp-props=\"{}\"><br \/>\n<\/span><b><span data-contrast=\"auto\">KUSHTET E KTHIMIT \/ GARANCION: <\/span><\/b>Ky produkt nuk ka garancion<\/p>\n<\/div>\n<\/div>\n","protected":false},"featured_media":88052,"template":"","meta":[],"product_cat":[206,207],"product_tag":[],"_links":{"self":[{"href":"https:\/\/www.comoditahome.com\/al\/wp-json\/wp\/v2\/product\/88047"}],"collection":[{"href":"https:\/\/www.comoditahome.com\/al\/wp-json\/wp\/v2\/product"}],"about":[{"href":"https:\/\/www.comoditahome.com\/al\/wp-json\/wp\/v2\/types\/product"}],"version-history":[{"count":2,"href":"https:\/\/www.comoditahome.com\/al\/wp-json\/wp\/v2\/product\/88047\/revisions"}],"predecessor-version":[{"id":88554,"href":"https:\/\/www.comoditahome.com\/al\/wp-json\/wp\/v2\/product\/88047\/revisions\/88554"}],"wp:featuredmedia":[{"embeddable":true,"href":"https:\/\/www.comoditahome.com\/al\/wp-json\/wp\/v2\/media\/88052"}],"wp:attachment":[{"href":"https:\/\/www.comoditahome.com\/al\/wp-json\/wp\/v2\/media?parent=88047"}],"wp:term":[{"taxonomy":"product_cat","embeddable":true,"href":"https:\/\/www.comoditahome.com\/al\/wp-json\/wp\/v2\/product_cat?post=88047"},{"taxonomy":"product_tag","embeddable":true,"href":"https:\/\/www.comoditahome.com\/al\/wp-json\/wp\/v2\/product_tag?post=88047"}],"curies":[{"name":"wp","href":"https:\/\/api.w.org\/{rel}","templated":true}]}}