 {"id":88952,"date":"2025-12-03T10:39:38","date_gmt":"2025-12-03T08:39:38","guid":{"rendered":"https:\/\/www.comoditahome.com\/al\/?post_type=product&#038;p=88952"},"modified":"2026-05-07T09:34:37","modified_gmt":"2026-05-07T07:34:37","slug":"kornize-shtrati-baze-me-mekanizem-ngrites-luxury-180x200cm","status":"publish","type":"product","link":"https:\/\/www.comoditahome.com\/al\/product\/kornize-shtrati-baze-me-mekanizem-ngrites-luxury-180x200cm\/","title":{"rendered":"KORNIZ\u00cb SHTRATI + BAZ\u00cb ME MEKANIZ\u00cbM NGRIT\u00cbS LUXURY 180x200cm"},"content":{"rendered":"","protected":false},"excerpt":{"rendered":"<div class=\"woocommerce-product-details__short-description\">\n<p style=\"text-align: left;\"><span data-contrast=\"auto\">Kompleti ideal p\u00ebr rehati maksimale dhe funksionalitet t\u00eb zgjuar<\/span><span data-ccp-props=\"{}\">\u00a0<\/span><\/p>\n<p style=\"text-align: left;\"><span data-contrast=\"auto\">Krijuar p\u00ebr ata q\u00eb k\u00ebrkojn\u00eb kombinimin perfekt t\u00eb komoditetit, stilit dhe praktik\u00ebs, ky set elegant p\u00ebrfshi Korniz\u00ebn e shtratit , Baz\u00ebn me mekaniz\u00ebm ngrit\u00ebs dhe 2x Llamb\u00eb ndri\u00e7uese \u2013 nj\u00eb zgjidhje moderne dhe funksionale p\u00ebr \u00e7do dhom\u00eb gjumi.<\/span><span data-ccp-props=\"{}\">\u00a0<\/span><\/p>\n<p style=\"text-align: left;\"><b><span data-contrast=\"auto\">Korniz\u00eb e q\u00ebndrueshme dhe elegante<\/span><\/b><span data-ccp-props=\"{}\">\u00a0<\/span><\/p>\n<ul style=\"text-align: left;\">\n<li aria-setsize=\"-1\" data-leveltext=\"\uf0b7\" data-font=\"Symbol\" data-listid=\"2\" data-list-defn-props=\"{&quot;335552541&quot;:1,&quot;335559685&quot;:720,&quot;335559991&quot;:360,&quot;469769226&quot;:&quot;Symbol&quot;,&quot;469769242&quot;:[8226],&quot;469777803&quot;:&quot;left&quot;,&quot;469777804&quot;:&quot;\uf0b7&quot;,&quot;469777815&quot;:&quot;multilevel&quot;}\" data-aria-posinset=\"33\" data-aria-level=\"1\"><span data-contrast=\"auto\">Nd\u00ebrtuar me kujdes nga materiale cil\u00ebsore dhe t\u00eb punuara me estetik\u00eb.<\/span><span data-ccp-props=\"{}\">\u00a0<\/span><\/li>\n<li aria-setsize=\"-1\" data-leveltext=\"\uf0b7\" data-font=\"Symbol\" data-listid=\"2\" data-list-defn-props=\"{&quot;335552541&quot;:1,&quot;335559685&quot;:720,&quot;335559991&quot;:360,&quot;469769226&quot;:&quot;Symbol&quot;,&quot;469769242&quot;:[8226],&quot;469777803&quot;:&quot;left&quot;,&quot;469777804&quot;:&quot;\uf0b7&quot;,&quot;469777815&quot;:&quot;multilevel&quot;}\" data-aria-posinset=\"33\" data-aria-level=\"1\"><span data-contrast=\"auto\">P\u00ebrfaq\u00ebson nj\u00eb element t\u00eb r\u00ebnd\u00ebsish\u00ebm t\u00eb dizajnit t\u00eb dhom\u00ebs s\u00eb gjumit.<\/span><span data-ccp-props=\"{}\">\u00a0<\/span><\/li>\n<li aria-setsize=\"-1\" data-leveltext=\"\uf0b7\" data-font=\"Symbol\" data-listid=\"2\" data-list-defn-props=\"{&quot;335552541&quot;:1,&quot;335559685&quot;:720,&quot;335559991&quot;:360,&quot;469769226&quot;:&quot;Symbol&quot;,&quot;469769242&quot;:[8226],&quot;469777803&quot;:&quot;left&quot;,&quot;469777804&quot;:&quot;\uf0b7&quot;,&quot;469777815&quot;:&quot;multilevel&quot;}\" data-aria-posinset=\"33\" data-aria-level=\"1\"><span data-contrast=\"auto\">Me pamje moderne dhe t\u00eb past\u00ebr, p\u00ebrshtatet leht\u00eb me \u00e7do stil arredimi.<\/span><span data-ccp-props=\"{}\">\u00a0<\/span><\/li>\n<li aria-setsize=\"-1\" data-leveltext=\"\uf0b7\" data-font=\"Symbol\" data-listid=\"2\" data-list-defn-props=\"{&quot;335552541&quot;:1,&quot;335559685&quot;:720,&quot;335559991&quot;:360,&quot;469769226&quot;:&quot;Symbol&quot;,&quot;469769242&quot;:[8226],&quot;469777803&quot;:&quot;left&quot;,&quot;469777804&quot;:&quot;\uf0b7&quot;,&quot;469777815&quot;:&quot;multilevel&quot;}\" data-aria-posinset=\"33\" data-aria-level=\"1\"><span data-contrast=\"auto\">Garanton stabilitet dhe q\u00ebndrueshm\u00ebri p\u00ebr shum\u00eb vite p\u00ebrdorimi.<\/span><span data-ccp-props=\"{}\">\u00a0<\/span><\/li>\n<\/ul>\n<p style=\"text-align: left;\"><b><span data-contrast=\"auto\">Baza me mekaniz\u00ebm ngrit\u00ebs \u2013 funksionalitet i men\u00e7ur<\/span><\/b><span data-ccp-props=\"{}\">\u00a0<\/span><\/p>\n<ul style=\"text-align: left;\">\n<li aria-setsize=\"-1\" data-leveltext=\"\uf0b7\" data-font=\"Symbol\" data-listid=\"3\" data-list-defn-props=\"{&quot;335552541&quot;:1,&quot;335559685&quot;:720,&quot;335559991&quot;:360,&quot;469769226&quot;:&quot;Symbol&quot;,&quot;469769242&quot;:[8226],&quot;469777803&quot;:&quot;left&quot;,&quot;469777804&quot;:&quot;\uf0b7&quot;,&quot;469777815&quot;:&quot;multilevel&quot;}\" data-aria-posinset=\"15\" data-aria-level=\"1\"><span data-contrast=\"auto\">Hapet leht\u00eb dhe ofron hap\u00ebsir\u00eb t\u00eb bollshme p\u00ebr ruajtje n\u00ebn dyshek, ideale p\u00ebr batanije, jorgan\u00eb apo rroba sezonale.<\/span><\/li>\n<li aria-setsize=\"-1\" data-leveltext=\"\uf0b7\" data-font=\"Symbol\" data-listid=\"3\" data-list-defn-props=\"{&quot;335552541&quot;:1,&quot;335559685&quot;:720,&quot;335559991&quot;:360,&quot;469769226&quot;:&quot;Symbol&quot;,&quot;469769242&quot;:[8226],&quot;469777803&quot;:&quot;left&quot;,&quot;469777804&quot;:&quot;\uf0b7&quot;,&quot;469777815&quot;:&quot;multilevel&quot;}\" data-aria-posinset=\"15\" data-aria-level=\"1\"><span data-contrast=\"auto\">E b\u00ebn shtratin praktik dhe t\u00eb organizuar, duke ju ndihmuar t\u00eb mbani dhom\u00ebn gjithmon\u00eb t\u00eb rregullt dhe t\u00eb past\u00ebr.<\/span><span data-ccp-props=\"{}\">\u00a0<\/span><\/li>\n<\/ul>\n<p style=\"text-align: left;\"><b><span data-contrast=\"auto\">Llamb\u00eb ndri\u00e7uese \u2013 dizajn elegant\u00a0<\/span><\/b><span data-ccp-props=\"{&quot;134233117&quot;:true,&quot;134233118&quot;:true,&quot;201341983&quot;:0,&quot;335559740&quot;:240}\">\u00a0<\/span><\/p>\n<ul style=\"text-align: left;\">\n<li aria-setsize=\"-1\" data-leveltext=\"\uf0b7\" data-font=\"Symbol\" data-listid=\"3\" data-list-defn-props=\"{&quot;335552541&quot;:1,&quot;335559685&quot;:720,&quot;335559991&quot;:360,&quot;469769226&quot;:&quot;Symbol&quot;,&quot;469769242&quot;:[8226],&quot;469777803&quot;:&quot;left&quot;,&quot;469777804&quot;:&quot;\uf0b7&quot;,&quot;469777815&quot;:&quot;multilevel&quot;}\" data-aria-posinset=\"17\" data-aria-level=\"1\"><span data-contrast=\"auto\">Ofron ndri\u00e7im t\u00eb ngroht\u00eb dhe t\u00eb k\u00ebndsh\u00ebm, perfekt p\u00ebr krijimin e nj\u00eb atmosfere relaksuese<\/span><span data-ccp-props=\"{&quot;134233117&quot;:true,&quot;134233118&quot;:true,&quot;201341983&quot;:0,&quot;335559740&quot;:240}\">\u00a0<\/span><\/li>\n<li aria-setsize=\"-1\" data-leveltext=\"\uf0b7\" data-font=\"Symbol\" data-listid=\"3\" data-list-defn-props=\"{&quot;335552541&quot;:1,&quot;335559685&quot;:720,&quot;335559991&quot;:360,&quot;469769226&quot;:&quot;Symbol&quot;,&quot;469769242&quot;:[8226],&quot;469777803&quot;:&quot;left&quot;,&quot;469777804&quot;:&quot;\uf0b7&quot;,&quot;469777815&quot;:&quot;multilevel&quot;}\" data-aria-posinset=\"18\" data-aria-level=\"1\"><span data-contrast=\"auto\">Dizajni modern p\u00ebrshtatet leht\u00ebsisht me \u00e7do stil arredimi, duke e b\u00ebr\u00eb element dekorativ po aq sa praktik.<\/span><br \/>\n<span data-ccp-props=\"{&quot;134233117&quot;:true,&quot;134233118&quot;:true,&quot;201341983&quot;:0,&quot;335559740&quot;:240}\">\u00a0<\/span><\/li>\n<\/ul>\n<p style=\"text-align: left;\"><b><span data-contrast=\"auto\">Dimensioni \/ Kompozicioni:<\/span><\/b><span data-contrast=\"auto\"> 180x200cm<\/span><span data-ccp-props=\"{}\"><br \/>\n<\/span><b><span data-contrast=\"auto\">LART\u00cbSIA E AN\u00cbSOREVE T\u00cb KORNIZES:<\/span><\/b><span data-contrast=\"auto\">\u202f20cm\u00a0<\/span><br \/>\n<b><span data-contrast=\"auto\">LART\u00cbSIA E PANELIT T\u00cb PAS\u00cbM T\u00cb KORNIZES (KOKA E KORNIZES):<\/span><\/b><span data-contrast=\"auto\">\u202f<\/span><span data-ccp-props=\"{}\">135cm<br \/>\n<\/span><b><span data-contrast=\"auto\">NGJYRA E KORNIZES:\u202f<\/span><\/b><span data-contrast=\"auto\">Bezh\u00eb<\/span><br \/>\n<b><span data-contrast=\"auto\">KUSHTET E KTHIMIT \/ GARANCION:<\/span><\/b> Ky produkt nuk ka garancion<\/p>\n<\/div>\n","protected":false},"featured_media":88948,"template":"","meta":[],"product_cat":[15,212],"product_tag":[],"_links":{"self":[{"href":"https:\/\/www.comoditahome.com\/al\/wp-json\/wp\/v2\/product\/88952"}],"collection":[{"href":"https:\/\/www.comoditahome.com\/al\/wp-json\/wp\/v2\/product"}],"about":[{"href":"https:\/\/www.comoditahome.com\/al\/wp-json\/wp\/v2\/types\/product"}],"version-history":[{"count":2,"href":"https:\/\/www.comoditahome.com\/al\/wp-json\/wp\/v2\/product\/88952\/revisions"}],"predecessor-version":[{"id":89399,"href":"https:\/\/www.comoditahome.com\/al\/wp-json\/wp\/v2\/product\/88952\/revisions\/89399"}],"wp:featuredmedia":[{"embeddable":true,"href":"https:\/\/www.comoditahome.com\/al\/wp-json\/wp\/v2\/media\/88948"}],"wp:attachment":[{"href":"https:\/\/www.comoditahome.com\/al\/wp-json\/wp\/v2\/media?parent=88952"}],"wp:term":[{"taxonomy":"product_cat","embeddable":true,"href":"https:\/\/www.comoditahome.com\/al\/wp-json\/wp\/v2\/product_cat?post=88952"},{"taxonomy":"product_tag","embeddable":true,"href":"https:\/\/www.comoditahome.com\/al\/wp-json\/wp\/v2\/product_tag?post=88952"}],"curies":[{"name":"wp","href":"https:\/\/api.w.org\/{rel}","templated":true}]}}