 {"id":89852,"date":"2026-02-05T10:12:00","date_gmt":"2026-02-05T08:12:00","guid":{"rendered":"https:\/\/www.comoditahome.com\/al\/?post_type=product&#038;p=89852"},"modified":"2026-03-02T09:12:01","modified_gmt":"2026-03-02T07:12:01","slug":"set-pjatash-floral-bliss","status":"publish","type":"product","link":"https:\/\/www.comoditahome.com\/al\/product\/set-pjatash-floral-bliss\/","title":{"rendered":"Set pjatash Floral Bliss"},"content":{"rendered":"","protected":false},"excerpt":{"rendered":"<p style=\"text-align: left;\"><span data-contrast=\"auto\">Seti i pjatave Floral Bliss njihet p\u00ebr ngjyr\u00ebn unike dhe p\u00ebr dizajnin elegant me motive lulesh, q\u00eb i japin fokus t\u00eb ve\u00e7ant\u00eb ushqimit kur servohet. Ky set \u00ebsht\u00eb i punuar nga porcelani cil\u00ebsor, i cili e b\u00ebn jasht\u00ebzakonisht t\u00eb q\u00ebndruesh\u00ebm dhe shum\u00eb praktik n\u00eb pastrim. Motivet e holl\u00ebsishme t\u00eb luleve shtojn\u00eb nj\u00eb not\u00eb madh\u00ebshtore dhe delikate n\u00eb \u00e7do prezantim, duke e b\u00ebr\u00eb \u00e7do sh\u00ebrbim nj\u00eb p\u00ebrvoj\u00eb t\u00eb ve\u00e7ant\u00eb vizuale!<\/span><span data-ccp-props=\"{}\">\u00a0<\/span><\/p>\n<p style=\"text-align: left;\"><b><span data-contrast=\"auto\">Dimensioni\u00a0\/\u00a0Kompozicioni:<\/span><\/b><span data-contrast=\"auto\">\u202fSeti ka 24\u00a0pjes\u00eb: 6x\u00a0pjata\u00a0p\u00ebr\u00a0ushqim, 6x\u00a0pjata\u00a0p\u00ebr\u00a0sup\u00eb, 6x\u00a0pjata\u00a0p\u00ebr\u00a0desert, 6\u00a0p\u00ebr\u00a0sallat\u00eb<\/span><span data-ccp-props=\"{}\">\u00a0<\/span><\/p>\n<p style=\"text-align: left;\"><b><span data-contrast=\"auto\">NGJYRA:<\/span><\/b><span data-contrast=\"auto\">\u202fBardh\u00eb<\/span><span data-ccp-props=\"{}\">\u00a0<\/span><\/p>\n<p style=\"text-align: left;\"><b><span data-contrast=\"auto\">MATERIALI:<\/span><\/b><span data-contrast=\"auto\">\u202fPorcelan<\/span><span data-ccp-props=\"{}\">\u00a0<\/span><\/p>\n<p style=\"text-align: left;\"><b><span data-contrast=\"auto\">UDH\u00cbZIMET E P\u00cbRDORIMIT:<\/span><\/b><span data-contrast=\"auto\">\u202fT\u00eb\u00a0pastrohen\u00a0me\u00a0dor\u00eb<\/span><span data-ccp-props=\"{}\">\u00a0<\/span><\/p>\n<p style=\"text-align: left;\"><b><span data-contrast=\"auto\">KUSHTET E KTHIMIT \/ <\/span><\/b><\/p>\n","protected":false},"featured_media":89853,"template":"","meta":[],"product_cat":[63,57],"product_tag":[],"_links":{"self":[{"href":"https:\/\/www.comoditahome.com\/al\/wp-json\/wp\/v2\/product\/89852"}],"collection":[{"href":"https:\/\/www.comoditahome.com\/al\/wp-json\/wp\/v2\/product"}],"about":[{"href":"https:\/\/www.comoditahome.com\/al\/wp-json\/wp\/v2\/types\/product"}],"version-history":[{"count":1,"href":"https:\/\/www.comoditahome.com\/al\/wp-json\/wp\/v2\/product\/89852\/revisions"}],"predecessor-version":[{"id":89856,"href":"https:\/\/www.comoditahome.com\/al\/wp-json\/wp\/v2\/product\/89852\/revisions\/89856"}],"wp:featuredmedia":[{"embeddable":true,"href":"https:\/\/www.comoditahome.com\/al\/wp-json\/wp\/v2\/media\/89853"}],"wp:attachment":[{"href":"https:\/\/www.comoditahome.com\/al\/wp-json\/wp\/v2\/media?parent=89852"}],"wp:term":[{"taxonomy":"product_cat","embeddable":true,"href":"https:\/\/www.comoditahome.com\/al\/wp-json\/wp\/v2\/product_cat?post=89852"},{"taxonomy":"product_tag","embeddable":true,"href":"https:\/\/www.comoditahome.com\/al\/wp-json\/wp\/v2\/product_tag?post=89852"}],"curies":[{"name":"wp","href":"https:\/\/api.w.org\/{rel}","templated":true}]}}