 {"id":90040,"date":"2026-02-11T13:01:11","date_gmt":"2026-02-11T11:01:11","guid":{"rendered":"https:\/\/www.comoditahome.com\/al\/?post_type=product&#038;p=90040"},"modified":"2026-05-11T09:08:53","modified_gmt":"2026-05-11T07:08:53","slug":"jastek-clean-saponetta","status":"publish","type":"product","link":"https:\/\/www.comoditahome.com\/al\/product\/jastek-clean-saponetta\/","title":{"rendered":"Jast\u00ebk Clean Saponetta"},"content":{"rendered":"","protected":false},"excerpt":{"rendered":"<p style=\"text-align: left;\">Jast\u00ebku Clean Saponetta\u00a0ofron relaks dhe pushim rigjenerues fal\u00eb materialeve natyrale dhe teknologjis\u00eb s\u00eb avancuar. I pasuruar me vajra esencial\u00eb dhe barishte medicinale, ndihmon n\u00eb qet\u00ebsim dhe gjum\u00eb t\u00eb thell\u00eb. Rekomandohet p\u00ebr persona me ndjeshm\u00ebri t\u00eb lart\u00eb ose q\u00eb kujdesen p\u00ebr sh\u00ebndetin e l\u00ebkur\u00ebs.<\/p>\n<p style=\"text-align: left;\">Material:\u00a0<b>Memory SuperSoft<\/b>, 10 her\u00eb m\u00eb i but\u00eb se lateks natyral<\/p>\n<div class=\"x_elementToProof\" style=\"text-align: left;\" role=\"presentation\">Struktura: J<b>o-deformuese<\/b>, p\u00ebrshtatet me form\u00ebn e trupit<\/div>\n<p style=\"text-align: left;\">Dizajn\u00a0<b>Double (dyan\u00ebsh)<\/b>\u00a0\u2013 mund\u00ebsi p\u00ebrzgjedhjeje mes dy sip\u00ebrfaqeve:<\/p>\n<div class=\"x_elementToProof\" style=\"text-align: left;\" role=\"presentation\">An\u00eb me\u00a0<b>Visko-elastik<\/b>\u00a0p\u00ebr but\u00ebsi t\u00eb lart\u00eb<\/div>\n<div class=\"x_elementToProof\" style=\"text-align: left;\" role=\"presentation\">An\u00eb me\u00a0<b>Bio-Memory Foam<\/b>\u00a0p\u00ebr mb\u00ebshtetje elastike<\/div>\n<p style=\"text-align: left;\">Promovon\u00a0<b>komfort, natyralitet dhe mir\u00ebqenie<\/b><\/p>\n<p style=\"text-align: left;\"><b>Eko-miq\u00ebsor<\/b>, i zhvilluar me kujdes p\u00ebr mjedisin<\/p>\n<div style=\"text-align: left;\" role=\"presentation\">Teknologji q\u00eb mund\u00ebson\u00a0<b>vet-p\u00ebrshtatje dhe vet-modelim<\/b>, duke mb\u00ebshtetur trupin n\u00eb m\u00ebnyr\u00eb ideale p\u00ebr pushim t\u00eb harmonish\u00ebm<\/div>\n<p style=\"text-align: left;\"><strong>Dimensioni \/ Kompozicioni:<\/strong> 60x40x12cm<\/p>\n<p style=\"text-align: left;\"><strong>NGJYRA:<\/strong> Bardh\u00eb<\/p>\n<p style=\"text-align: left;\"><strong>MATERIALI:<\/strong> Shkum\u00eb Memory me p\u00ebrmbatje geli<\/p>\n<p style=\"text-align: left;\"><strong>UDH\u00cbZIMET E P\u00cbRDORIMIT:<\/strong> Jast\u00ebku nuk pastrohet, vet\u00ebm ajroset.<\/p>\n<p style=\"text-align: left;\"><strong>KUSHTET E KTHIMIT \/ GARANCION:<\/strong> P\u00ebr shkak t\u00eb kontaktit me higjien\u00eb personale, p\u00ebr produktet e tekstilit nuk pranohen kthime apo reklamacione.<\/p>\n","protected":false},"featured_media":90043,"template":"","meta":[],"product_cat":[51,76],"product_tag":[],"_links":{"self":[{"href":"https:\/\/www.comoditahome.com\/al\/wp-json\/wp\/v2\/product\/90040"}],"collection":[{"href":"https:\/\/www.comoditahome.com\/al\/wp-json\/wp\/v2\/product"}],"about":[{"href":"https:\/\/www.comoditahome.com\/al\/wp-json\/wp\/v2\/types\/product"}],"version-history":[{"count":1,"href":"https:\/\/www.comoditahome.com\/al\/wp-json\/wp\/v2\/product\/90040\/revisions"}],"predecessor-version":[{"id":90042,"href":"https:\/\/www.comoditahome.com\/al\/wp-json\/wp\/v2\/product\/90040\/revisions\/90042"}],"wp:featuredmedia":[{"embeddable":true,"href":"https:\/\/www.comoditahome.com\/al\/wp-json\/wp\/v2\/media\/90043"}],"wp:attachment":[{"href":"https:\/\/www.comoditahome.com\/al\/wp-json\/wp\/v2\/media?parent=90040"}],"wp:term":[{"taxonomy":"product_cat","embeddable":true,"href":"https:\/\/www.comoditahome.com\/al\/wp-json\/wp\/v2\/product_cat?post=90040"},{"taxonomy":"product_tag","embeddable":true,"href":"https:\/\/www.comoditahome.com\/al\/wp-json\/wp\/v2\/product_tag?post=90040"}],"curies":[{"name":"wp","href":"https:\/\/api.w.org\/{rel}","templated":true}]}}