 {"id":90245,"date":"2026-02-23T11:16:36","date_gmt":"2026-02-23T09:16:36","guid":{"rendered":"https:\/\/www.comoditahome.com\/al\/?post_type=product&#038;p=90245"},"modified":"2026-04-09T11:55:26","modified_gmt":"2026-04-09T09:55:26","slug":"jastek-dekorativ-fringe-pink","status":"publish","type":"product","link":"https:\/\/www.comoditahome.com\/al\/product\/jastek-dekorativ-fringe-pink\/","title":{"rendered":"Jast\u00ebk dekorativ Fringe Pink"},"content":{"rendered":"","protected":false},"excerpt":{"rendered":"<p style=\"text-align: left;\">Jast\u00ebk\u00ebt dekorativ sjellin nj\u00eb gam\u00eb ngjyrash q\u00eb freskojn\u00eb dhe ndri\u00e7ojn\u00eb \u00e7do ambient. T\u00eb p\u00ebrshtatsh\u00ebm p\u00ebr pranver\u00ebn dhe ver\u00ebn, ata sjellin past\u00ebrti dhe eleganc\u00eb, duke p\u00ebrmir\u00ebsuar dekorin tuaj me stil.<br \/>\nDimensioni \/ Kompozicioni: 45x45cm<br \/>\nNGJYRA: Roz\u00eb<br \/>\nMATERIALI: Mb\u00ebshtjell\u00ebsi: Velvet grek \/ Mbushja:Mikrofiber<br \/>\nUDH\u00cbZIMET E P\u00cbRDORIMIT: Mund t\u00eb lahet vet\u00ebm mb\u00ebshtjell\u00ebsi i jasht\u00ebm<br \/>\nKUSHTET E KTHIMIT \/ GARANCION: P\u00ebr shkak t\u00eb kontaktit me higjien\u00eb personale, p\u00ebr produktet e tekstilit nuk pranohen kthime apo reklamacione.<\/p>\n","protected":false},"featured_media":90246,"template":"","meta":[],"product_cat":[49,100],"product_tag":[],"_links":{"self":[{"href":"https:\/\/www.comoditahome.com\/al\/wp-json\/wp\/v2\/product\/90245"}],"collection":[{"href":"https:\/\/www.comoditahome.com\/al\/wp-json\/wp\/v2\/product"}],"about":[{"href":"https:\/\/www.comoditahome.com\/al\/wp-json\/wp\/v2\/types\/product"}],"version-history":[{"count":1,"href":"https:\/\/www.comoditahome.com\/al\/wp-json\/wp\/v2\/product\/90245\/revisions"}],"predecessor-version":[{"id":90250,"href":"https:\/\/www.comoditahome.com\/al\/wp-json\/wp\/v2\/product\/90245\/revisions\/90250"}],"wp:featuredmedia":[{"embeddable":true,"href":"https:\/\/www.comoditahome.com\/al\/wp-json\/wp\/v2\/media\/90246"}],"wp:attachment":[{"href":"https:\/\/www.comoditahome.com\/al\/wp-json\/wp\/v2\/media?parent=90245"}],"wp:term":[{"taxonomy":"product_cat","embeddable":true,"href":"https:\/\/www.comoditahome.com\/al\/wp-json\/wp\/v2\/product_cat?post=90245"},{"taxonomy":"product_tag","embeddable":true,"href":"https:\/\/www.comoditahome.com\/al\/wp-json\/wp\/v2\/product_tag?post=90245"}],"curies":[{"name":"wp","href":"https:\/\/api.w.org\/{rel}","templated":true}]}}