 {"id":90302,"date":"2026-02-23T11:43:34","date_gmt":"2026-02-23T09:43:34","guid":{"rendered":"https:\/\/www.comoditahome.com\/al\/?post_type=product&#038;p=90302"},"modified":"2026-04-09T11:55:27","modified_gmt":"2026-04-09T09:55:27","slug":"set-sherbimi-akacia-gold-48x36x3cm","status":"publish","type":"product","link":"https:\/\/www.comoditahome.com\/al\/product\/set-sherbimi-akacia-gold-48x36x3cm\/","title":{"rendered":"Set sh\u00ebrbimi Akacia Gold 48x36x3cm"},"content":{"rendered":"","protected":false},"excerpt":{"rendered":"<p style=\"text-align: left;\">Seti i sh\u00ebrbimit nga Akacia dallohet p\u00ebr form\u00ebn artistike, trash\u00ebsin\u00eb dhe ngjyr\u00ebn natyrale t\u00eb drurit. Ky set ka sip\u00ebrfaqe t\u00eb punuar nga materiali i drurit t\u00eb akacias dhe dor\u00ebza t\u00eb metalit. Jepi kuzhin\u00ebs tuaj shum\u00eb stil dhe b\u00ebni prezantimet tuaja m\u00eb unike.<\/p>\n<p style=\"text-align: left;\"><strong>Dimensioni \/ Kompozicioni:<\/strong> 48x36x3cm<\/p>\n<p style=\"text-align: left;\"><strong>NGJYRA:<\/strong> E kaft\u00eb<\/p>\n<p style=\"text-align: left;\"><strong>MATERIALI:<\/strong> Dru Akasia, metal<\/p>\n<p style=\"text-align: left;\"><strong>UDH\u00cbZIMET E P\u00cbRDORIMIT:<\/strong> T\u00eb pastrohet me Dor\u00eb<\/p>\n<p style=\"text-align: left;\"><strong>KUSHTET E KTHIMIT \/ GARANCION:<\/strong>P\u00ebr k\u00ebt\u00eb produkt pranohet reklamacion brenda 24 or\u00ebve pasi t\u00eb pranoni porosin\u00eb.<\/p>\n","protected":false},"featured_media":90304,"template":"","meta":[],"product_cat":[58,55,59,57],"product_tag":[],"_links":{"self":[{"href":"https:\/\/www.comoditahome.com\/al\/wp-json\/wp\/v2\/product\/90302"}],"collection":[{"href":"https:\/\/www.comoditahome.com\/al\/wp-json\/wp\/v2\/product"}],"about":[{"href":"https:\/\/www.comoditahome.com\/al\/wp-json\/wp\/v2\/types\/product"}],"version-history":[{"count":1,"href":"https:\/\/www.comoditahome.com\/al\/wp-json\/wp\/v2\/product\/90302\/revisions"}],"predecessor-version":[{"id":90308,"href":"https:\/\/www.comoditahome.com\/al\/wp-json\/wp\/v2\/product\/90302\/revisions\/90308"}],"wp:featuredmedia":[{"embeddable":true,"href":"https:\/\/www.comoditahome.com\/al\/wp-json\/wp\/v2\/media\/90304"}],"wp:attachment":[{"href":"https:\/\/www.comoditahome.com\/al\/wp-json\/wp\/v2\/media?parent=90302"}],"wp:term":[{"taxonomy":"product_cat","embeddable":true,"href":"https:\/\/www.comoditahome.com\/al\/wp-json\/wp\/v2\/product_cat?post=90302"},{"taxonomy":"product_tag","embeddable":true,"href":"https:\/\/www.comoditahome.com\/al\/wp-json\/wp\/v2\/product_tag?post=90302"}],"curies":[{"name":"wp","href":"https:\/\/api.w.org\/{rel}","templated":true}]}}