 {"id":90391,"date":"2026-02-26T09:09:25","date_gmt":"2026-02-26T07:09:25","guid":{"rendered":"https:\/\/www.comoditahome.com\/al\/?post_type=product&#038;p=90391"},"modified":"2026-04-23T09:01:00","modified_gmt":"2026-04-23T07:01:00","slug":"tabak-sherbimi-wavelle-smoke-wave","status":"publish","type":"product","link":"https:\/\/www.comoditahome.com\/al\/product\/tabak-sherbimi-wavelle-smoke-wave\/","title":{"rendered":"Tabak sh\u00ebrbimi Wavelle Smoke Wave"},"content":{"rendered":"","protected":false},"excerpt":{"rendered":"<div class=\"x_elementToProof\" style=\"text-align: left;\" data-olk-copy-source=\"MessageBody\">Nj\u00eb tabake moderne dhe praktike, e punuar me detaje q\u00eb i japin hijeshi \u00e7do ambienti. Me form\u00eb unike, korniz\u00eb elegante dhe doreza funksionale, ajo kombinon estetik\u00ebn me p\u00ebrdorimin e p\u00ebrditsh\u00ebm.<\/div>\n<div class=\"x_elementToProof\" style=\"text-align: left;\">Ideale si p\u00ebr sh\u00ebrbim, ashtu edhe si element dekorativ q\u00eb sjell stil dhe fines\u00eb n\u00eb sht\u00ebpin\u00eb tuaj.<\/div>\n<p style=\"text-align: left;\"><strong>Dimensioni \/ Kompozicioni:<\/strong>1 PJES\u00cb 1X33X33cm<\/p>\n<p style=\"text-align: left;\"><strong>NGJYRA:<\/strong> <span data-olk-copy-source=\"MessageBody\">Me dizajn<\/span><\/p>\n<p style=\"text-align: left;\"><strong>MATERIALI:<\/strong> <span data-olk-copy-source=\"MessageBody\">Qelq,Polistiren dhe Fiberdruri me dend\u00ebsi mesatare<\/span><\/p>\n<p style=\"text-align: left;\"><strong>UDH\u00cbZIMET E P\u00cbRDORIMIT:<\/strong> T\u00eb pastrohet me Dor\u00eb<\/p>\n<p style=\"text-align: left;\"><strong>KUSHTET E KTHIMIT \/ GARANCION:<\/strong>P\u00ebr k\u00ebt\u00eb produkt pranohet reklamacion brenda 24 or\u00ebve pasi t\u00eb pranoni porosin\u00eb.<\/p>\n","protected":false},"featured_media":90392,"template":"","meta":[],"product_cat":[58,60,57],"product_tag":[],"_links":{"self":[{"href":"https:\/\/www.comoditahome.com\/al\/wp-json\/wp\/v2\/product\/90391"}],"collection":[{"href":"https:\/\/www.comoditahome.com\/al\/wp-json\/wp\/v2\/product"}],"about":[{"href":"https:\/\/www.comoditahome.com\/al\/wp-json\/wp\/v2\/types\/product"}],"version-history":[{"count":1,"href":"https:\/\/www.comoditahome.com\/al\/wp-json\/wp\/v2\/product\/90391\/revisions"}],"predecessor-version":[{"id":90394,"href":"https:\/\/www.comoditahome.com\/al\/wp-json\/wp\/v2\/product\/90391\/revisions\/90394"}],"wp:featuredmedia":[{"embeddable":true,"href":"https:\/\/www.comoditahome.com\/al\/wp-json\/wp\/v2\/media\/90392"}],"wp:attachment":[{"href":"https:\/\/www.comoditahome.com\/al\/wp-json\/wp\/v2\/media?parent=90391"}],"wp:term":[{"taxonomy":"product_cat","embeddable":true,"href":"https:\/\/www.comoditahome.com\/al\/wp-json\/wp\/v2\/product_cat?post=90391"},{"taxonomy":"product_tag","embeddable":true,"href":"https:\/\/www.comoditahome.com\/al\/wp-json\/wp\/v2\/product_tag?post=90391"}],"curies":[{"name":"wp","href":"https:\/\/api.w.org\/{rel}","templated":true}]}}