 {"id":90399,"date":"2026-02-26T09:12:42","date_gmt":"2026-02-26T07:12:42","guid":{"rendered":"https:\/\/www.comoditahome.com\/al\/?post_type=product&#038;p=90399"},"modified":"2026-04-23T09:01:00","modified_gmt":"2026-04-23T07:01:00","slug":"tabak-sherbimi-veltro-square-duo","status":"publish","type":"product","link":"https:\/\/www.comoditahome.com\/al\/product\/tabak-sherbimi-veltro-square-duo\/","title":{"rendered":"Tabak sh\u00ebrbimi Veltro Square Duo"},"content":{"rendered":"","protected":false},"excerpt":{"rendered":"<div class=\"x_elementToProof\" style=\"text-align: left;\" data-olk-copy-source=\"MessageBody\">Nj\u00eb tabake elegante dhe funksionale me 2 pjes\u00eb, ideale si p\u00ebr sh\u00ebrbim ashtu edhe si dekor n\u00eb ambientin tuaj. Me form\u00eb t\u00eb rregullt, korniz\u00eb t\u00eb punuar me kujdes dhe doreza praktike anash, ajo kombinon stilin me funksionalitetin, duke i dh\u00ebn\u00eb nj\u00eb prekje luksoze tryez\u00ebs apo kuzhin\u00ebs suaj.<\/div>\n<div class=\"x_elementToProof\" style=\"text-align: left;\">Perfekte p\u00ebr p\u00ebrdorim t\u00eb p\u00ebrditsh\u00ebm ose p\u00ebr ta b\u00ebr\u00eb pjes\u00eb t\u00eb dekorit t\u00eb sht\u00ebpis\u00eb.<\/div>\n<p style=\"text-align: left;\"><strong>Dimensioni \/ Kompozicioni:<\/strong> 2PJES\u00cb 1X33X33cm &amp; 1X36X36cm<\/p>\n<p style=\"text-align: left;\"><strong>NGJYRA:<\/strong> <span data-olk-copy-source=\"MessageBody\">Me dizajn<\/span><\/p>\n<p style=\"text-align: left;\"><strong>MATERIALI:<\/strong> <span data-olk-copy-source=\"MessageBody\">Qelq,Polistiren dhe Fiberdruri me dend\u00ebsi mesatare<\/span><\/p>\n<p style=\"text-align: left;\"><strong>UDH\u00cbZIMET E P\u00cbRDORIMIT:<\/strong> T\u00eb pastrohet me Dor\u00eb<\/p>\n<p style=\"text-align: left;\"><strong>KUSHTET E KTHIMIT \/ GARANCION:<\/strong>P\u00ebr k\u00ebt\u00eb produkt pranohet reklamacion brenda 24 or\u00ebve pasi t\u00eb pranoni porosin\u00eb.<\/p>\n","protected":false},"featured_media":90400,"template":"","meta":[],"product_cat":[58,60,57],"product_tag":[],"_links":{"self":[{"href":"https:\/\/www.comoditahome.com\/al\/wp-json\/wp\/v2\/product\/90399"}],"collection":[{"href":"https:\/\/www.comoditahome.com\/al\/wp-json\/wp\/v2\/product"}],"about":[{"href":"https:\/\/www.comoditahome.com\/al\/wp-json\/wp\/v2\/types\/product"}],"version-history":[{"count":1,"href":"https:\/\/www.comoditahome.com\/al\/wp-json\/wp\/v2\/product\/90399\/revisions"}],"predecessor-version":[{"id":90402,"href":"https:\/\/www.comoditahome.com\/al\/wp-json\/wp\/v2\/product\/90399\/revisions\/90402"}],"wp:featuredmedia":[{"embeddable":true,"href":"https:\/\/www.comoditahome.com\/al\/wp-json\/wp\/v2\/media\/90400"}],"wp:attachment":[{"href":"https:\/\/www.comoditahome.com\/al\/wp-json\/wp\/v2\/media?parent=90399"}],"wp:term":[{"taxonomy":"product_cat","embeddable":true,"href":"https:\/\/www.comoditahome.com\/al\/wp-json\/wp\/v2\/product_cat?post=90399"},{"taxonomy":"product_tag","embeddable":true,"href":"https:\/\/www.comoditahome.com\/al\/wp-json\/wp\/v2\/product_tag?post=90399"}],"curies":[{"name":"wp","href":"https:\/\/api.w.org\/{rel}","templated":true}]}}