 {"id":90411,"date":"2026-02-26T09:16:33","date_gmt":"2026-02-26T07:16:33","guid":{"rendered":"https:\/\/www.comoditahome.com\/al\/?post_type=product&#038;p=90411"},"modified":"2026-04-23T09:01:00","modified_gmt":"2026-04-23T07:01:00","slug":"tabak-sherbimi-noir-classic-round","status":"publish","type":"product","link":"https:\/\/www.comoditahome.com\/al\/product\/tabak-sherbimi-noir-classic-round\/","title":{"rendered":"Tabak sh\u00ebrbimi Noir Classic Round"},"content":{"rendered":"","protected":false},"excerpt":{"rendered":"<div class=\"x_elementToProof\" style=\"text-align: left;\" data-olk-copy-source=\"MessageBody\">Nj\u00eb tabake me dizajn unik dhe funksionalitet t\u00eb lart\u00eb, perfekte si p\u00ebr sh\u00ebrbim ashtu edhe p\u00ebr dekorim. Me form\u00eb t\u00eb rrethuar elegante, detaje t\u00eb punuara me kujdes dhe doreza praktike anash, ajo sjell nj\u00eb kombinim t\u00eb shk\u00eblqyer mes stilit dhe praktik\u00ebs.<\/div>\n<div class=\"x_elementToProof\" style=\"text-align: left;\">Nj\u00eb aksesor q\u00eb i jep fines\u00eb dhe hijeshi \u00e7do hap\u00ebsire.<\/div>\n<p style=\"text-align: left;\"><strong>Dimensioni \/ Kompozicioni:<\/strong>1 PJES\u00cb 1X33X33cm<\/p>\n<p style=\"text-align: left;\"><strong>NGJYRA:<\/strong> <span data-olk-copy-source=\"MessageBody\">Me dizajn<\/span><\/p>\n<p style=\"text-align: left;\"><strong>MATERIALI:<\/strong> <span data-olk-copy-source=\"MessageBody\">Qelq,Polistiren dhe Fiberdruri me dend\u00ebsi mesatare<\/span><\/p>\n<p style=\"text-align: left;\"><strong>UDH\u00cbZIMET E P\u00cbRDORIMIT:<\/strong> T\u00eb pastrohet me Dor\u00eb<\/p>\n<p style=\"text-align: left;\"><strong>KUSHTET E KTHIMIT \/ GARANCION:<\/strong>P\u00ebr k\u00ebt\u00eb produkt pranohet reklamacion brenda 24 or\u00ebve pasi t\u00eb pranoni porosin\u00eb.<\/p>\n","protected":false},"featured_media":90412,"template":"","meta":[],"product_cat":[58,60,57],"product_tag":[],"_links":{"self":[{"href":"https:\/\/www.comoditahome.com\/al\/wp-json\/wp\/v2\/product\/90411"}],"collection":[{"href":"https:\/\/www.comoditahome.com\/al\/wp-json\/wp\/v2\/product"}],"about":[{"href":"https:\/\/www.comoditahome.com\/al\/wp-json\/wp\/v2\/types\/product"}],"version-history":[{"count":1,"href":"https:\/\/www.comoditahome.com\/al\/wp-json\/wp\/v2\/product\/90411\/revisions"}],"predecessor-version":[{"id":90414,"href":"https:\/\/www.comoditahome.com\/al\/wp-json\/wp\/v2\/product\/90411\/revisions\/90414"}],"wp:featuredmedia":[{"embeddable":true,"href":"https:\/\/www.comoditahome.com\/al\/wp-json\/wp\/v2\/media\/90412"}],"wp:attachment":[{"href":"https:\/\/www.comoditahome.com\/al\/wp-json\/wp\/v2\/media?parent=90411"}],"wp:term":[{"taxonomy":"product_cat","embeddable":true,"href":"https:\/\/www.comoditahome.com\/al\/wp-json\/wp\/v2\/product_cat?post=90411"},{"taxonomy":"product_tag","embeddable":true,"href":"https:\/\/www.comoditahome.com\/al\/wp-json\/wp\/v2\/product_tag?post=90411"}],"curies":[{"name":"wp","href":"https:\/\/api.w.org\/{rel}","templated":true}]}}