 {"id":90616,"date":"2026-03-09T14:18:22","date_gmt":"2026-03-09T12:18:22","guid":{"rendered":"https:\/\/www.comoditahome.com\/al\/?post_type=product&#038;p=90616"},"modified":"2026-03-09T14:26:23","modified_gmt":"2026-03-09T12:26:23","slug":"kornize-shtrati-baze-me-mekanizem-ngrites-millenium-180x200cm","status":"publish","type":"product","link":"https:\/\/www.comoditahome.com\/al\/product\/kornize-shtrati-baze-me-mekanizem-ngrites-millenium-180x200cm\/","title":{"rendered":"KORNIZ\u00cb SHTRATI + BAZ\u00cb ME MEKANIZ\u00cbM NGRIT\u00cbS MILLENIUM 180x200cm"},"content":{"rendered":"","protected":false},"excerpt":{"rendered":"<div class=\"woocommerce-product-details__short-description\">\n<p style=\"text-align: left;\">Kompleti ideal p\u00ebr rehati maksimale dhe funksionalitet t\u00eb zgjuar<\/p>\n<p style=\"text-align: left;\">Krijuar p\u00ebr ata q\u00eb k\u00ebrkojn\u00eb kombinimin perfekt t\u00eb komoditetit, stilit dhe praktik\u00ebs, ky set elegant p\u00ebrfshin Korniz\u00ebn e shtratit, Baz\u00ebn me mekaniz\u00ebm ngrit\u00ebs \u2013 nj\u00eb zgjidhje moderne dhe funksionale p\u00ebr \u00e7do dhom\u00eb gjumi.<\/p>\n<p style=\"text-align: left;\"><strong>Korniz\u00eb e q\u00ebndrueshme dhe elegante<\/strong><\/p>\n<ul style=\"text-align: left;\">\n<li>Nd\u00ebrtuar me kujdes nga materiale cil\u00ebsore dhe t\u00eb punuara me estetik\u00eb.<\/li>\n<li>P\u00ebrfaq\u00ebson nj\u00eb element t\u00eb r\u00ebnd\u00ebsish\u00ebm t\u00eb dizajnit t\u00eb dhom\u00ebs s\u00eb gjumit.<\/li>\n<li>Me pamje moderne dhe t\u00eb past\u00ebr, p\u00ebrshtatet leht\u00eb me \u00e7do stil arredimi.<\/li>\n<li>Garanton stabilitet dhe q\u00ebndrueshm\u00ebri p\u00ebr shum\u00eb vite p\u00ebrdorimi.<\/li>\n<\/ul>\n<p style=\"text-align: left;\"><strong>Baza me mekaniz\u00ebm ngrit\u00ebs \u2013 funksionalitet i men\u00e7ur<\/strong><\/p>\n<ul style=\"text-align: left;\">\n<li>Hapet leht\u00eb dhe ofron hap\u00ebsir\u00eb t\u00eb bollshme p\u00ebr ruajtje n\u00ebn dyshek, ideale p\u00ebr batanije, jorgan\u00eb apo rroba sezonale.<\/li>\n<li>E b\u00ebn shtratin praktik dhe t\u00eb organizuar, duke ju ndihmuar t\u00eb mbani dhom\u00ebn gjithmon\u00eb t\u00eb rregullt dhe t\u00eb past\u00ebr.<\/li>\n<\/ul>\n<p style=\"text-align: left;\">Ky kombinim i elementeve \u2013 Korniz\u00eb dhe Baz\u00eb me mekaniz\u00ebm ngrit\u00ebs \u2013 \u00ebsht\u00eb zgjedhja perfekte p\u00ebr ata q\u00eb k\u00ebrkojn\u00eb komoditet, stil dhe funksionalitet n\u00eb nj\u00eb produkt t\u00eb vet\u00ebm.<\/p>\n<p style=\"text-align: left;\"><strong>Dimensioni \/ Kompozicioni: <\/strong>180x200cm<\/p>\n<p style=\"text-align: left;\"><b data-olk-copy-source=\"MessageBody\">LART\u00cbSIA E AN\u00cbSOREVE T\u00cb KORNIZES: <\/b>28cm<b data-olk-copy-source=\"MessageBody\"><\/b><\/p>\n<p style=\"text-align: left;\"><b data-olk-copy-source=\"MessageBody\">LART\u00cbSIA E PANELIT T\u00cb PAS\u00cbM T\u00cb KORNIZES (KOKA E KORNIZES): <\/b>120cm<\/p>\n<p style=\"text-align: left;\"><strong>NGJYRA E KORNIZES:<\/strong> Grey<\/p>\n<p style=\"text-align: left;\"><b><span data-contrast=\"auto\">KUSHTET E KTHIMIT \/ GARANCION:<\/span><\/b> Ky produkt nuk ka garancion<\/p>\n<\/div>\n","protected":false},"featured_media":90603,"template":"","meta":[],"product_cat":[15,213],"product_tag":[],"_links":{"self":[{"href":"https:\/\/www.comoditahome.com\/al\/wp-json\/wp\/v2\/product\/90616"}],"collection":[{"href":"https:\/\/www.comoditahome.com\/al\/wp-json\/wp\/v2\/product"}],"about":[{"href":"https:\/\/www.comoditahome.com\/al\/wp-json\/wp\/v2\/types\/product"}],"version-history":[{"count":3,"href":"https:\/\/www.comoditahome.com\/al\/wp-json\/wp\/v2\/product\/90616\/revisions"}],"predecessor-version":[{"id":90627,"href":"https:\/\/www.comoditahome.com\/al\/wp-json\/wp\/v2\/product\/90616\/revisions\/90627"}],"wp:featuredmedia":[{"embeddable":true,"href":"https:\/\/www.comoditahome.com\/al\/wp-json\/wp\/v2\/media\/90603"}],"wp:attachment":[{"href":"https:\/\/www.comoditahome.com\/al\/wp-json\/wp\/v2\/media?parent=90616"}],"wp:term":[{"taxonomy":"product_cat","embeddable":true,"href":"https:\/\/www.comoditahome.com\/al\/wp-json\/wp\/v2\/product_cat?post=90616"},{"taxonomy":"product_tag","embeddable":true,"href":"https:\/\/www.comoditahome.com\/al\/wp-json\/wp\/v2\/product_tag?post=90616"}],"curies":[{"name":"wp","href":"https:\/\/api.w.org\/{rel}","templated":true}]}}