 {"id":90958,"date":"2026-03-25T11:07:50","date_gmt":"2026-03-25T09:07:50","guid":{"rendered":"https:\/\/www.comoditahome.com\/al\/?post_type=product&#038;p=90958"},"modified":"2026-05-07T09:34:38","modified_gmt":"2026-05-07T07:34:38","slug":"set-gotash-iconic-amber","status":"publish","type":"product","link":"https:\/\/www.comoditahome.com\/al\/product\/set-gotash-iconic-amber\/","title":{"rendered":"Set gotash Iconic Amber"},"content":{"rendered":"","protected":false},"excerpt":{"rendered":"<p style=\"text-align: left;\">P\u00ebrjetoni \u00e7do moment me stil me setin e gotave Iconic Amber. Me dizajn t\u00eb thjesht\u00eb dhe ngjyr\u00eb t\u00eb ngroht\u00eb, k\u00ebto gota jan\u00eb perfekte p\u00ebr servirje t\u00eb pijeve freskuese n\u00eb \u00e7do ambient \u2013 qoft\u00eb n\u00eb m\u00ebngjes t\u00eb qet\u00eb, drek\u00eb me miqt\u00eb apo mbr\u00ebmje relaksuese.<br \/>\n<strong>Dimensioni \/ Kompozicioni:<\/strong> Seti ka 6 cop\u00eb<br \/>\n<strong>NGJYRA:<\/strong> Nuanc\u00eb e art\u00eb portokalli<br \/>\n<strong>MATERIALI:<\/strong> Qelq<br \/>\n<strong>UDH\u00cbZIMET E P\u00cbRDORIMIT:<\/strong> T\u00eb pastrohet me Dor\u00eb<br \/>\n<strong>KUSHTET E KTHIMIT \/ GARANCION:<\/strong> P\u00ebr k\u00ebt\u00eb produkt pranohet reklamacion brenda 24 or\u00ebve pasi t\u00eb pranoni porosin\u00eb.<\/p>\n","protected":false},"featured_media":90959,"template":"","meta":[],"product_cat":[95,57],"product_tag":[],"_links":{"self":[{"href":"https:\/\/www.comoditahome.com\/al\/wp-json\/wp\/v2\/product\/90958"}],"collection":[{"href":"https:\/\/www.comoditahome.com\/al\/wp-json\/wp\/v2\/product"}],"about":[{"href":"https:\/\/www.comoditahome.com\/al\/wp-json\/wp\/v2\/types\/product"}],"version-history":[{"count":1,"href":"https:\/\/www.comoditahome.com\/al\/wp-json\/wp\/v2\/product\/90958\/revisions"}],"predecessor-version":[{"id":90961,"href":"https:\/\/www.comoditahome.com\/al\/wp-json\/wp\/v2\/product\/90958\/revisions\/90961"}],"wp:featuredmedia":[{"embeddable":true,"href":"https:\/\/www.comoditahome.com\/al\/wp-json\/wp\/v2\/media\/90959"}],"wp:attachment":[{"href":"https:\/\/www.comoditahome.com\/al\/wp-json\/wp\/v2\/media?parent=90958"}],"wp:term":[{"taxonomy":"product_cat","embeddable":true,"href":"https:\/\/www.comoditahome.com\/al\/wp-json\/wp\/v2\/product_cat?post=90958"},{"taxonomy":"product_tag","embeddable":true,"href":"https:\/\/www.comoditahome.com\/al\/wp-json\/wp\/v2\/product_tag?post=90958"}],"curies":[{"name":"wp","href":"https:\/\/api.w.org\/{rel}","templated":true}]}}