 {"id":90962,"date":"2026-03-25T11:07:58","date_gmt":"2026-03-25T09:07:58","guid":{"rendered":"https:\/\/www.comoditahome.com\/al\/?post_type=product&#038;p=90962"},"modified":"2026-05-07T09:34:38","modified_gmt":"2026-05-07T07:34:38","slug":"set-gotash-iconic-smoked","status":"publish","type":"product","link":"https:\/\/www.comoditahome.com\/al\/product\/set-gotash-iconic-smoked\/","title":{"rendered":"Set Gotash Iconic Smoked"},"content":{"rendered":"","protected":false},"excerpt":{"rendered":"<p style=\"text-align: left;\">Shtoni sofistikim n\u00eb \u00e7do servim me setin modern t\u00eb gotave Iconic Smoked. Me ngjyr\u00eb unike q\u00eb kalon but\u00ebsisht nga gri n\u00eb t\u00eb zez\u00eb dhe dizajn elegant, k\u00ebto gota jan\u00eb perfekte p\u00ebr pije t\u00eb fresk\u00ebta, l\u00ebngje, apo koktejle t\u00eb ve\u00e7anta. Ideale p\u00ebr darka elegante apo mikpritje me stil \u2013 kombinim i shk\u00eblqyesh\u00ebm i fines\u00ebs dhe funksionalitetit.<br \/>\n<strong>Dimensioni \/ Kompozicioni:<\/strong> Seti ka 6 cop\u00eb<br \/>\n<strong>NGJYRA:<\/strong> Nuanc\u00eb hiri n\u00eb t\u00eb zez\u00eb<br \/>\n<strong>MATERIALI:<\/strong> Qelq<br \/>\n<strong>UDH\u00cbZIMET E P\u00cbRDORIMIT:<\/strong> T\u00eb pastrohet me Dor\u00eb<br \/>\n<strong>KUSHTET E KTHIMIT \/ GARANCION:<\/strong> P\u00ebr k\u00ebt\u00eb produkt pranohet reklamacion brenda 24 or\u00ebve pasi t\u00eb pranoni porosin\u00eb.<\/p>\n","protected":false},"featured_media":90963,"template":"","meta":[],"product_cat":[95,57],"product_tag":[],"_links":{"self":[{"href":"https:\/\/www.comoditahome.com\/al\/wp-json\/wp\/v2\/product\/90962"}],"collection":[{"href":"https:\/\/www.comoditahome.com\/al\/wp-json\/wp\/v2\/product"}],"about":[{"href":"https:\/\/www.comoditahome.com\/al\/wp-json\/wp\/v2\/types\/product"}],"version-history":[{"count":2,"href":"https:\/\/www.comoditahome.com\/al\/wp-json\/wp\/v2\/product\/90962\/revisions"}],"predecessor-version":[{"id":90966,"href":"https:\/\/www.comoditahome.com\/al\/wp-json\/wp\/v2\/product\/90962\/revisions\/90966"}],"wp:featuredmedia":[{"embeddable":true,"href":"https:\/\/www.comoditahome.com\/al\/wp-json\/wp\/v2\/media\/90963"}],"wp:attachment":[{"href":"https:\/\/www.comoditahome.com\/al\/wp-json\/wp\/v2\/media?parent=90962"}],"wp:term":[{"taxonomy":"product_cat","embeddable":true,"href":"https:\/\/www.comoditahome.com\/al\/wp-json\/wp\/v2\/product_cat?post=90962"},{"taxonomy":"product_tag","embeddable":true,"href":"https:\/\/www.comoditahome.com\/al\/wp-json\/wp\/v2\/product_tag?post=90962"}],"curies":[{"name":"wp","href":"https:\/\/api.w.org\/{rel}","templated":true}]}}