 {"id":90967,"date":"2026-03-25T11:08:55","date_gmt":"2026-03-25T09:08:55","guid":{"rendered":"https:\/\/www.comoditahome.com\/al\/?post_type=product&#038;p=90967"},"modified":"2026-05-07T09:34:38","modified_gmt":"2026-05-07T07:34:38","slug":"set-gotash-london-brown","status":"publish","type":"product","link":"https:\/\/www.comoditahome.com\/al\/product\/set-gotash-london-brown\/","title":{"rendered":"Set Gotash London Brown"},"content":{"rendered":"","protected":false},"excerpt":{"rendered":"<p style=\"text-align: left;\">Zbuloni fines\u00ebn dhe stilin me setin e gotave London Brown. Dizajni unik me prerje t\u00eb holl\u00eb dhe ngjyr\u00eb t\u00eb ngroht\u00eb kafe e b\u00ebn\u00eb k\u00ebt\u00eb set perfekt p\u00ebr \u00e7do tavolin\u00eb moderne.<br \/>\nIdeale p\u00ebr pije t\u00eb fresk\u00ebta, apo koktejle elegante.<br \/>\n<strong>Dimensioni \/ Kompozicioni:<\/strong> Seti ka 6 cop\u00eb<br \/>\n<strong>NGJYRA:<\/strong> Nuanc\u00eb e ngroht\u00eb kafe<br \/>\n<strong>MATERIALI:<\/strong> Qelq<br \/>\n<strong>UDH\u00cbZIMET E P\u00cbRDORIMIT:<\/strong> T\u00eb pastrohet me Dor\u00eb<br \/>\n<strong>KUSHTET E KTHIMIT \/ GARANCION:<\/strong> P\u00ebr k\u00ebt\u00eb produkt pranohet reklamacion brenda 24 or\u00ebve pasi t\u00eb pranoni porosin\u00eb.<\/p>\n","protected":false},"featured_media":90968,"template":"","meta":[],"product_cat":[95,57],"product_tag":[],"_links":{"self":[{"href":"https:\/\/www.comoditahome.com\/al\/wp-json\/wp\/v2\/product\/90967"}],"collection":[{"href":"https:\/\/www.comoditahome.com\/al\/wp-json\/wp\/v2\/product"}],"about":[{"href":"https:\/\/www.comoditahome.com\/al\/wp-json\/wp\/v2\/types\/product"}],"version-history":[{"count":1,"href":"https:\/\/www.comoditahome.com\/al\/wp-json\/wp\/v2\/product\/90967\/revisions"}],"predecessor-version":[{"id":90970,"href":"https:\/\/www.comoditahome.com\/al\/wp-json\/wp\/v2\/product\/90967\/revisions\/90970"}],"wp:featuredmedia":[{"embeddable":true,"href":"https:\/\/www.comoditahome.com\/al\/wp-json\/wp\/v2\/media\/90968"}],"wp:attachment":[{"href":"https:\/\/www.comoditahome.com\/al\/wp-json\/wp\/v2\/media?parent=90967"}],"wp:term":[{"taxonomy":"product_cat","embeddable":true,"href":"https:\/\/www.comoditahome.com\/al\/wp-json\/wp\/v2\/product_cat?post=90967"},{"taxonomy":"product_tag","embeddable":true,"href":"https:\/\/www.comoditahome.com\/al\/wp-json\/wp\/v2\/product_tag?post=90967"}],"curies":[{"name":"wp","href":"https:\/\/api.w.org\/{rel}","templated":true}]}}