 {"id":90976,"date":"2026-03-25T11:11:14","date_gmt":"2026-03-25T09:11:14","guid":{"rendered":"https:\/\/www.comoditahome.com\/al\/?post_type=product&#038;p=90976"},"modified":"2026-05-07T09:34:38","modified_gmt":"2026-05-07T07:34:38","slug":"set-gotash-iconic-gold-touch","status":"publish","type":"product","link":"https:\/\/www.comoditahome.com\/al\/product\/set-gotash-iconic-gold-touch\/","title":{"rendered":"Set Gotash Iconic Gold Touch"},"content":{"rendered":"","protected":false},"excerpt":{"rendered":"<p style=\"text-align: left;\">Nj\u00eb prekje elegance dhe fines\u00eb p\u00ebr tryez\u00ebn tuaj me setin Gold Touch. Me detajin delikat t\u00eb arit, k\u00ebto gota sjellin nj\u00eb ndjesi luksi dhe jan\u00eb perfekte p\u00ebr \u00e7do rast \u2013 nga darkat festive deri tek momentet e p\u00ebrditshme.<br \/>\n<strong>Dimensioni \/ Kompozicioni:<\/strong> Seti ka 6 cop\u00eb<br \/>\n<strong>NGJYRA:<\/strong> Transparente<br \/>\n<strong>MATERIALI:<\/strong> Qelq<br \/>\n<strong>UDH\u00cbZIMET E P\u00cbRDORIMIT:<\/strong> T\u00eb pastrohet me Dor\u00eb<br \/>\n<strong>KUSHTET E KTHIMIT \/ GARANCION:<\/strong> P\u00ebr k\u00ebt\u00eb produkt pranohet reklamacion brenda 24 or\u00ebve pasi t\u00eb pranoni porosin\u00eb.<\/p>\n","protected":false},"featured_media":90977,"template":"","meta":[],"product_cat":[95,57],"product_tag":[],"_links":{"self":[{"href":"https:\/\/www.comoditahome.com\/al\/wp-json\/wp\/v2\/product\/90976"}],"collection":[{"href":"https:\/\/www.comoditahome.com\/al\/wp-json\/wp\/v2\/product"}],"about":[{"href":"https:\/\/www.comoditahome.com\/al\/wp-json\/wp\/v2\/types\/product"}],"version-history":[{"count":2,"href":"https:\/\/www.comoditahome.com\/al\/wp-json\/wp\/v2\/product\/90976\/revisions"}],"predecessor-version":[{"id":90980,"href":"https:\/\/www.comoditahome.com\/al\/wp-json\/wp\/v2\/product\/90976\/revisions\/90980"}],"wp:featuredmedia":[{"embeddable":true,"href":"https:\/\/www.comoditahome.com\/al\/wp-json\/wp\/v2\/media\/90977"}],"wp:attachment":[{"href":"https:\/\/www.comoditahome.com\/al\/wp-json\/wp\/v2\/media?parent=90976"}],"wp:term":[{"taxonomy":"product_cat","embeddable":true,"href":"https:\/\/www.comoditahome.com\/al\/wp-json\/wp\/v2\/product_cat?post=90976"},{"taxonomy":"product_tag","embeddable":true,"href":"https:\/\/www.comoditahome.com\/al\/wp-json\/wp\/v2\/product_tag?post=90976"}],"curies":[{"name":"wp","href":"https:\/\/api.w.org\/{rel}","templated":true}]}}