 {"id":90981,"date":"2026-03-25T11:12:07","date_gmt":"2026-03-25T09:12:07","guid":{"rendered":"https:\/\/www.comoditahome.com\/al\/?post_type=product&#038;p=90981"},"modified":"2026-05-07T09:34:39","modified_gmt":"2026-05-07T07:34:39","slug":"set-gotash-premium-smoked","status":"publish","type":"product","link":"https:\/\/www.comoditahome.com\/al\/product\/set-gotash-premium-smoked\/","title":{"rendered":"Set gotash Premium Smoked"},"content":{"rendered":"","protected":false},"excerpt":{"rendered":"<p style=\"text-align: left;\">Seti i gotave Premium Smoked sjell nj\u00eb prekje t\u00eb sofistikuar n\u00eb \u00e7do tryez\u00eb. Me nj\u00eb dizajn modern, ngjyr\u00eb t\u00eb leht\u00eb dhe p\u00ebrfundim t\u00eb punuar me kujdes, k\u00ebto gota jan\u00eb perfekte p\u00ebr ata q\u00eb vler\u00ebsojn\u00eb stilin e thjesht\u00eb por t\u00eb rafinuar.<br \/>\n<strong>Dimensioni \/ Kompozicioni:<\/strong> Seti ka 6 cop\u00eb<br \/>\n<strong>NGJYRA:<\/strong> Nuanc\u00eb hiri e tejdukshme<br \/>\n<strong>MATERIALI:<\/strong> Qelq<br \/>\n<strong>UDH\u00cbZIMET E P\u00cbRDORIMIT:<\/strong> T\u00eb pastrohet me Dor\u00eb<br \/>\n<strong>KUSHTET E KTHIMIT \/ GARANCION:<\/strong> P\u00ebr k\u00ebt\u00eb produkt pranohet reklamacion brenda 24 or\u00ebve pasi t\u00eb pranoni porosin\u00eb.<\/p>\n","protected":false},"featured_media":90982,"template":"","meta":[],"product_cat":[95,57],"product_tag":[],"_links":{"self":[{"href":"https:\/\/www.comoditahome.com\/al\/wp-json\/wp\/v2\/product\/90981"}],"collection":[{"href":"https:\/\/www.comoditahome.com\/al\/wp-json\/wp\/v2\/product"}],"about":[{"href":"https:\/\/www.comoditahome.com\/al\/wp-json\/wp\/v2\/types\/product"}],"version-history":[{"count":2,"href":"https:\/\/www.comoditahome.com\/al\/wp-json\/wp\/v2\/product\/90981\/revisions"}],"predecessor-version":[{"id":90985,"href":"https:\/\/www.comoditahome.com\/al\/wp-json\/wp\/v2\/product\/90981\/revisions\/90985"}],"wp:featuredmedia":[{"embeddable":true,"href":"https:\/\/www.comoditahome.com\/al\/wp-json\/wp\/v2\/media\/90982"}],"wp:attachment":[{"href":"https:\/\/www.comoditahome.com\/al\/wp-json\/wp\/v2\/media?parent=90981"}],"wp:term":[{"taxonomy":"product_cat","embeddable":true,"href":"https:\/\/www.comoditahome.com\/al\/wp-json\/wp\/v2\/product_cat?post=90981"},{"taxonomy":"product_tag","embeddable":true,"href":"https:\/\/www.comoditahome.com\/al\/wp-json\/wp\/v2\/product_tag?post=90981"}],"curies":[{"name":"wp","href":"https:\/\/api.w.org\/{rel}","templated":true}]}}