 {"id":91004,"date":"2026-03-25T15:26:15","date_gmt":"2026-03-25T13:26:15","guid":{"rendered":"https:\/\/www.comoditahome.com\/al\/?post_type=product&#038;p=91004"},"modified":"2026-03-25T15:26:35","modified_gmt":"2026-03-25T13:26:35","slug":"dyshek-memory-ulda-kornize-shtrati-90x190cm","status":"publish","type":"product","link":"https:\/\/www.comoditahome.com\/al\/product\/dyshek-memory-ulda-kornize-shtrati-90x190cm\/","title":{"rendered":"DYSHEK MEMORY ULDA + KORNIZ\u00cb SHTRATI 90x190cm"},"content":{"rendered":"","protected":false},"excerpt":{"rendered":"<div class=\"x_elementToProof\" style=\"text-align: left;\" data-olk-copy-source=\"MessageBody\">Kompleti i p\u00ebrkryer p\u00ebr nj\u00eb gjum\u00eb t\u00eb qet\u00eb dhe rehati t\u00eb garantuar. Krijuar p\u00ebr ata q\u00eb nuk b\u00ebjn\u00eb kompromise me cil\u00ebsin\u00eb e gjumit, kjo paket\u00eb ekskluzive p\u00ebrfshin nj\u00eb kombinim t\u00eb dy element\u00ebve thelb\u00ebsor\u00eb p\u00ebr nj\u00eb eksperienc\u00eb t\u00eb plot\u00eb pushimi: Dyshekun dhe Korniz\u00ebn e shtratit.<\/div>\n<div class=\"x_elementToProof\" style=\"text-align: left;\"><\/div>\n<ul style=\"text-align: left;\">\n<li>\n<div class=\"x_elementToProof\" role=\"presentation\">Dysheku Memory Ulda 3-zonal 16 cm ofron nj\u00eb kombinim t\u00eb balancuar t\u00eb komfortit dhe mb\u00ebshtetjes p\u00ebr gjum\u00eb t\u00eb qet\u00eb \u00e7do nat\u00eb.<\/div>\n<\/li>\n<li>\n<div role=\"presentation\">Shtresa prej memory foam p\u00ebrshtatet me form\u00ebn e trupit, duke reduktuar presionin dhe duke ndihmuar relaksimin, nd\u00ebrsa baza prej shpuz\u00eb siguron q\u00ebndrueshm\u00ebri dhe mb\u00ebshtetje afatgjat\u00eb.<\/div>\n<\/li>\n<li>\n<div role=\"presentation\">Dysheku ka dizajn modern me an\u00eb n\u00eb ngjyr\u00eb hiri, pjes\u00eb t\u00eb poshtme anti-slip p\u00ebr stabilitet, mb\u00ebshtjell\u00ebs t\u00eb heqsh\u00ebm me zinxhir n\u00eb t\u00eb kat\u00ebr an\u00ebt dhe vjen i paketuar roll-pack p\u00ebr transport t\u00eb leht\u00eb.<\/div>\n<\/li>\n<\/ul>\n<div class=\"x_elementToProof\" style=\"text-align: left;\"><b>Korniz\u00eb e q\u00ebndrueshme dhe elegante<\/b><\/div>\n<ul style=\"text-align: left;\">\n<li>Nd\u00ebrtuar me kujdes nga materiale rezistente dhe t\u00eb punuara n\u00eb m\u00ebnyr\u00eb estetike<\/li>\n<li>P\u00ebrfaq\u00ebson nj\u00eb element t\u00eb r\u00ebnd\u00ebsish\u00ebm t\u00eb dizajnit t\u00eb dhom\u00ebs s\u00eb gjumit.<\/li>\n<li>Me nj\u00eb pamje moderne dhe t\u00eb past\u00ebr, ajo p\u00ebrputhet leht\u00ebsisht me \u00e7do stil arredimi<\/li>\n<li>Garanton stabilitet dhe q\u00ebndrueshm\u00ebri p\u00ebr vite me radh\u00eb.<\/li>\n<\/ul>\n<div class=\"x_elementToProof\" style=\"text-align: left;\">Ky kombinim perfekt i Dyshekut dhe Korniz\u00ebs \u00ebsht\u00eb zgjedhja ideale p\u00ebr ata q\u00eb k\u00ebrkojn\u00eb nj\u00eb ambient t\u00eb ngroht\u00eb, t\u00eb rehatsh\u00ebm dhe funksional n\u00eb dhom\u00ebn e tyre t\u00eb gjumit.<\/div>\n<div class=\"x_elementToProof\" style=\"text-align: left;\"><b>Dimensioni \/ Kompozicioni:\u202f 90X200CM<\/b><br \/>\n<b>NGJYRA E KORNIZES:\u00a0<\/b>Bezh\u00eb<\/div>\n<div class=\"x_elementToProof\" style=\"text-align: left;\"><b>MATERIALI I DYSHEKUT:<\/b>Kombinim i shtresave t\u00eb shkum\u00ebs Memory dhe poliuretane me mb\u00ebshtjell\u00ebs t\u00eb ajrossh\u00ebm dhe t\u00eb heqsh\u00ebm me zinxhir.<br \/>\n<b>UDH\u00cbZIMET E P\u00cbRDORIMIT:\u202f<\/b>Dysheku vjen n\u00eb paketim t\u00eb vakumuar i mb\u00ebshtjellur n\u00eb m\u00ebnyr\u00eb hermetike. Pas hapjes, ai merr form\u00ebn brenda 10-20 minutave, por nuk duhet t\u00eb p\u00ebrdoret s\u00eb paku p\u00ebr 24 or\u00ebt e ardhshme. Dysheku nuk duhet t\u00eb ket\u00eb kontakt me ujin.<br \/>\n<b>KUSHTET E KTHIMIT \/ GARANCION:<\/b>\u00a0Ky produkt nuk ka garancion<\/div>\n","protected":false},"featured_media":90993,"template":"","meta":[],"product_cat":[15,206,215],"product_tag":[],"_links":{"self":[{"href":"https:\/\/www.comoditahome.com\/al\/wp-json\/wp\/v2\/product\/91004"}],"collection":[{"href":"https:\/\/www.comoditahome.com\/al\/wp-json\/wp\/v2\/product"}],"about":[{"href":"https:\/\/www.comoditahome.com\/al\/wp-json\/wp\/v2\/types\/product"}],"version-history":[{"count":1,"href":"https:\/\/www.comoditahome.com\/al\/wp-json\/wp\/v2\/product\/91004\/revisions"}],"predecessor-version":[{"id":91005,"href":"https:\/\/www.comoditahome.com\/al\/wp-json\/wp\/v2\/product\/91004\/revisions\/91005"}],"wp:featuredmedia":[{"embeddable":true,"href":"https:\/\/www.comoditahome.com\/al\/wp-json\/wp\/v2\/media\/90993"}],"wp:attachment":[{"href":"https:\/\/www.comoditahome.com\/al\/wp-json\/wp\/v2\/media?parent=91004"}],"wp:term":[{"taxonomy":"product_cat","embeddable":true,"href":"https:\/\/www.comoditahome.com\/al\/wp-json\/wp\/v2\/product_cat?post=91004"},{"taxonomy":"product_tag","embeddable":true,"href":"https:\/\/www.comoditahome.com\/al\/wp-json\/wp\/v2\/product_tag?post=91004"}],"curies":[{"name":"wp","href":"https:\/\/api.w.org\/{rel}","templated":true}]}}