 {"id":91256,"date":"2026-04-13T08:33:15","date_gmt":"2026-04-13T06:33:15","guid":{"rendered":"https:\/\/www.comoditahome.com\/al\/?post_type=product&#038;p=91256"},"modified":"2026-04-13T08:33:15","modified_gmt":"2026-04-13T06:33:15","slug":"fast-chopper-2","status":"publish","type":"product","link":"https:\/\/www.comoditahome.com\/al\/product\/fast-chopper-2\/","title":{"rendered":"Fast Chopper"},"content":{"rendered":"","protected":false},"excerpt":{"rendered":"<p><span data-contrast=\"auto\">P\u00ebrgatitni\u00a0ushqimin\u00a0shpejt\u00a0dhe\u00a0leht\u00eb\u00a0me\u00a0<\/span><b><span data-contrast=\"auto\">Fast Chopper\u00a04\u00a0pjes\u00ebsh<\/span><\/b><span data-contrast=\"auto\">,\u00a0pajisjen\u00a0ideale\u00a0p\u00ebr\u00a0grirjen\u00a0e mishit,\u00a0perimeve,\u00a0arrave\u00a0dhe\u00a0shum\u00eb\u00a0p\u00ebrb\u00ebr\u00ebsve\u00a0t\u00eb\u00a0tjer\u00eb. Me\u00a0dizajn\u00a0modern\u00a0dhe\u00a0performanc\u00eb\u00a0t\u00eb\u00a0fuqishme,\u00a0Fast Chopper\u00a0\u00ebsht\u00eb\u00a0zgjidhja\u00a0perfekte\u00a0p\u00ebr\u00a0p\u00ebrdorim\u00a0t\u00eb\u00a0p\u00ebrditsh\u00ebm\u00a0n\u00eb\u00a0\u00e7do\u00a0kuzhin\u00eb.<br \/>\n<\/span><span data-contrast=\"auto\">Motori\u00a0i\u00a0fuqish\u00ebm\u00a0me\u00a0300W\u00a0fuqi\u00a0dhe\u00a0me\u00a0bak\u00ebr\u00a0100%\u00a0t\u00eb\u00a0past\u00ebr\u00a0garanton\u00a0efikasitet\u00a0t\u00eb\u00a0lart\u00eb\u00a0dhe\u00a0jet\u00ebgjat\u00ebsi,\u00a0nd\u00ebrsa\u00a0sistemi\u00a0i\u00a0ingranazheve\u00a0planetare\u00a0metalike\u00a0siguron\u00a0funksionim\u00a0t\u00eb\u00a0qet\u00eb\u00a0me\u00a0zhurm\u00eb\u00a0t\u00eb\u00a0ul\u00ebt\u00a0dhe\u00a0rezultate\u00a0t\u00eb\u00a0nj\u00ebtrajtshme. Dy\u00a0nivelet\u00a0e\u00a0shpejt\u00ebsis\u00eb\u00a0ju\u00a0lejojn\u00eb\u00a0t\u00eb\u00a0p\u00ebrshtatni\u00a0fuqin\u00eb\u00a0sipas\u00a0nevoj\u00ebs,\u00a0nga\u00a0prerja\u00a0e\u00a0but\u00eb\u00a0e\u00a0perimeve\u00a0deri\u00a0te\u00a0grirja\u00a0m\u00eb intensive e mishit.<br \/>\n<\/span><span data-contrast=\"auto\">Ena\u00a0nga\u00a0qelqi\u00a0me\u00a0kapacitet\u00a01.2L\u00a0\u00ebsht\u00eb\u00a0e\u00a0q\u00ebndrueshme\u00a0dhe\u00a0praktike,\u00a0nd\u00ebrsa\u00a0teh\u00ebt\u00a0nga\u00a0\u00e7elik\u00a0inox\u00a0ofrojn\u00eb\u00a0prerje\u00a0t\u00eb\u00a0sakt\u00eb\u00a0dhe\u00a0t\u00eb\u00a0shpejt\u00eb.\u00a0P\u00ebr\u00a0m\u00eb\u00a0shum\u00eb\u00a0siguri\u00a0gjat\u00eb\u00a0p\u00ebrdorimit,\u00a0pajisja\u00a0\u00ebsht\u00eb\u00a0e\u00a0pajisur\u00a0me\u00a0shtres\u00eb\u00a0silikoni\u00a0kund\u00ebr\u00a0rr\u00ebshqitjes\u00a0q\u00eb\u00a0mban\u00a0en\u00ebn\u00a0t\u00eb\u00a0q\u00ebndrueshme\u00a0n\u00eb\u00a0sip\u00ebrfaqe.\u00a0<\/span><span data-ccp-props=\"{&quot;134233117&quot;:true,&quot;134233118&quot;:true,&quot;201341983&quot;:0,&quot;335559740&quot;:240}\"><br \/>\n<\/span><b><span data-contrast=\"auto\">DIMENSIONI\/KOMPOZICIONI:<\/span><\/b><span data-contrast=\"auto\">\u00a0300W<\/span><span data-contrast=\"auto\">\u00a0|\u00a0<\/span><span data-contrast=\"auto\">Kapacitet\u00a0i\u00a0en\u00ebs\u00a01.2L,\u00a0dizajn\u00a0kompakt\u00a0me motor\u00a0t\u00eb\u00a0sip\u00ebrm\u00a0dhe\u00a0en\u00eb\u00a0qelqi\u00a0rezistente. Dy\u00a0nivele\u00a0shpejt\u00ebsie\u00a0p\u00ebr\u00a0p\u00ebrdorim\u00a0t\u00eb\u00a0gjithansh\u00ebm.<\/span><span data-ccp-props=\"{&quot;134233117&quot;:true,&quot;134233118&quot;:true,&quot;201341983&quot;:0,&quot;335559740&quot;:240}\"><br \/>\n<\/span><b><span data-contrast=\"auto\">NGJYRA:<\/span><\/b><span data-contrast=\"auto\">\u00a0E\u00a0zez\u00eb\u00a0me\u00a0elemente\u00a0transparente\u00a0dhe\u00a0detaje\u00a0metalike.<\/span><span data-ccp-props=\"{&quot;134233117&quot;:true,&quot;134233118&quot;:true,&quot;201341983&quot;:0,&quot;335559740&quot;:240}\"><br \/>\n<\/span><b><span data-contrast=\"auto\">MATERIALI:<\/span><\/b><span data-contrast=\"auto\">\u00a0Motor me\u00a0mb\u00ebshtjellje\u00a0bakri\u00a0<\/span><span data-contrast=\"auto\">|<\/span><span data-contrast=\"auto\">\u00a0Teh\u00eb\u00a0nga\u00a0\u00e7eliku\u00a0inox\u00a0<\/span><span data-contrast=\"auto\">|<\/span><span data-contrast=\"auto\">\u00a0En\u00eb\u00a0nga\u00a0qelqi\u00a0rezistent\u00a0<\/span><span data-contrast=\"auto\">|<\/span><span data-contrast=\"auto\">\u00a0Kapak\u00a0plastik\u00a0i\u00a0forte\u00a0<\/span><span data-contrast=\"auto\">|<\/span><span data-contrast=\"auto\">\u00a0Baz\u00eb\u00a0me\u00a0shtres\u00eb\u00a0silikoni\u00a0kund\u00ebr\u00a0rr\u00ebshqitjes.<\/span><span data-ccp-props=\"{&quot;134233117&quot;:true,&quot;134233118&quot;:true,&quot;201341983&quot;:0,&quot;335559740&quot;:240}\"><br \/>\n<\/span><b><span data-contrast=\"auto\">UDH\u00cbZIMET E P\u00cbRDORIMIT:<\/span><\/b><span data-contrast=\"auto\">\u202f<\/span><span data-ccp-props=\"{&quot;134233117&quot;:true,&quot;134233118&quot;:true,&quot;201341983&quot;:0,&quot;335559740&quot;:240}\"><br \/>\n<\/span><b><span data-contrast=\"auto\">KUSHTET E KTHIMIT \/ GARANCION:\u00a0<\/span><\/b><span data-contrast=\"auto\">Ky product ka 6\u00a0muaj\u00a0garancion.<\/span><span data-ccp-props=\"{&quot;134233117&quot;:true,&quot;134233118&quot;:true,&quot;201341983&quot;:0,&quot;335559740&quot;:240}\"><br \/>\n<\/span><span data-contrast=\"auto\">Zgjidhni\u00a0<\/span><b><span data-contrast=\"auto\">Fast Chopper<\/span><\/b><span data-contrast=\"auto\">\u00a0p\u00ebr\u00a0nj\u00eb\u00a0eksperienc\u00eb\u00a0t\u00eb\u00a0shpejt\u00eb,\u00a0t\u00eb\u00a0sigurt\u00a0dhe\u00a0profesionale\u00a0n\u00eb\u00a0kuzhin\u00ebn\u00a0tuaj!\u00a0<\/span><\/p>\n","protected":false},"featured_media":91257,"template":"","meta":[],"product_cat":[55,64],"product_tag":[],"_links":{"self":[{"href":"https:\/\/www.comoditahome.com\/al\/wp-json\/wp\/v2\/product\/91256"}],"collection":[{"href":"https:\/\/www.comoditahome.com\/al\/wp-json\/wp\/v2\/product"}],"about":[{"href":"https:\/\/www.comoditahome.com\/al\/wp-json\/wp\/v2\/types\/product"}],"version-history":[{"count":1,"href":"https:\/\/www.comoditahome.com\/al\/wp-json\/wp\/v2\/product\/91256\/revisions"}],"predecessor-version":[{"id":91261,"href":"https:\/\/www.comoditahome.com\/al\/wp-json\/wp\/v2\/product\/91256\/revisions\/91261"}],"wp:featuredmedia":[{"embeddable":true,"href":"https:\/\/www.comoditahome.com\/al\/wp-json\/wp\/v2\/media\/91257"}],"wp:attachment":[{"href":"https:\/\/www.comoditahome.com\/al\/wp-json\/wp\/v2\/media?parent=91256"}],"wp:term":[{"taxonomy":"product_cat","embeddable":true,"href":"https:\/\/www.comoditahome.com\/al\/wp-json\/wp\/v2\/product_cat?post=91256"},{"taxonomy":"product_tag","embeddable":true,"href":"https:\/\/www.comoditahome.com\/al\/wp-json\/wp\/v2\/product_tag?post=91256"}],"curies":[{"name":"wp","href":"https:\/\/api.w.org\/{rel}","templated":true}]}}