 {"id":91262,"date":"2026-04-13T08:37:01","date_gmt":"2026-04-13T06:37:01","guid":{"rendered":"https:\/\/www.comoditahome.com\/al\/?post_type=product&#038;p=91262"},"modified":"2026-04-13T08:37:01","modified_gmt":"2026-04-13T06:37:01","slug":"heating-blender","status":"publish","type":"product","link":"https:\/\/www.comoditahome.com\/al\/product\/heating-blender\/","title":{"rendered":"Heating Blender"},"content":{"rendered":"","protected":false},"excerpt":{"rendered":"<p><span data-contrast=\"auto\">P\u00ebrjetoni\u00a0inovacionin\u00a0n\u00eb\u00a0kuzhin\u00ebn\u00a0tuaj\u00a0me\u00a0<\/span><b><span data-contrast=\"auto\">Heating Blender <\/span><\/b><span data-contrast=\"auto\"><b>6-pjes\u00ebsh<\/b><\/span><span data-contrast=\"auto\">,\u00a0pajisjen\u00a0moderne\u00a0q\u00eb\u00a0kombinon\u00a0p\u00ebrzierjen\u00a0dhe\u00a0ngrohjen\u00a0n\u00eb\u00a0nj\u00eb\u00a0zgjidhje\u00a0t\u00eb\u00a0vetme\u00a0praktike.\u00a0<\/span><\/p>\n<p><span data-contrast=\"auto\">Perfekt\u00a0p\u00ebr\u00a0p\u00ebrgatitjen\u00a0e\u00a0supave\u00a0t\u00eb\u00a0ngrohta, smoothie-ve,\u00a0salcave\u00a0dhe\u00a0shum\u00eb\u00a0recetave\u00a0t\u00eb\u00a0tjera\u00a0\u2013\u00a0shpejt,\u00a0leht\u00eb\u00a0dhe\u00a0me\u00a0rezultate\u00a0profesionale.<\/span><span data-ccp-props=\"{}\">\u00a0<\/span><\/p>\n<p><span data-contrast=\"auto\">Me\u00a0fuqi\u00a0t\u00eb\u00a0lart\u00eb\u00a0prej\u00a01200W\u00a0p\u00ebr\u00a0p\u00ebrzierje\u00a0dhe\u00a0800W\u00a0p\u00ebr\u00a0ngrohje,\u00a0ky\u00a0blender\u00a0ofron\u00a0performanc\u00eb\u00a0t\u00eb\u00a0shk\u00eblqyer\u00a0n\u00eb\u00a0\u00e7do\u00a0p\u00ebrdorim. Motori 100%\u00a0bak\u00ebr\u00a0i\u00a0past\u00ebr\u00a0siguron\u00a0jet\u00ebgjat\u00ebsi\u00a0dhe\u00a0efikasitet\u00a0maksimal,\u00a0nd\u00ebrsa\u00a0sistemi\u00a0i\u00a0mbrojtjes\u00a0nga\u00a0mbinxehja\u00a0garanton\u00a0p\u00ebrdorim\u00a0t\u00eb\u00a0sigurt.<\/span><span data-ccp-props=\"{}\">\u00a0<\/span><\/p>\n<p><span data-contrast=\"auto\">Ena\u00a0prej\u00a0qelqi\u00a0borosilikat\u00a0me\u00a0kapacitet\u00a01.5L (1.2L\u00a0p\u00ebrdorsh\u00ebm)\u00a0\u00ebsht\u00eb\u00a0rezistente\u00a0ndaj\u00a0temperaturave\u00a0t\u00eb\u00a0larta, duke e\u00a0b\u00ebr\u00eb\u00a0ideale\u00a0p\u00ebr\u00a0receta\u00a0t\u00eb\u00a0nxehta\u00a0dhe\u00a0t\u00eb\u00a0ftohta. 8\u00a0teh\u00eb\u00a0nga\u00a0\u00e7eliku\u00a0inox 304\u00a0mund\u00ebsojn\u00eb\u00a0p\u00ebrzierje\u00a0t\u00eb\u00a0shpejt\u00eb\u00a0dhe\u00a0homogjene,\u00a0edhe\u00a0p\u00ebr\u00a0p\u00ebrb\u00ebr\u00ebs\u00a0t\u00eb\u00a0fort\u00eb.<\/span><span data-ccp-props=\"{}\">\u00a0<\/span><\/p>\n<p><span data-contrast=\"auto\">Paneli\u00a0inteligjent\u00a0me\u00a0kontroll\u00a0me\u00a0prekje\u00a0dhe\u00a0ekran\u00a0LED me dial\u00a0digjital\u00a0ju\u00a0lejon\u00a0t\u00eb\u00a0menaxhoni\u00a0koh\u00ebn\u00a0dhe\u00a0temperatur\u00ebn\u00a0me\u00a0sakt\u00ebsi,\u00a0nd\u00ebrsa\u00a0programet\u00a0automatike\u00a0e\u00a0b\u00ebjn\u00eb\u00a0p\u00ebrdorimin\u00a0t\u00eb\u00a0thjesht\u00eb\u00a0p\u00ebr\u00a0\u00e7do\u00a0p\u00ebrdorues.<\/span><span data-ccp-props=\"{}\">\u00a0<\/span><\/p>\n<p><b><span data-contrast=\"auto\">DIMENSIONI\/KOMPOZICIONI: <\/span><\/b><span data-contrast=\"auto\">Kapacitet\u00a0i\u00a0en\u00ebs: 1.5L (1.2L\u00a0p\u00ebrdorsh\u00ebm) | Motor 100%\u00a0bak\u00ebr\u00a0|\u00a0Sistem\u00a0me 8\u00a0teh\u00eb\u00a0inox | Panel\u00a0digjital\u00a0me\u00a0ekran\u00a0LED\u00a0dhe\u00a0kontroll\u00a0me\u00a0prekje<\/span><span data-ccp-props=\"{}\">\u00a0<\/span><\/p>\n<p><b><span data-contrast=\"auto\">NGJYRA:<\/span><\/b><span data-contrast=\"auto\">\u00a0E\u00a0zez\u00eb<\/span><span data-ccp-props=\"{}\">\u00a0<\/span><\/p>\n<p><b><span data-contrast=\"auto\">MATERIALI:<\/span><\/b><span data-contrast=\"auto\"> Qelq borosilikat | \u00c7elik inox 304 | Plastik\u00eb rezistente ndaj nxeht\u00ebsis\u00eb |<\/span><span data-ccp-props=\"{}\">\u00a0Fur\u00e7\u00eb, got\u00eb mat\u00ebse, spatul\u00eb<\/span><\/p>\n<p><b><span data-contrast=\"auto\">UDH\u00cbZIMET E P\u00cbRDORIMIT:<\/span><\/b><span data-ccp-props=\"{}\">\u00a0<\/span><\/p>\n<p><b><span data-contrast=\"auto\">KUSHTET E KTHIMIT \/ GARANCION:<\/span><\/b><span data-contrast=\"auto\">\u00a0Ky\u00a0produkt\u00a0ka 6\u00a0muaj\u00a0garancion.<\/span><span data-ccp-props=\"{}\">\u00a0<\/span><\/p>\n","protected":false},"featured_media":91263,"template":"","meta":[],"product_cat":[55,64],"product_tag":[],"_links":{"self":[{"href":"https:\/\/www.comoditahome.com\/al\/wp-json\/wp\/v2\/product\/91262"}],"collection":[{"href":"https:\/\/www.comoditahome.com\/al\/wp-json\/wp\/v2\/product"}],"about":[{"href":"https:\/\/www.comoditahome.com\/al\/wp-json\/wp\/v2\/types\/product"}],"version-history":[{"count":1,"href":"https:\/\/www.comoditahome.com\/al\/wp-json\/wp\/v2\/product\/91262\/revisions"}],"predecessor-version":[{"id":91267,"href":"https:\/\/www.comoditahome.com\/al\/wp-json\/wp\/v2\/product\/91262\/revisions\/91267"}],"wp:featuredmedia":[{"embeddable":true,"href":"https:\/\/www.comoditahome.com\/al\/wp-json\/wp\/v2\/media\/91263"}],"wp:attachment":[{"href":"https:\/\/www.comoditahome.com\/al\/wp-json\/wp\/v2\/media?parent=91262"}],"wp:term":[{"taxonomy":"product_cat","embeddable":true,"href":"https:\/\/www.comoditahome.com\/al\/wp-json\/wp\/v2\/product_cat?post=91262"},{"taxonomy":"product_tag","embeddable":true,"href":"https:\/\/www.comoditahome.com\/al\/wp-json\/wp\/v2\/product_tag?post=91262"}],"curies":[{"name":"wp","href":"https:\/\/api.w.org\/{rel}","templated":true}]}}