 {"id":31195,"date":"2021-08-25T12:36:27","date_gmt":"2021-08-25T11:36:27","guid":{"rendered":"https:\/\/ks.comoditahome.com\/?post_type=product&#038;p=31195"},"modified":"2025-11-18T15:59:09","modified_gmt":"2025-11-18T14:59:09","slug":"jastek-tencel-anatomik","status":"publish","type":"product","link":"https:\/\/www.comoditahome.com\/be\/produkt\/jastek-tencel-anatomik\/","title":{"rendered":"Anatomic Tencel pillow"},"content":{"rendered":"","protected":false},"excerpt":{"rendered":"<p style=\"text-align: left\"><span dir=\"auto\" style=\"vertical-align: inherit\"><span dir=\"auto\" style=\"vertical-align: inherit\">Anatomik tasar\u0131ml\u0131 Tencel yast\u0131k, t\u00fcm uyku pozisyonlar\u0131na uygun, gece boyunca rahat bir uyku sa\u011flamak i\u00e7in tasarlanm\u0131\u015ft\u0131r. SAPONETTA \u015feklinde y\u00fcksek kaliteli haf\u0131zal\u0131 k\u00f6p\u00fckten \u00fcretilmi\u015ftir. Yast\u0131k k\u0131l\u0131f\u0131 \u00e7\u0131kar\u0131l\u0131p y\u0131kanabilir. Gece boyunca rahatlat\u0131c\u0131 bir dinlenme ve ferahl\u0131k sa\u011flayan Tencel liflerinden \u00fcretilmi\u015ftir.<\/span><\/span><\/p>\n<p style=\"text-align: left\"><span dir=\"auto\" style=\"vertical-align: inherit\"><span dir=\"auto\" style=\"vertical-align: inherit\">\u00d6l\u00e7\u00fcler \/ Kompozisyon: 60x40x12cm <\/span><\/span><br \/>\n<span dir=\"auto\" style=\"vertical-align: inherit\"><span dir=\"auto\" style=\"vertical-align: inherit\">RENK: Beyaz <\/span><\/span><br \/>\n<span dir=\"auto\" style=\"vertical-align: inherit\"><span dir=\"auto\" style=\"vertical-align: inherit\">MALZEME: Tencel elyaf <\/span><\/span><br \/>\n<span dir=\"auto\" style=\"vertical-align: inherit\"><span dir=\"auto\" style=\"vertical-align: inherit\">KULLANIM TAL\u0130MATI: Yast\u0131k y\u0131kanmaz, sadece havaland\u0131r\u0131n. <\/span><\/span><br \/>\n<span dir=\"auto\" style=\"vertical-align: inherit\"><span dir=\"auto\" style=\"vertical-align: inherit\">\u0130ADE POL\u0130T\u0130KASI \/ GARANT\u0130: Ki\u015fisel hijyenle temas etmesi sebebiyle tekstil \u00fcr\u00fcnlerinde iade kabul edilmemektedir.<\/span><\/span><\/p>\n","protected":false},"featured_media":31197,"template":"","meta":[],"product_brand":[],"product_cat":[104,108],"product_tag":[],"class_list":{"0":"post-31195","1":"product","2":"type-product","3":"status-publish","4":"has-post-thumbnail","6":"product_cat-gjumi","7":"product_cat-jastek","9":"first","10":"outofstock","11":"sale","12":"taxable","13":"shipping-taxable","14":"purchasable","15":"product-type-simple","16":"layout-style-1","17":"col-md-4 col-sm-4 col-xs-6","18":"col-lg-2","19":"product-has-gallery","20":"product-style-default"},"_links":{"self":[{"href":"https:\/\/www.comoditahome.com\/be\/wp-json\/wp\/v2\/product\/31195","targetHints":{"allow":["GET"]}}],"collection":[{"href":"https:\/\/www.comoditahome.com\/be\/wp-json\/wp\/v2\/product"}],"about":[{"href":"https:\/\/www.comoditahome.com\/be\/wp-json\/wp\/v2\/types\/product"}],"version-history":[{"count":10,"href":"https:\/\/www.comoditahome.com\/be\/wp-json\/wp\/v2\/product\/31195\/revisions"}],"predecessor-version":[{"id":100311,"href":"https:\/\/www.comoditahome.com\/be\/wp-json\/wp\/v2\/product\/31195\/revisions\/100311"}],"wp:featuredmedia":[{"embeddable":true,"href":"https:\/\/www.comoditahome.com\/be\/wp-json\/wp\/v2\/media\/31197"}],"wp:attachment":[{"href":"https:\/\/www.comoditahome.com\/be\/wp-json\/wp\/v2\/media?parent=31195"}],"wp:term":[{"taxonomy":"product_brand","embeddable":true,"href":"https:\/\/www.comoditahome.com\/be\/wp-json\/wp\/v2\/product_brand?post=31195"},{"taxonomy":"product_cat","embeddable":true,"href":"https:\/\/www.comoditahome.com\/be\/wp-json\/wp\/v2\/product_cat?post=31195"},{"taxonomy":"product_tag","embeddable":true,"href":"https:\/\/www.comoditahome.com\/be\/wp-json\/wp\/v2\/product_tag?post=31195"}],"curies":[{"name":"wp","href":"https:\/\/api.w.org\/{rel}","templated":true}]}}