 {"id":33277,"date":"2022-04-28T12:52:23","date_gmt":"2022-04-28T11:52:23","guid":{"rendered":"https:\/\/ks.comoditahome.com\/?post_type=product&#038;p=33277"},"modified":"2025-11-22T16:34:02","modified_gmt":"2025-11-22T15:34:02","slug":"valixhe-regent-e-mesme-2","status":"publish","type":"product","link":"https:\/\/www.comoditahome.com\/be\/produkt\/valixhe-regent-e-mesme-2\/","title":{"rendered":"Regent Metallic Blue Medium"},"content":{"rendered":"","protected":false},"excerpt":{"rendered":"<p><span dir=\"auto\" style=\"vertical-align: inherit\"><span dir=\"auto\" style=\"vertical-align: inherit\">Regent Luggage, s\u0131k seyahatlerin zorluklar\u0131na dayanacak \u015fekilde tasarlanm\u0131\u015f benzersiz bir renk ve tasar\u0131ma sahiptir. 4 cm&#8217;ye kadar geni\u015fleme kapasitesine sahip olan bu bavul, dayan\u0131kl\u0131 ve test edilmi\u015f malzemelerden \u00fcretilmi\u015ftir ve \u00e7e\u015fitli seyahat ko\u015fullar\u0131nda g\u00fcvenilir ve sa\u011flam kalmas\u0131n\u0131 sa\u011flar. <\/span><\/span><br \/>\n<span dir=\"auto\" style=\"vertical-align: inherit\"><span dir=\"auto\" style=\"vertical-align: inherit\">360\u00b0 d\u00f6n\u00fc\u015f sa\u011flayan 4 adet \u00e7ift d\u00f6ner tekerle\u011fe sahip olan bavul, a\u011f\u0131rl\u0131\u011f\u0131n e\u015fit \u015fekilde da\u011f\u0131lmas\u0131n\u0131 sa\u011flayarak kollar\u0131n\u0131z ve omuzlar\u0131n\u0131zdaki y\u00fck\u00fc azalt\u0131r. Y\u00fcksek kaliteli fermuar g\u00fcvenli bir kapatma sa\u011flar ve ergonomik kulplar ta\u015f\u0131may\u0131 kolayla\u015ft\u0131r\u0131r. <\/span><\/span><br \/>\n<span dir=\"auto\" style=\"vertical-align: inherit\"><span dir=\"auto\" style=\"vertical-align: inherit\">Bavulun d\u0131\u015f y\u00fczeyi daha fazla dayan\u0131kl\u0131l\u0131k i\u00e7in \u00e7izilmeye kar\u015f\u0131 dayan\u0131kl\u0131d\u0131r; i\u00e7 k\u0131sm\u0131 ise e\u015fyalar\u0131n\u0131z\u0131 kuru ve nemden korumak i\u00e7in tasarlanm\u0131\u015ft\u0131r.<\/span><\/span><\/p>\n<p><span dir=\"auto\" style=\"vertical-align: inherit\"><span dir=\"auto\" style=\"vertical-align: inherit\">\u00d6l\u00e7\u00fcler \/ Kompozisyon: B\u00fcy\u00fck: 70&#215;46,5&#215;28,8 cm, Orta: 58,7&#215;41,5&#215;27,2 cm, K\u00fc\u00e7\u00fck: 49,8&#215;34,7&#215;24 cm <\/span><\/span><br \/>\n<span dir=\"auto\" style=\"vertical-align: inherit\"><span dir=\"auto\" style=\"vertical-align: inherit\">A\u011f\u0131rl\u0131k: B\u00fcy\u00fck: 4,6 kg, Orta: 3,6 kg, K\u00fc\u00e7\u00fck: 3 kg <\/span><\/span><br \/>\n<span dir=\"auto\" style=\"vertical-align: inherit\"><span dir=\"auto\" style=\"vertical-align: inherit\">Kapasite: B\u00fcy\u00fck: 25 kg, Orta: 20 kg, K\u00fc\u00e7\u00fck: 15 kg <\/span><\/span><br \/>\n<span dir=\"auto\" style=\"vertical-align: inherit\"><span dir=\"auto\" style=\"vertical-align: inherit\">Renk: Metalik mavi <\/span><\/span><br \/>\n<span dir=\"auto\" style=\"vertical-align: inherit\"><span dir=\"auto\" style=\"vertical-align: inherit\">Malzeme: Plastik <\/span><\/span><br \/>\n<span dir=\"auto\" style=\"vertical-align: inherit\"><span dir=\"auto\" style=\"vertical-align: inherit\">Bak\u0131m Talimatlar\u0131: Sadece elde y\u0131kay\u0131n <\/span><\/span><br \/>\n<span dir=\"auto\" style=\"vertical-align: inherit\"><span dir=\"auto\" style=\"vertical-align: inherit\">\u0130ade\/Garanti Politikas\u0131: Sipari\u015fi ald\u0131ktan sonra 24 saat i\u00e7inde talepler kabul edilir.<\/span><\/span><\/p>\n","protected":false},"featured_media":33600,"template":"","meta":[],"product_brand":[],"product_cat":[142,144],"product_tag":[],"class_list":{"0":"post-33277","1":"product","2":"type-product","3":"status-publish","4":"has-post-thumbnail","6":"product_cat-udhetim","7":"product_cat-valixhe","9":"first","10":"instock","11":"sale","12":"taxable","13":"shipping-taxable","14":"purchasable","15":"product-type-simple","16":"layout-style-1","17":"col-md-4 col-sm-4 col-xs-6","18":"col-lg-2","19":"product-has-gallery","20":"product-style-default"},"_links":{"self":[{"href":"https:\/\/www.comoditahome.com\/be\/wp-json\/wp\/v2\/product\/33277","targetHints":{"allow":["GET"]}}],"collection":[{"href":"https:\/\/www.comoditahome.com\/be\/wp-json\/wp\/v2\/product"}],"about":[{"href":"https:\/\/www.comoditahome.com\/be\/wp-json\/wp\/v2\/types\/product"}],"version-history":[{"count":5,"href":"https:\/\/www.comoditahome.com\/be\/wp-json\/wp\/v2\/product\/33277\/revisions"}],"predecessor-version":[{"id":100346,"href":"https:\/\/www.comoditahome.com\/be\/wp-json\/wp\/v2\/product\/33277\/revisions\/100346"}],"wp:featuredmedia":[{"embeddable":true,"href":"https:\/\/www.comoditahome.com\/be\/wp-json\/wp\/v2\/media\/33600"}],"wp:attachment":[{"href":"https:\/\/www.comoditahome.com\/be\/wp-json\/wp\/v2\/media?parent=33277"}],"wp:term":[{"taxonomy":"product_brand","embeddable":true,"href":"https:\/\/www.comoditahome.com\/be\/wp-json\/wp\/v2\/product_brand?post=33277"},{"taxonomy":"product_cat","embeddable":true,"href":"https:\/\/www.comoditahome.com\/be\/wp-json\/wp\/v2\/product_cat?post=33277"},{"taxonomy":"product_tag","embeddable":true,"href":"https:\/\/www.comoditahome.com\/be\/wp-json\/wp\/v2\/product_tag?post=33277"}],"curies":[{"name":"wp","href":"https:\/\/api.w.org\/{rel}","templated":true}]}}