 {"id":33279,"date":"2022-04-28T10:53:36","date_gmt":"2022-04-28T09:53:36","guid":{"rendered":"https:\/\/ks.comoditahome.com\/?post_type=product&#038;p=33279"},"modified":"2025-11-22T16:36:55","modified_gmt":"2025-11-22T15:36:55","slug":"cante-kozmetike-regent-2","status":"publish","type":"product","link":"https:\/\/www.comoditahome.com\/be\/produkt\/cante-kozmetike-regent-2\/","title":{"rendered":"Regent Metallic Blue cosmetics bag"},"content":{"rendered":"","protected":false},"excerpt":{"rendered":"<p><span dir=\"auto\" style=\"vertical-align: inherit\"><span dir=\"auto\" style=\"vertical-align: inherit\">Regent Kozmetik \u00c7antas\u0131, seyahat setinizi m\u00fckemmel bir \u015fekilde tamamlayan benzersiz renk ve tasar\u0131ma sahiptir. Dayan\u0131kl\u0131 malzemesiyle bilinen bu \u00e7anta, s\u0131k seyahatlerin zorluklar\u0131na dayanacak \u015fekilde test edilmi\u015ftir. <\/span><\/span><br \/>\n<span dir=\"auto\" style=\"vertical-align: inherit\"><span dir=\"auto\" style=\"vertical-align: inherit\">Y\u00fcksek kaliteli bir fermuarla a\u00e7\u0131l\u0131p kapan\u0131r ve kolay kullan\u0131m i\u00e7in ergonomik kulplara sahiptir. D\u0131\u015f y\u00fczeyi g\u00fc\u00e7lendirilmi\u015f ve \u00e7izilmeye kar\u015f\u0131 dayan\u0131kl\u0131yken, i\u00e7 k\u0131sm\u0131 e\u015fyalar\u0131n\u0131z\u0131 nemden korur.<\/span><\/span><\/p>\n<p><span dir=\"auto\" style=\"vertical-align: inherit\"><span dir=\"auto\" style=\"vertical-align: inherit\">\u00d6l\u00e7\u00fcler \/ Kompozisyon: 29x23x13 cm <\/span><\/span><br \/>\n<span dir=\"auto\" style=\"vertical-align: inherit\"><span dir=\"auto\" style=\"vertical-align: inherit\">Renk: Metalik mavi <\/span><\/span><br \/>\n<span dir=\"auto\" style=\"vertical-align: inherit\"><span dir=\"auto\" style=\"vertical-align: inherit\">Malzeme: Plastik <\/span><\/span><br \/>\n<span dir=\"auto\" style=\"vertical-align: inherit\"><span dir=\"auto\" style=\"vertical-align: inherit\">Bak\u0131m Talimatlar\u0131: Sadece elde y\u0131kay\u0131n\u0131z. <\/span><\/span><br \/>\n<span dir=\"auto\" style=\"vertical-align: inherit\"><span dir=\"auto\" style=\"vertical-align: inherit\">\u0130ade\/Garanti Politikas\u0131: Sipari\u015finizi ald\u0131ktan sonra 24 saat i\u00e7inde talepleriniz kabul edilir.<\/span><\/span><\/p>\n","protected":false},"featured_media":33578,"template":"","meta":[],"product_brand":[],"product_cat":[142,144],"product_tag":[],"class_list":{"0":"post-33279","1":"product","2":"type-product","3":"status-publish","4":"has-post-thumbnail","6":"product_cat-udhetim","7":"product_cat-valixhe","9":"first","10":"instock","11":"sale","12":"taxable","13":"shipping-taxable","14":"purchasable","15":"product-type-simple","16":"layout-style-1","17":"col-md-4 col-sm-4 col-xs-6","18":"col-lg-2","19":"product-has-gallery","20":"product-style-default"},"_links":{"self":[{"href":"https:\/\/www.comoditahome.com\/be\/wp-json\/wp\/v2\/product\/33279","targetHints":{"allow":["GET"]}}],"collection":[{"href":"https:\/\/www.comoditahome.com\/be\/wp-json\/wp\/v2\/product"}],"about":[{"href":"https:\/\/www.comoditahome.com\/be\/wp-json\/wp\/v2\/types\/product"}],"version-history":[{"count":7,"href":"https:\/\/www.comoditahome.com\/be\/wp-json\/wp\/v2\/product\/33279\/revisions"}],"predecessor-version":[{"id":100356,"href":"https:\/\/www.comoditahome.com\/be\/wp-json\/wp\/v2\/product\/33279\/revisions\/100356"}],"wp:featuredmedia":[{"embeddable":true,"href":"https:\/\/www.comoditahome.com\/be\/wp-json\/wp\/v2\/media\/33578"}],"wp:attachment":[{"href":"https:\/\/www.comoditahome.com\/be\/wp-json\/wp\/v2\/media?parent=33279"}],"wp:term":[{"taxonomy":"product_brand","embeddable":true,"href":"https:\/\/www.comoditahome.com\/be\/wp-json\/wp\/v2\/product_brand?post=33279"},{"taxonomy":"product_cat","embeddable":true,"href":"https:\/\/www.comoditahome.com\/be\/wp-json\/wp\/v2\/product_cat?post=33279"},{"taxonomy":"product_tag","embeddable":true,"href":"https:\/\/www.comoditahome.com\/be\/wp-json\/wp\/v2\/product_tag?post=33279"}],"curies":[{"name":"wp","href":"https:\/\/api.w.org\/{rel}","templated":true}]}}