 {"id":34487,"date":"2022-05-30T15:15:45","date_gmt":"2022-05-30T14:15:45","guid":{"rendered":"https:\/\/www.comoditahome.com\/ks\/?post_type=product&#038;p=34487"},"modified":"2025-11-22T16:53:54","modified_gmt":"2025-11-22T15:53:54","slug":"jorgan-high-line","status":"publish","type":"product","link":"https:\/\/www.comoditahome.com\/be\/produkt\/jorgan-high-line\/","title":{"rendered":"High Line duvet"},"content":{"rendered":"","protected":false},"excerpt":{"rendered":"<p><span dir=\"auto\" style=\"vertical-align: inherit\"><span dir=\"auto\" style=\"vertical-align: inherit\">High Line yorgan, elyaf dolgulu ve mikrofiber kapl\u0131, olduk\u00e7a yumu\u015fak ve hipoalerjeniktir. A\u011f\u0131r y\u00fck ta\u015f\u0131madan iyi bir yal\u0131t\u0131m sa\u011flar.<\/span><\/span><\/p>\n<p><span dir=\"auto\" style=\"vertical-align: inherit\"><span dir=\"auto\" style=\"vertical-align: inherit\">\u00d6l\u00e7\u00fcler \/ Kompozisyon: 200x200cm <\/span><\/span><br \/>\n<span dir=\"auto\" style=\"vertical-align: inherit\"><span dir=\"auto\" style=\"vertical-align: inherit\">Renk: Beyaz <\/span><\/span><br \/>\n<span dir=\"auto\" style=\"vertical-align: inherit\"><span dir=\"auto\" style=\"vertical-align: inherit\">Malzeme: Elyaf dolgulu pamuk <\/span><\/span><br \/>\n<span dir=\"auto\" style=\"vertical-align: inherit\"><span dir=\"auto\" style=\"vertical-align: inherit\">Kullan\u0131m Talimat\u0131: 40\u00b0C&#8217;de makinede y\u0131kanabilir <\/span><\/span><br \/>\n<span dir=\"auto\" style=\"vertical-align: inherit\"><span dir=\"auto\" style=\"vertical-align: inherit\">\u0130ade Politikas\u0131 \/ Garanti: Ki\u015fisel hijyen nedeniyle tekstil \u00fcr\u00fcnleri iadeye uygun de\u011fildir.<\/span><\/span><\/p>\n","protected":false},"featured_media":35816,"template":"","meta":[],"product_brand":[],"product_cat":[104,110],"product_tag":[],"class_list":{"0":"post-34487","1":"product","2":"type-product","3":"status-publish","4":"has-post-thumbnail","6":"product_cat-gjumi","7":"product_cat-jorgan","9":"first","10":"instock","11":"sale","12":"taxable","13":"shipping-taxable","14":"purchasable","15":"product-type-simple","16":"layout-style-1","17":"col-md-4 col-sm-4 col-xs-6","18":"col-lg-2","19":"product-has-gallery","20":"product-style-default"},"_links":{"self":[{"href":"https:\/\/www.comoditahome.com\/be\/wp-json\/wp\/v2\/product\/34487","targetHints":{"allow":["GET"]}}],"collection":[{"href":"https:\/\/www.comoditahome.com\/be\/wp-json\/wp\/v2\/product"}],"about":[{"href":"https:\/\/www.comoditahome.com\/be\/wp-json\/wp\/v2\/types\/product"}],"version-history":[{"count":7,"href":"https:\/\/www.comoditahome.com\/be\/wp-json\/wp\/v2\/product\/34487\/revisions"}],"predecessor-version":[{"id":100366,"href":"https:\/\/www.comoditahome.com\/be\/wp-json\/wp\/v2\/product\/34487\/revisions\/100366"}],"wp:featuredmedia":[{"embeddable":true,"href":"https:\/\/www.comoditahome.com\/be\/wp-json\/wp\/v2\/media\/35816"}],"wp:attachment":[{"href":"https:\/\/www.comoditahome.com\/be\/wp-json\/wp\/v2\/media?parent=34487"}],"wp:term":[{"taxonomy":"product_brand","embeddable":true,"href":"https:\/\/www.comoditahome.com\/be\/wp-json\/wp\/v2\/product_brand?post=34487"},{"taxonomy":"product_cat","embeddable":true,"href":"https:\/\/www.comoditahome.com\/be\/wp-json\/wp\/v2\/product_cat?post=34487"},{"taxonomy":"product_tag","embeddable":true,"href":"https:\/\/www.comoditahome.com\/be\/wp-json\/wp\/v2\/product_tag?post=34487"}],"curies":[{"name":"wp","href":"https:\/\/api.w.org\/{rel}","templated":true}]}}