 {"id":34692,"date":"2022-06-03T08:26:53","date_gmt":"2022-06-03T07:26:53","guid":{"rendered":"https:\/\/www.comoditahome.com\/ks\/?post_type=product&#038;p=34692"},"modified":"2025-11-18T15:59:09","modified_gmt":"2025-11-18T14:59:09","slug":"jastek-tencel-ergonomik","status":"publish","type":"product","link":"https:\/\/www.comoditahome.com\/be\/produkt\/jastek-tencel-ergonomik\/","title":{"rendered":"Ergonomic Tencel pillow"},"content":{"rendered":"","protected":false},"excerpt":{"rendered":"<p style=\"text-align: left\"><span dir=\"auto\" style=\"vertical-align: inherit\"><span dir=\"auto\" style=\"vertical-align: inherit\">Ergonomik Tencel Yast\u0131k, t\u00fcm pozisyonlara uygun, gece boyunca rahat bir uyku sa\u011flamak i\u00e7in tasarlanm\u0131\u015ft\u0131r. Ergonomik bir yap\u0131ya sahip, y\u00fcksek kaliteli haf\u0131zal\u0131 k\u00f6p\u00fckten \u00fcretilmi\u015ftir. \u00c7\u0131kar\u0131labilir ve y\u0131kanabilir bir k\u0131l\u0131f\u0131 vard\u0131r. Tencel liflerinden \u00fcretilen yast\u0131k, gece boyunca rahatlat\u0131c\u0131 bir dinlenme ve ferahl\u0131k sa\u011flar.<\/span><\/span><\/p>\n<p style=\"text-align: left\"><span dir=\"auto\" style=\"vertical-align: inherit\"><span dir=\"auto\" style=\"vertical-align: inherit\">\u00d6l\u00e7\u00fcler \/ Kompozisyon: 60x40x12\/10cm <\/span><\/span><br \/>\n<span dir=\"auto\" style=\"vertical-align: inherit\"><span dir=\"auto\" style=\"vertical-align: inherit\">RENK: Beyaz <\/span><\/span><br \/>\n<span dir=\"auto\" style=\"vertical-align: inherit\"><span dir=\"auto\" style=\"vertical-align: inherit\">MALZEME: Tencel elyaf <\/span><\/span><br \/>\n<span dir=\"auto\" style=\"vertical-align: inherit\"><span dir=\"auto\" style=\"vertical-align: inherit\">KULLANIM TAL\u0130MATI: Yast\u0131k y\u0131kanmaz, sadece havaland\u0131r\u0131n. <\/span><\/span><br \/>\n<span dir=\"auto\" style=\"vertical-align: inherit\"><span dir=\"auto\" style=\"vertical-align: inherit\">\u0130ADE POL\u0130T\u0130KASI \/ GARANT\u0130: Ki\u015fisel hijyenle temas etmesi sebebiyle tekstil \u00fcr\u00fcnlerinde iade kabul edilmemektedir.<\/span><\/span><\/p>\n","protected":false},"featured_media":34693,"template":"","meta":[],"product_brand":[],"product_cat":[104,108],"product_tag":[],"class_list":{"0":"post-34692","1":"product","2":"type-product","3":"status-publish","4":"has-post-thumbnail","6":"product_cat-gjumi","7":"product_cat-jastek","9":"first","10":"outofstock","11":"sale","12":"taxable","13":"shipping-taxable","14":"purchasable","15":"product-type-simple","16":"layout-style-1","17":"col-md-4 col-sm-4 col-xs-6","18":"col-lg-2","19":"product-has-gallery","20":"product-style-default"},"_links":{"self":[{"href":"https:\/\/www.comoditahome.com\/be\/wp-json\/wp\/v2\/product\/34692","targetHints":{"allow":["GET"]}}],"collection":[{"href":"https:\/\/www.comoditahome.com\/be\/wp-json\/wp\/v2\/product"}],"about":[{"href":"https:\/\/www.comoditahome.com\/be\/wp-json\/wp\/v2\/types\/product"}],"version-history":[{"count":11,"href":"https:\/\/www.comoditahome.com\/be\/wp-json\/wp\/v2\/product\/34692\/revisions"}],"predecessor-version":[{"id":100310,"href":"https:\/\/www.comoditahome.com\/be\/wp-json\/wp\/v2\/product\/34692\/revisions\/100310"}],"wp:featuredmedia":[{"embeddable":true,"href":"https:\/\/www.comoditahome.com\/be\/wp-json\/wp\/v2\/media\/34693"}],"wp:attachment":[{"href":"https:\/\/www.comoditahome.com\/be\/wp-json\/wp\/v2\/media?parent=34692"}],"wp:term":[{"taxonomy":"product_brand","embeddable":true,"href":"https:\/\/www.comoditahome.com\/be\/wp-json\/wp\/v2\/product_brand?post=34692"},{"taxonomy":"product_cat","embeddable":true,"href":"https:\/\/www.comoditahome.com\/be\/wp-json\/wp\/v2\/product_cat?post=34692"},{"taxonomy":"product_tag","embeddable":true,"href":"https:\/\/www.comoditahome.com\/be\/wp-json\/wp\/v2\/product_tag?post=34692"}],"curies":[{"name":"wp","href":"https:\/\/api.w.org\/{rel}","templated":true}]}}