 {"id":5310,"date":"2021-07-15T07:03:00","date_gmt":"2021-07-15T06:03:00","guid":{"rendered":"https:\/\/ks.comoditahome.com\/?post_type=product&#038;p=5310"},"modified":"2025-11-18T15:59:09","modified_gmt":"2025-11-18T14:59:09","slug":"jastek-klasik-silver","status":"publish","type":"product","link":"https:\/\/www.comoditahome.com\/be\/produkt\/jastek-klasik-silver\/","title":{"rendered":"Classic Silver pillow"},"content":{"rendered":"","protected":false},"excerpt":{"rendered":"<p style=\"text-align: left\"><span dir=\"auto\" style=\"vertical-align: inherit\"><span dir=\"auto\" style=\"vertical-align: inherit\"><span dir=\"auto\" style=\"vertical-align: inherit\"><span dir=\"auto\" style=\"vertical-align: inherit\">Silver Classic Yast\u0131k, par\u00e7alanm\u0131\u015f haf\u0131zal\u0131 k\u00f6p\u00fck ile doldurulmu\u015f ve g\u00fcm\u00fc\u015f elyafl\u0131 k\u0131l\u0131f ile dikilmi\u015ftir, bu da onu do\u011fal olarak antimikrobiyal ve toz akarlar\u0131na kar\u015f\u0131 diren\u00e7li hale getirir.<\/span><\/span><\/span><\/span><\/p>\n<p style=\"text-align: left\"><span dir=\"auto\" style=\"vertical-align: inherit\"><span dir=\"auto\" style=\"vertical-align: inherit\"><span dir=\"auto\" style=\"vertical-align: inherit\"><span dir=\"auto\" style=\"vertical-align: inherit\">Yast\u0131k, fiziksel \u00f6zelliklerine uyum sa\u011flayarak kendini \u015fekillendirir. Dengeyi korumak ve uyku g\u00f6revlerini de\u011fi\u015ftirirken y\u00fczeyin d\u00fczle\u015fmesini \u00f6nlemek i\u00e7in c\u00f6mert\u00e7e doldurulmaktur.<\/span><\/span><\/span><\/span><\/p>\n<p style=\"text-align: left\"><span dir=\"auto\" style=\"vertical-align: inherit\"><span dir=\"auto\" style=\"vertical-align: inherit\"><span dir=\"auto\" style=\"vertical-align: inherit\"><span dir=\"auto\" style=\"vertical-align: inherit\">\u00d6zellikle yan yatanlar i\u00e7in tasarlanm\u0131\u015f olup, boyun deste\u011fi sa\u011flar ve omurgan\u0131z\u0131n do\u011frulanmas\u0131n\u0131 sa\u011flayarak rahat bir dinlenme sa\u011flar.<\/span><\/span><\/span><\/span><\/p>\n<p style=\"text-align: left\"><span dir=\"auto\" style=\"vertical-align: inherit\"><span dir=\"auto\" style=\"vertical-align: inherit\"><span dir=\"auto\" style=\"vertical-align: inherit\"><span dir=\"auto\" style=\"vertical-align: inherit\">\u00d6l\u00e7\u00fcler \/ Kompozisyon: 50&#215;70 cm <\/span><\/span><\/span><\/span><br \/>\n<span dir=\"auto\" style=\"vertical-align: inherit\"><span dir=\"auto\" style=\"vertical-align: inherit\"><span dir=\"auto\" style=\"vertical-align: inherit\"><span dir=\"auto\" style=\"vertical-align: inherit\">Renk: Desenli tasar\u0131m <\/span><\/span><\/span><\/span><br \/>\n<span dir=\"auto\" style=\"vertical-align: inherit\"><span dir=\"auto\" style=\"vertical-align: inherit\"><span dir=\"auto\" style=\"vertical-align: inherit\"><span dir=\"auto\" style=\"vertical-align: inherit\">Malzeme: Haf\u0131zal\u0131 s\u00fcnger ve poli\u00fcretan <\/span><\/span><\/span><\/span><br \/>\n<span dir=\"auto\" style=\"vertical-align: inherit\"><span dir=\"auto\" style=\"vertical-align: inherit\"><span dir=\"auto\" style=\"vertical-align: inherit\"><span dir=\"auto\" style=\"vertical-align: inherit\">Kullan\u0131m Talimat\u0131: Y\u0131kanmaz, yaln\u0131zca d\u00fczenli olarak havaland\u0131r\u0131n. <\/span><\/span><\/span><\/span><br \/>\n<span dir=\"auto\" style=\"vertical-align: inherit\"><span dir=\"auto\" style=\"vertical-align: inherit\"><span dir=\"auto\" style=\"vertical-align: inherit\"><span dir=\"auto\" style=\"vertical-align: inherit\">\u0130ade Politikas\u0131 \/ Garanti: Hijyen \u015fartlar\u0131n\u0131n gereklili\u011fi tekstil bozmade iade kabul edilmemektedir.<\/span><\/span><\/span><\/span><\/p>\n","protected":false},"featured_media":31229,"template":"","meta":[],"product_brand":[],"product_cat":[104,108],"product_tag":[],"class_list":{"0":"post-5310","1":"product","2":"type-product","3":"status-publish","4":"has-post-thumbnail","6":"product_cat-gjumi","7":"product_cat-jastek","9":"first","10":"outofstock","11":"sale","12":"featured","13":"taxable","14":"shipping-taxable","15":"purchasable","16":"product-type-simple","17":"layout-style-1","18":"col-md-4 col-sm-4 col-xs-6","19":"col-lg-2","20":"product-has-gallery","21":"product-style-default"},"_links":{"self":[{"href":"https:\/\/www.comoditahome.com\/be\/wp-json\/wp\/v2\/product\/5310","targetHints":{"allow":["GET"]}}],"collection":[{"href":"https:\/\/www.comoditahome.com\/be\/wp-json\/wp\/v2\/product"}],"about":[{"href":"https:\/\/www.comoditahome.com\/be\/wp-json\/wp\/v2\/types\/product"}],"version-history":[{"count":12,"href":"https:\/\/www.comoditahome.com\/be\/wp-json\/wp\/v2\/product\/5310\/revisions"}],"predecessor-version":[{"id":100317,"href":"https:\/\/www.comoditahome.com\/be\/wp-json\/wp\/v2\/product\/5310\/revisions\/100317"}],"wp:featuredmedia":[{"embeddable":true,"href":"https:\/\/www.comoditahome.com\/be\/wp-json\/wp\/v2\/media\/31229"}],"wp:attachment":[{"href":"https:\/\/www.comoditahome.com\/be\/wp-json\/wp\/v2\/media?parent=5310"}],"wp:term":[{"taxonomy":"product_brand","embeddable":true,"href":"https:\/\/www.comoditahome.com\/be\/wp-json\/wp\/v2\/product_brand?post=5310"},{"taxonomy":"product_cat","embeddable":true,"href":"https:\/\/www.comoditahome.com\/be\/wp-json\/wp\/v2\/product_cat?post=5310"},{"taxonomy":"product_tag","embeddable":true,"href":"https:\/\/www.comoditahome.com\/be\/wp-json\/wp\/v2\/product_tag?post=5310"}],"curies":[{"name":"wp","href":"https:\/\/api.w.org\/{rel}","templated":true}]}}