 {"id":59063,"date":"2022-11-25T15:47:21","date_gmt":"2022-11-25T14:47:21","guid":{"rendered":"https:\/\/www.comoditahome.com\/ks\/?post_type=product&#038;p=59063"},"modified":"2025-12-25T16:54:09","modified_gmt":"2025-12-25T15:54:09","slug":"tabak-sherbimi-16","status":"publish","type":"product","link":"https:\/\/www.comoditahome.com\/be\/produkt\/tabak-sherbimi-16\/","title":{"rendered":"Serving tray"},"content":{"rendered":"","protected":false},"excerpt":{"rendered":"<p style=\"text-align: left\"><span dir=\"auto\" style=\"vertical-align: inherit\"><span dir=\"auto\" style=\"vertical-align: inherit\">Bu servis tepsisi plastik bir y\u00fczeye sahiptir ve iki adet alt\u0131n renkli al\u00fcminyum kulp ile birlikte gelir. <\/span><\/span><br \/>\n<span dir=\"auto\" style=\"vertical-align: inherit\"><span dir=\"auto\" style=\"vertical-align: inherit\">Tepsinin y\u00fczeyi, mutfa\u011f\u0131n\u0131za \u015f\u0131k bir dokunu\u015f katan ve sunumlar\u0131n\u0131z\u0131 \u00f6ne \u00e7\u0131karan \u00e7ok \u00f6zel soyut desenlerle s\u00fcslenmi\u015ftir. <\/span><\/span><br \/>\n<span dir=\"auto\" style=\"vertical-align: inherit\"><span dir=\"auto\" style=\"vertical-align: inherit\">Boyutlar \/ Bile\u015fim: 46&#215;31 cm <\/span><\/span><br \/>\n<span dir=\"auto\" style=\"vertical-align: inherit\"><span dir=\"auto\" style=\"vertical-align: inherit\">RENK: Desenli <\/span><\/span><br \/>\n<span dir=\"auto\" style=\"vertical-align: inherit\"><span dir=\"auto\" style=\"vertical-align: inherit\">MALZEME: Plastik, al\u00fcminyum <\/span><\/span><br \/>\n<span dir=\"auto\" style=\"vertical-align: inherit\"><span dir=\"auto\" style=\"vertical-align: inherit\">KULLANIM TAL\u0130MATLARI: Sadece elde y\u0131kama <\/span><\/span><br \/>\n<span dir=\"auto\" style=\"vertical-align: inherit\"><span dir=\"auto\" style=\"vertical-align: inherit\">\u0130ADE KO\u015eULLARI \/ GARANT\u0130: Bu \u00fcr\u00fcn i\u00e7in, sipari\u015fin al\u0131nmas\u0131ndan sonraki 24 saat i\u00e7inde \u015fikayetler kabul edilir.<\/span><\/span><\/p>\n","protected":false},"featured_media":59064,"template":"","meta":[],"product_brand":[],"product_cat":[136,132,125],"product_tag":[],"class_list":{"0":"post-59063","1":"product","2":"type-product","3":"status-publish","4":"has-post-thumbnail","6":"product_cat-tryeze","7":"product_cat-tabak","8":"product_cat-kuzhine","10":"first","11":"instock","12":"sale","13":"taxable","14":"shipping-taxable","15":"purchasable","16":"product-type-simple","17":"layout-style-1","18":"col-md-4 col-sm-4 col-xs-6","19":"col-lg-2","20":"product-has-gallery","21":"product-style-default"},"_links":{"self":[{"href":"https:\/\/www.comoditahome.com\/be\/wp-json\/wp\/v2\/product\/59063","targetHints":{"allow":["GET"]}}],"collection":[{"href":"https:\/\/www.comoditahome.com\/be\/wp-json\/wp\/v2\/product"}],"about":[{"href":"https:\/\/www.comoditahome.com\/be\/wp-json\/wp\/v2\/types\/product"}],"version-history":[{"count":7,"href":"https:\/\/www.comoditahome.com\/be\/wp-json\/wp\/v2\/product\/59063\/revisions"}],"predecessor-version":[{"id":100397,"href":"https:\/\/www.comoditahome.com\/be\/wp-json\/wp\/v2\/product\/59063\/revisions\/100397"}],"wp:featuredmedia":[{"embeddable":true,"href":"https:\/\/www.comoditahome.com\/be\/wp-json\/wp\/v2\/media\/59064"}],"wp:attachment":[{"href":"https:\/\/www.comoditahome.com\/be\/wp-json\/wp\/v2\/media?parent=59063"}],"wp:term":[{"taxonomy":"product_brand","embeddable":true,"href":"https:\/\/www.comoditahome.com\/be\/wp-json\/wp\/v2\/product_brand?post=59063"},{"taxonomy":"product_cat","embeddable":true,"href":"https:\/\/www.comoditahome.com\/be\/wp-json\/wp\/v2\/product_cat?post=59063"},{"taxonomy":"product_tag","embeddable":true,"href":"https:\/\/www.comoditahome.com\/be\/wp-json\/wp\/v2\/product_tag?post=59063"}],"curies":[{"name":"wp","href":"https:\/\/api.w.org\/{rel}","templated":true}]}}