 {"id":6265,"date":"2021-08-06T07:54:58","date_gmt":"2021-08-06T06:54:58","guid":{"rendered":"https:\/\/ks.comoditahome.com\/?post_type=product&#038;p=6265"},"modified":"2025-12-25T17:02:00","modified_gmt":"2025-12-25T16:02:00","slug":"tigan-comodita","status":"publish","type":"product","link":"https:\/\/www.comoditahome.com\/be\/produkt\/tigan-comodita\/","title":{"rendered":"Comodita pan"},"content":{"rendered":"","protected":false},"excerpt":{"rendered":"<p style=\"text-align: left\"><span dir=\"auto\" style=\"vertical-align: inherit\"><span dir=\"auto\" style=\"vertical-align: inherit\">Comodita k\u0131zartma tavas\u0131, \u015f\u0131k granit g\u00f6r\u00fcn\u00fcml\u00fc yuvarlak bir \u015fekle ve zarif, ergonomik siyah bir sapa sahiptir. D\u00fcz pi\u015firme y\u00fczeyi, tavan\u0131n tamam\u0131na e\u015fit \u0131s\u0131 da\u011f\u0131l\u0131m\u0131 sa\u011flayarak her malzemenin lezzetli sonu\u00e7lar i\u00e7in e\u015fit \u015fekilde pi\u015fmesini sa\u011flar.<\/span><\/span><\/p>\n<p style=\"text-align: left\"><span dir=\"auto\" style=\"vertical-align: inherit\"><span dir=\"auto\" style=\"vertical-align: inherit\">Boyut ve Bile\u015fim: 24 cm <\/span><\/span><br \/>\n<span dir=\"auto\" style=\"vertical-align: inherit\"><span dir=\"auto\" style=\"vertical-align: inherit\">Renk: Desenli Tasar\u0131m <\/span><\/span><br \/>\n<span dir=\"auto\" style=\"vertical-align: inherit\"><span dir=\"auto\" style=\"vertical-align: inherit\">Malzeme: Ta\u015f Bazl\u0131 <\/span><\/span><br \/>\n<span dir=\"auto\" style=\"vertical-align: inherit\"><span dir=\"auto\" style=\"vertical-align: inherit\">Bak\u0131m Talimatlar\u0131: Sadece elde y\u0131kama <\/span><\/span><br \/>\n<span dir=\"auto\" style=\"vertical-align: inherit\"><span dir=\"auto\" style=\"vertical-align: inherit\">\u0130ade Politikas\u0131 \/ Garanti: Bu \u00fcr\u00fcnle ilgili talepler, sipari\u015finizi ald\u0131ktan sonra 24 saat i\u00e7inde kabul edilir.<\/span><\/span><\/p>\n","protected":false},"featured_media":6266,"template":"","meta":[],"product_brand":[],"product_cat":[125,128],"product_tag":[],"class_list":{"0":"post-6265","1":"product","2":"type-product","3":"status-publish","4":"has-post-thumbnail","6":"product_cat-kuzhine","7":"product_cat-ene-gatimi","9":"first","10":"instock","11":"sale","12":"featured","13":"taxable","14":"shipping-taxable","15":"purchasable","16":"product-type-simple","17":"layout-style-1","18":"col-md-4 col-sm-4 col-xs-6","19":"col-lg-2","20":"product-has-gallery","21":"product-style-default"},"_links":{"self":[{"href":"https:\/\/www.comoditahome.com\/be\/wp-json\/wp\/v2\/product\/6265","targetHints":{"allow":["GET"]}}],"collection":[{"href":"https:\/\/www.comoditahome.com\/be\/wp-json\/wp\/v2\/product"}],"about":[{"href":"https:\/\/www.comoditahome.com\/be\/wp-json\/wp\/v2\/types\/product"}],"version-history":[{"count":16,"href":"https:\/\/www.comoditahome.com\/be\/wp-json\/wp\/v2\/product\/6265\/revisions"}],"predecessor-version":[{"id":100403,"href":"https:\/\/www.comoditahome.com\/be\/wp-json\/wp\/v2\/product\/6265\/revisions\/100403"}],"wp:featuredmedia":[{"embeddable":true,"href":"https:\/\/www.comoditahome.com\/be\/wp-json\/wp\/v2\/media\/6266"}],"wp:attachment":[{"href":"https:\/\/www.comoditahome.com\/be\/wp-json\/wp\/v2\/media?parent=6265"}],"wp:term":[{"taxonomy":"product_brand","embeddable":true,"href":"https:\/\/www.comoditahome.com\/be\/wp-json\/wp\/v2\/product_brand?post=6265"},{"taxonomy":"product_cat","embeddable":true,"href":"https:\/\/www.comoditahome.com\/be\/wp-json\/wp\/v2\/product_cat?post=6265"},{"taxonomy":"product_tag","embeddable":true,"href":"https:\/\/www.comoditahome.com\/be\/wp-json\/wp\/v2\/product_tag?post=6265"}],"curies":[{"name":"wp","href":"https:\/\/api.w.org\/{rel}","templated":true}]}}