 {"id":62769,"date":"2023-03-02T15:53:18","date_gmt":"2023-03-02T14:53:18","guid":{"rendered":"https:\/\/www.comoditahome.com\/ks\/?post_type=product&#038;p=62769"},"modified":"2025-11-22T16:29:37","modified_gmt":"2025-11-22T15:29:37","slug":"cante-kozmetike-regent-5","status":"publish","type":"product","link":"https:\/\/www.comoditahome.com\/be\/produkt\/cante-kozmetike-regent-5\/","title":{"rendered":"Regent Black cosmetics bag"},"content":{"rendered":"","protected":false},"excerpt":{"rendered":"<p><span dir=\"auto\" style=\"vertical-align: inherit\"><span dir=\"auto\" style=\"vertical-align: inherit\"><span dir=\"auto\" style=\"vertical-align: inherit\"><span dir=\"auto\" style=\"vertical-align: inherit\"><span dir=\"auto\" style=\"vertical-align: inherit\"><span dir=\"auto\" style=\"vertical-align: inherit\">Regent Kozmetik \u00e7antas\u0131, seyahat setinizi m\u00fckemmel bir \u015fekilde benzersiz renk ve \u00e7e\u015fitlerine sahiptir. Dayan\u0131kl\u0131 malzemesiyle bilinen bu \u00e7anta, s\u0131k seyahatlerin yapabileceklerine dayanacak \u015fekilde test edilmi\u015ftir. <\/span><\/span><\/span><\/span><\/span><\/span><br \/>\n<span dir=\"auto\" style=\"vertical-align: inherit\"><span dir=\"auto\" style=\"vertical-align: inherit\"><span dir=\"auto\" style=\"vertical-align: inherit\"><span dir=\"auto\" style=\"vertical-align: inherit\"><span dir=\"auto\" style=\"vertical-align: inherit\"><span dir=\"auto\" style=\"vertical-align: inherit\">Y\u00fcksek kaliteli bir fermuarla a\u00e7\u0131l\u0131p kapan\u0131r ve kolay kullan\u0131m i\u00e7in ergonomik kulplara sahiptir. D\u0131\u015f y\u00fczey izolasyonu ve \u00e7izilmeye kar\u015f\u0131 dayan\u0131kl\u0131yken, i\u00e7 k\u0131sm\u0131 aksesuarlar\u0131n\u0131z\u0131 nemden korur.<\/span><\/span><\/span><\/span><\/span><\/span><\/p>\n<p><span dir=\"auto\" style=\"vertical-align: inherit\"><span dir=\"auto\" style=\"vertical-align: inherit\"><span dir=\"auto\" style=\"vertical-align: inherit\"><span dir=\"auto\" style=\"vertical-align: inherit\"><span dir=\"auto\" style=\"vertical-align: inherit\"><span dir=\"auto\" style=\"vertical-align: inherit\">\u00d6l\u00e7\u00fcler \/ Kompozisyon: 29x23x13 cm <\/span><\/span><\/span><\/span><\/span><\/span><br \/>\n<span dir=\"auto\" style=\"vertical-align: inherit\"><span dir=\"auto\" style=\"vertical-align: inherit\"><span dir=\"auto\" style=\"vertical-align: inherit\"><span dir=\"auto\" style=\"vertical-align: inherit\"><span dir=\"auto\" style=\"vertical-align: inherit\"><span dir=\"auto\" style=\"vertical-align: inherit\">Renk: Siyah <\/span><\/span><\/span><\/span><\/span><\/span><br \/>\n<span dir=\"auto\" style=\"vertical-align: inherit\"><span dir=\"auto\" style=\"vertical-align: inherit\"><span dir=\"auto\" style=\"vertical-align: inherit\"><span dir=\"auto\" style=\"vertical-align: inherit\"><span dir=\"auto\" style=\"vertical-align: inherit\"><span dir=\"auto\" style=\"vertical-align: inherit\">Malzeme: Plastik <\/span><\/span><\/span><\/span><\/span><\/span><br \/>\n<span dir=\"auto\" style=\"vertical-align: inherit\"><span dir=\"auto\" style=\"vertical-align: inherit\"><span dir=\"auto\" style=\"vertical-align: inherit\"><span dir=\"auto\" style=\"vertical-align: inherit\"><span dir=\"auto\" style=\"vertical-align: inherit\"><span dir=\"auto\" style=\"vertical-align: inherit\">Bak\u0131m Talimatlar\u0131: Sadece elde y\u0131kaman\u0131z. <\/span><\/span><\/span><\/span><\/span><\/span><br \/>\n<span dir=\"auto\" style=\"vertical-align: inherit\"><span dir=\"auto\" style=\"vertical-align: inherit\"><span dir=\"auto\" style=\"vertical-align: inherit\"><span dir=\"auto\" style=\"vertical-align: inherit\"><span dir=\"auto\" style=\"vertical-align: inherit\"><span dir=\"auto\" style=\"vertical-align: inherit\">\u0130ade\/Garanti Politikas\u0131: Sipari\u015finizi geli\u015ftirdikten sonra 24 saat i\u00e7inde \u00e7o\u011falt\u0131lmadan kabul edilir.<\/span><\/span><\/span><\/span><\/span><\/span><\/p>\n","protected":false},"featured_media":62771,"template":"","meta":[],"product_brand":[],"product_cat":[142,144],"product_tag":[],"class_list":{"0":"post-62769","1":"product","2":"type-product","3":"status-publish","4":"has-post-thumbnail","6":"product_cat-udhetim","7":"product_cat-valixhe","9":"first","10":"instock","11":"sale","12":"taxable","13":"shipping-taxable","14":"purchasable","15":"product-type-simple","16":"layout-style-1","17":"col-md-4 col-sm-4 col-xs-6","18":"col-lg-2","19":"product-has-gallery","20":"product-style-default"},"_links":{"self":[{"href":"https:\/\/www.comoditahome.com\/be\/wp-json\/wp\/v2\/product\/62769","targetHints":{"allow":["GET"]}}],"collection":[{"href":"https:\/\/www.comoditahome.com\/be\/wp-json\/wp\/v2\/product"}],"about":[{"href":"https:\/\/www.comoditahome.com\/be\/wp-json\/wp\/v2\/types\/product"}],"version-history":[{"count":9,"href":"https:\/\/www.comoditahome.com\/be\/wp-json\/wp\/v2\/product\/62769\/revisions"}],"predecessor-version":[{"id":100341,"href":"https:\/\/www.comoditahome.com\/be\/wp-json\/wp\/v2\/product\/62769\/revisions\/100341"}],"wp:featuredmedia":[{"embeddable":true,"href":"https:\/\/www.comoditahome.com\/be\/wp-json\/wp\/v2\/media\/62771"}],"wp:attachment":[{"href":"https:\/\/www.comoditahome.com\/be\/wp-json\/wp\/v2\/media?parent=62769"}],"wp:term":[{"taxonomy":"product_brand","embeddable":true,"href":"https:\/\/www.comoditahome.com\/be\/wp-json\/wp\/v2\/product_brand?post=62769"},{"taxonomy":"product_cat","embeddable":true,"href":"https:\/\/www.comoditahome.com\/be\/wp-json\/wp\/v2\/product_cat?post=62769"},{"taxonomy":"product_tag","embeddable":true,"href":"https:\/\/www.comoditahome.com\/be\/wp-json\/wp\/v2\/product_tag?post=62769"}],"curies":[{"name":"wp","href":"https:\/\/api.w.org\/{rel}","templated":true}]}}