 {"id":6369,"date":"2021-08-06T12:17:05","date_gmt":"2021-08-06T11:17:05","guid":{"rendered":"https:\/\/ks.comoditahome.com\/?post_type=product&#038;p=6369"},"modified":"2025-12-25T16:58:21","modified_gmt":"2025-12-25T15:58:21","slug":"jastek-dekorativ-oxford-3","status":"publish","type":"product","link":"https:\/\/www.comoditahome.com\/be\/produkt\/jastek-dekorativ-oxford-3\/","title":{"rendered":"Oxford Cushion"},"content":{"rendered":"","protected":false},"excerpt":{"rendered":"<p><span dir=\"auto\" style=\"vertical-align: inherit\"><span dir=\"auto\" style=\"vertical-align: inherit\">Oxford dekoratif yast\u0131k, i\u00e7 dolgusunun yumu\u015fakl\u0131\u011f\u0131n\u0131 vurgulayan kenarlar\u0131 belirginle\u015ftirilmi\u015f kare bir \u015fekle sahiptir. Ho\u015f rengiyle bu yast\u0131k, ister sade bir kanepede, ister yatak odas\u0131nda klasik nevresimlerle birlikte, isterse de d\u0131\u015f mekan sal\u0131ncak sandalyesine rahat bir dokunu\u015f olarak yerle\u015ftirilsin, \u015f\u0131k bir vurgu katar. K\u0131l\u0131f\u0131, temizlenmesi veya havaland\u0131r\u0131lmas\u0131 kolay olan pratik bir fermuarla dikilmi\u015ftir.<\/span><\/span><\/p>\n<p><span dir=\"auto\" style=\"vertical-align: inherit\"><span dir=\"auto\" style=\"vertical-align: inherit\">Boyut \/ Bile\u015fim: 45&#215;40 cm <\/span><\/span><br \/>\n<span dir=\"auto\" style=\"vertical-align: inherit\"><span dir=\"auto\" style=\"vertical-align: inherit\">RENK: \u00c7e\u015fitli renklerde mevcuttur <\/span><\/span><br \/>\n<span dir=\"auto\" style=\"vertical-align: inherit\"><span dir=\"auto\" style=\"vertical-align: inherit\">MALZEME: Pamuklu k\u0131l\u0131fl\u0131 haf\u0131zal\u0131 k\u00f6p\u00fck kar\u0131\u015f\u0131m\u0131 <\/span><\/span><br \/>\n<span dir=\"auto\" style=\"vertical-align: inherit\"><span dir=\"auto\" style=\"vertical-align: inherit\">BAKIM TAL\u0130MATLARI: Sadece d\u0131\u015f k\u0131l\u0131f y\u0131kanabilir <\/span><\/span><br \/>\n<span dir=\"auto\" style=\"vertical-align: inherit\"><span dir=\"auto\" style=\"vertical-align: inherit\">\u0130ADE \/ GARANT\u0130 KO\u015eULLARI: Bu \u00fcr\u00fcnle ilgili talepler, sipari\u015finizi ald\u0131ktan sonra 24 saat i\u00e7inde kabul edilir.<\/span><\/span><\/p>\n","protected":false},"featured_media":31138,"template":"","meta":[],"product_brand":[],"product_cat":[85,89],"product_tag":[],"class_list":{"0":"post-6369","1":"product","2":"type-product","3":"status-publish","4":"has-post-thumbnail","6":"product_cat-dhoma-e-ndenjes","7":"product_cat-jastek-dekorativ","9":"first","10":"instock","11":"sale","12":"featured","13":"taxable","14":"shipping-taxable","15":"purchasable","16":"product-type-simple","17":"layout-style-1","18":"col-md-4 col-sm-4 col-xs-6","19":"col-lg-2","20":"product-has-gallery","21":"product-style-default"},"_links":{"self":[{"href":"https:\/\/www.comoditahome.com\/be\/wp-json\/wp\/v2\/product\/6369","targetHints":{"allow":["GET"]}}],"collection":[{"href":"https:\/\/www.comoditahome.com\/be\/wp-json\/wp\/v2\/product"}],"about":[{"href":"https:\/\/www.comoditahome.com\/be\/wp-json\/wp\/v2\/types\/product"}],"version-history":[{"count":6,"href":"https:\/\/www.comoditahome.com\/be\/wp-json\/wp\/v2\/product\/6369\/revisions"}],"predecessor-version":[{"id":100400,"href":"https:\/\/www.comoditahome.com\/be\/wp-json\/wp\/v2\/product\/6369\/revisions\/100400"}],"wp:featuredmedia":[{"embeddable":true,"href":"https:\/\/www.comoditahome.com\/be\/wp-json\/wp\/v2\/media\/31138"}],"wp:attachment":[{"href":"https:\/\/www.comoditahome.com\/be\/wp-json\/wp\/v2\/media?parent=6369"}],"wp:term":[{"taxonomy":"product_brand","embeddable":true,"href":"https:\/\/www.comoditahome.com\/be\/wp-json\/wp\/v2\/product_brand?post=6369"},{"taxonomy":"product_cat","embeddable":true,"href":"https:\/\/www.comoditahome.com\/be\/wp-json\/wp\/v2\/product_cat?post=6369"},{"taxonomy":"product_tag","embeddable":true,"href":"https:\/\/www.comoditahome.com\/be\/wp-json\/wp\/v2\/product_tag?post=6369"}],"curies":[{"name":"wp","href":"https:\/\/api.w.org\/{rel}","templated":true}]}}