 {"id":73958,"date":"2023-08-24T14:06:49","date_gmt":"2023-08-24T13:06:49","guid":{"rendered":"https:\/\/www.comoditahome.com\/ks\/?post_type=product&#038;p=73958"},"modified":"2025-11-18T15:59:24","modified_gmt":"2025-11-18T14:59:24","slug":"set-pjatash-monochrome-lines","status":"publish","type":"product","link":"https:\/\/www.comoditahome.com\/be\/produkt\/set-pjatash-monochrome-lines\/","title":{"rendered":"Monochrome Lines dinnerware"},"content":{"rendered":"","protected":false},"excerpt":{"rendered":"<p><span dir=\"auto\" style=\"vertical-align: inherit\"><span dir=\"auto\" style=\"vertical-align: inherit\">Monochrome Lines yemek tak\u0131m\u0131, kusursuz simetriye sahip benzersiz dairesel \u00e7izgi tasar\u0131m\u0131yla \u00f6ne \u00e7\u0131k\u0131yor. Her tabak, ince kontur detaylar\u0131yla \u00f6zenle vurgulanm\u0131\u015f saf beyaz porselen tabana sahip. Zarif tasar\u0131m, yemek deneyimini zenginle\u015ftirerek her \u00f6\u011f\u00fcn\u00fcn daha da \u00f6zel hissettirmesini sa\u011fl\u0131yor.<\/span><\/span><\/p>\n<p><span dir=\"auto\" style=\"vertical-align: inherit\"><span dir=\"auto\" style=\"vertical-align: inherit\">Boyut \/ \u0130\u00e7erik: 18 par\u00e7a set: 6 adet yemek taba\u011f\u0131, 6 adet \u00e7orba taba\u011f\u0131, 6 adet tatl\u0131 taba\u011f\u0131 <\/span><\/span><br \/>\n<span dir=\"auto\" style=\"vertical-align: inherit\"><span dir=\"auto\" style=\"vertical-align: inherit\">Renk: Dekoratif tasar\u0131m <\/span><\/span><br \/>\n<span dir=\"auto\" style=\"vertical-align: inherit\"><span dir=\"auto\" style=\"vertical-align: inherit\">Malzeme: Porselen <\/span><\/span><br \/>\n<span dir=\"auto\" style=\"vertical-align: inherit\"><span dir=\"auto\" style=\"vertical-align: inherit\">Bak\u0131m Talimatlar\u0131: Elde y\u0131kama \u00f6nerilir <\/span><\/span><br \/>\n<span dir=\"auto\" style=\"vertical-align: inherit\"><span dir=\"auto\" style=\"vertical-align: inherit\">\u0130ade Politikas\u0131 \/ Garanti: Bu \u00fcr\u00fcn i\u00e7in sipari\u015finizi ald\u0131ktan sonra 24 saat i\u00e7inde talepler kabul edilir.<\/span><\/span><\/p>\n","protected":false},"featured_media":73960,"template":"","meta":[],"product_brand":[],"product_cat":[136,141],"product_tag":[],"class_list":{"0":"post-73958","1":"product","2":"type-product","3":"status-publish","4":"has-post-thumbnail","6":"product_cat-tryeze","7":"product_cat-set-pjatash","9":"first","10":"instock","11":"sale","12":"taxable","13":"shipping-taxable","14":"purchasable","15":"product-type-simple","16":"layout-style-1","17":"col-md-4 col-sm-4 col-xs-6","18":"col-lg-2","19":"product-has-gallery","20":"product-style-default"},"_links":{"self":[{"href":"https:\/\/www.comoditahome.com\/be\/wp-json\/wp\/v2\/product\/73958","targetHints":{"allow":["GET"]}}],"collection":[{"href":"https:\/\/www.comoditahome.com\/be\/wp-json\/wp\/v2\/product"}],"about":[{"href":"https:\/\/www.comoditahome.com\/be\/wp-json\/wp\/v2\/types\/product"}],"version-history":[{"count":5,"href":"https:\/\/www.comoditahome.com\/be\/wp-json\/wp\/v2\/product\/73958\/revisions"}],"predecessor-version":[{"id":100281,"href":"https:\/\/www.comoditahome.com\/be\/wp-json\/wp\/v2\/product\/73958\/revisions\/100281"}],"wp:featuredmedia":[{"embeddable":true,"href":"https:\/\/www.comoditahome.com\/be\/wp-json\/wp\/v2\/media\/73960"}],"wp:attachment":[{"href":"https:\/\/www.comoditahome.com\/be\/wp-json\/wp\/v2\/media?parent=73958"}],"wp:term":[{"taxonomy":"product_brand","embeddable":true,"href":"https:\/\/www.comoditahome.com\/be\/wp-json\/wp\/v2\/product_brand?post=73958"},{"taxonomy":"product_cat","embeddable":true,"href":"https:\/\/www.comoditahome.com\/be\/wp-json\/wp\/v2\/product_cat?post=73958"},{"taxonomy":"product_tag","embeddable":true,"href":"https:\/\/www.comoditahome.com\/be\/wp-json\/wp\/v2\/product_tag?post=73958"}],"curies":[{"name":"wp","href":"https:\/\/api.w.org\/{rel}","templated":true}]}}