 {"id":82169,"date":"2024-02-13T16:33:40","date_gmt":"2024-02-13T15:33:40","guid":{"rendered":"https:\/\/www.comoditahome.com\/ks\/?post_type=product&#038;p=82169"},"modified":"2025-11-18T15:59:15","modified_gmt":"2025-11-18T14:59:15","slug":"set-lugesh-deserti-flowers-2","status":"publish","type":"product","link":"https:\/\/www.comoditahome.com\/be\/produkt\/set-lugesh-deserti-flowers-2\/","title":{"rendered":"Flowers dessert cutlery set"},"content":{"rendered":"","protected":false},"excerpt":{"rendered":"<p><span dir=\"auto\" style=\"vertical-align: inherit\"><span dir=\"auto\" style=\"vertical-align: inherit\">Flowers tatl\u0131 ka\u015f\u0131\u011f\u0131 seti, pratik kullan\u0131m i\u00e7in p\u00fcr\u00fczs\u00fcz bir y\u00fczeye ve ideal kal\u0131nl\u0131\u011fa sahiptir. Sade, klasik tasar\u0131m\u0131 ve temiz, zarif g\u00f6r\u00fcn\u00fcm\u00fcyle her t\u00fcrl\u00fc yemek tak\u0131m\u0131yla kolayca uyum sa\u011flar.<\/span><\/span><\/p>\n<p><span dir=\"auto\" style=\"vertical-align: inherit\"><span dir=\"auto\" style=\"vertical-align: inherit\">Boyut \/ Kompozisyon: Set 18 par\u00e7adan olu\u015fmaktad\u0131r <\/span><\/span><br \/>\n<span dir=\"auto\" style=\"vertical-align: inherit\"><span dir=\"auto\" style=\"vertical-align: inherit\">Renk: Siyah <\/span><\/span><br \/>\n<span dir=\"auto\" style=\"vertical-align: inherit\"><span dir=\"auto\" style=\"vertical-align: inherit\">Malzeme: 18\/10 Paslanmaz \u00c7elik <\/span><\/span><br \/>\n<span dir=\"auto\" style=\"vertical-align: inherit\"><span dir=\"auto\" style=\"vertical-align: inherit\">Bak\u0131m Talimatlar\u0131: Sadece elde y\u0131kay\u0131n <\/span><\/span><br \/>\n<span dir=\"auto\" style=\"vertical-align: inherit\"><span dir=\"auto\" style=\"vertical-align: inherit\">\u0130ade \/ Garanti Politikas\u0131: Bu \u00fcr\u00fcne ili\u015fkin talepler, sipari\u015finizi ald\u0131ktan sonra 24 saat i\u00e7inde kabul edilir.<\/span><\/span><\/p>\n","protected":false},"featured_media":82170,"template":"","meta":[],"product_brand":[],"product_cat":[136,138],"product_tag":[],"class_list":{"0":"post-82169","1":"product","2":"type-product","3":"status-publish","4":"has-post-thumbnail","6":"product_cat-tryeze","7":"product_cat-luge-thike-pirunje","9":"first","10":"instock","11":"sale","12":"taxable","13":"shipping-taxable","14":"purchasable","15":"product-type-simple","16":"layout-style-1","17":"col-md-4 col-sm-4 col-xs-6","18":"col-lg-2","19":"product-has-gallery","20":"product-style-default"},"_links":{"self":[{"href":"https:\/\/www.comoditahome.com\/be\/wp-json\/wp\/v2\/product\/82169","targetHints":{"allow":["GET"]}}],"collection":[{"href":"https:\/\/www.comoditahome.com\/be\/wp-json\/wp\/v2\/product"}],"about":[{"href":"https:\/\/www.comoditahome.com\/be\/wp-json\/wp\/v2\/types\/product"}],"version-history":[{"count":6,"href":"https:\/\/www.comoditahome.com\/be\/wp-json\/wp\/v2\/product\/82169\/revisions"}],"predecessor-version":[{"id":100278,"href":"https:\/\/www.comoditahome.com\/be\/wp-json\/wp\/v2\/product\/82169\/revisions\/100278"}],"wp:featuredmedia":[{"embeddable":true,"href":"https:\/\/www.comoditahome.com\/be\/wp-json\/wp\/v2\/media\/82170"}],"wp:attachment":[{"href":"https:\/\/www.comoditahome.com\/be\/wp-json\/wp\/v2\/media?parent=82169"}],"wp:term":[{"taxonomy":"product_brand","embeddable":true,"href":"https:\/\/www.comoditahome.com\/be\/wp-json\/wp\/v2\/product_brand?post=82169"},{"taxonomy":"product_cat","embeddable":true,"href":"https:\/\/www.comoditahome.com\/be\/wp-json\/wp\/v2\/product_cat?post=82169"},{"taxonomy":"product_tag","embeddable":true,"href":"https:\/\/www.comoditahome.com\/be\/wp-json\/wp\/v2\/product_tag?post=82169"}],"curies":[{"name":"wp","href":"https:\/\/api.w.org\/{rel}","templated":true}]}}