 {"id":89838,"date":"2024-07-06T08:41:16","date_gmt":"2024-07-06T06:41:16","guid":{"rendered":"https:\/\/www.comoditahome.com\/ks\/?post_type=product&#038;p=89838"},"modified":"2025-06-20T09:54:38","modified_gmt":"2025-06-20T08:54:38","slug":"prince-kafe-turke-200gr","status":"publish","type":"product","link":"https:\/\/www.comoditahome.com\/be\/produkt\/prince-kafe-turke-200gr\/","title":{"rendered":"Prince kafe turke 200gr"},"content":{"rendered":"","protected":false},"excerpt":{"rendered":"<p style=\"text-align: left;\">Prince kafe turke nj\u00eb p\u00ebrzierje e kokrrave origjinale dhe t\u00eb p\u00ebrzgjedhura t\u00eb kafes\u00eb, n\u00eb p\u00ebrputhje me recetat unike dhe t\u00eb dizajnuara p\u00ebr ata q\u00eb d\u00ebshirojn\u00eb shijen e fort\u00eb dhe tradicionale t\u00eb kafes\u00eb, t\u00eb zez\u00eb me krem \u200b\u200bt\u00eb shijsh\u00ebm.<\/p>\n<p style=\"text-align: left;\"><strong>Dimensioni \/ Kompozicioni:<\/strong> 200 gram<\/p>\n<p style=\"text-align: left;\"><strong>NGJYRA:<\/strong> Me dizajn<\/p>\n<p style=\"text-align: left;\"><strong>P\u00cbRMBAJTJA:<\/strong> Kafe<\/p>\n<p style=\"text-align: left;\"><strong>UDH\u00cbZIMET E P\u00cbRDORIMIT:<\/strong>\u00a0 T\u00eb q\u00ebndroj n\u00eb ambient t\u00eb mbrojtur nga lag\u00ebshtia<\/p>\n<p style=\"text-align: left;\"><strong>KUSHTET E KTHIMIT \/ GARANCION:<\/strong> P\u00ebr k\u00ebt\u00eb produkt pranohet reklamacion brenda 24 or\u00ebve pasi t\u00eb pranoni porosin\u00eb.<br \/>\n<span style=\"color: #ffffff;\">3904074550904 <\/span><\/p>\n","protected":false},"featured_media":89835,"template":"","meta":[],"product_brand":[],"product_cat":[236],"product_tag":[],"class_list":{"0":"post-89838","1":"product","2":"type-product","3":"status-publish","4":"has-post-thumbnail","6":"product_cat-princ-caffe","8":"first","9":"outofstock","10":"taxable","11":"shipping-taxable","12":"product-type-simple","13":"layout-style-1","14":"col-md-4 col-sm-4 col-xs-6","15":"col-lg-2","16":"product-has-gallery","17":"product-style-default"},"_links":{"self":[{"href":"https:\/\/www.comoditahome.com\/be\/wp-json\/wp\/v2\/product\/89838","targetHints":{"allow":["GET"]}}],"collection":[{"href":"https:\/\/www.comoditahome.com\/be\/wp-json\/wp\/v2\/product"}],"about":[{"href":"https:\/\/www.comoditahome.com\/be\/wp-json\/wp\/v2\/types\/product"}],"version-history":[{"count":1,"href":"https:\/\/www.comoditahome.com\/be\/wp-json\/wp\/v2\/product\/89838\/revisions"}],"predecessor-version":[{"id":89839,"href":"https:\/\/www.comoditahome.com\/be\/wp-json\/wp\/v2\/product\/89838\/revisions\/89839"}],"wp:featuredmedia":[{"embeddable":true,"href":"https:\/\/www.comoditahome.com\/be\/wp-json\/wp\/v2\/media\/89835"}],"wp:attachment":[{"href":"https:\/\/www.comoditahome.com\/be\/wp-json\/wp\/v2\/media?parent=89838"}],"wp:term":[{"taxonomy":"product_brand","embeddable":true,"href":"https:\/\/www.comoditahome.com\/be\/wp-json\/wp\/v2\/product_brand?post=89838"},{"taxonomy":"product_cat","embeddable":true,"href":"https:\/\/www.comoditahome.com\/be\/wp-json\/wp\/v2\/product_cat?post=89838"},{"taxonomy":"product_tag","embeddable":true,"href":"https:\/\/www.comoditahome.com\/be\/wp-json\/wp\/v2\/product_tag?post=89838"}],"curies":[{"name":"wp","href":"https:\/\/api.w.org\/{rel}","templated":true}]}}