 {"id":93491,"date":"2024-10-22T13:08:12","date_gmt":"2024-10-22T12:08:12","guid":{"rendered":"https:\/\/www.comoditahome.com\/ks\/?post_type=product&#038;p=93491"},"modified":"2025-12-25T16:46:48","modified_gmt":"2025-12-25T15:46:48","slug":"set-pjatash-silver-bouquet","status":"publish","type":"product","link":"https:\/\/www.comoditahome.com\/be\/produkt\/set-pjatash-silver-bouquet\/","title":{"rendered":"Silver Bouqet dinnerware set"},"content":{"rendered":"","protected":false},"excerpt":{"rendered":"<p><span dir=\"auto\" style=\"vertical-align: inherit\"><span dir=\"auto\" style=\"vertical-align: inherit\">Silver Bouquet yemek tak\u0131m\u0131, m\u00fckemmel simetri i\u00e7inde dairesel \u00e7izgiler i\u00e7eren benzersiz tarz\u0131yla \u00f6ne \u00e7\u0131k\u0131yor. Her tabak, \u00f6zenle \u015fekillendirilmi\u015f detaylarla zenginle\u015ftirilmi\u015f porselenin safl\u0131\u011f\u0131n\u0131 sergileyerek yemek deneyimini yepyeni bir seviyeye ta\u015f\u0131yor.<\/span><\/span><\/p>\n<p><span dir=\"auto\" style=\"vertical-align: inherit\"><span dir=\"auto\" style=\"vertical-align: inherit\">Boyut \/ \u0130\u00e7erik: 18 par\u00e7al\u0131k set <\/span><\/span><br \/>\n<span dir=\"auto\" style=\"vertical-align: inherit\"><span dir=\"auto\" style=\"vertical-align: inherit\">RENK: Desenli tasar\u0131m <\/span><\/span><br \/>\n<span dir=\"auto\" style=\"vertical-align: inherit\"><span dir=\"auto\" style=\"vertical-align: inherit\">MALZEME: Porselen <\/span><\/span><br \/>\n<span dir=\"auto\" style=\"vertical-align: inherit\"><span dir=\"auto\" style=\"vertical-align: inherit\">BAKIM TAL\u0130MATLARI: <\/span><\/span><br \/>\n<span dir=\"auto\" style=\"vertical-align: inherit\"><span dir=\"auto\" style=\"vertical-align: inherit\">\u0130ADE POL\u0130T\u0130KASI \/ GARANT\u0130: Bu \u00fcr\u00fcnle ilgili talepler, sipari\u015fin teslim al\u0131nmas\u0131ndan itibaren 24 saat i\u00e7inde kabul edilir.<\/span><\/span><\/p>\n","protected":false},"featured_media":93492,"template":"","meta":[],"product_brand":[],"product_cat":[136,141],"product_tag":[],"class_list":{"0":"post-93491","1":"product","2":"type-product","3":"status-publish","4":"has-post-thumbnail","6":"product_cat-tryeze","7":"product_cat-set-pjatash","9":"first","10":"outofstock","11":"sale","12":"taxable","13":"shipping-taxable","14":"purchasable","15":"product-type-simple","16":"layout-style-1","17":"col-md-4 col-sm-4 col-xs-6","18":"col-lg-2","19":"product-has-gallery","20":"product-style-default"},"_links":{"self":[{"href":"https:\/\/www.comoditahome.com\/be\/wp-json\/wp\/v2\/product\/93491","targetHints":{"allow":["GET"]}}],"collection":[{"href":"https:\/\/www.comoditahome.com\/be\/wp-json\/wp\/v2\/product"}],"about":[{"href":"https:\/\/www.comoditahome.com\/be\/wp-json\/wp\/v2\/types\/product"}],"version-history":[{"count":7,"href":"https:\/\/www.comoditahome.com\/be\/wp-json\/wp\/v2\/product\/93491\/revisions"}],"predecessor-version":[{"id":100382,"href":"https:\/\/www.comoditahome.com\/be\/wp-json\/wp\/v2\/product\/93491\/revisions\/100382"}],"wp:featuredmedia":[{"embeddable":true,"href":"https:\/\/www.comoditahome.com\/be\/wp-json\/wp\/v2\/media\/93492"}],"wp:attachment":[{"href":"https:\/\/www.comoditahome.com\/be\/wp-json\/wp\/v2\/media?parent=93491"}],"wp:term":[{"taxonomy":"product_brand","embeddable":true,"href":"https:\/\/www.comoditahome.com\/be\/wp-json\/wp\/v2\/product_brand?post=93491"},{"taxonomy":"product_cat","embeddable":true,"href":"https:\/\/www.comoditahome.com\/be\/wp-json\/wp\/v2\/product_cat?post=93491"},{"taxonomy":"product_tag","embeddable":true,"href":"https:\/\/www.comoditahome.com\/be\/wp-json\/wp\/v2\/product_tag?post=93491"}],"curies":[{"name":"wp","href":"https:\/\/api.w.org\/{rel}","templated":true}]}}