 {"id":98984,"date":"2025-05-26T13:29:55","date_gmt":"2025-05-26T12:29:55","guid":{"rendered":"https:\/\/www.comoditahome.com\/be\/produkt\/black-kettle\/"},"modified":"2025-12-25T16:59:18","modified_gmt":"2025-12-25T15:59:18","slug":"black-kettle","status":"publish","type":"product","link":"https:\/\/www.comoditahome.com\/be\/produkt\/black-kettle\/","title":{"rendered":"Black kettle"},"content":{"rendered":"","protected":false},"excerpt":{"rendered":"<p style=\"text-align: left\"><span dir=\"auto\" style=\"vertical-align: inherit\"><span dir=\"auto\" style=\"vertical-align: inherit\">Bu siyah su \u0131s\u0131t\u0131c\u0131s\u0131, klasik \u015fekli ve kullan\u0131c\u0131 dostu sap\u0131yla \u00f6ne \u00e7\u0131k\u0131yor. Kullan\u0131m\u0131 kolay ve 1,7 litrelik \u0131s\u0131tma kapasitesine sahip. Su \u0131s\u0131t\u0131c\u0131s\u0131, 360\u00b0 \u00e7\u0131kar\u0131labilir taban\u0131 sayesinde daha kompakt ve kullan\u0131\u015fl\u0131 bir servis imkan\u0131 sunuyor.<\/span><\/span><\/p>\n<p style=\"text-align: left\"><span dir=\"auto\" style=\"vertical-align: inherit\"><span dir=\"auto\" style=\"vertical-align: inherit\">Kapasite \/ \u0130\u00e7erik: 1,7 litre <\/span><\/span><br \/>\n<span dir=\"auto\" style=\"vertical-align: inherit\"><span dir=\"auto\" style=\"vertical-align: inherit\">Renk: Siyah <\/span><\/span><br \/>\n<span dir=\"auto\" style=\"vertical-align: inherit\"><span dir=\"auto\" style=\"vertical-align: inherit\">Malzeme: Elektrikli bile\u015fenler ve seramik <\/span><\/span><br \/>\n<span dir=\"auto\" style=\"vertical-align: inherit\"><span dir=\"auto\" style=\"vertical-align: inherit\">Bak\u0131m Talimatlar\u0131: Sadece elde y\u0131kama <\/span><\/span><br \/>\n<span dir=\"auto\" style=\"vertical-align: inherit\"><span dir=\"auto\" style=\"vertical-align: inherit\">\u0130ade Politikas\u0131 \/ Garanti: Bu \u00fcr\u00fcn i\u00e7in sipari\u015fin al\u0131nmas\u0131ndan itibaren 24 saat i\u00e7inde talepler kabul edilir. <\/span><\/span><br \/>\n<span dir=\"auto\" style=\"vertical-align: inherit\"><span dir=\"auto\" style=\"vertical-align: inherit\">Kullan\u0131m k\u0131lavuzunu [ <\/span><\/span><a href=\"https:\/\/www.comoditahome.com\/be\/wp-content\/uploads\/2025\/05\/Ceramic-kettle-instructions.pdf\"><span dir=\"auto\" style=\"vertical-align: inherit\"><span dir=\"auto\" style=\"vertical-align: inherit\">burada<\/span><\/span><\/a><span dir=\"auto\" style=\"vertical-align: inherit\"><span dir=\"auto\" style=\"vertical-align: inherit\"> ] okuyun.<\/span><\/span><\/p>\n","protected":false},"featured_media":98983,"template":"","meta":[],"product_brand":[],"product_cat":[125,131],"product_tag":[],"class_list":{"0":"post-98984","1":"product","2":"type-product","3":"status-publish","4":"has-post-thumbnail","6":"product_cat-kuzhine","7":"product_cat-pajisje-elektrike","9":"first","10":"outofstock","11":"sale","12":"taxable","13":"shipping-taxable","14":"purchasable","15":"product-type-simple","16":"layout-style-1","17":"col-md-4 col-sm-4 col-xs-6","18":"col-lg-2","19":"product-has-gallery","20":"product-style-default"},"_links":{"self":[{"href":"https:\/\/www.comoditahome.com\/be\/wp-json\/wp\/v2\/product\/98984","targetHints":{"allow":["GET"]}}],"collection":[{"href":"https:\/\/www.comoditahome.com\/be\/wp-json\/wp\/v2\/product"}],"about":[{"href":"https:\/\/www.comoditahome.com\/be\/wp-json\/wp\/v2\/types\/product"}],"version-history":[{"count":3,"href":"https:\/\/www.comoditahome.com\/be\/wp-json\/wp\/v2\/product\/98984\/revisions"}],"predecessor-version":[{"id":100406,"href":"https:\/\/www.comoditahome.com\/be\/wp-json\/wp\/v2\/product\/98984\/revisions\/100406"}],"wp:featuredmedia":[{"embeddable":true,"href":"https:\/\/www.comoditahome.com\/be\/wp-json\/wp\/v2\/media\/98983"}],"wp:attachment":[{"href":"https:\/\/www.comoditahome.com\/be\/wp-json\/wp\/v2\/media?parent=98984"}],"wp:term":[{"taxonomy":"product_brand","embeddable":true,"href":"https:\/\/www.comoditahome.com\/be\/wp-json\/wp\/v2\/product_brand?post=98984"},{"taxonomy":"product_cat","embeddable":true,"href":"https:\/\/www.comoditahome.com\/be\/wp-json\/wp\/v2\/product_cat?post=98984"},{"taxonomy":"product_tag","embeddable":true,"href":"https:\/\/www.comoditahome.com\/be\/wp-json\/wp\/v2\/product_tag?post=98984"}],"curies":[{"name":"wp","href":"https:\/\/api.w.org\/{rel}","templated":true}]}}