 {"id":104665,"date":"2025-07-14T15:31:11","date_gmt":"2025-07-14T13:31:11","guid":{"rendered":"https:\/\/www.comoditahome.com\/ks\/?page_id=104665"},"modified":"2025-07-15T11:49:08","modified_gmt":"2025-07-15T09:49:08","slug":"comodita-home-x-unicef","status":"publish","type":"page","link":"https:\/\/www.comoditahome.com\/ks\/comodita-home-x-unicef\/","title":{"rendered":"Comodita Home x Unicef"},"content":{"rendered":"\t\t<div data-elementor-type=\"wp-page\" data-elementor-id=\"104665\" class=\"elementor elementor-104665\">\n\t\t\t\t\t\t<div class=\"elementor-inner\">\n\t\t\t\t<div class=\"elementor-section-wrap\">\n\t\t\t\t\t\t\t\t\t<section class=\"elementor-section elementor-top-section elementor-element elementor-element-edb19c0 elementor-section-full_width elementor-section-stretched elementor-section-height-default elementor-section-height-default\" data-id=\"edb19c0\" data-element_type=\"section\" data-settings=\"{&quot;stretch_section&quot;:&quot;section-stretched&quot;,&quot;background_background&quot;:&quot;classic&quot;}\">\n\t\t\t\t\t\t<div class=\"elementor-container elementor-column-gap-default\">\n\t\t\t\t\t\t\t<div class=\"elementor-row\">\n\t\t\t\t\t<div class=\"elementor-column elementor-col-100 elementor-top-column elementor-element elementor-element-f7c64bd\" data-id=\"f7c64bd\" data-element_type=\"column\">\n\t\t\t<div class=\"elementor-column-wrap elementor-element-populated\">\n\t\t\t\t\t\t\t<div class=\"elementor-widget-wrap\">\n\t\t\t\t\t\t<div class=\"elementor-element elementor-element-1bbc72e elementor-widget elementor-widget-image\" data-id=\"1bbc72e\" data-element_type=\"widget\" data-widget_type=\"image.default\">\n\t\t\t\t<div class=\"elementor-widget-container\">\n\t\t\t\t\t\t\t\t<div class=\"elementor-image\">\n\t\t\t\t\t\t\t\t\t\t\t\t<img loading=\"lazy\" decoding=\"async\" width=\"640\" height=\"339\" src=\"https:\/\/www.comoditahome.com\/ks\/wp-content\/uploads\/2025\/07\/unicef-01-01-1024x542.png\" class=\"attachment-large size-large\" alt=\"\" srcset=\"https:\/\/www.comoditahome.com\/ks\/wp-content\/uploads\/2025\/07\/unicef-01-01-1024x542.png 1024w, https:\/\/www.comoditahome.com\/ks\/wp-content\/uploads\/2025\/07\/unicef-01-01-300x159.png 300w, https:\/\/www.comoditahome.com\/ks\/wp-content\/uploads\/2025\/07\/unicef-01-01-150x79.png 150w, https:\/\/www.comoditahome.com\/ks\/wp-content\/uploads\/2025\/07\/unicef-01-01-768x407.png 768w, https:\/\/www.comoditahome.com\/ks\/wp-content\/uploads\/2025\/07\/unicef-01-01-1536x813.png 1536w, https:\/\/www.comoditahome.com\/ks\/wp-content\/uploads\/2025\/07\/unicef-01-01-1300x688.png 1300w, https:\/\/www.comoditahome.com\/ks\/wp-content\/uploads\/2025\/07\/unicef-01-01-1200x635.png 1200w, https:\/\/www.comoditahome.com\/ks\/wp-content\/uploads\/2025\/07\/unicef-01-01.png 1913w\" sizes=\"auto, (max-width: 640px) 100vw, 640px\" \/>\t\t\t\t\t\t\t\t\t\t\t\t\t\t<\/div>\n\t\t\t\t\t\t<\/div>\n\t\t\t\t<\/div>\n\t\t\t\t<section class=\"elementor-section elementor-inner-section elementor-element elementor-element-22deaf3 elementor-section-boxed elementor-section-height-default elementor-section-height-default\" data-id=\"22deaf3\" data-element_type=\"section\">\n\t\t\t\t\t\t<div class=\"elementor-container elementor-column-gap-default\">\n\t\t\t\t\t\t\t<div class=\"elementor-row\">\n\t\t\t\t\t<div class=\"elementor-column elementor-col-50 elementor-inner-column elementor-element elementor-element-43c6d56\" data-id=\"43c6d56\" data-element_type=\"column\">\n\t\t\t<div class=\"elementor-column-wrap elementor-element-populated\">\n\t\t\t\t\t\t\t<div class=\"elementor-widget-wrap\">\n\t\t\t\t\t\t<div class=\"elementor-element elementor-element-09b3f7e elementor-widget elementor-widget-heading\" data-id=\"09b3f7e\" data-element_type=\"widget\" data-widget_type=\"heading.default\">\n\t\t\t\t<div class=\"elementor-widget-container\">\n\t\t\t<h2 class=\"elementor-heading-title elementor-size-default\">Comodita dhe UNICEF n\u00ebnshkruajn\u00eb partneritet p\u00ebr f\u00ebmij\u00ebt n\u00eb Kosov\u00eb dhe Shqip\u00ebri<\/h2>\t\t<\/div>\n\t\t\t\t<\/div>\n\t\t\t\t<div class=\"elementor-element elementor-element-3fdfe44 elementor-widget elementor-widget-text-editor\" data-id=\"3fdfe44\" data-element_type=\"widget\" data-widget_type=\"text-editor.default\">\n\t\t\t\t<div class=\"elementor-widget-container\">\n\t\t\t\t\t\t\t\t<div class=\"elementor-text-editor elementor-clearfix\">\n\t\t\t\t<p><img loading=\"lazy\" decoding=\"async\" class=\"aligncenter size-large wp-image-104683\" src=\"https:\/\/www.comoditahome.com\/ks\/wp-content\/uploads\/2025\/07\/comodita-1-1024x687.jpg\" alt=\"\" width=\"640\" height=\"429\" srcset=\"https:\/\/www.comoditahome.com\/ks\/wp-content\/uploads\/2025\/07\/comodita-1-1024x687.jpg 1024w, https:\/\/www.comoditahome.com\/ks\/wp-content\/uploads\/2025\/07\/comodita-1-300x201.jpg 300w, https:\/\/www.comoditahome.com\/ks\/wp-content\/uploads\/2025\/07\/comodita-1-150x101.jpg 150w, https:\/\/www.comoditahome.com\/ks\/wp-content\/uploads\/2025\/07\/comodita-1-768x515.jpg 768w, https:\/\/www.comoditahome.com\/ks\/wp-content\/uploads\/2025\/07\/comodita-1-360x240.jpg 360w, https:\/\/www.comoditahome.com\/ks\/wp-content\/uploads\/2025\/07\/comodita-1-1200x805.jpg 1200w, https:\/\/www.comoditahome.com\/ks\/wp-content\/uploads\/2025\/07\/comodita-1.jpg 1280w\" sizes=\"auto, (max-width: 640px) 100vw, 640px\" \/><\/p><p>Sot u n\u00ebnshkrua nj\u00eb marr\u00ebveshje partneriteti mes UNICEF-it dhe kompanis\u00eb \u201cComodita\u201d, e cila synon t\u00eb p\u00ebrmir\u00ebsoj\u00eb qasjen dhe cil\u00ebsin\u00eb e Arsimit t\u00eb Hersh\u00ebm t\u00eb F\u00ebmij\u00ebve n\u00eb Kosov\u00eb dhe Shqip\u00ebri.<\/p><p>Ky partneritet u formalizua me n\u00ebnshkrimet e aksionarit Shk\u00eblqim Devolli dhe shefes s\u00eb zyr\u00ebs s\u00eb UNICEF-it n\u00eb Kosov\u00eb, Veronika Vashchenko.<\/p><p>S\u00eb shpejti me \u00e7do blerje t\u00eb dyshek\u00ebve, jast\u00ebk\u00ebve dhe toper\u00ebve n\u00eb rreth 60 dyqane n\u00eb territorin e Kosov\u00ebs dhe Shqip\u00ebris\u00eb nj\u00eb shum\u00eb do t\u00eb ndahet p\u00ebr q\u00ebllimin e qasjes n\u00eb Arsimin e Hersh\u00ebm t\u00eb F\u00ebmij\u00ebve.<\/p><p>Marr\u00ebveshja p\u00ebrfshin dhjet\u00ebra pika konkrete p\u00ebr zgjerimin e mund\u00ebsive arsimore n\u00eb zonat rurale, duke p\u00ebrfshir\u00eb krijimin e qendrave t\u00eb reja q\u00eb do t\u2019u sh\u00ebrbejn\u00eb qindra f\u00ebmij\u00ebve dhe kujdestar\u00ebve nga grupet m\u00eb t\u00eb margjinalizuara.<\/p><p><img loading=\"lazy\" decoding=\"async\" class=\"aligncenter wp-image-104684 size-full\" src=\"https:\/\/www.comoditahome.com\/ks\/wp-content\/uploads\/2025\/07\/comodita-2-1024x684-1.jpg\" alt=\"\" width=\"1024\" height=\"684\" srcset=\"https:\/\/www.comoditahome.com\/ks\/wp-content\/uploads\/2025\/07\/comodita-2-1024x684-1.jpg 1024w, https:\/\/www.comoditahome.com\/ks\/wp-content\/uploads\/2025\/07\/comodita-2-1024x684-1-300x200.jpg 300w, https:\/\/www.comoditahome.com\/ks\/wp-content\/uploads\/2025\/07\/comodita-2-1024x684-1-150x100.jpg 150w, https:\/\/www.comoditahome.com\/ks\/wp-content\/uploads\/2025\/07\/comodita-2-1024x684-1-768x513.jpg 768w, https:\/\/www.comoditahome.com\/ks\/wp-content\/uploads\/2025\/07\/comodita-2-1024x684-1-360x240.jpg 360w\" sizes=\"auto, (max-width: 1024px) 100vw, 1024px\" \/><\/p><p>Granita Bunari, drejtoresh\u00eb operative n\u00eb Comodita, theksoi se investimi n\u00eb f\u00ebmij\u00ebri \u00ebsht\u00eb nj\u00eb investim n\u00eb t\u00eb ardhmen dhe se kompania do t\u00eb vazhdoj\u00eb t\u00eb mb\u00ebshtes\u00eb projekte t\u00eb ngjashme n\u00eb vazhdim\u00ebsi.<\/p><p>N\u00eb an\u00ebn tjet\u00ebr, Veronika Vashchenko, shefe e zyr\u00ebs s\u00eb UNICEF n\u00eb Kosov\u00eb, vler\u00ebsoi r\u00ebnd\u00ebsin\u00eb e rolit t\u00eb biznesit n\u00eb krijimin e ndikimit social dhe n\u00ebnvizoi se ky partneritet \u00ebsht\u00eb nj\u00eb shembull i shk\u00eblqyer i bashk\u00ebpunimit p\u00ebr t\u00eb adresuar sfidat sociale dhe p\u00ebr t\u00eb mb\u00ebshtetur f\u00ebmij\u00ebt.<\/p><p>N\u00eb Shqip\u00ebri, p\u00ebrve\u00e7 krijimit t\u00eb qendrave t\u00eb reja, do t\u00eb sigurohen edhe mjete didaktike p\u00ebr t\u00eb p\u00ebrmir\u00ebsuar cil\u00ebsin\u00eb e arsimit n\u00eb f\u00ebmij\u00ebri t\u00eb hershme.<\/p><p>\u201cComodita\u201d \u00ebsht\u00eb e njohur p\u00ebr investimet q\u00eb synojn\u00eb p\u00ebrmir\u00ebsimin e cil\u00ebsis\u00eb s\u00eb jet\u00ebs s\u00eb komuniteteve dhe k\u00ebt\u00eb her\u00eb synon t\u00eb sjell\u00eb ndryshime pozitive p\u00ebr brezin e ardhsh\u00ebm p\u00ebrmes k\u00ebtij partneriteti me UNICEF.<\/p>\t\t\t\t\t<\/div>\n\t\t\t\t\t\t<\/div>\n\t\t\t\t<\/div>\n\t\t\t\t\t\t<\/div>\n\t\t\t\t\t<\/div>\n\t\t<\/div>\n\t\t\t\t<div class=\"elementor-column elementor-col-50 elementor-inner-column elementor-element elementor-element-6c8b10f\" data-id=\"6c8b10f\" data-element_type=\"column\">\n\t\t\t<div class=\"elementor-column-wrap elementor-element-populated\">\n\t\t\t\t\t\t\t<div class=\"elementor-widget-wrap\">\n\t\t\t\t\t\t<div class=\"elementor-element elementor-element-a1d0a3e elementor-widget elementor-widget-heading\" data-id=\"a1d0a3e\" data-element_type=\"widget\" data-widget_type=\"heading.default\">\n\t\t\t\t<div class=\"elementor-widget-container\">\n\t\t\t<h2 class=\"elementor-heading-title elementor-size-default\">Qendra t\u00eb reja p\u00ebr edukim, UNICEF e COMODITA partneritet p\u00ebr f\u00ebmij\u00ebt n\u00eb Kosov\u00eb dhe Shqip\u00ebri<\/h2>\t\t<\/div>\n\t\t\t\t<\/div>\n\t\t\t\t<div class=\"elementor-element elementor-element-96ff358 elementor-widget elementor-widget-text-editor\" data-id=\"96ff358\" data-element_type=\"widget\" data-widget_type=\"text-editor.default\">\n\t\t\t\t<div class=\"elementor-widget-container\">\n\t\t\t\t\t\t\t\t<div class=\"elementor-text-editor elementor-clearfix\">\n\t\t\t\t<p><img loading=\"lazy\" decoding=\"async\" class=\"aligncenter size-full wp-image-104693\" src=\"https:\/\/www.comoditahome.com\/ks\/wp-content\/uploads\/2025\/07\/COMODITA.png\" alt=\"\" width=\"864\" height=\"482\" srcset=\"https:\/\/www.comoditahome.com\/ks\/wp-content\/uploads\/2025\/07\/COMODITA.png 864w, https:\/\/www.comoditahome.com\/ks\/wp-content\/uploads\/2025\/07\/COMODITA-300x167.png 300w, https:\/\/www.comoditahome.com\/ks\/wp-content\/uploads\/2025\/07\/COMODITA-150x84.png 150w, https:\/\/www.comoditahome.com\/ks\/wp-content\/uploads\/2025\/07\/COMODITA-768x428.png 768w\" sizes=\"auto, (max-width: 864px) 100vw, 864px\" \/><\/p><p>Sot u n\u00ebnshkrua nj\u00eb marr\u00ebveshje partneriteti mes UNICEF-it dhe kompanis\u00eb \u201cComodita\u201d, e cila synon t\u00eb p\u00ebrmir\u00ebsoj\u00eb qasjen dhe cil\u00ebsin\u00eb e Arsimit t\u00eb Hersh\u00ebm t\u00eb F\u00ebmij\u00ebve n\u00eb Kosov\u00eb dhe Shqip\u00ebri.<\/p><p>Ky partneritet u formalizua me n\u00ebnshkrimet e aksionarit Shk\u00eblqim Devolli dhe shefes s\u00eb zyr\u00ebs s\u00eb UNICEF-it n\u00eb Kosov\u00eb, Veronika Vashchenko.<\/p><p>S\u00eb shpejti me \u00e7do blerje t\u00eb dyshek\u00ebve, jast\u00ebk\u00ebve dhe toper\u00ebve n\u00eb rreth 60 dyqane n\u00eb territorin e Kosov\u00ebs dhe Shqip\u00ebris\u00eb nj\u00eb shum\u00eb do t\u00eb ndahet p\u00ebr q\u00ebllimin e qasjes n\u00eb Arsimin e Hersh\u00ebm t\u00eb F\u00ebmij\u00ebve.<\/p><p>Marr\u00ebveshja p\u00ebrfshin dhjet\u00ebra pika konkrete p\u00ebr zgjerimin e mund\u00ebsive arsimore n\u00eb zonat rurale, duke p\u00ebrfshir\u00eb krijimin e qendrave t\u00eb reja q\u00eb do t\u2019u sh\u00ebrbejn\u00eb qindra f\u00ebmij\u00ebve dhe kujdestar\u00ebve nga grupet m\u00eb t\u00eb margjinalizuara.<\/p><p>Granita Bunari, drejtoresh\u00eb operative n\u00eb Comodita, theksoi se investimi n\u00eb f\u00ebmij\u00ebri \u00ebsht\u00eb nj\u00eb investim n\u00eb t\u00eb ardhmen dhe se kompania do t\u00eb vazhdoj\u00eb t\u00eb mb\u00ebshtes\u00eb projekte t\u00eb ngjashme n\u00eb vazhdim\u00ebsi.<\/p><p>N\u00eb an\u00ebn tjet\u00ebr, Veronika Vashchenko, shefe e zyr\u00ebs s\u00eb UNICEF n\u00eb Kosov\u00eb, vler\u00ebsoi r\u00ebnd\u00ebsin\u00eb e rolit t\u00eb biznesit n\u00eb krijimin e ndikimit social dhe n\u00ebnvizoi se ky partneritet \u00ebsht\u00eb nj\u00eb shembull i shk\u00eblqyer i bashk\u00ebpunimit p\u00ebr t\u00eb adresuar sfidat sociale dhe p\u00ebr t\u00eb mb\u00ebshtetur f\u00ebmij\u00ebt.<\/p><p>N\u00eb Shqip\u00ebri, p\u00ebrve\u00e7 krijimit t\u00eb qendrave t\u00eb reja, do t\u00eb sigurohen edhe mjete didaktike p\u00ebr t\u00eb p\u00ebrmir\u00ebsuar cil\u00ebsin\u00eb e arsimit n\u00eb f\u00ebmij\u00ebri t\u00eb hershme.<\/p><p>\u201cComodita\u201d \u00ebsht\u00eb e njohur p\u00ebr investimet q\u00eb synojn\u00eb p\u00ebrmir\u00ebsimin e cil\u00ebsis\u00eb s\u00eb jet\u00ebs s\u00eb komuniteteve dhe k\u00ebt\u00eb her\u00eb synon t\u00eb sjell\u00eb ndryshime pozitive p\u00ebr brezin e ardhsh\u00ebm p\u00ebrmes k\u00ebtij partneriteti me UNICEF.<\/p>\t\t\t\t\t<\/div>\n\t\t\t\t\t\t<\/div>\n\t\t\t\t<\/div>\n\t\t\t\t<div class=\"elementor-element elementor-element-6fa2dc6 elementor-aspect-ratio-169 elementor-widget elementor-widget-video\" data-id=\"6fa2dc6\" data-element_type=\"widget\" data-settings=\"{&quot;youtube_url&quot;:&quot;https:\\\/\\\/www.youtube.com\\\/watch?v=LHEmRL2kjrw&quot;,&quot;video_type&quot;:&quot;youtube&quot;,&quot;controls&quot;:&quot;yes&quot;,&quot;aspect_ratio&quot;:&quot;169&quot;}\" data-widget_type=\"video.default\">\n\t\t\t\t<div class=\"elementor-widget-container\">\n\t\t\t\t\t<div class=\"elementor-wrapper elementor-fit-aspect-ratio elementor-open-inline\">\n\t\t\t<div class=\"elementor-video\"><\/div>\t\t<\/div>\n\t\t\t\t<\/div>\n\t\t\t\t<\/div>\n\t\t\t\t\t\t<\/div>\n\t\t\t\t\t<\/div>\n\t\t<\/div>\n\t\t\t\t\t\t\t\t<\/div>\n\t\t\t\t\t<\/div>\n\t\t<\/section>\n\t\t\t\t<section class=\"elementor-section elementor-inner-section elementor-element elementor-element-c7a786e elementor-section-boxed elementor-section-height-default elementor-section-height-default\" data-id=\"c7a786e\" data-element_type=\"section\">\n\t\t\t\t\t\t<div class=\"elementor-container elementor-column-gap-default\">\n\t\t\t\t\t\t\t<div class=\"elementor-row\">\n\t\t\t\t\t<div class=\"elementor-column elementor-col-50 elementor-inner-column elementor-element elementor-element-a18c0cf\" data-id=\"a18c0cf\" data-element_type=\"column\">\n\t\t\t<div class=\"elementor-column-wrap\">\n\t\t\t\t\t\t\t<div class=\"elementor-widget-wrap\">\n\t\t\t\t\t\t\t\t<\/div>\n\t\t\t\t\t<\/div>\n\t\t<\/div>\n\t\t\t\t<div class=\"elementor-column elementor-col-50 elementor-inner-column elementor-element elementor-element-3333247\" data-id=\"3333247\" data-element_type=\"column\">\n\t\t\t<div class=\"elementor-column-wrap elementor-element-populated\">\n\t\t\t\t\t\t\t<div class=\"elementor-widget-wrap\">\n\t\t\t\t\t\t<div class=\"elementor-element elementor-element-a65aa7d elementor-widget elementor-widget-facebook-embed\" data-id=\"a65aa7d\" data-element_type=\"widget\" data-widget_type=\"facebook-embed.default\">\n\t\t\t\t<div class=\"elementor-widget-container\">\n\t\t\t<div style=\"min-height: 1px\" class=\"elementor-facebook-widget fb-post\" data-href=\"https:\/\/www.facebook.com\/UNICEFKosovoprogramme\/posts\/pfbid02nbTopGktX9akjtCdToAs7fvr5J4tVoTTue4PEBojA6PvSySARrYHJfEhMTT5Rth4l\" data-show-text=\"true\"><\/div>\t\t<\/div>\n\t\t\t\t<\/div>\n\t\t\t\t\t\t<\/div>\n\t\t\t\t\t<\/div>\n\t\t<\/div>\n\t\t\t\t\t\t\t\t<\/div>\n\t\t\t\t\t<\/div>\n\t\t<\/section>\n\t\t\t\t\t\t<\/div>\n\t\t\t\t\t<\/div>\n\t\t<\/div>\n\t\t\t\t\t\t\t\t<\/div>\n\t\t\t\t\t<\/div>\n\t\t<\/section>\n\t\t\t\t<section class=\"elementor-section elementor-top-section elementor-element elementor-element-f3c5688 elementor-section-stretched elementor-section-boxed elementor-section-height-default elementor-section-height-default\" data-id=\"f3c5688\" data-element_type=\"section\" data-settings=\"{&quot;stretch_section&quot;:&quot;section-stretched&quot;,&quot;background_background&quot;:&quot;classic&quot;}\">\n\t\t\t\t\t\t<div class=\"elementor-container elementor-column-gap-default\">\n\t\t\t\t\t\t\t<div class=\"elementor-row\">\n\t\t\t\t\t<div class=\"elementor-column elementor-col-100 elementor-top-column elementor-element elementor-element-d061680\" data-id=\"d061680\" data-element_type=\"column\">\n\t\t\t<div class=\"elementor-column-wrap elementor-element-populated\">\n\t\t\t\t\t\t\t<div class=\"elementor-widget-wrap\">\n\t\t\t\t\t\t<div class=\"elementor-element elementor-element-1fbccf6 elementor-widget elementor-widget-text-editor\" data-id=\"1fbccf6\" data-element_type=\"widget\" data-widget_type=\"text-editor.default\">\n\t\t\t\t<div class=\"elementor-widget-container\">\n\t\t\t\t\t\t\t\t<div class=\"elementor-text-editor elementor-clearfix\">\n\t\t\t\t<p style=\"text-align: center;\"><span style=\"color: #ffffff;\">*UNICEF nuk mb\u00ebshtet asnj\u00eb kompani, mark\u00eb, produkt apo sh\u00ebrbim<\/span><\/p>\t\t\t\t\t<\/div>\n\t\t\t\t\t\t<\/div>\n\t\t\t\t<\/div>\n\t\t\t\t\t\t<\/div>\n\t\t\t\t\t<\/div>\n\t\t<\/div>\n\t\t\t\t\t\t\t\t<\/div>\n\t\t\t\t\t<\/div>\n\t\t<\/section>\n\t\t\t\t\t\t\t\t\t<\/div>\n\t\t\t<\/div>\n\t\t\t\t\t<\/div>\n\t\t","protected":false},"excerpt":{"rendered":"<p>Comodita dhe UNICEF n\u00ebnshkruajn\u00eb partneritet p\u00ebr f\u00ebmij\u00ebt n\u00eb Kosov\u00eb dhe Shqip\u00ebri Sot u n\u00ebnshkrua nj\u00eb marr\u00ebveshje partneriteti mes UNICEF-it dhe kompanis\u00eb \u201cComodita\u201d, e cila synon t\u00eb p\u00ebrmir\u00ebsoj\u00eb qasjen dhe cil\u00ebsin\u00eb&hellip;<\/p>\n","protected":false},"author":1,"featured_media":0,"parent":0,"menu_order":0,"comment_status":"closed","ping_status":"closed","template":"templates\/homepage.php","meta":{"footnotes":""},"class_list":["post-104665","page","type-page","status-publish","hentry"],"yoast_head":"<!-- This site is optimized with the Yoast SEO Premium plugin v18.2.1 (Yoast SEO v22.5) - https:\/\/yoast.com\/wordpress\/plugins\/seo\/ -->\n<title>Comodita Home x Unicef - Comodita Home<\/title>\n<meta name=\"robots\" content=\"index, follow, max-snippet:-1, max-image-preview:large, max-video-preview:-1\" \/>\n<link rel=\"canonical\" href=\"https:\/\/www.comoditahome.com\/ks\/comodita-home-x-unicef\/\" \/>\n<meta property=\"og:locale\" content=\"sq_AL\" \/>\n<meta property=\"og:type\" content=\"article\" \/>\n<meta property=\"og:title\" content=\"Comodita Home x Unicef\" \/>\n<meta property=\"og:description\" content=\"Comodita dhe UNICEF n\u00ebnshkruajn\u00eb partneritet p\u00ebr f\u00ebmij\u00ebt n\u00eb Kosov\u00eb dhe Shqip\u00ebri Sot u n\u00ebnshkrua nj\u00eb marr\u00ebveshje partneriteti mes UNICEF-it dhe kompanis\u00eb \u201cComodita\u201d, e cila synon t\u00eb p\u00ebrmir\u00ebsoj\u00eb qasjen dhe cil\u00ebsin\u00eb&hellip;\" \/>\n<meta property=\"og:url\" content=\"https:\/\/www.comoditahome.com\/ks\/comodita-home-x-unicef\/\" \/>\n<meta property=\"og:site_name\" content=\"Comodita Home\" \/>\n<meta property=\"article:publisher\" content=\"https:\/\/www.facebook.com\/comoditahome\/\" \/>\n<meta property=\"article:modified_time\" content=\"2025-07-15T09:49:08+00:00\" \/>\n<meta property=\"og:image\" content=\"https:\/\/www.comoditahome.com\/ks\/wp-content\/uploads\/2025\/07\/unicef-01-01-1024x542.png\" \/>\n<meta name=\"twitter:card\" content=\"summary_large_image\" \/>\n<meta name=\"twitter:label1\" content=\"Est. reading time\" \/>\n\t<meta name=\"twitter:data1\" content=\"4 minuta\" \/>\n<script type=\"application\/ld+json\" class=\"yoast-schema-graph\">{\"@context\":\"https:\/\/schema.org\",\"@graph\":[{\"@type\":\"WebPage\",\"@id\":\"https:\/\/www.comoditahome.com\/ks\/comodita-home-x-unicef\/\",\"url\":\"https:\/\/www.comoditahome.com\/ks\/comodita-home-x-unicef\/\",\"name\":\"Comodita Home x Unicef - Comodita Home\",\"isPartOf\":{\"@id\":\"https:\/\/www.comoditahome.com\/ks\/#website\"},\"primaryImageOfPage\":{\"@id\":\"https:\/\/www.comoditahome.com\/ks\/comodita-home-x-unicef\/#primaryimage\"},\"image\":{\"@id\":\"https:\/\/www.comoditahome.com\/ks\/comodita-home-x-unicef\/#primaryimage\"},\"thumbnailUrl\":\"https:\/\/www.comoditahome.com\/ks\/wp-content\/uploads\/2025\/07\/unicef-01-01-1024x542.png\",\"datePublished\":\"2025-07-14T13:31:11+00:00\",\"dateModified\":\"2025-07-15T09:49:08+00:00\",\"breadcrumb\":{\"@id\":\"https:\/\/www.comoditahome.com\/ks\/comodita-home-x-unicef\/#breadcrumb\"},\"inLanguage\":\"sq\",\"potentialAction\":[{\"@type\":\"ReadAction\",\"target\":[\"https:\/\/www.comoditahome.com\/ks\/comodita-home-x-unicef\/\"]}]},{\"@type\":\"ImageObject\",\"inLanguage\":\"sq\",\"@id\":\"https:\/\/www.comoditahome.com\/ks\/comodita-home-x-unicef\/#primaryimage\",\"url\":\"https:\/\/www.comoditahome.com\/ks\/wp-content\/uploads\/2025\/07\/unicef-01-01.png\",\"contentUrl\":\"https:\/\/www.comoditahome.com\/ks\/wp-content\/uploads\/2025\/07\/unicef-01-01.png\",\"width\":1913,\"height\":1013},{\"@type\":\"BreadcrumbList\",\"@id\":\"https:\/\/www.comoditahome.com\/ks\/comodita-home-x-unicef\/#breadcrumb\",\"itemListElement\":[{\"@type\":\"ListItem\",\"position\":1,\"name\":\"Comodita Home Kosova - Dyshek Mattress\",\"item\":\"https:\/\/www.comoditahome.com\/ks\/\"},{\"@type\":\"ListItem\",\"position\":2,\"name\":\"Comodita Home x Unicef\"}]},{\"@type\":\"WebSite\",\"@id\":\"https:\/\/www.comoditahome.com\/ks\/#website\",\"url\":\"https:\/\/www.comoditahome.com\/ks\/\",\"name\":\"Comodita Home\",\"description\":\"Dyshek, Jorgan, Jast\u00ebk, Kuzhine, Banjo, Kopsht dhe Aksesor\u00eb\",\"publisher\":{\"@id\":\"https:\/\/www.comoditahome.com\/ks\/#organization\"},\"potentialAction\":[{\"@type\":\"SearchAction\",\"target\":{\"@type\":\"EntryPoint\",\"urlTemplate\":\"https:\/\/www.comoditahome.com\/ks\/?s={search_term_string}\"},\"query-input\":\"required name=search_term_string\"}],\"inLanguage\":\"sq\"},{\"@type\":\"Organization\",\"@id\":\"https:\/\/www.comoditahome.com\/ks\/#organization\",\"name\":\"Comodita Home\",\"url\":\"https:\/\/www.comoditahome.com\/ks\/\",\"logo\":{\"@type\":\"ImageObject\",\"inLanguage\":\"sq\",\"@id\":\"https:\/\/www.comoditahome.com\/ks\/#\/schema\/logo\/image\/\",\"url\":\"https:\/\/www.comoditahome.com\/ks\/wp-content\/uploads\/2022\/05\/COMODITA_HOME_LOGO_KS_MK_AL-02.png\",\"contentUrl\":\"https:\/\/www.comoditahome.com\/ks\/wp-content\/uploads\/2022\/05\/COMODITA_HOME_LOGO_KS_MK_AL-02.png\",\"width\":180,\"height\":87,\"caption\":\"Comodita Home\"},\"image\":{\"@id\":\"https:\/\/www.comoditahome.com\/ks\/#\/schema\/logo\/image\/\"},\"sameAs\":[\"https:\/\/www.facebook.com\/comoditahome\/\",\"https:\/\/www.instagram.com\/comoditahome\/\",\"https:\/\/www.linkedin.com\/company\/comoditahome\/?originalSubdomain=fj\",\"https:\/\/www.youtube.com\/channel\/UC5O6IsT4JD4zaiOqmRi_Pvg\"]}]}<\/script>\n<!-- \/ Yoast SEO Premium plugin. -->","yoast_head_json":{"title":"Comodita Home x Unicef - Comodita Home","robots":{"index":"index","follow":"follow","max-snippet":"max-snippet:-1","max-image-preview":"max-image-preview:large","max-video-preview":"max-video-preview:-1"},"canonical":"https:\/\/www.comoditahome.com\/ks\/comodita-home-x-unicef\/","og_locale":"sq_AL","og_type":"article","og_title":"Comodita Home x Unicef","og_description":"Comodita dhe UNICEF n\u00ebnshkruajn\u00eb partneritet p\u00ebr f\u00ebmij\u00ebt n\u00eb Kosov\u00eb dhe Shqip\u00ebri Sot u n\u00ebnshkrua nj\u00eb marr\u00ebveshje partneriteti mes UNICEF-it dhe kompanis\u00eb \u201cComodita\u201d, e cila synon t\u00eb p\u00ebrmir\u00ebsoj\u00eb qasjen dhe cil\u00ebsin\u00eb&hellip;","og_url":"https:\/\/www.comoditahome.com\/ks\/comodita-home-x-unicef\/","og_site_name":"Comodita Home","article_publisher":"https:\/\/www.facebook.com\/comoditahome\/","article_modified_time":"2025-07-15T09:49:08+00:00","og_image":[{"url":"https:\/\/www.comoditahome.com\/ks\/wp-content\/uploads\/2025\/07\/unicef-01-01-1024x542.png"}],"twitter_card":"summary_large_image","twitter_misc":{"Est. reading time":"4 minuta"},"schema":{"@context":"https:\/\/schema.org","@graph":[{"@type":"WebPage","@id":"https:\/\/www.comoditahome.com\/ks\/comodita-home-x-unicef\/","url":"https:\/\/www.comoditahome.com\/ks\/comodita-home-x-unicef\/","name":"Comodita Home x Unicef - Comodita Home","isPartOf":{"@id":"https:\/\/www.comoditahome.com\/ks\/#website"},"primaryImageOfPage":{"@id":"https:\/\/www.comoditahome.com\/ks\/comodita-home-x-unicef\/#primaryimage"},"image":{"@id":"https:\/\/www.comoditahome.com\/ks\/comodita-home-x-unicef\/#primaryimage"},"thumbnailUrl":"https:\/\/www.comoditahome.com\/ks\/wp-content\/uploads\/2025\/07\/unicef-01-01-1024x542.png","datePublished":"2025-07-14T13:31:11+00:00","dateModified":"2025-07-15T09:49:08+00:00","breadcrumb":{"@id":"https:\/\/www.comoditahome.com\/ks\/comodita-home-x-unicef\/#breadcrumb"},"inLanguage":"sq","potentialAction":[{"@type":"ReadAction","target":["https:\/\/www.comoditahome.com\/ks\/comodita-home-x-unicef\/"]}]},{"@type":"ImageObject","inLanguage":"sq","@id":"https:\/\/www.comoditahome.com\/ks\/comodita-home-x-unicef\/#primaryimage","url":"https:\/\/www.comoditahome.com\/ks\/wp-content\/uploads\/2025\/07\/unicef-01-01.png","contentUrl":"https:\/\/www.comoditahome.com\/ks\/wp-content\/uploads\/2025\/07\/unicef-01-01.png","width":1913,"height":1013},{"@type":"BreadcrumbList","@id":"https:\/\/www.comoditahome.com\/ks\/comodita-home-x-unicef\/#breadcrumb","itemListElement":[{"@type":"ListItem","position":1,"name":"Comodita Home Kosova - Dyshek Mattress","item":"https:\/\/www.comoditahome.com\/ks\/"},{"@type":"ListItem","position":2,"name":"Comodita Home x Unicef"}]},{"@type":"WebSite","@id":"https:\/\/www.comoditahome.com\/ks\/#website","url":"https:\/\/www.comoditahome.com\/ks\/","name":"Comodita Home","description":"Dyshek, Jorgan, Jast\u00ebk, Kuzhine, Banjo, Kopsht dhe Aksesor\u00eb","publisher":{"@id":"https:\/\/www.comoditahome.com\/ks\/#organization"},"potentialAction":[{"@type":"SearchAction","target":{"@type":"EntryPoint","urlTemplate":"https:\/\/www.comoditahome.com\/ks\/?s={search_term_string}"},"query-input":"required name=search_term_string"}],"inLanguage":"sq"},{"@type":"Organization","@id":"https:\/\/www.comoditahome.com\/ks\/#organization","name":"Comodita Home","url":"https:\/\/www.comoditahome.com\/ks\/","logo":{"@type":"ImageObject","inLanguage":"sq","@id":"https:\/\/www.comoditahome.com\/ks\/#\/schema\/logo\/image\/","url":"https:\/\/www.comoditahome.com\/ks\/wp-content\/uploads\/2022\/05\/COMODITA_HOME_LOGO_KS_MK_AL-02.png","contentUrl":"https:\/\/www.comoditahome.com\/ks\/wp-content\/uploads\/2022\/05\/COMODITA_HOME_LOGO_KS_MK_AL-02.png","width":180,"height":87,"caption":"Comodita Home"},"image":{"@id":"https:\/\/www.comoditahome.com\/ks\/#\/schema\/logo\/image\/"},"sameAs":["https:\/\/www.facebook.com\/comoditahome\/","https:\/\/www.instagram.com\/comoditahome\/","https:\/\/www.linkedin.com\/company\/comoditahome\/?originalSubdomain=fj","https:\/\/www.youtube.com\/channel\/UC5O6IsT4JD4zaiOqmRi_Pvg"]}]}},"_links":{"self":[{"href":"https:\/\/www.comoditahome.com\/ks\/wp-json\/wp\/v2\/pages\/104665","targetHints":{"allow":["GET"]}}],"collection":[{"href":"https:\/\/www.comoditahome.com\/ks\/wp-json\/wp\/v2\/pages"}],"about":[{"href":"https:\/\/www.comoditahome.com\/ks\/wp-json\/wp\/v2\/types\/page"}],"author":[{"embeddable":true,"href":"https:\/\/www.comoditahome.com\/ks\/wp-json\/wp\/v2\/users\/1"}],"replies":[{"embeddable":true,"href":"https:\/\/www.comoditahome.com\/ks\/wp-json\/wp\/v2\/comments?post=104665"}],"version-history":[{"count":27,"href":"https:\/\/www.comoditahome.com\/ks\/wp-json\/wp\/v2\/pages\/104665\/revisions"}],"predecessor-version":[{"id":104714,"href":"https:\/\/www.comoditahome.com\/ks\/wp-json\/wp\/v2\/pages\/104665\/revisions\/104714"}],"wp:attachment":[{"href":"https:\/\/www.comoditahome.com\/ks\/wp-json\/wp\/v2\/media?parent=104665"}],"curies":[{"name":"wp","href":"https:\/\/api.w.org\/{rel}","templated":true}]}}