 {"id":2807,"date":"2021-05-12T07:21:26","date_gmt":"2021-05-12T07:21:26","guid":{"rendered":"https:\/\/ks.comoditahome.com\/?page_id=2807"},"modified":"2026-04-02T14:50:36","modified_gmt":"2026-04-02T12:50:36","slug":"oferte","status":"publish","type":"page","link":"https:\/\/www.comoditahome.com\/ks\/oferte\/","title":{"rendered":"OFERT\u00cb"},"content":{"rendered":"\t\t<div data-elementor-type=\"wp-page\" data-elementor-id=\"2807\" class=\"elementor elementor-2807\">\n\t\t\t\t\t\t<div class=\"elementor-inner\">\n\t\t\t\t<div class=\"elementor-section-wrap\">\n\t\t\t\t\t\t\t\t\t<section class=\"elementor-section elementor-top-section elementor-element elementor-element-2055662 elementor-section-full_width elementor-section-stretched elementor-section-height-default elementor-section-height-default\" data-id=\"2055662\" data-element_type=\"section\" data-settings=\"{&quot;stretch_section&quot;:&quot;section-stretched&quot;}\">\n\t\t\t\t\t\t<div class=\"elementor-container elementor-column-gap-no\">\n\t\t\t\t\t\t\t<div class=\"elementor-row\">\n\t\t\t\t\t<div class=\"elementor-column elementor-col-100 elementor-top-column elementor-element elementor-element-58b794e\" data-id=\"58b794e\" data-element_type=\"column\">\n\t\t\t<div class=\"elementor-column-wrap elementor-element-populated\">\n\t\t\t\t\t\t\t<div class=\"elementor-widget-wrap\">\n\t\t\t\t\t\t<div class=\"elementor-element elementor-element-9cf503c elementor-widget elementor-widget-sober-banner\" data-id=\"9cf503c\" data-element_type=\"widget\" data-widget_type=\"sober-banner.default\">\n\t\t\t\t<div class=\"elementor-widget-container\">\n\t\t\t\t\t<div class=\"sober-banner-image sober-banner--elementor sober-banner-image--hover-none sober-banner-image--button-visible-always sober-banner-image--content-center-bottom sober-banner-image--content-sm-left-top sober-banner-image--content-xs-left-top\">\n\t\t\t<div class=\"sober-banner-image__wrapper\">\t\t\t\t<img loading=\"lazy\" decoding=\"async\" width=\"1920\" height=\"830\" src=\"https:\/\/www.comoditahome.com\/ks\/wp-content\/uploads\/2026\/04\/SPRING-DAYS_Cover.jpg\" class=\"attachment-full size-full\" alt=\"\" srcset=\"https:\/\/www.comoditahome.com\/ks\/wp-content\/uploads\/2026\/04\/SPRING-DAYS_Cover.jpg 1920w, https:\/\/www.comoditahome.com\/ks\/wp-content\/uploads\/2026\/04\/SPRING-DAYS_Cover-300x130.jpg 300w, https:\/\/www.comoditahome.com\/ks\/wp-content\/uploads\/2026\/04\/SPRING-DAYS_Cover-1024x443.jpg 1024w, https:\/\/www.comoditahome.com\/ks\/wp-content\/uploads\/2026\/04\/SPRING-DAYS_Cover-150x65.jpg 150w, https:\/\/www.comoditahome.com\/ks\/wp-content\/uploads\/2026\/04\/SPRING-DAYS_Cover-768x332.jpg 768w, https:\/\/www.comoditahome.com\/ks\/wp-content\/uploads\/2026\/04\/SPRING-DAYS_Cover-1536x664.jpg 1536w, https:\/\/www.comoditahome.com\/ks\/wp-content\/uploads\/2026\/04\/SPRING-DAYS_Cover-1300x562.jpg 1300w, https:\/\/www.comoditahome.com\/ks\/wp-content\/uploads\/2026\/04\/SPRING-DAYS_Cover-1200x519.jpg 1200w\" sizes=\"auto, (max-width: 1920px) 100vw, 1920px\" \/>\n\t\t\t\t<div class=\"sober-banner-image__content\">\n\t\t\t\t\t\n\t\t\t\t\t\n\t\t\t\t\t\n\t\t\t\t\t<div class=\"sober-banner-image__buttons\">\n\t\t\t\t\t\t\t\t\t\t\t\t<a class=\"sober-banner-image__button sober-banner-image__button--second sober-banner-image__button--outline\" href=\"https:\/\/www.comoditahome.com\/ks\/spring-days\/\">SHIKO OFERT\u00cbN<\/a>\t\t\t\t\t<\/div>\n\t\t\t\t<\/div>\n\t\t\t<\/div>\t\t<\/div>\n\t\t\t\t<\/div>\n\t\t\t\t<\/div>\n\t\t\t\t\t\t<\/div>\n\t\t\t\t\t<\/div>\n\t\t<\/div>\n\t\t\t\t\t\t\t\t<\/div>\n\t\t\t\t\t<\/div>\n\t\t<\/section>\n\t\t\t\t<section class=\"elementor-section elementor-top-section elementor-element elementor-element-a770888 elementor-section-full_width elementor-section-stretched elementor-section-height-default elementor-section-height-default\" data-id=\"a770888\" data-element_type=\"section\" data-settings=\"{&quot;stretch_section&quot;:&quot;section-stretched&quot;}\">\n\t\t\t\t\t\t<div class=\"elementor-container elementor-column-gap-no\">\n\t\t\t\t\t\t\t<div class=\"elementor-row\">\n\t\t\t\t\t<div class=\"elementor-column elementor-col-100 elementor-top-column elementor-element elementor-element-9811cd2\" data-id=\"9811cd2\" data-element_type=\"column\">\n\t\t\t<div class=\"elementor-column-wrap elementor-element-populated\">\n\t\t\t\t\t\t\t<div class=\"elementor-widget-wrap\">\n\t\t\t\t\t\t<div class=\"elementor-element elementor-element-324cea1 elementor-widget elementor-widget-sober-banner\" data-id=\"324cea1\" data-element_type=\"widget\" data-widget_type=\"sober-banner.default\">\n\t\t\t\t<div class=\"elementor-widget-container\">\n\t\t\t\t\t<div class=\"sober-banner-image sober-banner--elementor sober-banner-image--hover-none sober-banner-image--button-visible-always sober-banner-image--content-center-bottom sober-banner-image--content-sm-left-top sober-banner-image--content-xs-left-top\">\n\t\t\t<div class=\"sober-banner-image__wrapper\">\t\t\t\t<img loading=\"lazy\" decoding=\"async\" width=\"2560\" height=\"1280\" src=\"https:\/\/www.comoditahome.com\/ks\/wp-content\/uploads\/2024\/02\/cloud-cover-01-scaled.jpg\" class=\"attachment-full size-full\" alt=\"\" srcset=\"https:\/\/www.comoditahome.com\/ks\/wp-content\/uploads\/2024\/02\/cloud-cover-01-scaled.jpg 2560w, https:\/\/www.comoditahome.com\/ks\/wp-content\/uploads\/2024\/02\/cloud-cover-01-scaled-1300x650.jpg 1300w, https:\/\/www.comoditahome.com\/ks\/wp-content\/uploads\/2024\/02\/cloud-cover-01-scaled-1200x600.jpg 1200w, https:\/\/www.comoditahome.com\/ks\/wp-content\/uploads\/2024\/02\/cloud-cover-01-300x150.jpg 300w, https:\/\/www.comoditahome.com\/ks\/wp-content\/uploads\/2024\/02\/cloud-cover-01-1024x512.jpg 1024w, https:\/\/www.comoditahome.com\/ks\/wp-content\/uploads\/2024\/02\/cloud-cover-01-150x75.jpg 150w, https:\/\/www.comoditahome.com\/ks\/wp-content\/uploads\/2024\/02\/cloud-cover-01-768x384.jpg 768w, https:\/\/www.comoditahome.com\/ks\/wp-content\/uploads\/2024\/02\/cloud-cover-01-1536x768.jpg 1536w, https:\/\/www.comoditahome.com\/ks\/wp-content\/uploads\/2024\/02\/cloud-cover-01-2048x1024.jpg 2048w\" sizes=\"auto, (max-width: 2560px) 100vw, 2560px\" \/>\n\t\t\t\t<div class=\"sober-banner-image__content\">\n\t\t\t\t\t\n\t\t\t\t\t\n\t\t\t\t\t\n\t\t\t\t\t<div class=\"sober-banner-image__buttons\">\n\t\t\t\t\t\t\t\t\t\t\t\t<a class=\"sober-banner-image__button sober-banner-image__button--second sober-banner-image__button--outline\" href=\"https:\/\/www.comoditahome.com\/ks\/product-category\/dyshek\/cloud-mattress\/\">SHIKO OFERT\u00cbN<\/a>\t\t\t\t\t<\/div>\n\t\t\t\t<\/div>\n\t\t\t<\/div>\t\t<\/div>\n\t\t\t\t<\/div>\n\t\t\t\t<\/div>\n\t\t\t\t\t\t<\/div>\n\t\t\t\t\t<\/div>\n\t\t<\/div>\n\t\t\t\t\t\t\t\t<\/div>\n\t\t\t\t\t<\/div>\n\t\t<\/section>\n\t\t\t\t<section class=\"elementor-section elementor-top-section elementor-element elementor-element-a760fa7 elementor-section-full_width elementor-section-stretched elementor-section-height-default elementor-section-height-default\" data-id=\"a760fa7\" data-element_type=\"section\" data-settings=\"{&quot;stretch_section&quot;:&quot;section-stretched&quot;}\">\n\t\t\t\t\t\t<div class=\"elementor-container elementor-column-gap-no\">\n\t\t\t\t\t\t\t<div class=\"elementor-row\">\n\t\t\t\t\t<div class=\"elementor-column elementor-col-100 elementor-top-column elementor-element elementor-element-4a1e695\" data-id=\"4a1e695\" data-element_type=\"column\">\n\t\t\t<div class=\"elementor-column-wrap elementor-element-populated\">\n\t\t\t\t\t\t\t<div class=\"elementor-widget-wrap\">\n\t\t\t\t\t\t<div class=\"elementor-element elementor-element-699cbb0 elementor-widget elementor-widget-sober-banner\" data-id=\"699cbb0\" data-element_type=\"widget\" data-widget_type=\"sober-banner.default\">\n\t\t\t\t<div class=\"elementor-widget-container\">\n\t\t\t\t\t<div class=\"sober-banner-image sober-banner--elementor sober-banner-image--hover-none sober-banner-image--button-visible-always sober-banner-image--content-center-bottom sober-banner-image--content-sm-left-top sober-banner-image--content-xs-left-top\">\n\t\t\t<div class=\"sober-banner-image__wrapper\">\t\t\t\t<img loading=\"lazy\" decoding=\"async\" width=\"1200\" height=\"675\" src=\"https:\/\/www.comoditahome.com\/ks\/wp-content\/uploads\/2025\/07\/Korniza-Shtrati-Categories.jpg\" class=\"attachment-full size-full\" alt=\"\" srcset=\"https:\/\/www.comoditahome.com\/ks\/wp-content\/uploads\/2025\/07\/Korniza-Shtrati-Categories.jpg 1200w, https:\/\/www.comoditahome.com\/ks\/wp-content\/uploads\/2025\/07\/Korniza-Shtrati-Categories-300x169.jpg 300w, https:\/\/www.comoditahome.com\/ks\/wp-content\/uploads\/2025\/07\/Korniza-Shtrati-Categories-1024x576.jpg 1024w, https:\/\/www.comoditahome.com\/ks\/wp-content\/uploads\/2025\/07\/Korniza-Shtrati-Categories-150x84.jpg 150w, https:\/\/www.comoditahome.com\/ks\/wp-content\/uploads\/2025\/07\/Korniza-Shtrati-Categories-768x432.jpg 768w\" sizes=\"auto, (max-width: 1200px) 100vw, 1200px\" \/>\n\t\t\t\t<div class=\"sober-banner-image__content\">\n\t\t\t\t\t\n\t\t\t\t\t\n\t\t\t\t\t\n\t\t\t\t\t<div class=\"sober-banner-image__buttons\">\n\t\t\t\t\t\t\t\t\t\t\t\t<a class=\"sober-banner-image__button sober-banner-image__button--second sober-banner-image__button--outline\" href=\"https:\/\/www.comoditahome.com\/ks\/product-category\/korniza-shtrati\/\">SHIKO OFERT\u00cbN<\/a>\t\t\t\t\t<\/div>\n\t\t\t\t<\/div>\n\t\t\t<\/div>\t\t<\/div>\n\t\t\t\t<\/div>\n\t\t\t\t<\/div>\n\t\t\t\t\t\t<\/div>\n\t\t\t\t\t<\/div>\n\t\t<\/div>\n\t\t\t\t\t\t\t\t<\/div>\n\t\t\t\t\t<\/div>\n\t\t<\/section>\n\t\t\t\t<section class=\"elementor-section elementor-top-section elementor-element elementor-element-13ce836 elementor-section-full_width elementor-section-stretched elementor-section-height-default elementor-section-height-default\" data-id=\"13ce836\" data-element_type=\"section\" data-settings=\"{&quot;stretch_section&quot;:&quot;section-stretched&quot;}\">\n\t\t\t\t\t\t<div class=\"elementor-container elementor-column-gap-no\">\n\t\t\t\t\t\t\t<div class=\"elementor-row\">\n\t\t\t\t\t<div class=\"elementor-column elementor-col-100 elementor-top-column elementor-element elementor-element-8b5d3d4\" data-id=\"8b5d3d4\" data-element_type=\"column\">\n\t\t\t<div class=\"elementor-column-wrap elementor-element-populated\">\n\t\t\t\t\t\t\t<div class=\"elementor-widget-wrap\">\n\t\t\t\t\t\t<div class=\"elementor-element elementor-element-5b52618 elementor-widget elementor-widget-sober-banner\" data-id=\"5b52618\" data-element_type=\"widget\" data-widget_type=\"sober-banner.default\">\n\t\t\t\t<div class=\"elementor-widget-container\">\n\t\t\t\t\t<div class=\"sober-banner-image sober-banner--elementor sober-banner-image--hover-none sober-banner-image--button-visible-always sober-banner-image--content-center-bottom sober-banner-image--content-sm-left-top sober-banner-image--content-xs-left-top\">\n\t\t\t<div class=\"sober-banner-image__wrapper\">\t\t\t\t<img loading=\"lazy\" decoding=\"async\" width=\"1200\" height=\"658\" src=\"https:\/\/www.comoditahome.com\/ks\/wp-content\/uploads\/2024\/02\/Dysheku-Hybrid-Brendesia-4.jpg\" class=\"attachment-full size-full\" alt=\"\" srcset=\"https:\/\/www.comoditahome.com\/ks\/wp-content\/uploads\/2024\/02\/Dysheku-Hybrid-Brendesia-4.jpg 1200w, https:\/\/www.comoditahome.com\/ks\/wp-content\/uploads\/2024\/02\/Dysheku-Hybrid-Brendesia-4-300x165.jpg 300w, https:\/\/www.comoditahome.com\/ks\/wp-content\/uploads\/2024\/02\/Dysheku-Hybrid-Brendesia-4-1024x561.jpg 1024w, https:\/\/www.comoditahome.com\/ks\/wp-content\/uploads\/2024\/02\/Dysheku-Hybrid-Brendesia-4-150x82.jpg 150w, https:\/\/www.comoditahome.com\/ks\/wp-content\/uploads\/2024\/02\/Dysheku-Hybrid-Brendesia-4-768x421.jpg 768w\" sizes=\"auto, (max-width: 1200px) 100vw, 1200px\" \/>\n\t\t\t\t<div class=\"sober-banner-image__content\">\n\t\t\t\t\t\n\t\t\t\t\t\n\t\t\t\t\t\n\t\t\t\t\t<div class=\"sober-banner-image__buttons\">\n\t\t\t\t\t\t\t\t\t\t\t\t<a class=\"sober-banner-image__button sober-banner-image__button--second sober-banner-image__button--outline\" href=\"https:\/\/www.comoditahome.com\/ks\/product-category\/dyshek\/hybrid\/\">SHIKO OFERT\u00cbN<\/a>\t\t\t\t\t<\/div>\n\t\t\t\t<\/div>\n\t\t\t<\/div>\t\t<\/div>\n\t\t\t\t<\/div>\n\t\t\t\t<\/div>\n\t\t\t\t\t\t<\/div>\n\t\t\t\t\t<\/div>\n\t\t<\/div>\n\t\t\t\t\t\t\t\t<\/div>\n\t\t\t\t\t<\/div>\n\t\t<\/section>\n\t\t\t\t\t\t\t\t\t<\/div>\n\t\t\t<\/div>\n\t\t\t\t\t<\/div>\n\t\t","protected":false},"excerpt":{"rendered":"<p>SHIKO OFERT\u00cbN SHIKO OFERT\u00cbN SHIKO OFERT\u00cbN SHIKO OFERT\u00cbN<\/p>\n","protected":false},"author":1,"featured_media":0,"parent":0,"menu_order":0,"comment_status":"closed","ping_status":"closed","template":"templates\/homepage.php","meta":{"footnotes":""},"class_list":["post-2807","page","type-page","status-publish","hentry"],"yoast_head":"<!-- This site is optimized with the Yoast SEO Premium plugin v18.2.1 (Yoast SEO v22.5) - https:\/\/yoast.com\/wordpress\/plugins\/seo\/ -->\n<title>OFERT\u00cb - Comodita Home<\/title>\n<meta name=\"description\" content=\"Ofertat m\u00eb t\u00eb mir\u00eb n\u00eb Dyshek, Jorgan dhe Jast\u00ebk Best offers for Mattress, Pillows and Blanket\" \/>\n<meta name=\"robots\" content=\"index, follow, max-snippet:-1, max-image-preview:large, max-video-preview:-1\" \/>\n<link rel=\"canonical\" href=\"https:\/\/www.comoditahome.com\/ks\/oferte\/\" \/>\n<meta property=\"og:locale\" content=\"sq_AL\" \/>\n<meta property=\"og:type\" content=\"article\" \/>\n<meta property=\"og:title\" content=\"OFERT\u00cb\" \/>\n<meta property=\"og:description\" content=\"Ofertat m\u00eb t\u00eb mir\u00eb n\u00eb Dyshek, Jorgan dhe Jast\u00ebk Best offers for Mattress, Pillows and Blanket\" \/>\n<meta property=\"og:url\" content=\"https:\/\/www.comoditahome.com\/ks\/oferte\/\" \/>\n<meta property=\"og:site_name\" content=\"Comodita Home\" \/>\n<meta property=\"article:publisher\" content=\"https:\/\/www.facebook.com\/comoditahome\/\" \/>\n<meta property=\"article:modified_time\" content=\"2026-04-02T12:50:36+00:00\" \/>\n<meta property=\"og:image\" content=\"https:\/\/www.comoditahome.com\/ks\/wp-content\/uploads\/2026\/04\/SPRING-DAYS_Cover.jpg\" \/>\n<meta name=\"twitter:card\" content=\"summary_large_image\" \/>\n<meta name=\"twitter:label1\" content=\"Est. reading time\" \/>\n\t<meta name=\"twitter:data1\" content=\"1 minut\u00eb\" \/>\n<script type=\"application\/ld+json\" class=\"yoast-schema-graph\">{\"@context\":\"https:\/\/schema.org\",\"@graph\":[{\"@type\":\"WebPage\",\"@id\":\"https:\/\/www.comoditahome.com\/ks\/oferte\/\",\"url\":\"https:\/\/www.comoditahome.com\/ks\/oferte\/\",\"name\":\"OFERT\u00cb - Comodita Home\",\"isPartOf\":{\"@id\":\"https:\/\/www.comoditahome.com\/ks\/#website\"},\"primaryImageOfPage\":{\"@id\":\"https:\/\/www.comoditahome.com\/ks\/oferte\/#primaryimage\"},\"image\":{\"@id\":\"https:\/\/www.comoditahome.com\/ks\/oferte\/#primaryimage\"},\"thumbnailUrl\":\"https:\/\/www.comoditahome.com\/ks\/wp-content\/uploads\/2026\/04\/SPRING-DAYS_Cover.jpg\",\"datePublished\":\"2021-05-12T07:21:26+00:00\",\"dateModified\":\"2026-04-02T12:50:36+00:00\",\"description\":\"Ofertat m\u00eb t\u00eb mir\u00eb n\u00eb Dyshek, Jorgan dhe Jast\u00ebk Best offers for Mattress, Pillows and Blanket\",\"breadcrumb\":{\"@id\":\"https:\/\/www.comoditahome.com\/ks\/oferte\/#breadcrumb\"},\"inLanguage\":\"sq\",\"potentialAction\":[{\"@type\":\"ReadAction\",\"target\":[\"https:\/\/www.comoditahome.com\/ks\/oferte\/\"]}]},{\"@type\":\"ImageObject\",\"inLanguage\":\"sq\",\"@id\":\"https:\/\/www.comoditahome.com\/ks\/oferte\/#primaryimage\",\"url\":\"https:\/\/www.comoditahome.com\/ks\/wp-content\/uploads\/2026\/04\/SPRING-DAYS_Cover.jpg\",\"contentUrl\":\"https:\/\/www.comoditahome.com\/ks\/wp-content\/uploads\/2026\/04\/SPRING-DAYS_Cover.jpg\",\"width\":1920,\"height\":830},{\"@type\":\"BreadcrumbList\",\"@id\":\"https:\/\/www.comoditahome.com\/ks\/oferte\/#breadcrumb\",\"itemListElement\":[{\"@type\":\"ListItem\",\"position\":1,\"name\":\"Comodita Home Kosova - Dyshek Mattress\",\"item\":\"https:\/\/www.comoditahome.com\/ks\/\"},{\"@type\":\"ListItem\",\"position\":2,\"name\":\"OFERT\u00cb\"}]},{\"@type\":\"WebSite\",\"@id\":\"https:\/\/www.comoditahome.com\/ks\/#website\",\"url\":\"https:\/\/www.comoditahome.com\/ks\/\",\"name\":\"Comodita Home\",\"description\":\"Dyshek, Jorgan, Jast\u00ebk, Kuzhine, Banjo, Kopsht dhe Aksesor\u00eb\",\"publisher\":{\"@id\":\"https:\/\/www.comoditahome.com\/ks\/#organization\"},\"potentialAction\":[{\"@type\":\"SearchAction\",\"target\":{\"@type\":\"EntryPoint\",\"urlTemplate\":\"https:\/\/www.comoditahome.com\/ks\/?s={search_term_string}\"},\"query-input\":\"required name=search_term_string\"}],\"inLanguage\":\"sq\"},{\"@type\":\"Organization\",\"@id\":\"https:\/\/www.comoditahome.com\/ks\/#organization\",\"name\":\"Comodita Home\",\"url\":\"https:\/\/www.comoditahome.com\/ks\/\",\"logo\":{\"@type\":\"ImageObject\",\"inLanguage\":\"sq\",\"@id\":\"https:\/\/www.comoditahome.com\/ks\/#\/schema\/logo\/image\/\",\"url\":\"https:\/\/www.comoditahome.com\/ks\/wp-content\/uploads\/2022\/05\/COMODITA_HOME_LOGO_KS_MK_AL-02.png\",\"contentUrl\":\"https:\/\/www.comoditahome.com\/ks\/wp-content\/uploads\/2022\/05\/COMODITA_HOME_LOGO_KS_MK_AL-02.png\",\"width\":180,\"height\":87,\"caption\":\"Comodita Home\"},\"image\":{\"@id\":\"https:\/\/www.comoditahome.com\/ks\/#\/schema\/logo\/image\/\"},\"sameAs\":[\"https:\/\/www.facebook.com\/comoditahome\/\",\"https:\/\/www.instagram.com\/comoditahome\/\",\"https:\/\/www.linkedin.com\/company\/comoditahome\/?originalSubdomain=fj\",\"https:\/\/www.youtube.com\/channel\/UC5O6IsT4JD4zaiOqmRi_Pvg\"]}]}<\/script>\n<!-- \/ Yoast SEO Premium plugin. -->","yoast_head_json":{"title":"OFERT\u00cb - Comodita Home","description":"Ofertat m\u00eb t\u00eb mir\u00eb n\u00eb Dyshek, Jorgan dhe Jast\u00ebk Best offers for Mattress, Pillows and Blanket","robots":{"index":"index","follow":"follow","max-snippet":"max-snippet:-1","max-image-preview":"max-image-preview:large","max-video-preview":"max-video-preview:-1"},"canonical":"https:\/\/www.comoditahome.com\/ks\/oferte\/","og_locale":"sq_AL","og_type":"article","og_title":"OFERT\u00cb","og_description":"Ofertat m\u00eb t\u00eb mir\u00eb n\u00eb Dyshek, Jorgan dhe Jast\u00ebk Best offers for Mattress, Pillows and Blanket","og_url":"https:\/\/www.comoditahome.com\/ks\/oferte\/","og_site_name":"Comodita Home","article_publisher":"https:\/\/www.facebook.com\/comoditahome\/","article_modified_time":"2026-04-02T12:50:36+00:00","og_image":[{"url":"https:\/\/www.comoditahome.com\/ks\/wp-content\/uploads\/2026\/04\/SPRING-DAYS_Cover.jpg"}],"twitter_card":"summary_large_image","twitter_misc":{"Est. reading time":"1 minut\u00eb"},"schema":{"@context":"https:\/\/schema.org","@graph":[{"@type":"WebPage","@id":"https:\/\/www.comoditahome.com\/ks\/oferte\/","url":"https:\/\/www.comoditahome.com\/ks\/oferte\/","name":"OFERT\u00cb - Comodita Home","isPartOf":{"@id":"https:\/\/www.comoditahome.com\/ks\/#website"},"primaryImageOfPage":{"@id":"https:\/\/www.comoditahome.com\/ks\/oferte\/#primaryimage"},"image":{"@id":"https:\/\/www.comoditahome.com\/ks\/oferte\/#primaryimage"},"thumbnailUrl":"https:\/\/www.comoditahome.com\/ks\/wp-content\/uploads\/2026\/04\/SPRING-DAYS_Cover.jpg","datePublished":"2021-05-12T07:21:26+00:00","dateModified":"2026-04-02T12:50:36+00:00","description":"Ofertat m\u00eb t\u00eb mir\u00eb n\u00eb Dyshek, Jorgan dhe Jast\u00ebk Best offers for Mattress, Pillows and Blanket","breadcrumb":{"@id":"https:\/\/www.comoditahome.com\/ks\/oferte\/#breadcrumb"},"inLanguage":"sq","potentialAction":[{"@type":"ReadAction","target":["https:\/\/www.comoditahome.com\/ks\/oferte\/"]}]},{"@type":"ImageObject","inLanguage":"sq","@id":"https:\/\/www.comoditahome.com\/ks\/oferte\/#primaryimage","url":"https:\/\/www.comoditahome.com\/ks\/wp-content\/uploads\/2026\/04\/SPRING-DAYS_Cover.jpg","contentUrl":"https:\/\/www.comoditahome.com\/ks\/wp-content\/uploads\/2026\/04\/SPRING-DAYS_Cover.jpg","width":1920,"height":830},{"@type":"BreadcrumbList","@id":"https:\/\/www.comoditahome.com\/ks\/oferte\/#breadcrumb","itemListElement":[{"@type":"ListItem","position":1,"name":"Comodita Home Kosova - Dyshek Mattress","item":"https:\/\/www.comoditahome.com\/ks\/"},{"@type":"ListItem","position":2,"name":"OFERT\u00cb"}]},{"@type":"WebSite","@id":"https:\/\/www.comoditahome.com\/ks\/#website","url":"https:\/\/www.comoditahome.com\/ks\/","name":"Comodita Home","description":"Dyshek, Jorgan, Jast\u00ebk, Kuzhine, Banjo, Kopsht dhe Aksesor\u00eb","publisher":{"@id":"https:\/\/www.comoditahome.com\/ks\/#organization"},"potentialAction":[{"@type":"SearchAction","target":{"@type":"EntryPoint","urlTemplate":"https:\/\/www.comoditahome.com\/ks\/?s={search_term_string}"},"query-input":"required name=search_term_string"}],"inLanguage":"sq"},{"@type":"Organization","@id":"https:\/\/www.comoditahome.com\/ks\/#organization","name":"Comodita Home","url":"https:\/\/www.comoditahome.com\/ks\/","logo":{"@type":"ImageObject","inLanguage":"sq","@id":"https:\/\/www.comoditahome.com\/ks\/#\/schema\/logo\/image\/","url":"https:\/\/www.comoditahome.com\/ks\/wp-content\/uploads\/2022\/05\/COMODITA_HOME_LOGO_KS_MK_AL-02.png","contentUrl":"https:\/\/www.comoditahome.com\/ks\/wp-content\/uploads\/2022\/05\/COMODITA_HOME_LOGO_KS_MK_AL-02.png","width":180,"height":87,"caption":"Comodita Home"},"image":{"@id":"https:\/\/www.comoditahome.com\/ks\/#\/schema\/logo\/image\/"},"sameAs":["https:\/\/www.facebook.com\/comoditahome\/","https:\/\/www.instagram.com\/comoditahome\/","https:\/\/www.linkedin.com\/company\/comoditahome\/?originalSubdomain=fj","https:\/\/www.youtube.com\/channel\/UC5O6IsT4JD4zaiOqmRi_Pvg"]}]}},"_links":{"self":[{"href":"https:\/\/www.comoditahome.com\/ks\/wp-json\/wp\/v2\/pages\/2807","targetHints":{"allow":["GET"]}}],"collection":[{"href":"https:\/\/www.comoditahome.com\/ks\/wp-json\/wp\/v2\/pages"}],"about":[{"href":"https:\/\/www.comoditahome.com\/ks\/wp-json\/wp\/v2\/types\/page"}],"author":[{"embeddable":true,"href":"https:\/\/www.comoditahome.com\/ks\/wp-json\/wp\/v2\/users\/1"}],"replies":[{"embeddable":true,"href":"https:\/\/www.comoditahome.com\/ks\/wp-json\/wp\/v2\/comments?post=2807"}],"version-history":[{"count":500,"href":"https:\/\/www.comoditahome.com\/ks\/wp-json\/wp\/v2\/pages\/2807\/revisions"}],"predecessor-version":[{"id":115816,"href":"https:\/\/www.comoditahome.com\/ks\/wp-json\/wp\/v2\/pages\/2807\/revisions\/115816"}],"wp:attachment":[{"href":"https:\/\/www.comoditahome.com\/ks\/wp-json\/wp\/v2\/media?parent=2807"}],"curies":[{"name":"wp","href":"https:\/\/api.w.org\/{rel}","templated":true}]}}