 {"id":2815,"date":"2021-05-12T07:22:52","date_gmt":"2021-05-12T07:22:52","guid":{"rendered":"https:\/\/ks.comoditahome.com\/?page_id=2815"},"modified":"2025-10-24T13:43:30","modified_gmt":"2025-10-24T11:43:30","slug":"kuzhine","status":"publish","type":"page","link":"https:\/\/www.comoditahome.com\/ks\/kuzhine\/","title":{"rendered":"KUZHIN\u00cb"},"content":{"rendered":"\t\t<div data-elementor-type=\"wp-page\" data-elementor-id=\"2815\" class=\"elementor elementor-2815\">\n\t\t\t\t\t\t<div class=\"elementor-inner\">\n\t\t\t\t<div class=\"elementor-section-wrap\">\n\t\t\t\t\t\t\t\t\t<section class=\"elementor-section elementor-top-section elementor-element elementor-element-3814b3f elementor-section-full_width elementor-section-stretched elementor-section-height-default elementor-section-height-default\" data-id=\"3814b3f\" data-element_type=\"section\" data-settings=\"{&quot;stretch_section&quot;:&quot;section-stretched&quot;,&quot;background_background&quot;:&quot;classic&quot;}\">\n\t\t\t\t\t\t<div class=\"elementor-container elementor-column-gap-default\">\n\t\t\t\t\t\t\t<div class=\"elementor-row\">\n\t\t\t\t\t<div class=\"elementor-column elementor-col-33 elementor-top-column elementor-element elementor-element-4dc90a5\" data-id=\"4dc90a5\" data-element_type=\"column\">\n\t\t\t<div class=\"elementor-column-wrap\">\n\t\t\t\t\t\t\t<div class=\"elementor-widget-wrap\">\n\t\t\t\t\t\t\t\t<\/div>\n\t\t\t\t\t<\/div>\n\t\t<\/div>\n\t\t\t\t<div class=\"elementor-column elementor-col-33 elementor-top-column elementor-element elementor-element-dbcf94b\" data-id=\"dbcf94b\" data-element_type=\"column\">\n\t\t\t<div class=\"elementor-column-wrap elementor-element-populated\">\n\t\t\t\t\t\t\t<div class=\"elementor-widget-wrap\">\n\t\t\t\t\t\t<div class=\"elementor-element elementor-element-87d9dbe elementor-widget elementor-widget-text-editor\" data-id=\"87d9dbe\" data-element_type=\"widget\" data-widget_type=\"text-editor.default\">\n\t\t\t\t<div class=\"elementor-widget-container\">\n\t\t\t\t\t\t\t\t<div class=\"elementor-text-editor elementor-clearfix\">\n\t\t\t\t<p style=\"text-align: center;\"><span style=\"color: #000000;\">Jeni t\u00eb apasionuar pas gatimit, p\u00ebrgatitjes s\u00eb ushqimeve m\u00eb interesante dhe gatimit t\u00eb shijeve speciale p\u00ebr familjen dhe m\u00eb t\u00eb dashurit tuaj? Me mjetet praktike t\u00eb gatimit, en\u00ebve t\u00eb sofistikuara, blender\u00ebve dhe aksesor\u00ebve organizativ, \u00e7do recet\u00eb \u00ebsht\u00eb m\u00eb e leht\u00eb p\u00ebr t\u2019u realizuar dhe padyshim, me plot\u00eb shije.\u00a0<\/span><\/p>\t\t\t\t\t<\/div>\n\t\t\t\t\t\t<\/div>\n\t\t\t\t<\/div>\n\t\t\t\t\t\t<\/div>\n\t\t\t\t\t<\/div>\n\t\t<\/div>\n\t\t\t\t<div class=\"elementor-column elementor-col-33 elementor-top-column elementor-element elementor-element-5d48129\" data-id=\"5d48129\" data-element_type=\"column\">\n\t\t\t<div class=\"elementor-column-wrap\">\n\t\t\t\t\t\t\t<div class=\"elementor-widget-wrap\">\n\t\t\t\t\t\t\t\t<\/div>\n\t\t\t\t\t<\/div>\n\t\t<\/div>\n\t\t\t\t\t\t\t\t<\/div>\n\t\t\t\t\t<\/div>\n\t\t<\/section>\n\t\t\t\t<section class=\"elementor-section elementor-top-section elementor-element elementor-element-7122ff5 elementor-section-full_width elementor-section-stretched elementor-section-height-default elementor-section-height-default\" data-id=\"7122ff5\" data-element_type=\"section\" data-settings=\"{&quot;stretch_section&quot;:&quot;section-stretched&quot;,&quot;background_background&quot;:&quot;classic&quot;}\">\n\t\t\t\t\t\t<div class=\"elementor-container elementor-column-gap-no\">\n\t\t\t\t\t\t\t<div class=\"elementor-row\">\n\t\t\t\t\t<div class=\"elementor-column elementor-col-25 elementor-top-column elementor-element elementor-element-7ea899b\" data-id=\"7ea899b\" data-element_type=\"column\">\n\t\t\t<div class=\"elementor-column-wrap elementor-element-populated\">\n\t\t\t\t\t\t\t<div class=\"elementor-widget-wrap\">\n\t\t\t\t\t\t<div class=\"elementor-element elementor-element-43d4e79 elementor-widget elementor-widget-sober-banner\" data-id=\"43d4e79\" data-element_type=\"widget\" data-widget_type=\"sober-banner.default\">\n\t\t\t\t<div class=\"elementor-widget-container\">\n\t\t\t\t\t<div class=\"sober-banner-image sober-banner--elementor sober-banner-image--hover-zoom sober-banner-image--button-visible-always sober-banner-image--content-center-middle sober-banner-image--content-sm-left-top sober-banner-image--content-xs-left-top\">\n\t\t\t<a class=\"sober-banner-image__link\" href=\"https:\/\/www.comoditahome.com\/ks\/product-category\/kuzhine\/ene-gatimi\/\">\t\t\t\t<img loading=\"lazy\" decoding=\"async\" width=\"640\" height=\"867\" src=\"https:\/\/www.comoditahome.com\/ks\/wp-content\/uploads\/2025\/09\/Sub-Ene-gatiimi.jpg\" class=\"attachment-full size-full\" alt=\"\" srcset=\"https:\/\/www.comoditahome.com\/ks\/wp-content\/uploads\/2025\/09\/Sub-Ene-gatiimi.jpg 640w, https:\/\/www.comoditahome.com\/ks\/wp-content\/uploads\/2025\/09\/Sub-Ene-gatiimi-221x300.jpg 221w, https:\/\/www.comoditahome.com\/ks\/wp-content\/uploads\/2025\/09\/Sub-Ene-gatiimi-111x150.jpg 111w\" sizes=\"auto, (max-width: 640px) 100vw, 640px\" \/>\n\t\t\t\t<div class=\"sober-banner-image__content\">\n\t\t\t\t\t\t\t\t\t\t\t<div class=\"sober-banner-image__subtitle\">EN\u00cb GATIMI<\/div>\n\t\t\t\t\t\n\t\t\t\t\t\n\t\t\t\t\t\n\t\t\t\t\t<div class=\"sober-banner-image__buttons\">\n\t\t\t\t\t\t\t\t\t\t\t\t\t\t\t\t\t<\/div>\n\t\t\t\t<\/div>\n\t\t\t<\/a>\t\t<\/div>\n\t\t\t\t<\/div>\n\t\t\t\t<\/div>\n\t\t\t\t\t\t<\/div>\n\t\t\t\t\t<\/div>\n\t\t<\/div>\n\t\t\t\t<div class=\"elementor-column elementor-col-25 elementor-top-column elementor-element elementor-element-211d685\" data-id=\"211d685\" data-element_type=\"column\">\n\t\t\t<div class=\"elementor-column-wrap elementor-element-populated\">\n\t\t\t\t\t\t\t<div class=\"elementor-widget-wrap\">\n\t\t\t\t\t\t<div class=\"elementor-element elementor-element-72a5e79 elementor-widget elementor-widget-sober-banner\" data-id=\"72a5e79\" data-element_type=\"widget\" data-widget_type=\"sober-banner.default\">\n\t\t\t\t<div class=\"elementor-widget-container\">\n\t\t\t\t\t<div class=\"sober-banner-image sober-banner--elementor sober-banner-image--hover-zoom sober-banner-image--button-visible-always sober-banner-image--content-center-middle sober-banner-image--content-sm-left-top sober-banner-image--content-xs-left-top\">\n\t\t\t<a class=\"sober-banner-image__link\" href=\"https:\/\/www.comoditahome.com\/ks\/product-category\/kuzhine\/pajisje-elektrike\/\">\t\t\t\t<img loading=\"lazy\" decoding=\"async\" width=\"640\" height=\"867\" src=\"https:\/\/www.comoditahome.com\/ks\/wp-content\/uploads\/2025\/10\/Sub-Paisje-elektrike3.jpg\" class=\"attachment-full size-full\" alt=\"\" srcset=\"https:\/\/www.comoditahome.com\/ks\/wp-content\/uploads\/2025\/10\/Sub-Paisje-elektrike3.jpg 640w, https:\/\/www.comoditahome.com\/ks\/wp-content\/uploads\/2025\/10\/Sub-Paisje-elektrike3-221x300.jpg 221w, https:\/\/www.comoditahome.com\/ks\/wp-content\/uploads\/2025\/10\/Sub-Paisje-elektrike3-111x150.jpg 111w\" sizes=\"auto, (max-width: 640px) 100vw, 640px\" \/>\n\t\t\t\t<div class=\"sober-banner-image__content\">\n\t\t\t\t\t\t\t\t\t\t\t<div class=\"sober-banner-image__subtitle\">PAJISJE ELEKTRIKE<\/div>\n\t\t\t\t\t\n\t\t\t\t\t\n\t\t\t\t\t\n\t\t\t\t\t<div class=\"sober-banner-image__buttons\">\n\t\t\t\t\t\t\t\t\t\t\t\t\t\t\t\t\t<\/div>\n\t\t\t\t<\/div>\n\t\t\t<\/a>\t\t<\/div>\n\t\t\t\t<\/div>\n\t\t\t\t<\/div>\n\t\t\t\t\t\t<\/div>\n\t\t\t\t\t<\/div>\n\t\t<\/div>\n\t\t\t\t<div class=\"elementor-column elementor-col-25 elementor-top-column elementor-element elementor-element-22c4e8f\" data-id=\"22c4e8f\" data-element_type=\"column\">\n\t\t\t<div class=\"elementor-column-wrap elementor-element-populated\">\n\t\t\t\t\t\t\t<div class=\"elementor-widget-wrap\">\n\t\t\t\t\t\t<div class=\"elementor-element elementor-element-7e88d91 elementor-widget elementor-widget-sober-banner\" data-id=\"7e88d91\" data-element_type=\"widget\" data-widget_type=\"sober-banner.default\">\n\t\t\t\t<div class=\"elementor-widget-container\">\n\t\t\t\t\t<div class=\"sober-banner-image sober-banner--elementor sober-banner-image--hover-zoom sober-banner-image--button-visible-always sober-banner-image--content-center-middle sober-banner-image--content-sm-left-top sober-banner-image--content-xs-left-top\">\n\t\t\t<a class=\"sober-banner-image__link\" href=\"https:\/\/www.comoditahome.com\/ks\/product-category\/kuzhine\/mjete-gatimi\/\">\t\t\t\t<img loading=\"lazy\" decoding=\"async\" width=\"640\" height=\"867\" src=\"https:\/\/www.comoditahome.com\/ks\/wp-content\/uploads\/2025\/09\/Sub-Mjete-gatimi.jpg\" class=\"attachment-full size-full\" alt=\"\" srcset=\"https:\/\/www.comoditahome.com\/ks\/wp-content\/uploads\/2025\/09\/Sub-Mjete-gatimi.jpg 640w, https:\/\/www.comoditahome.com\/ks\/wp-content\/uploads\/2025\/09\/Sub-Mjete-gatimi-221x300.jpg 221w, https:\/\/www.comoditahome.com\/ks\/wp-content\/uploads\/2025\/09\/Sub-Mjete-gatimi-111x150.jpg 111w\" sizes=\"auto, (max-width: 640px) 100vw, 640px\" \/>\n\t\t\t\t<div class=\"sober-banner-image__content\">\n\t\t\t\t\t\t\t\t\t\t\t<div class=\"sober-banner-image__subtitle\">MJETE GATIMI<\/div>\n\t\t\t\t\t\n\t\t\t\t\t\n\t\t\t\t\t\n\t\t\t\t\t<div class=\"sober-banner-image__buttons\">\n\t\t\t\t\t\t\t\t\t\t\t\t\t\t\t\t\t<\/div>\n\t\t\t\t<\/div>\n\t\t\t<\/a>\t\t<\/div>\n\t\t\t\t<\/div>\n\t\t\t\t<\/div>\n\t\t\t\t\t\t<\/div>\n\t\t\t\t\t<\/div>\n\t\t<\/div>\n\t\t\t\t<div class=\"elementor-column elementor-col-25 elementor-top-column elementor-element elementor-element-8a34f31\" data-id=\"8a34f31\" data-element_type=\"column\">\n\t\t\t<div class=\"elementor-column-wrap elementor-element-populated\">\n\t\t\t\t\t\t\t<div class=\"elementor-widget-wrap\">\n\t\t\t\t\t\t<div class=\"elementor-element elementor-element-cf6b951 elementor-widget elementor-widget-sober-banner\" data-id=\"cf6b951\" data-element_type=\"widget\" data-widget_type=\"sober-banner.default\">\n\t\t\t\t<div class=\"elementor-widget-container\">\n\t\t\t\t\t<div class=\"sober-banner-image sober-banner--elementor sober-banner-image--hover-zoom sober-banner-image--button-visible-always sober-banner-image--content-center-middle sober-banner-image--content-sm-left-top sober-banner-image--content-xs-left-top\">\n\t\t\t<a class=\"sober-banner-image__link\" href=\"https:\/\/www.comoditahome.com\/ks\/product-category\/kuzhine\/aksesore-kuzhine\/\">\t\t\t\t<img loading=\"lazy\" decoding=\"async\" width=\"640\" height=\"867\" src=\"https:\/\/www.comoditahome.com\/ks\/wp-content\/uploads\/2025\/10\/Sub-Aksesore.jpg\" class=\"attachment-full size-full\" alt=\"\" srcset=\"https:\/\/www.comoditahome.com\/ks\/wp-content\/uploads\/2025\/10\/Sub-Aksesore.jpg 640w, https:\/\/www.comoditahome.com\/ks\/wp-content\/uploads\/2025\/10\/Sub-Aksesore-221x300.jpg 221w, https:\/\/www.comoditahome.com\/ks\/wp-content\/uploads\/2025\/10\/Sub-Aksesore-111x150.jpg 111w\" sizes=\"auto, (max-width: 640px) 100vw, 640px\" \/>\n\t\t\t\t<div class=\"sober-banner-image__content\">\n\t\t\t\t\t\t\t\t\t\t\t<div class=\"sober-banner-image__subtitle\">AKSESOR\u00cb<\/div>\n\t\t\t\t\t\n\t\t\t\t\t\n\t\t\t\t\t\n\t\t\t\t\t<div class=\"sober-banner-image__buttons\">\n\t\t\t\t\t\t\t\t\t\t\t\t\t\t\t\t\t<\/div>\n\t\t\t\t<\/div>\n\t\t\t<\/a>\t\t<\/div>\n\t\t\t\t<\/div>\n\t\t\t\t<\/div>\n\t\t\t\t\t\t<\/div>\n\t\t\t\t\t<\/div>\n\t\t<\/div>\n\t\t\t\t\t\t\t\t<\/div>\n\t\t\t\t\t<\/div>\n\t\t<\/section>\n\t\t\t\t<section class=\"elementor-section elementor-top-section elementor-element elementor-element-2bd67a1 elementor-section-full_width elementor-section-stretched elementor-section-height-default elementor-section-height-default\" data-id=\"2bd67a1\" data-element_type=\"section\" data-settings=\"{&quot;stretch_section&quot;:&quot;section-stretched&quot;,&quot;background_background&quot;:&quot;classic&quot;}\">\n\t\t\t\t\t\t<div class=\"elementor-container elementor-column-gap-no\">\n\t\t\t\t\t\t\t<div class=\"elementor-row\">\n\t\t\t\t\t<div class=\"elementor-column elementor-col-25 elementor-top-column elementor-element elementor-element-69c0795\" data-id=\"69c0795\" data-element_type=\"column\">\n\t\t\t<div class=\"elementor-column-wrap elementor-element-populated\">\n\t\t\t\t\t\t\t<div class=\"elementor-widget-wrap\">\n\t\t\t\t\t\t<div class=\"elementor-element elementor-element-7291b1f elementor-widget elementor-widget-sober-banner\" data-id=\"7291b1f\" data-element_type=\"widget\" data-widget_type=\"sober-banner.default\">\n\t\t\t\t<div class=\"elementor-widget-container\">\n\t\t\t\t\t<div class=\"sober-banner-image sober-banner--elementor sober-banner-image--hover-zoom sober-banner-image--button-visible-always sober-banner-image--content-center-middle sober-banner-image--content-sm-left-top sober-banner-image--content-xs-left-top\">\n\t\t\t<a class=\"sober-banner-image__link\" href=\"https:\/\/www.comoditahome.com\/ks\/product-category\/kuzhine\/tabak\/\">\t\t\t\t<img loading=\"lazy\" decoding=\"async\" width=\"640\" height=\"867\" src=\"https:\/\/www.comoditahome.com\/ks\/wp-content\/uploads\/2025\/09\/Sub-Tabak-2.jpg\" class=\"attachment-full size-full\" alt=\"\" srcset=\"https:\/\/www.comoditahome.com\/ks\/wp-content\/uploads\/2025\/09\/Sub-Tabak-2.jpg 640w, https:\/\/www.comoditahome.com\/ks\/wp-content\/uploads\/2025\/09\/Sub-Tabak-2-221x300.jpg 221w, https:\/\/www.comoditahome.com\/ks\/wp-content\/uploads\/2025\/09\/Sub-Tabak-2-111x150.jpg 111w\" sizes=\"auto, (max-width: 640px) 100vw, 640px\" \/>\n\t\t\t\t<div class=\"sober-banner-image__content\">\n\t\t\t\t\t\t\t\t\t\t\t<div class=\"sober-banner-image__subtitle\">TABAK<\/div>\n\t\t\t\t\t\n\t\t\t\t\t\n\t\t\t\t\t\n\t\t\t\t\t<div class=\"sober-banner-image__buttons\">\n\t\t\t\t\t\t\t\t\t\t\t\t\t\t\t\t\t<\/div>\n\t\t\t\t<\/div>\n\t\t\t<\/a>\t\t<\/div>\n\t\t\t\t<\/div>\n\t\t\t\t<\/div>\n\t\t\t\t\t\t<\/div>\n\t\t\t\t\t<\/div>\n\t\t<\/div>\n\t\t\t\t<div class=\"elementor-column elementor-col-25 elementor-top-column elementor-element elementor-element-c43c9cc\" data-id=\"c43c9cc\" data-element_type=\"column\">\n\t\t\t<div class=\"elementor-column-wrap elementor-element-populated\">\n\t\t\t\t\t\t\t<div class=\"elementor-widget-wrap\">\n\t\t\t\t\t\t<div class=\"elementor-element elementor-element-d6e127d elementor-widget elementor-widget-sober-banner\" data-id=\"d6e127d\" data-element_type=\"widget\" data-widget_type=\"sober-banner.default\">\n\t\t\t\t<div class=\"elementor-widget-container\">\n\t\t\t\t\t<div class=\"sober-banner-image sober-banner--elementor sober-banner-image--hover-zoom sober-banner-image--button-visible-always sober-banner-image--content-center-middle sober-banner-image--content-sm-left-top sober-banner-image--content-xs-left-top\">\n\t\t\t<a class=\"sober-banner-image__link\" href=\"https:\/\/www.comoditahome.com\/ks\/product-category\/kuzhine\/princ-caffe\">\t\t\t\t<img loading=\"lazy\" decoding=\"async\" width=\"640\" height=\"867\" src=\"https:\/\/www.comoditahome.com\/ks\/wp-content\/uploads\/2025\/09\/Sub-Kafe.jpg\" class=\"attachment-full size-full\" alt=\"\" srcset=\"https:\/\/www.comoditahome.com\/ks\/wp-content\/uploads\/2025\/09\/Sub-Kafe.jpg 640w, https:\/\/www.comoditahome.com\/ks\/wp-content\/uploads\/2025\/09\/Sub-Kafe-221x300.jpg 221w, https:\/\/www.comoditahome.com\/ks\/wp-content\/uploads\/2025\/09\/Sub-Kafe-111x150.jpg 111w\" sizes=\"auto, (max-width: 640px) 100vw, 640px\" \/>\n\t\t\t\t<div class=\"sober-banner-image__content\">\n\t\t\t\t\t\t\t\t\t\t\t<div class=\"sober-banner-image__subtitle\">PRINC CAFFE<\/div>\n\t\t\t\t\t\n\t\t\t\t\t\n\t\t\t\t\t\n\t\t\t\t\t<div class=\"sober-banner-image__buttons\">\n\t\t\t\t\t\t\t\t\t\t\t\t\t\t\t\t\t<\/div>\n\t\t\t\t<\/div>\n\t\t\t<\/a>\t\t<\/div>\n\t\t\t\t<\/div>\n\t\t\t\t<\/div>\n\t\t\t\t\t\t<\/div>\n\t\t\t\t\t<\/div>\n\t\t<\/div>\n\t\t\t\t<div class=\"elementor-column elementor-col-25 elementor-top-column elementor-element elementor-element-fbdb004\" data-id=\"fbdb004\" data-element_type=\"column\">\n\t\t\t<div class=\"elementor-column-wrap\">\n\t\t\t\t\t\t\t<div class=\"elementor-widget-wrap\">\n\t\t\t\t\t\t\t\t<\/div>\n\t\t\t\t\t<\/div>\n\t\t<\/div>\n\t\t\t\t<div class=\"elementor-column elementor-col-25 elementor-top-column elementor-element elementor-element-91fd002\" data-id=\"91fd002\" data-element_type=\"column\">\n\t\t\t<div class=\"elementor-column-wrap\">\n\t\t\t\t\t\t\t<div class=\"elementor-widget-wrap\">\n\t\t\t\t\t\t\t\t<\/div>\n\t\t\t\t\t<\/div>\n\t\t<\/div>\n\t\t\t\t\t\t\t\t<\/div>\n\t\t\t\t\t<\/div>\n\t\t<\/section>\n\t\t\t\t\t\t\t\t\t<\/div>\n\t\t\t<\/div>\n\t\t\t\t\t<\/div>\n\t\t","protected":false},"excerpt":{"rendered":"<p>Jeni t\u00eb apasionuar pas gatimit, p\u00ebrgatitjes s\u00eb ushqimeve m\u00eb interesante dhe gatimit t\u00eb shijeve speciale p\u00ebr familjen dhe m\u00eb t\u00eb dashurit tuaj? Me mjetet praktike t\u00eb gatimit, en\u00ebve t\u00eb sofistikuara,&hellip;<\/p>\n","protected":false},"author":1,"featured_media":0,"parent":0,"menu_order":0,"comment_status":"closed","ping_status":"closed","template":"templates\/homepage.php","meta":{"footnotes":""},"class_list":["post-2815","page","type-page","status-publish","hentry"],"yoast_head":"<!-- This site is optimized with the Yoast SEO Premium plugin v18.2.1 (Yoast SEO v22.5) - https:\/\/yoast.com\/wordpress\/plugins\/seo\/ -->\n<title>KUZHIN\u00cb - Comodita Home<\/title>\n<meta name=\"description\" content=\"Jeni t\u00eb apasionuar pas gatimit, p\u00ebrgatitjes s\u00eb ushqimeve m\u00eb interesante dhe gatimit t\u00eb shijeve speciale p\u00ebr familjen dhe m\u00eb t\u00eb dashurit tuaj?\" \/>\n<meta name=\"robots\" content=\"index, follow, max-snippet:-1, max-image-preview:large, max-video-preview:-1\" \/>\n<link rel=\"canonical\" href=\"https:\/\/www.comoditahome.com\/ks\/kuzhine\/\" \/>\n<meta property=\"og:locale\" content=\"sq_AL\" \/>\n<meta property=\"og:type\" content=\"article\" \/>\n<meta property=\"og:title\" content=\"KUZHIN\u00cb\" \/>\n<meta property=\"og:description\" content=\"Jeni t\u00eb apasionuar pas gatimit, p\u00ebrgatitjes s\u00eb ushqimeve m\u00eb interesante dhe gatimit t\u00eb shijeve speciale p\u00ebr familjen dhe m\u00eb t\u00eb dashurit tuaj?\" \/>\n<meta property=\"og:url\" content=\"https:\/\/www.comoditahome.com\/ks\/kuzhine\/\" \/>\n<meta property=\"og:site_name\" content=\"Comodita Home\" \/>\n<meta property=\"article:publisher\" content=\"https:\/\/www.facebook.com\/comoditahome\/\" \/>\n<meta property=\"article:modified_time\" content=\"2025-10-24T11:43:30+00:00\" \/>\n<meta property=\"og:image\" content=\"https:\/\/www.comoditahome.com\/ks\/wp-content\/uploads\/2025\/09\/Sub-Ene-gatiimi.jpg\" \/>\n<meta name=\"twitter:card\" content=\"summary_large_image\" \/>\n<meta name=\"twitter:label1\" content=\"Est. reading time\" \/>\n\t<meta name=\"twitter:data1\" content=\"2 minuta\" \/>\n<script type=\"application\/ld+json\" class=\"yoast-schema-graph\">{\"@context\":\"https:\/\/schema.org\",\"@graph\":[{\"@type\":\"WebPage\",\"@id\":\"https:\/\/www.comoditahome.com\/ks\/kuzhine\/\",\"url\":\"https:\/\/www.comoditahome.com\/ks\/kuzhine\/\",\"name\":\"KUZHIN\u00cb - Comodita Home\",\"isPartOf\":{\"@id\":\"https:\/\/www.comoditahome.com\/ks\/#website\"},\"primaryImageOfPage\":{\"@id\":\"https:\/\/www.comoditahome.com\/ks\/kuzhine\/#primaryimage\"},\"image\":{\"@id\":\"https:\/\/www.comoditahome.com\/ks\/kuzhine\/#primaryimage\"},\"thumbnailUrl\":\"https:\/\/www.comoditahome.com\/ks\/wp-content\/uploads\/2025\/09\/Sub-Ene-gatiimi.jpg\",\"datePublished\":\"2021-05-12T07:22:52+00:00\",\"dateModified\":\"2025-10-24T11:43:30+00:00\",\"description\":\"Jeni t\u00eb apasionuar pas gatimit, p\u00ebrgatitjes s\u00eb ushqimeve m\u00eb interesante dhe gatimit t\u00eb shijeve speciale p\u00ebr familjen dhe m\u00eb t\u00eb dashurit tuaj?\",\"breadcrumb\":{\"@id\":\"https:\/\/www.comoditahome.com\/ks\/kuzhine\/#breadcrumb\"},\"inLanguage\":\"sq\",\"potentialAction\":[{\"@type\":\"ReadAction\",\"target\":[\"https:\/\/www.comoditahome.com\/ks\/kuzhine\/\"]}]},{\"@type\":\"ImageObject\",\"inLanguage\":\"sq\",\"@id\":\"https:\/\/www.comoditahome.com\/ks\/kuzhine\/#primaryimage\",\"url\":\"https:\/\/www.comoditahome.com\/ks\/wp-content\/uploads\/2025\/09\/Sub-Ene-gatiimi.jpg\",\"contentUrl\":\"https:\/\/www.comoditahome.com\/ks\/wp-content\/uploads\/2025\/09\/Sub-Ene-gatiimi.jpg\",\"width\":640,\"height\":867},{\"@type\":\"BreadcrumbList\",\"@id\":\"https:\/\/www.comoditahome.com\/ks\/kuzhine\/#breadcrumb\",\"itemListElement\":[{\"@type\":\"ListItem\",\"position\":1,\"name\":\"Comodita Home Kosova - Dyshek Mattress\",\"item\":\"https:\/\/www.comoditahome.com\/ks\/\"},{\"@type\":\"ListItem\",\"position\":2,\"name\":\"KUZHIN\u00cb\"}]},{\"@type\":\"WebSite\",\"@id\":\"https:\/\/www.comoditahome.com\/ks\/#website\",\"url\":\"https:\/\/www.comoditahome.com\/ks\/\",\"name\":\"Comodita Home\",\"description\":\"Dyshek, Jorgan, Jast\u00ebk, Kuzhine, Banjo, Kopsht dhe Aksesor\u00eb\",\"publisher\":{\"@id\":\"https:\/\/www.comoditahome.com\/ks\/#organization\"},\"potentialAction\":[{\"@type\":\"SearchAction\",\"target\":{\"@type\":\"EntryPoint\",\"urlTemplate\":\"https:\/\/www.comoditahome.com\/ks\/?s={search_term_string}\"},\"query-input\":\"required name=search_term_string\"}],\"inLanguage\":\"sq\"},{\"@type\":\"Organization\",\"@id\":\"https:\/\/www.comoditahome.com\/ks\/#organization\",\"name\":\"Comodita Home\",\"url\":\"https:\/\/www.comoditahome.com\/ks\/\",\"logo\":{\"@type\":\"ImageObject\",\"inLanguage\":\"sq\",\"@id\":\"https:\/\/www.comoditahome.com\/ks\/#\/schema\/logo\/image\/\",\"url\":\"https:\/\/www.comoditahome.com\/ks\/wp-content\/uploads\/2022\/05\/COMODITA_HOME_LOGO_KS_MK_AL-02.png\",\"contentUrl\":\"https:\/\/www.comoditahome.com\/ks\/wp-content\/uploads\/2022\/05\/COMODITA_HOME_LOGO_KS_MK_AL-02.png\",\"width\":180,\"height\":87,\"caption\":\"Comodita Home\"},\"image\":{\"@id\":\"https:\/\/www.comoditahome.com\/ks\/#\/schema\/logo\/image\/\"},\"sameAs\":[\"https:\/\/www.facebook.com\/comoditahome\/\",\"https:\/\/www.instagram.com\/comoditahome\/\",\"https:\/\/www.linkedin.com\/company\/comoditahome\/?originalSubdomain=fj\",\"https:\/\/www.youtube.com\/channel\/UC5O6IsT4JD4zaiOqmRi_Pvg\"]}]}<\/script>\n<!-- \/ Yoast SEO Premium plugin. -->","yoast_head_json":{"title":"KUZHIN\u00cb - Comodita Home","description":"Jeni t\u00eb apasionuar pas gatimit, p\u00ebrgatitjes s\u00eb ushqimeve m\u00eb interesante dhe gatimit t\u00eb shijeve speciale p\u00ebr familjen dhe m\u00eb t\u00eb dashurit tuaj?","robots":{"index":"index","follow":"follow","max-snippet":"max-snippet:-1","max-image-preview":"max-image-preview:large","max-video-preview":"max-video-preview:-1"},"canonical":"https:\/\/www.comoditahome.com\/ks\/kuzhine\/","og_locale":"sq_AL","og_type":"article","og_title":"KUZHIN\u00cb","og_description":"Jeni t\u00eb apasionuar pas gatimit, p\u00ebrgatitjes s\u00eb ushqimeve m\u00eb interesante dhe gatimit t\u00eb shijeve speciale p\u00ebr familjen dhe m\u00eb t\u00eb dashurit tuaj?","og_url":"https:\/\/www.comoditahome.com\/ks\/kuzhine\/","og_site_name":"Comodita Home","article_publisher":"https:\/\/www.facebook.com\/comoditahome\/","article_modified_time":"2025-10-24T11:43:30+00:00","og_image":[{"url":"https:\/\/www.comoditahome.com\/ks\/wp-content\/uploads\/2025\/09\/Sub-Ene-gatiimi.jpg"}],"twitter_card":"summary_large_image","twitter_misc":{"Est. reading time":"2 minuta"},"schema":{"@context":"https:\/\/schema.org","@graph":[{"@type":"WebPage","@id":"https:\/\/www.comoditahome.com\/ks\/kuzhine\/","url":"https:\/\/www.comoditahome.com\/ks\/kuzhine\/","name":"KUZHIN\u00cb - Comodita Home","isPartOf":{"@id":"https:\/\/www.comoditahome.com\/ks\/#website"},"primaryImageOfPage":{"@id":"https:\/\/www.comoditahome.com\/ks\/kuzhine\/#primaryimage"},"image":{"@id":"https:\/\/www.comoditahome.com\/ks\/kuzhine\/#primaryimage"},"thumbnailUrl":"https:\/\/www.comoditahome.com\/ks\/wp-content\/uploads\/2025\/09\/Sub-Ene-gatiimi.jpg","datePublished":"2021-05-12T07:22:52+00:00","dateModified":"2025-10-24T11:43:30+00:00","description":"Jeni t\u00eb apasionuar pas gatimit, p\u00ebrgatitjes s\u00eb ushqimeve m\u00eb interesante dhe gatimit t\u00eb shijeve speciale p\u00ebr familjen dhe m\u00eb t\u00eb dashurit tuaj?","breadcrumb":{"@id":"https:\/\/www.comoditahome.com\/ks\/kuzhine\/#breadcrumb"},"inLanguage":"sq","potentialAction":[{"@type":"ReadAction","target":["https:\/\/www.comoditahome.com\/ks\/kuzhine\/"]}]},{"@type":"ImageObject","inLanguage":"sq","@id":"https:\/\/www.comoditahome.com\/ks\/kuzhine\/#primaryimage","url":"https:\/\/www.comoditahome.com\/ks\/wp-content\/uploads\/2025\/09\/Sub-Ene-gatiimi.jpg","contentUrl":"https:\/\/www.comoditahome.com\/ks\/wp-content\/uploads\/2025\/09\/Sub-Ene-gatiimi.jpg","width":640,"height":867},{"@type":"BreadcrumbList","@id":"https:\/\/www.comoditahome.com\/ks\/kuzhine\/#breadcrumb","itemListElement":[{"@type":"ListItem","position":1,"name":"Comodita Home Kosova - Dyshek Mattress","item":"https:\/\/www.comoditahome.com\/ks\/"},{"@type":"ListItem","position":2,"name":"KUZHIN\u00cb"}]},{"@type":"WebSite","@id":"https:\/\/www.comoditahome.com\/ks\/#website","url":"https:\/\/www.comoditahome.com\/ks\/","name":"Comodita Home","description":"Dyshek, Jorgan, Jast\u00ebk, Kuzhine, Banjo, Kopsht dhe Aksesor\u00eb","publisher":{"@id":"https:\/\/www.comoditahome.com\/ks\/#organization"},"potentialAction":[{"@type":"SearchAction","target":{"@type":"EntryPoint","urlTemplate":"https:\/\/www.comoditahome.com\/ks\/?s={search_term_string}"},"query-input":"required name=search_term_string"}],"inLanguage":"sq"},{"@type":"Organization","@id":"https:\/\/www.comoditahome.com\/ks\/#organization","name":"Comodita Home","url":"https:\/\/www.comoditahome.com\/ks\/","logo":{"@type":"ImageObject","inLanguage":"sq","@id":"https:\/\/www.comoditahome.com\/ks\/#\/schema\/logo\/image\/","url":"https:\/\/www.comoditahome.com\/ks\/wp-content\/uploads\/2022\/05\/COMODITA_HOME_LOGO_KS_MK_AL-02.png","contentUrl":"https:\/\/www.comoditahome.com\/ks\/wp-content\/uploads\/2022\/05\/COMODITA_HOME_LOGO_KS_MK_AL-02.png","width":180,"height":87,"caption":"Comodita Home"},"image":{"@id":"https:\/\/www.comoditahome.com\/ks\/#\/schema\/logo\/image\/"},"sameAs":["https:\/\/www.facebook.com\/comoditahome\/","https:\/\/www.instagram.com\/comoditahome\/","https:\/\/www.linkedin.com\/company\/comoditahome\/?originalSubdomain=fj","https:\/\/www.youtube.com\/channel\/UC5O6IsT4JD4zaiOqmRi_Pvg"]}]}},"_links":{"self":[{"href":"https:\/\/www.comoditahome.com\/ks\/wp-json\/wp\/v2\/pages\/2815","targetHints":{"allow":["GET"]}}],"collection":[{"href":"https:\/\/www.comoditahome.com\/ks\/wp-json\/wp\/v2\/pages"}],"about":[{"href":"https:\/\/www.comoditahome.com\/ks\/wp-json\/wp\/v2\/types\/page"}],"author":[{"embeddable":true,"href":"https:\/\/www.comoditahome.com\/ks\/wp-json\/wp\/v2\/users\/1"}],"replies":[{"embeddable":true,"href":"https:\/\/www.comoditahome.com\/ks\/wp-json\/wp\/v2\/comments?post=2815"}],"version-history":[{"count":140,"href":"https:\/\/www.comoditahome.com\/ks\/wp-json\/wp\/v2\/pages\/2815\/revisions"}],"predecessor-version":[{"id":108772,"href":"https:\/\/www.comoditahome.com\/ks\/wp-json\/wp\/v2\/pages\/2815\/revisions\/108772"}],"wp:attachment":[{"href":"https:\/\/www.comoditahome.com\/ks\/wp-json\/wp\/v2\/media?parent=2815"}],"curies":[{"name":"wp","href":"https:\/\/api.w.org\/{rel}","templated":true}]}}