 {"id":2819,"date":"2021-05-12T07:23:26","date_gmt":"2021-05-12T07:23:26","guid":{"rendered":"https:\/\/ks.comoditahome.com\/?page_id=2819"},"modified":"2024-04-01T08:41:48","modified_gmt":"2024-04-01T07:41:48","slug":"udhetim","status":"publish","type":"page","link":"https:\/\/www.comoditahome.com\/ks\/udhetim\/","title":{"rendered":"UDH\u00cbTIM"},"content":{"rendered":"\t\t<div data-elementor-type=\"wp-page\" data-elementor-id=\"2819\" class=\"elementor elementor-2819\">\n\t\t\t\t\t\t<div class=\"elementor-inner\">\n\t\t\t\t<div class=\"elementor-section-wrap\">\n\t\t\t\t\t\t\t\t\t<section class=\"elementor-section elementor-top-section elementor-element elementor-element-75d14bb elementor-section-full_width elementor-section-stretched elementor-section-height-default elementor-section-height-default\" data-id=\"75d14bb\" data-element_type=\"section\" data-settings=\"{&quot;stretch_section&quot;:&quot;section-stretched&quot;,&quot;background_background&quot;:&quot;classic&quot;}\">\n\t\t\t\t\t\t<div class=\"elementor-container elementor-column-gap-default\">\n\t\t\t\t\t\t\t<div class=\"elementor-row\">\n\t\t\t\t\t<div class=\"elementor-column elementor-col-25 elementor-top-column elementor-element elementor-element-e78211a\" data-id=\"e78211a\" data-element_type=\"column\">\n\t\t\t<div class=\"elementor-column-wrap\">\n\t\t\t\t\t\t\t<div class=\"elementor-widget-wrap\">\n\t\t\t\t\t\t\t\t<\/div>\n\t\t\t\t\t<\/div>\n\t\t<\/div>\n\t\t\t\t<div class=\"elementor-column elementor-col-50 elementor-top-column elementor-element elementor-element-9eca708\" data-id=\"9eca708\" data-element_type=\"column\">\n\t\t\t<div class=\"elementor-column-wrap elementor-element-populated\">\n\t\t\t\t\t\t\t<div class=\"elementor-widget-wrap\">\n\t\t\t\t\t\t<div class=\"elementor-element elementor-element-4c1d688 elementor-widget elementor-widget-text-editor\" data-id=\"4c1d688\" data-element_type=\"widget\" data-widget_type=\"text-editor.default\">\n\t\t\t\t<div class=\"elementor-widget-container\">\n\t\t\t\t\t\t\t\t<div class=\"elementor-text-editor elementor-clearfix\">\n\t\t\t\t<p style=\"text-align: center;\"><span style=\"color: #000000;\">B\u00ebhuni gati p\u00ebr pushime, udh\u00ebtime dhe aventura pasionante me linj\u00eb e udh\u00ebtimit Regent!\u00a0<br \/>Prej valixheve n\u00eb madh\u00ebsi t\u00eb ndryshme e deri tek \u00e7antat komplekse t\u00eb p\u00ebrshtashme p\u00ebr raste t\u00eb ndryshme udh\u00ebtimi. Me Regent do t\u00eb udh\u00ebtoni m\u00eb komfort. <br \/>Dizajnet praktike, materiali kualitativ dhe ngjyrat e format shum\u00eb moderne, do t\u00eb ju ndihmojn\u00eb t\u00eb finalizoni pamjen elegante t\u00eb nj\u00eb udh\u00ebtari entuziast.\u00a0\u00a0<\/span><\/p>\t\t\t\t\t<\/div>\n\t\t\t\t\t\t<\/div>\n\t\t\t\t<\/div>\n\t\t\t\t\t\t<\/div>\n\t\t\t\t\t<\/div>\n\t\t<\/div>\n\t\t\t\t<div class=\"elementor-column elementor-col-25 elementor-top-column elementor-element elementor-element-492205f\" data-id=\"492205f\" data-element_type=\"column\">\n\t\t\t<div class=\"elementor-column-wrap\">\n\t\t\t\t\t\t\t<div class=\"elementor-widget-wrap\">\n\t\t\t\t\t\t\t\t<\/div>\n\t\t\t\t\t<\/div>\n\t\t<\/div>\n\t\t\t\t\t\t\t\t<\/div>\n\t\t\t\t\t<\/div>\n\t\t<\/section>\n\t\t\t\t<section class=\"elementor-section elementor-top-section elementor-element elementor-element-5e43e3c elementor-section-full_width elementor-section-stretched elementor-section-height-default elementor-section-height-default\" data-id=\"5e43e3c\" data-element_type=\"section\" data-settings=\"{&quot;stretch_section&quot;:&quot;section-stretched&quot;,&quot;background_background&quot;:&quot;classic&quot;}\">\n\t\t\t\t\t\t<div class=\"elementor-container elementor-column-gap-no\">\n\t\t\t\t\t\t\t<div class=\"elementor-row\">\n\t\t\t\t\t<div class=\"elementor-column elementor-col-25 elementor-top-column elementor-element elementor-element-d39b81c\" data-id=\"d39b81c\" data-element_type=\"column\">\n\t\t\t<div class=\"elementor-column-wrap elementor-element-populated\">\n\t\t\t\t\t\t\t<div class=\"elementor-widget-wrap\">\n\t\t\t\t\t\t<div class=\"elementor-element elementor-element-0d0953c elementor-widget elementor-widget-sober-banner\" data-id=\"0d0953c\" data-element_type=\"widget\" data-widget_type=\"sober-banner.default\">\n\t\t\t\t<div class=\"elementor-widget-container\">\n\t\t\t\t\t<div class=\"sober-banner-image sober-banner--elementor sober-banner-image--hover-zoom sober-banner-image--button-visible-always sober-banner-image--content-center-middle sober-banner-image--content-sm-left-top sober-banner-image--content-xs-left-top\">\n\t\t\t<a class=\"sober-banner-image__link\" href=\"https:\/\/www.comoditahome.com\/ks\/product-category\/udhetim\/valixhe\/\">\t\t\t\t<img loading=\"lazy\" decoding=\"async\" width=\"640\" height=\"867\" src=\"https:\/\/www.comoditahome.com\/ks\/wp-content\/uploads\/2021\/07\/Valixhe-subkategoria.jpg\" class=\"attachment-full size-full\" alt=\"\" srcset=\"https:\/\/www.comoditahome.com\/ks\/wp-content\/uploads\/2021\/07\/Valixhe-subkategoria.jpg 640w, https:\/\/www.comoditahome.com\/ks\/wp-content\/uploads\/2021\/07\/Valixhe-subkategoria-221x300.jpg 221w, https:\/\/www.comoditahome.com\/ks\/wp-content\/uploads\/2021\/07\/Valixhe-subkategoria-111x150.jpg 111w\" sizes=\"auto, (max-width: 640px) 100vw, 640px\" \/>\n\t\t\t\t<div class=\"sober-banner-image__content\">\n\t\t\t\t\t\n\t\t\t\t\t\t\t\t\t\t\t<div class=\"sober-banner-image__title\">VALIXHE<\/div>\n\t\t\t\t\t\n\t\t\t\t\t\n\t\t\t\t\t<div class=\"sober-banner-image__buttons\">\n\t\t\t\t\t\t\t\t\t\t\t\t\t\t\t\t\t<\/div>\n\t\t\t\t<\/div>\n\t\t\t<\/a>\t\t<\/div>\n\t\t\t\t<\/div>\n\t\t\t\t<\/div>\n\t\t\t\t\t\t<\/div>\n\t\t\t\t\t<\/div>\n\t\t<\/div>\n\t\t\t\t<div class=\"elementor-column elementor-col-25 elementor-top-column elementor-element elementor-element-df74a8a\" data-id=\"df74a8a\" data-element_type=\"column\">\n\t\t\t<div class=\"elementor-column-wrap elementor-element-populated\">\n\t\t\t\t\t\t\t<div class=\"elementor-widget-wrap\">\n\t\t\t\t\t\t<div class=\"elementor-element elementor-element-2b6c329 elementor-widget elementor-widget-sober-banner\" data-id=\"2b6c329\" data-element_type=\"widget\" data-widget_type=\"sober-banner.default\">\n\t\t\t\t<div class=\"elementor-widget-container\">\n\t\t\t\t\t<div class=\"sober-banner-image sober-banner--elementor sober-banner-image--hover-zoom sober-banner-image--button-visible-always sober-banner-image--content-center-middle sober-banner-image--content-sm-left-top sober-banner-image--content-xs-left-top\">\n\t\t\t<a class=\"sober-banner-image__link\" href=\"https:\/\/www.comoditahome.com\/ks\/product-category\/udhetim\/cante\/\">\t\t\t\t<img loading=\"lazy\" decoding=\"async\" width=\"640\" height=\"867\" src=\"https:\/\/www.comoditahome.com\/ks\/wp-content\/uploads\/2021\/07\/Canta-Regent-3333.jpg\" class=\"attachment-full size-full\" alt=\"\" srcset=\"https:\/\/www.comoditahome.com\/ks\/wp-content\/uploads\/2021\/07\/Canta-Regent-3333.jpg 640w, https:\/\/www.comoditahome.com\/ks\/wp-content\/uploads\/2021\/07\/Canta-Regent-3333-221x300.jpg 221w, https:\/\/www.comoditahome.com\/ks\/wp-content\/uploads\/2021\/07\/Canta-Regent-3333-111x150.jpg 111w\" sizes=\"auto, (max-width: 640px) 100vw, 640px\" \/>\n\t\t\t\t<div class=\"sober-banner-image__content\">\n\t\t\t\t\t\n\t\t\t\t\t\t\t\t\t\t\t<div class=\"sober-banner-image__title\">\u00c7ANT\u00cb<\/div>\n\t\t\t\t\t\n\t\t\t\t\t\n\t\t\t\t\t<div class=\"sober-banner-image__buttons\">\n\t\t\t\t\t\t\t\t\t\t\t\t\t\t\t\t\t<\/div>\n\t\t\t\t<\/div>\n\t\t\t<\/a>\t\t<\/div>\n\t\t\t\t<\/div>\n\t\t\t\t<\/div>\n\t\t\t\t\t\t<\/div>\n\t\t\t\t\t<\/div>\n\t\t<\/div>\n\t\t\t\t<div class=\"elementor-column elementor-col-25 elementor-top-column elementor-element elementor-element-04b3081\" data-id=\"04b3081\" data-element_type=\"column\">\n\t\t\t<div class=\"elementor-column-wrap\">\n\t\t\t\t\t\t\t<div class=\"elementor-widget-wrap\">\n\t\t\t\t\t\t\t\t<\/div>\n\t\t\t\t\t<\/div>\n\t\t<\/div>\n\t\t\t\t<div class=\"elementor-column elementor-col-25 elementor-top-column elementor-element elementor-element-b3f752d\" data-id=\"b3f752d\" data-element_type=\"column\">\n\t\t\t<div class=\"elementor-column-wrap\">\n\t\t\t\t\t\t\t<div class=\"elementor-widget-wrap\">\n\t\t\t\t\t\t\t\t<\/div>\n\t\t\t\t\t<\/div>\n\t\t<\/div>\n\t\t\t\t\t\t\t\t<\/div>\n\t\t\t\t\t<\/div>\n\t\t<\/section>\n\t\t\t\t\t\t\t\t\t<\/div>\n\t\t\t<\/div>\n\t\t\t\t\t<\/div>\n\t\t","protected":false},"excerpt":{"rendered":"<p>B\u00ebhuni gati p\u00ebr pushime, udh\u00ebtime dhe aventura pasionante me linj\u00eb e udh\u00ebtimit Regent!\u00a0Prej valixheve n\u00eb madh\u00ebsi t\u00eb ndryshme e deri tek \u00e7antat komplekse t\u00eb p\u00ebrshtashme p\u00ebr raste t\u00eb ndryshme udh\u00ebtimi.&hellip;<\/p>\n","protected":false},"author":1,"featured_media":0,"parent":0,"menu_order":0,"comment_status":"closed","ping_status":"closed","template":"templates\/homepage.php","meta":{"footnotes":""},"class_list":["post-2819","page","type-page","status-publish","hentry"],"yoast_head":"<!-- This site is optimized with the Yoast SEO Premium plugin v18.2.1 (Yoast SEO v22.5) - https:\/\/yoast.com\/wordpress\/plugins\/seo\/ -->\n<title>UDH\u00cbTIM - Comodita Home<\/title>\n<meta name=\"description\" content=\"B\u00ebhuni gati p\u00ebr pushime, udh\u00ebtime dhe aventura pasionante me linj\u00eb e udh\u00ebtimit Regent! Prej valixheve n\u00eb madh\u00ebsi t\u00eb ndryshme...\" \/>\n<meta name=\"robots\" content=\"index, follow, max-snippet:-1, max-image-preview:large, max-video-preview:-1\" \/>\n<link rel=\"canonical\" href=\"https:\/\/www.comoditahome.com\/ks\/udhetim\/\" \/>\n<meta property=\"og:locale\" content=\"sq_AL\" \/>\n<meta property=\"og:type\" content=\"article\" \/>\n<meta property=\"og:title\" content=\"UDH\u00cbTIM\" \/>\n<meta property=\"og:description\" content=\"B\u00ebhuni gati p\u00ebr pushime, udh\u00ebtime dhe aventura pasionante me linj\u00eb e udh\u00ebtimit Regent! Prej valixheve n\u00eb madh\u00ebsi t\u00eb ndryshme...\" \/>\n<meta property=\"og:url\" content=\"https:\/\/www.comoditahome.com\/ks\/udhetim\/\" \/>\n<meta property=\"og:site_name\" content=\"Comodita Home\" \/>\n<meta property=\"article:publisher\" content=\"https:\/\/www.facebook.com\/comoditahome\/\" \/>\n<meta property=\"article:modified_time\" content=\"2024-04-01T07:41:48+00:00\" \/>\n<meta property=\"og:image\" content=\"https:\/\/www.comoditahome.com\/ks\/wp-content\/uploads\/2021\/07\/Valixhe-subkategoria.jpg\" \/>\n<meta name=\"twitter:card\" content=\"summary_large_image\" \/>\n<meta name=\"twitter:label1\" content=\"Est. reading time\" \/>\n\t<meta name=\"twitter:data1\" content=\"1 minut\u00eb\" \/>\n<script type=\"application\/ld+json\" class=\"yoast-schema-graph\">{\"@context\":\"https:\/\/schema.org\",\"@graph\":[{\"@type\":\"WebPage\",\"@id\":\"https:\/\/www.comoditahome.com\/ks\/udhetim\/\",\"url\":\"https:\/\/www.comoditahome.com\/ks\/udhetim\/\",\"name\":\"UDH\u00cbTIM - Comodita Home\",\"isPartOf\":{\"@id\":\"https:\/\/www.comoditahome.com\/ks\/#website\"},\"primaryImageOfPage\":{\"@id\":\"https:\/\/www.comoditahome.com\/ks\/udhetim\/#primaryimage\"},\"image\":{\"@id\":\"https:\/\/www.comoditahome.com\/ks\/udhetim\/#primaryimage\"},\"thumbnailUrl\":\"https:\/\/www.comoditahome.com\/ks\/wp-content\/uploads\/2021\/07\/Valixhe-subkategoria.jpg\",\"datePublished\":\"2021-05-12T07:23:26+00:00\",\"dateModified\":\"2024-04-01T07:41:48+00:00\",\"description\":\"B\u00ebhuni gati p\u00ebr pushime, udh\u00ebtime dhe aventura pasionante me linj\u00eb e udh\u00ebtimit Regent! Prej valixheve n\u00eb madh\u00ebsi t\u00eb ndryshme...\",\"breadcrumb\":{\"@id\":\"https:\/\/www.comoditahome.com\/ks\/udhetim\/#breadcrumb\"},\"inLanguage\":\"sq\",\"potentialAction\":[{\"@type\":\"ReadAction\",\"target\":[\"https:\/\/www.comoditahome.com\/ks\/udhetim\/\"]}]},{\"@type\":\"ImageObject\",\"inLanguage\":\"sq\",\"@id\":\"https:\/\/www.comoditahome.com\/ks\/udhetim\/#primaryimage\",\"url\":\"https:\/\/www.comoditahome.com\/ks\/wp-content\/uploads\/2021\/07\/Valixhe-subkategoria.jpg\",\"contentUrl\":\"https:\/\/www.comoditahome.com\/ks\/wp-content\/uploads\/2021\/07\/Valixhe-subkategoria.jpg\",\"width\":640,\"height\":867},{\"@type\":\"BreadcrumbList\",\"@id\":\"https:\/\/www.comoditahome.com\/ks\/udhetim\/#breadcrumb\",\"itemListElement\":[{\"@type\":\"ListItem\",\"position\":1,\"name\":\"Comodita Home Kosova - Dyshek Mattress\",\"item\":\"https:\/\/www.comoditahome.com\/ks\/\"},{\"@type\":\"ListItem\",\"position\":2,\"name\":\"UDH\u00cbTIM\"}]},{\"@type\":\"WebSite\",\"@id\":\"https:\/\/www.comoditahome.com\/ks\/#website\",\"url\":\"https:\/\/www.comoditahome.com\/ks\/\",\"name\":\"Comodita Home\",\"description\":\"Dyshek, Jorgan, Jast\u00ebk, Kuzhine, Banjo, Kopsht dhe Aksesor\u00eb\",\"publisher\":{\"@id\":\"https:\/\/www.comoditahome.com\/ks\/#organization\"},\"potentialAction\":[{\"@type\":\"SearchAction\",\"target\":{\"@type\":\"EntryPoint\",\"urlTemplate\":\"https:\/\/www.comoditahome.com\/ks\/?s={search_term_string}\"},\"query-input\":\"required name=search_term_string\"}],\"inLanguage\":\"sq\"},{\"@type\":\"Organization\",\"@id\":\"https:\/\/www.comoditahome.com\/ks\/#organization\",\"name\":\"Comodita Home\",\"url\":\"https:\/\/www.comoditahome.com\/ks\/\",\"logo\":{\"@type\":\"ImageObject\",\"inLanguage\":\"sq\",\"@id\":\"https:\/\/www.comoditahome.com\/ks\/#\/schema\/logo\/image\/\",\"url\":\"https:\/\/www.comoditahome.com\/ks\/wp-content\/uploads\/2022\/05\/COMODITA_HOME_LOGO_KS_MK_AL-02.png\",\"contentUrl\":\"https:\/\/www.comoditahome.com\/ks\/wp-content\/uploads\/2022\/05\/COMODITA_HOME_LOGO_KS_MK_AL-02.png\",\"width\":180,\"height\":87,\"caption\":\"Comodita Home\"},\"image\":{\"@id\":\"https:\/\/www.comoditahome.com\/ks\/#\/schema\/logo\/image\/\"},\"sameAs\":[\"https:\/\/www.facebook.com\/comoditahome\/\",\"https:\/\/www.instagram.com\/comoditahome\/\",\"https:\/\/www.linkedin.com\/company\/comoditahome\/?originalSubdomain=fj\",\"https:\/\/www.youtube.com\/channel\/UC5O6IsT4JD4zaiOqmRi_Pvg\"]}]}<\/script>\n<!-- \/ Yoast SEO Premium plugin. -->","yoast_head_json":{"title":"UDH\u00cbTIM - Comodita Home","description":"B\u00ebhuni gati p\u00ebr pushime, udh\u00ebtime dhe aventura pasionante me linj\u00eb e udh\u00ebtimit Regent! Prej valixheve n\u00eb madh\u00ebsi t\u00eb ndryshme...","robots":{"index":"index","follow":"follow","max-snippet":"max-snippet:-1","max-image-preview":"max-image-preview:large","max-video-preview":"max-video-preview:-1"},"canonical":"https:\/\/www.comoditahome.com\/ks\/udhetim\/","og_locale":"sq_AL","og_type":"article","og_title":"UDH\u00cbTIM","og_description":"B\u00ebhuni gati p\u00ebr pushime, udh\u00ebtime dhe aventura pasionante me linj\u00eb e udh\u00ebtimit Regent! Prej valixheve n\u00eb madh\u00ebsi t\u00eb ndryshme...","og_url":"https:\/\/www.comoditahome.com\/ks\/udhetim\/","og_site_name":"Comodita Home","article_publisher":"https:\/\/www.facebook.com\/comoditahome\/","article_modified_time":"2024-04-01T07:41:48+00:00","og_image":[{"url":"https:\/\/www.comoditahome.com\/ks\/wp-content\/uploads\/2021\/07\/Valixhe-subkategoria.jpg"}],"twitter_card":"summary_large_image","twitter_misc":{"Est. reading time":"1 minut\u00eb"},"schema":{"@context":"https:\/\/schema.org","@graph":[{"@type":"WebPage","@id":"https:\/\/www.comoditahome.com\/ks\/udhetim\/","url":"https:\/\/www.comoditahome.com\/ks\/udhetim\/","name":"UDH\u00cbTIM - Comodita Home","isPartOf":{"@id":"https:\/\/www.comoditahome.com\/ks\/#website"},"primaryImageOfPage":{"@id":"https:\/\/www.comoditahome.com\/ks\/udhetim\/#primaryimage"},"image":{"@id":"https:\/\/www.comoditahome.com\/ks\/udhetim\/#primaryimage"},"thumbnailUrl":"https:\/\/www.comoditahome.com\/ks\/wp-content\/uploads\/2021\/07\/Valixhe-subkategoria.jpg","datePublished":"2021-05-12T07:23:26+00:00","dateModified":"2024-04-01T07:41:48+00:00","description":"B\u00ebhuni gati p\u00ebr pushime, udh\u00ebtime dhe aventura pasionante me linj\u00eb e udh\u00ebtimit Regent! Prej valixheve n\u00eb madh\u00ebsi t\u00eb ndryshme...","breadcrumb":{"@id":"https:\/\/www.comoditahome.com\/ks\/udhetim\/#breadcrumb"},"inLanguage":"sq","potentialAction":[{"@type":"ReadAction","target":["https:\/\/www.comoditahome.com\/ks\/udhetim\/"]}]},{"@type":"ImageObject","inLanguage":"sq","@id":"https:\/\/www.comoditahome.com\/ks\/udhetim\/#primaryimage","url":"https:\/\/www.comoditahome.com\/ks\/wp-content\/uploads\/2021\/07\/Valixhe-subkategoria.jpg","contentUrl":"https:\/\/www.comoditahome.com\/ks\/wp-content\/uploads\/2021\/07\/Valixhe-subkategoria.jpg","width":640,"height":867},{"@type":"BreadcrumbList","@id":"https:\/\/www.comoditahome.com\/ks\/udhetim\/#breadcrumb","itemListElement":[{"@type":"ListItem","position":1,"name":"Comodita Home Kosova - Dyshek Mattress","item":"https:\/\/www.comoditahome.com\/ks\/"},{"@type":"ListItem","position":2,"name":"UDH\u00cbTIM"}]},{"@type":"WebSite","@id":"https:\/\/www.comoditahome.com\/ks\/#website","url":"https:\/\/www.comoditahome.com\/ks\/","name":"Comodita Home","description":"Dyshek, Jorgan, Jast\u00ebk, Kuzhine, Banjo, Kopsht dhe Aksesor\u00eb","publisher":{"@id":"https:\/\/www.comoditahome.com\/ks\/#organization"},"potentialAction":[{"@type":"SearchAction","target":{"@type":"EntryPoint","urlTemplate":"https:\/\/www.comoditahome.com\/ks\/?s={search_term_string}"},"query-input":"required name=search_term_string"}],"inLanguage":"sq"},{"@type":"Organization","@id":"https:\/\/www.comoditahome.com\/ks\/#organization","name":"Comodita Home","url":"https:\/\/www.comoditahome.com\/ks\/","logo":{"@type":"ImageObject","inLanguage":"sq","@id":"https:\/\/www.comoditahome.com\/ks\/#\/schema\/logo\/image\/","url":"https:\/\/www.comoditahome.com\/ks\/wp-content\/uploads\/2022\/05\/COMODITA_HOME_LOGO_KS_MK_AL-02.png","contentUrl":"https:\/\/www.comoditahome.com\/ks\/wp-content\/uploads\/2022\/05\/COMODITA_HOME_LOGO_KS_MK_AL-02.png","width":180,"height":87,"caption":"Comodita Home"},"image":{"@id":"https:\/\/www.comoditahome.com\/ks\/#\/schema\/logo\/image\/"},"sameAs":["https:\/\/www.facebook.com\/comoditahome\/","https:\/\/www.instagram.com\/comoditahome\/","https:\/\/www.linkedin.com\/company\/comoditahome\/?originalSubdomain=fj","https:\/\/www.youtube.com\/channel\/UC5O6IsT4JD4zaiOqmRi_Pvg"]}]}},"_links":{"self":[{"href":"https:\/\/www.comoditahome.com\/ks\/wp-json\/wp\/v2\/pages\/2819","targetHints":{"allow":["GET"]}}],"collection":[{"href":"https:\/\/www.comoditahome.com\/ks\/wp-json\/wp\/v2\/pages"}],"about":[{"href":"https:\/\/www.comoditahome.com\/ks\/wp-json\/wp\/v2\/types\/page"}],"author":[{"embeddable":true,"href":"https:\/\/www.comoditahome.com\/ks\/wp-json\/wp\/v2\/users\/1"}],"replies":[{"embeddable":true,"href":"https:\/\/www.comoditahome.com\/ks\/wp-json\/wp\/v2\/comments?post=2819"}],"version-history":[{"count":62,"href":"https:\/\/www.comoditahome.com\/ks\/wp-json\/wp\/v2\/pages\/2819\/revisions"}],"predecessor-version":[{"id":85500,"href":"https:\/\/www.comoditahome.com\/ks\/wp-json\/wp\/v2\/pages\/2819\/revisions\/85500"}],"wp:attachment":[{"href":"https:\/\/www.comoditahome.com\/ks\/wp-json\/wp\/v2\/media?parent=2819"}],"curies":[{"name":"wp","href":"https:\/\/api.w.org\/{rel}","templated":true}]}}