 {"id":2912,"date":"2021-05-15T08:31:03","date_gmt":"2021-05-15T08:31:03","guid":{"rendered":"https:\/\/ks.comoditahome.com\/?page_id=2912"},"modified":"2026-02-20T11:30:57","modified_gmt":"2026-02-20T10:30:57","slug":"rreth-nesh","status":"publish","type":"page","link":"https:\/\/www.comoditahome.com\/ks\/rreth-nesh\/","title":{"rendered":"RRETH NESH"},"content":{"rendered":"\t\t<div data-elementor-type=\"wp-page\" data-elementor-id=\"2912\" class=\"elementor elementor-2912\">\n\t\t\t\t\t\t<div class=\"elementor-inner\">\n\t\t\t\t<div class=\"elementor-section-wrap\">\n\t\t\t\t\t\t\t\t\t<section class=\"elementor-section elementor-top-section elementor-element elementor-element-594789f elementor-section-boxed elementor-section-height-default elementor-section-height-default\" data-id=\"594789f\" data-element_type=\"section\">\n\t\t\t\t\t\t<div class=\"elementor-container elementor-column-gap-default\">\n\t\t\t\t\t\t\t<div class=\"elementor-row\">\n\t\t\t\t\t<div class=\"elementor-column elementor-col-100 elementor-top-column elementor-element elementor-element-89b2c16\" data-id=\"89b2c16\" data-element_type=\"column\">\n\t\t\t<div class=\"elementor-column-wrap elementor-element-populated\">\n\t\t\t\t\t\t\t<div class=\"elementor-widget-wrap\">\n\t\t\t\t\t\t<div class=\"elementor-element elementor-element-ef8fb26 elementor-widget-divider--view-line_text elementor-widget-divider--element-align-left elementor-widget elementor-widget-divider\" data-id=\"ef8fb26\" data-element_type=\"widget\" data-widget_type=\"divider.default\">\n\t\t\t\t<div class=\"elementor-widget-container\">\n\t\t\t\t\t<div class=\"elementor-divider\">\n\t\t\t<span class=\"elementor-divider-separator\">\n\t\t\t\t\t\t\t<span class=\"elementor-divider__text elementor-divider__element\">\n\t\t\t\tRETH <b>NESH<\/b>\t\t\t\t<\/span>\n\t\t\t\t\t\t<\/span>\n\t\t<\/div>\n\t\t\t\t<\/div>\n\t\t\t\t<\/div>\n\t\t\t\t\t\t<\/div>\n\t\t\t\t\t<\/div>\n\t\t<\/div>\n\t\t\t\t\t\t\t\t<\/div>\n\t\t\t\t\t<\/div>\n\t\t<\/section>\n\t\t\t\t<section class=\"elementor-section elementor-top-section elementor-element elementor-element-ec4d7ef elementor-section-boxed elementor-section-height-default elementor-section-height-default\" data-id=\"ec4d7ef\" data-element_type=\"section\">\n\t\t\t\t\t\t<div class=\"elementor-container elementor-column-gap-default\">\n\t\t\t\t\t\t\t<div class=\"elementor-row\">\n\t\t\t\t\t<div class=\"elementor-column elementor-col-100 elementor-top-column elementor-element elementor-element-0f31739\" data-id=\"0f31739\" data-element_type=\"column\">\n\t\t\t<div class=\"elementor-column-wrap elementor-element-populated\">\n\t\t\t\t\t\t\t<div class=\"elementor-widget-wrap\">\n\t\t\t\t\t\t<div class=\"elementor-element elementor-element-c627efa elementor-widget elementor-widget-sober-banner\" data-id=\"c627efa\" data-element_type=\"widget\" data-widget_type=\"sober-banner.default\">\n\t\t\t\t<div class=\"elementor-widget-container\">\n\t\t\t\t\t<div class=\"sober-banner-image sober-banner--elementor sober-banner-image--hover-none sober-banner-image--button-visible-always sober-banner-image--content-left-top sober-banner-image--content-sm-left-top sober-banner-image--content-xs-left-top\">\n\t\t\t<a class=\"sober-banner-image__link\" href=\"https:\/\/www.google.com\/maps\/place\/Prishtina+Mall\/@42.5644776,21.1310907,17z\/data=!3m1!4b1!4m6!3m5!1s0x13549dec301cb849:0xdf6994a48e64c161!8m2!3d42.5644737!4d21.1332794!16s%2Fg%2F11fqd3j2rt\">\t\t\t\t<img loading=\"lazy\" decoding=\"async\" width=\"1202\" height=\"509\" src=\"https:\/\/www.comoditahome.com\/ks\/wp-content\/uploads\/2023\/03\/Vitrina-Comodita-Home-Prishtina-Mall.jpg\" class=\"attachment-full size-full\" alt=\"Comodita Home\" srcset=\"https:\/\/www.comoditahome.com\/ks\/wp-content\/uploads\/2023\/03\/Vitrina-Comodita-Home-Prishtina-Mall.jpg 1202w, https:\/\/www.comoditahome.com\/ks\/wp-content\/uploads\/2023\/03\/Vitrina-Comodita-Home-Prishtina-Mall-1200x508.jpg 1200w, https:\/\/www.comoditahome.com\/ks\/wp-content\/uploads\/2023\/03\/Vitrina-Comodita-Home-Prishtina-Mall-300x127.jpg 300w, https:\/\/www.comoditahome.com\/ks\/wp-content\/uploads\/2023\/03\/Vitrina-Comodita-Home-Prishtina-Mall-1024x434.jpg 1024w, https:\/\/www.comoditahome.com\/ks\/wp-content\/uploads\/2023\/03\/Vitrina-Comodita-Home-Prishtina-Mall-150x64.jpg 150w, https:\/\/www.comoditahome.com\/ks\/wp-content\/uploads\/2023\/03\/Vitrina-Comodita-Home-Prishtina-Mall-768x325.jpg 768w\" sizes=\"auto, (max-width: 1202px) 100vw, 1202px\" \/>\n\t\t\t\t<div class=\"sober-banner-image__content\">\n\t\t\t\t\t\n\t\t\t\t\t\n\t\t\t\t\t\n\t\t\t\t\t<div class=\"sober-banner-image__buttons\">\n\t\t\t\t\t\t\t\t\t\t\t\t\t\t\t\t\t<\/div>\n\t\t\t\t<\/div>\n\t\t\t<\/a>\t\t<\/div>\n\t\t\t\t<\/div>\n\t\t\t\t<\/div>\n\t\t\t\t<div class=\"elementor-element elementor-element-c9f616f elementor-widget elementor-widget-text-editor\" data-id=\"c9f616f\" data-element_type=\"widget\" data-widget_type=\"text-editor.default\">\n\t\t\t\t<div class=\"elementor-widget-container\">\n\t\t\t\t\t\t\t\t<div class=\"elementor-text-editor elementor-clearfix\">\n\t\t\t\t<p><strong>N\u00eb Mars t\u00eb 2014-t\u00ebs u finalizua edhe dysheku i par\u00eb i quajtur Comodita.<\/strong><\/p><p>Plani i biznesit, kompleks por nj\u00ebkoh\u00ebsisht shum\u00eb i sofistikuar, p\u00ebr zinxhirin e dyqaneve t\u00eb mark\u00ebs Comodita, u jet\u00ebsua n\u00eb vitin 2015 me hapjen e 8 dyqanet tona t\u00eb para.<\/p><p>N\u00eb rritje dhe zhvillim t\u00eb vazhduesh\u00ebm, Comodita sot \u00ebsht\u00eb nj\u00eb kompani e njohur e produkteve t\u00eb sht\u00ebpis\u00eb, me m\u00eb shum\u00eb se 2.500+ punonj\u00ebs dhe \u00ebsht\u00eb e pranishme n\u00eb t\u00eb gjith\u00eb Kosov\u00ebn me 32 dyqane, n\u00eb Shqip\u00ebri me 37 dyqane, 27 dyqane n\u00eb maqedoni t\u00eb veriut dhe 1 dyqan n\u00eb Belgjik\u00eb.<\/p><p>Misioni kryesor i Comodita-s\u00eb \u00ebsht\u00eb q\u00eb t\u00eb drejtoj\u00eb nj\u00eb mark\u00eb t\u00eb gj\u00ebsendeve t\u00eb sht\u00ebpis\u00eb q\u00eb do t&#8217;i sh\u00ebrbejn\u00eb nj\u00eb mir\u00ebqenieje m\u00eb t\u00eb mir\u00eb n\u00eb \u00e7do familje. Kjo vler\u00eb promovohet jo vet\u00ebm p\u00ebrmes dizajnimit t\u00eb produkteve moderne, por edhe t\u00eb rehatshme. Secili prej produkteve t\u00eb firmosura me etiket\u00ebn Comodita jan\u00eb t\u00eb kuruara me q\u00ebllimin p\u00ebr t\u00eb rritur cil\u00ebsin\u00eb e gjumit, ngr\u00ebnies, relaksimit dhe n\u00eb p\u00ebrgjith\u00ebsi t\u00eb jetes\u00ebs s\u00eb p\u00ebrditshme.<\/p><p>Comodita &#8211; P\u00ebr \u00e7do familje<br \/>Me premis\u00ebn e nd\u00ebrtimit t\u00eb nj\u00eb marke sht\u00ebpie q\u00eb do t\u00eb ofroj\u00eb p\u00ebrmir\u00ebsimin e cil\u00ebsis\u00eb s\u00eb jet\u00ebs n\u00eb sht\u00ebpi dhe familje, Comodita ka krijuar produkte dhe koleksione q\u00eb premtojn\u00eb rehati optimale dhe e kthejn\u00eb rutin\u00ebn e p\u00ebrditshme n\u00eb nj\u00eb m\u00ebnyr\u00eb jetese t\u00eb lumtu, p\u00ebrplot\u00eb me rehati. Gjumi i qet\u00eb, ushqimi i sh\u00ebndetsh\u00ebm dhe mir\u00ebqenia mes familjes, \u00ebsht\u00eb nj\u00eb pjes\u00eb integrale e t\u00eb gjith\u00eb atyre q\u00eb zgjedhin mark\u00ebs Comodita.<\/p><p>Brenda dyqaneve t\u00eb Comodita Home, do t\u00eb ekspozoheni nga nj\u00eb shum\u00ebllojshm\u00ebri e jasht\u00ebzakonshme e produkteve sht\u00ebpiake, t\u00eb renditura n\u00eb 8 kategori: Kategoria e dyshek\u00ebve, tekstilit, kuzhin\u00ebs, kategoria p\u00ebr f\u00ebmij\u00eb, kategoria e aksesor\u00ebve, ajo e udh\u00ebtimit Regent dhe kategoria e kopshtit. Kur blini n\u00eb dyqanet e Comodita, ju b\u00ebni zgjedhje t\u00eb lehta, p\u00ebr produkte q\u00eb jan\u00eb jet\u00eb-gjat\u00eb, ekonomike dhe shum\u00eb cil\u00ebsore. N\u00ebse po k\u00ebrkoni t\u00eb modeloni dhom\u00ebn tuaj t\u00eb gjumit, kuzhin\u00ebn, dhom\u00ebn e ngr\u00ebnies, dhom\u00ebn e ndenjes, dhom\u00ebn e f\u00ebmij\u00ebve, planifikoni t\u00eb udh\u00ebtoni ose d\u00ebshironi t\u00eb dizajnoni kopshtin tuaj t\u00eb rehatsh\u00ebm, at\u00ebher\u00eb jeni n\u00eb vendin e duhur.<\/p><p>P\u00ebr t&#8217;u afruar ende m\u00eb shum\u00eb me klient\u00ebt, Comodita ka zhvilluar kanale t\u00eb shitjeve online t\u00eb cilat e b\u00ebjn\u00eb shum\u00eb m\u00eb t\u00eb leht\u00eb marr\u00ebdh\u00ebnien klient-kompani. Ju mund t\u00eb blini, t\u00eb informoheni dhe t\u00eb rezervoni nj\u00eb takim me agjent\u00ebt tan\u00eb p\u00ebrmes disa m\u00ebnyrave t\u00eb ndryshme.<br \/>N\u00ebse jeni person q\u00eb t\u00eb p\u00eblqen t\u00eb komunikosh p\u00ebrmes telefonit, mund t\u00eb flisni me qendr\u00ebn e thirrjeve dhe sh\u00ebrbimet hyr\u00ebse (Inbound). N\u00ebse d\u00ebshironi t\u00eb shfletoni dhe doni t\u00eb keni nj\u00eb vizion m\u00eb t\u00eb qart\u00eb se si duken produktet tona, mund t\u00eb vizitoni webfaqen ton\u00eb dhe t\u00eb bleni \u00e7do gj\u00eb q\u00eb u duhet. N\u00ebse zot\u00ebroni nj\u00eb biznes n\u00eb gastronomi, duhet t\u00eb takoni agjent\u00ebt tan\u00eb Horeca dhe t\u00eb njoftoheni me ofertat e tyre ekskluzive. Ju mund t\u00eb shkruani n\u00eb rrjetet sociale zyrtare dhe t\u00eb informoheni e bleni t\u00eb produktet m\u00eb shpejt\u00ebsi. Poashtu, p\u00ebr adhuruesit e TV-s\u00eb, Comodita ofron edhe emisionin e p\u00ebrditsh\u00ebm t\u00eb shitjes Comodita TV SHOP.<\/p><p>Q\u00ebllimi dhe vizioni thelb\u00ebsor i Comodita nuk \u00ebsht\u00eb p\u00ebrfunduar ende! Duke shfryt\u00ebzuar t\u00eb gjitha p\u00ebrpjekjet, angazhimin dhe pasionin p\u00ebr pun\u00ebn, vizioni i Comodita \u00ebsht\u00eb t\u00eb zgjerohet n\u00eb m\u00eb shum\u00eb vende t\u00eb rajonit dhe s\u00eb shpejti t\u00eb b\u00ebhet nj\u00eb mark\u00eb globale.<\/p>\t\t\t\t\t<\/div>\n\t\t\t\t\t\t<\/div>\n\t\t\t\t<\/div>\n\t\t\t\t\t\t<\/div>\n\t\t\t\t\t<\/div>\n\t\t<\/div>\n\t\t\t\t\t\t\t\t<\/div>\n\t\t\t\t\t<\/div>\n\t\t<\/section>\n\t\t\t\t<section class=\"elementor-section elementor-top-section elementor-element elementor-element-76b0522 elementor-section-boxed elementor-section-height-default elementor-section-height-default\" data-id=\"76b0522\" data-element_type=\"section\">\n\t\t\t\t\t\t<div class=\"elementor-container elementor-column-gap-default\">\n\t\t\t\t\t\t\t<div class=\"elementor-row\">\n\t\t\t\t\t<div class=\"elementor-column elementor-col-20 elementor-top-column elementor-element elementor-element-eaeab81\" data-id=\"eaeab81\" data-element_type=\"column\">\n\t\t\t<div class=\"elementor-column-wrap\">\n\t\t\t\t\t\t\t<div class=\"elementor-widget-wrap\">\n\t\t\t\t\t\t\t\t<\/div>\n\t\t\t\t\t<\/div>\n\t\t<\/div>\n\t\t\t\t<div class=\"elementor-column elementor-col-20 elementor-top-column elementor-element elementor-element-0458c13\" data-id=\"0458c13\" data-element_type=\"column\">\n\t\t\t<div class=\"elementor-column-wrap\">\n\t\t\t\t\t\t\t<div class=\"elementor-widget-wrap\">\n\t\t\t\t\t\t\t\t<\/div>\n\t\t\t\t\t<\/div>\n\t\t<\/div>\n\t\t\t\t<div class=\"elementor-column elementor-col-20 elementor-top-column elementor-element elementor-element-5b512b6\" data-id=\"5b512b6\" data-element_type=\"column\">\n\t\t\t<div class=\"elementor-column-wrap\">\n\t\t\t\t\t\t\t<div class=\"elementor-widget-wrap\">\n\t\t\t\t\t\t\t\t<\/div>\n\t\t\t\t\t<\/div>\n\t\t<\/div>\n\t\t\t\t<div class=\"elementor-column elementor-col-20 elementor-top-column elementor-element elementor-element-34bd52d\" data-id=\"34bd52d\" data-element_type=\"column\">\n\t\t\t<div class=\"elementor-column-wrap\">\n\t\t\t\t\t\t\t<div class=\"elementor-widget-wrap\">\n\t\t\t\t\t\t\t\t<\/div>\n\t\t\t\t\t<\/div>\n\t\t<\/div>\n\t\t\t\t<div class=\"elementor-column elementor-col-20 elementor-top-column elementor-element elementor-element-95e687f\" data-id=\"95e687f\" data-element_type=\"column\">\n\t\t\t<div class=\"elementor-column-wrap\">\n\t\t\t\t\t\t\t<div class=\"elementor-widget-wrap\">\n\t\t\t\t\t\t\t\t<\/div>\n\t\t\t\t\t<\/div>\n\t\t<\/div>\n\t\t\t\t\t\t\t\t<\/div>\n\t\t\t\t\t<\/div>\n\t\t<\/section>\n\t\t\t\t\t\t\t\t\t<\/div>\n\t\t\t<\/div>\n\t\t\t\t\t<\/div>\n\t\t","protected":false},"excerpt":{"rendered":"<p>RETH NESH N\u00eb Mars t\u00eb 2014-t\u00ebs u finalizua edhe dysheku i par\u00eb i quajtur Comodita. Plani i biznesit, kompleks por nj\u00ebkoh\u00ebsisht shum\u00eb i sofistikuar, p\u00ebr zinxhirin e dyqaneve t\u00eb mark\u00ebs&hellip;<\/p>\n","protected":false},"author":1,"featured_media":0,"parent":0,"menu_order":0,"comment_status":"closed","ping_status":"closed","template":"templates\/homepage.php","meta":{"footnotes":""},"class_list":["post-2912","page","type-page","status-publish","hentry"],"yoast_head":"<!-- This site is optimized with the Yoast SEO Premium plugin v18.2.1 (Yoast SEO v22.5) - https:\/\/yoast.com\/wordpress\/plugins\/seo\/ -->\n<title>RRETH NESH - Comodita Home<\/title>\n<meta name=\"description\" content=\"Me premis\u00ebn p\u00ebr nd\u00ebrtimin e nj\u00eb brend-i q\u00eb do t\u00eb ofroj p\u00ebrmisimin e kualitetit t\u00eb jet\u00ebs n\u00eb sht\u00ebpi dhe familje, sot Comodita Home \u00ebsht\u00eb zingjiri m\u00eb njohur i dyqaneve n\u00eb Kosov\u00eb dhe rajon dhe prodhuesi m\u00eb i madh i shpuz\u00ebs dhe dyshek\u00ebve.\" \/>\n<meta name=\"robots\" content=\"index, follow, max-snippet:-1, max-image-preview:large, max-video-preview:-1\" \/>\n<link rel=\"canonical\" href=\"https:\/\/www.comoditahome.com\/ks\/rreth-nesh\/\" \/>\n<meta property=\"og:locale\" content=\"sq_AL\" \/>\n<meta property=\"og:type\" content=\"article\" \/>\n<meta property=\"og:title\" content=\"RRETH NESH\" \/>\n<meta property=\"og:description\" content=\"Me premis\u00ebn p\u00ebr nd\u00ebrtimin e nj\u00eb brend-i q\u00eb do t\u00eb ofroj p\u00ebrmisimin e kualitetit t\u00eb jet\u00ebs n\u00eb sht\u00ebpi dhe familje, sot Comodita Home \u00ebsht\u00eb zingjiri m\u00eb njohur i dyqaneve n\u00eb Kosov\u00eb dhe rajon dhe prodhuesi m\u00eb i madh i shpuz\u00ebs dhe dyshek\u00ebve.\" \/>\n<meta property=\"og:url\" content=\"https:\/\/www.comoditahome.com\/ks\/rreth-nesh\/\" \/>\n<meta property=\"og:site_name\" content=\"Comodita Home\" \/>\n<meta property=\"article:publisher\" content=\"https:\/\/www.facebook.com\/comoditahome\/\" \/>\n<meta property=\"article:modified_time\" content=\"2026-02-20T10:30:57+00:00\" \/>\n<meta property=\"og:image\" content=\"https:\/\/www.comoditahome.com\/ks\/wp-content\/uploads\/2023\/03\/Vitrina-Comodita-Home-Prishtina-Mall.jpg\" \/>\n<meta name=\"twitter:card\" content=\"summary_large_image\" \/>\n<meta name=\"twitter:label1\" content=\"Est. reading time\" \/>\n\t<meta name=\"twitter:data1\" content=\"4 minuta\" \/>\n<script type=\"application\/ld+json\" class=\"yoast-schema-graph\">{\"@context\":\"https:\/\/schema.org\",\"@graph\":[{\"@type\":\"WebPage\",\"@id\":\"https:\/\/www.comoditahome.com\/ks\/rreth-nesh\/\",\"url\":\"https:\/\/www.comoditahome.com\/ks\/rreth-nesh\/\",\"name\":\"RRETH NESH - Comodita Home\",\"isPartOf\":{\"@id\":\"https:\/\/www.comoditahome.com\/ks\/#website\"},\"primaryImageOfPage\":{\"@id\":\"https:\/\/www.comoditahome.com\/ks\/rreth-nesh\/#primaryimage\"},\"image\":{\"@id\":\"https:\/\/www.comoditahome.com\/ks\/rreth-nesh\/#primaryimage\"},\"thumbnailUrl\":\"https:\/\/www.comoditahome.com\/ks\/wp-content\/uploads\/2023\/03\/Vitrina-Comodita-Home-Prishtina-Mall.jpg\",\"datePublished\":\"2021-05-15T08:31:03+00:00\",\"dateModified\":\"2026-02-20T10:30:57+00:00\",\"description\":\"Me premis\u00ebn p\u00ebr nd\u00ebrtimin e nj\u00eb brend-i q\u00eb do t\u00eb ofroj p\u00ebrmisimin e kualitetit t\u00eb jet\u00ebs n\u00eb sht\u00ebpi dhe familje, sot Comodita Home \u00ebsht\u00eb zingjiri m\u00eb njohur i dyqaneve n\u00eb Kosov\u00eb dhe rajon dhe prodhuesi m\u00eb i madh i shpuz\u00ebs dhe dyshek\u00ebve.\",\"breadcrumb\":{\"@id\":\"https:\/\/www.comoditahome.com\/ks\/rreth-nesh\/#breadcrumb\"},\"inLanguage\":\"sq\",\"potentialAction\":[{\"@type\":\"ReadAction\",\"target\":[\"https:\/\/www.comoditahome.com\/ks\/rreth-nesh\/\"]}]},{\"@type\":\"ImageObject\",\"inLanguage\":\"sq\",\"@id\":\"https:\/\/www.comoditahome.com\/ks\/rreth-nesh\/#primaryimage\",\"url\":\"https:\/\/www.comoditahome.com\/ks\/wp-content\/uploads\/2023\/03\/Vitrina-Comodita-Home-Prishtina-Mall.jpg\",\"contentUrl\":\"https:\/\/www.comoditahome.com\/ks\/wp-content\/uploads\/2023\/03\/Vitrina-Comodita-Home-Prishtina-Mall.jpg\",\"width\":1202,\"height\":509,\"caption\":\"Comodita Home\"},{\"@type\":\"BreadcrumbList\",\"@id\":\"https:\/\/www.comoditahome.com\/ks\/rreth-nesh\/#breadcrumb\",\"itemListElement\":[{\"@type\":\"ListItem\",\"position\":1,\"name\":\"Comodita Home Kosova - Dyshek Mattress\",\"item\":\"https:\/\/www.comoditahome.com\/ks\/\"},{\"@type\":\"ListItem\",\"position\":2,\"name\":\"RRETH NESH\"}]},{\"@type\":\"WebSite\",\"@id\":\"https:\/\/www.comoditahome.com\/ks\/#website\",\"url\":\"https:\/\/www.comoditahome.com\/ks\/\",\"name\":\"Comodita Home\",\"description\":\"Dyshek, Jorgan, Jast\u00ebk, Kuzhine, Banjo, Kopsht dhe Aksesor\u00eb\",\"publisher\":{\"@id\":\"https:\/\/www.comoditahome.com\/ks\/#organization\"},\"potentialAction\":[{\"@type\":\"SearchAction\",\"target\":{\"@type\":\"EntryPoint\",\"urlTemplate\":\"https:\/\/www.comoditahome.com\/ks\/?s={search_term_string}\"},\"query-input\":\"required name=search_term_string\"}],\"inLanguage\":\"sq\"},{\"@type\":\"Organization\",\"@id\":\"https:\/\/www.comoditahome.com\/ks\/#organization\",\"name\":\"Comodita Home\",\"url\":\"https:\/\/www.comoditahome.com\/ks\/\",\"logo\":{\"@type\":\"ImageObject\",\"inLanguage\":\"sq\",\"@id\":\"https:\/\/www.comoditahome.com\/ks\/#\/schema\/logo\/image\/\",\"url\":\"https:\/\/www.comoditahome.com\/ks\/wp-content\/uploads\/2022\/05\/COMODITA_HOME_LOGO_KS_MK_AL-02.png\",\"contentUrl\":\"https:\/\/www.comoditahome.com\/ks\/wp-content\/uploads\/2022\/05\/COMODITA_HOME_LOGO_KS_MK_AL-02.png\",\"width\":180,\"height\":87,\"caption\":\"Comodita Home\"},\"image\":{\"@id\":\"https:\/\/www.comoditahome.com\/ks\/#\/schema\/logo\/image\/\"},\"sameAs\":[\"https:\/\/www.facebook.com\/comoditahome\/\",\"https:\/\/www.instagram.com\/comoditahome\/\",\"https:\/\/www.linkedin.com\/company\/comoditahome\/?originalSubdomain=fj\",\"https:\/\/www.youtube.com\/channel\/UC5O6IsT4JD4zaiOqmRi_Pvg\"]}]}<\/script>\n<!-- \/ Yoast SEO Premium plugin. -->","yoast_head_json":{"title":"RRETH NESH - Comodita Home","description":"Me premis\u00ebn p\u00ebr nd\u00ebrtimin e nj\u00eb brend-i q\u00eb do t\u00eb ofroj p\u00ebrmisimin e kualitetit t\u00eb jet\u00ebs n\u00eb sht\u00ebpi dhe familje, sot Comodita Home \u00ebsht\u00eb zingjiri m\u00eb njohur i dyqaneve n\u00eb Kosov\u00eb dhe rajon dhe prodhuesi m\u00eb i madh i shpuz\u00ebs dhe dyshek\u00ebve.","robots":{"index":"index","follow":"follow","max-snippet":"max-snippet:-1","max-image-preview":"max-image-preview:large","max-video-preview":"max-video-preview:-1"},"canonical":"https:\/\/www.comoditahome.com\/ks\/rreth-nesh\/","og_locale":"sq_AL","og_type":"article","og_title":"RRETH NESH","og_description":"Me premis\u00ebn p\u00ebr nd\u00ebrtimin e nj\u00eb brend-i q\u00eb do t\u00eb ofroj p\u00ebrmisimin e kualitetit t\u00eb jet\u00ebs n\u00eb sht\u00ebpi dhe familje, sot Comodita Home \u00ebsht\u00eb zingjiri m\u00eb njohur i dyqaneve n\u00eb Kosov\u00eb dhe rajon dhe prodhuesi m\u00eb i madh i shpuz\u00ebs dhe dyshek\u00ebve.","og_url":"https:\/\/www.comoditahome.com\/ks\/rreth-nesh\/","og_site_name":"Comodita Home","article_publisher":"https:\/\/www.facebook.com\/comoditahome\/","article_modified_time":"2026-02-20T10:30:57+00:00","og_image":[{"url":"https:\/\/www.comoditahome.com\/ks\/wp-content\/uploads\/2023\/03\/Vitrina-Comodita-Home-Prishtina-Mall.jpg"}],"twitter_card":"summary_large_image","twitter_misc":{"Est. reading time":"4 minuta"},"schema":{"@context":"https:\/\/schema.org","@graph":[{"@type":"WebPage","@id":"https:\/\/www.comoditahome.com\/ks\/rreth-nesh\/","url":"https:\/\/www.comoditahome.com\/ks\/rreth-nesh\/","name":"RRETH NESH - Comodita Home","isPartOf":{"@id":"https:\/\/www.comoditahome.com\/ks\/#website"},"primaryImageOfPage":{"@id":"https:\/\/www.comoditahome.com\/ks\/rreth-nesh\/#primaryimage"},"image":{"@id":"https:\/\/www.comoditahome.com\/ks\/rreth-nesh\/#primaryimage"},"thumbnailUrl":"https:\/\/www.comoditahome.com\/ks\/wp-content\/uploads\/2023\/03\/Vitrina-Comodita-Home-Prishtina-Mall.jpg","datePublished":"2021-05-15T08:31:03+00:00","dateModified":"2026-02-20T10:30:57+00:00","description":"Me premis\u00ebn p\u00ebr nd\u00ebrtimin e nj\u00eb brend-i q\u00eb do t\u00eb ofroj p\u00ebrmisimin e kualitetit t\u00eb jet\u00ebs n\u00eb sht\u00ebpi dhe familje, sot Comodita Home \u00ebsht\u00eb zingjiri m\u00eb njohur i dyqaneve n\u00eb Kosov\u00eb dhe rajon dhe prodhuesi m\u00eb i madh i shpuz\u00ebs dhe dyshek\u00ebve.","breadcrumb":{"@id":"https:\/\/www.comoditahome.com\/ks\/rreth-nesh\/#breadcrumb"},"inLanguage":"sq","potentialAction":[{"@type":"ReadAction","target":["https:\/\/www.comoditahome.com\/ks\/rreth-nesh\/"]}]},{"@type":"ImageObject","inLanguage":"sq","@id":"https:\/\/www.comoditahome.com\/ks\/rreth-nesh\/#primaryimage","url":"https:\/\/www.comoditahome.com\/ks\/wp-content\/uploads\/2023\/03\/Vitrina-Comodita-Home-Prishtina-Mall.jpg","contentUrl":"https:\/\/www.comoditahome.com\/ks\/wp-content\/uploads\/2023\/03\/Vitrina-Comodita-Home-Prishtina-Mall.jpg","width":1202,"height":509,"caption":"Comodita Home"},{"@type":"BreadcrumbList","@id":"https:\/\/www.comoditahome.com\/ks\/rreth-nesh\/#breadcrumb","itemListElement":[{"@type":"ListItem","position":1,"name":"Comodita Home Kosova - Dyshek Mattress","item":"https:\/\/www.comoditahome.com\/ks\/"},{"@type":"ListItem","position":2,"name":"RRETH NESH"}]},{"@type":"WebSite","@id":"https:\/\/www.comoditahome.com\/ks\/#website","url":"https:\/\/www.comoditahome.com\/ks\/","name":"Comodita Home","description":"Dyshek, Jorgan, Jast\u00ebk, Kuzhine, Banjo, Kopsht dhe Aksesor\u00eb","publisher":{"@id":"https:\/\/www.comoditahome.com\/ks\/#organization"},"potentialAction":[{"@type":"SearchAction","target":{"@type":"EntryPoint","urlTemplate":"https:\/\/www.comoditahome.com\/ks\/?s={search_term_string}"},"query-input":"required name=search_term_string"}],"inLanguage":"sq"},{"@type":"Organization","@id":"https:\/\/www.comoditahome.com\/ks\/#organization","name":"Comodita Home","url":"https:\/\/www.comoditahome.com\/ks\/","logo":{"@type":"ImageObject","inLanguage":"sq","@id":"https:\/\/www.comoditahome.com\/ks\/#\/schema\/logo\/image\/","url":"https:\/\/www.comoditahome.com\/ks\/wp-content\/uploads\/2022\/05\/COMODITA_HOME_LOGO_KS_MK_AL-02.png","contentUrl":"https:\/\/www.comoditahome.com\/ks\/wp-content\/uploads\/2022\/05\/COMODITA_HOME_LOGO_KS_MK_AL-02.png","width":180,"height":87,"caption":"Comodita Home"},"image":{"@id":"https:\/\/www.comoditahome.com\/ks\/#\/schema\/logo\/image\/"},"sameAs":["https:\/\/www.facebook.com\/comoditahome\/","https:\/\/www.instagram.com\/comoditahome\/","https:\/\/www.linkedin.com\/company\/comoditahome\/?originalSubdomain=fj","https:\/\/www.youtube.com\/channel\/UC5O6IsT4JD4zaiOqmRi_Pvg"]}]}},"_links":{"self":[{"href":"https:\/\/www.comoditahome.com\/ks\/wp-json\/wp\/v2\/pages\/2912","targetHints":{"allow":["GET"]}}],"collection":[{"href":"https:\/\/www.comoditahome.com\/ks\/wp-json\/wp\/v2\/pages"}],"about":[{"href":"https:\/\/www.comoditahome.com\/ks\/wp-json\/wp\/v2\/types\/page"}],"author":[{"embeddable":true,"href":"https:\/\/www.comoditahome.com\/ks\/wp-json\/wp\/v2\/users\/1"}],"replies":[{"embeddable":true,"href":"https:\/\/www.comoditahome.com\/ks\/wp-json\/wp\/v2\/comments?post=2912"}],"version-history":[{"count":128,"href":"https:\/\/www.comoditahome.com\/ks\/wp-json\/wp\/v2\/pages\/2912\/revisions"}],"predecessor-version":[{"id":114565,"href":"https:\/\/www.comoditahome.com\/ks\/wp-json\/wp\/v2\/pages\/2912\/revisions\/114565"}],"wp:attachment":[{"href":"https:\/\/www.comoditahome.com\/ks\/wp-json\/wp\/v2\/media?parent=2912"}],"curies":[{"name":"wp","href":"https:\/\/api.w.org\/{rel}","templated":true}]}}