 {"id":32676,"date":"2022-02-03T09:49:19","date_gmt":"2022-02-03T09:49:19","guid":{"rendered":"https:\/\/ks.comoditahome.com\/?page_id=32676"},"modified":"2023-09-19T09:26:55","modified_gmt":"2023-09-19T07:26:55","slug":"apliko-tani","status":"publish","type":"page","link":"https:\/\/www.comoditahome.com\/ks\/mundesi-punesimi\/apliko-tani\/","title":{"rendered":"Apliko tani!"},"content":{"rendered":"\t\t<div data-elementor-type=\"wp-page\" data-elementor-id=\"32676\" class=\"elementor elementor-32676\">\n\t\t\t\t\t\t<div class=\"elementor-inner\">\n\t\t\t\t<div class=\"elementor-section-wrap\">\n\t\t\t\t\t\t\t\t\t<section class=\"elementor-section elementor-top-section elementor-element elementor-element-b6d4027 elementor-section-boxed elementor-section-height-default elementor-section-height-default\" data-id=\"b6d4027\" data-element_type=\"section\">\n\t\t\t\t\t\t<div class=\"elementor-container elementor-column-gap-default\">\n\t\t\t\t\t\t\t<div class=\"elementor-row\">\n\t\t\t\t\t<div class=\"elementor-column elementor-col-100 elementor-top-column elementor-element elementor-element-ee69a8e\" data-id=\"ee69a8e\" data-element_type=\"column\">\n\t\t\t<div class=\"elementor-column-wrap elementor-element-populated\">\n\t\t\t\t\t\t\t<div class=\"elementor-widget-wrap\">\n\t\t\t\t\t\t<div class=\"elementor-element elementor-element-3be40f4 elementor-widget elementor-widget-global elementor-global-75286 elementor-widget-text-editor\" data-id=\"3be40f4\" data-element_type=\"widget\" data-widget_type=\"text-editor.default\">\n\t\t\t\t<div class=\"elementor-widget-container\">\n\t\t\t\t\t\t\t\t<div class=\"elementor-text-editor elementor-clearfix\">\n\t\t\t\t<p style=\"text-align: center;\">Aplikoni tani duke plot\u00ebsuar formularin m\u00eb posht\u00eb, apo d\u00ebrgoni CV-n\u00eb tuaj n\u00eb email adres\u00ebn info@comoditahome.com<\/p>\t\t\t\t\t<\/div>\n\t\t\t\t\t\t<\/div>\n\t\t\t\t<\/div>\n\t\t\t\t\t\t<\/div>\n\t\t\t\t\t<\/div>\n\t\t<\/div>\n\t\t\t\t\t\t\t\t<\/div>\n\t\t\t\t\t<\/div>\n\t\t<\/section>\n\t\t\t\t<section class=\"elementor-section elementor-top-section elementor-element elementor-element-c3dc5bc elementor-section-boxed elementor-section-height-default elementor-section-height-default\" data-id=\"c3dc5bc\" data-element_type=\"section\">\n\t\t\t\t\t\t<div class=\"elementor-container elementor-column-gap-default\">\n\t\t\t\t\t\t\t<div class=\"elementor-row\">\n\t\t\t\t\t<div class=\"elementor-column elementor-col-100 elementor-top-column elementor-element elementor-element-c6e6c43\" data-id=\"c6e6c43\" data-element_type=\"column\">\n\t\t\t<div class=\"elementor-column-wrap elementor-element-populated\">\n\t\t\t\t\t\t\t<div class=\"elementor-widget-wrap\">\n\t\t\t\t\t\t<div class=\"elementor-element elementor-element-f91495c elementor-button-align-stretch elementor-widget elementor-widget-global elementor-global-75283 elementor-widget-form\" data-id=\"f91495c\" data-element_type=\"widget\" data-settings=\"{&quot;step_next_label&quot;:&quot;Next&quot;,&quot;step_previous_label&quot;:&quot;Previous&quot;,&quot;step_type&quot;:&quot;number_text&quot;,&quot;step_icon_shape&quot;:&quot;circle&quot;}\" data-widget_type=\"form.default\">\n\t\t\t\t<div class=\"elementor-widget-container\">\n\t\t\t\t\t<form class=\"elementor-form\" method=\"post\" name=\"Aplikimi p\u00ebr pun\u00eb\">\n\t\t\t<input type=\"hidden\" name=\"post_id\" value=\"32676\"\/>\n\t\t\t<input type=\"hidden\" name=\"form_id\" value=\"f91495c\"\/>\n\t\t\t<input type=\"hidden\" name=\"referer_title\" value=\"Comodita Home\" \/>\n\n\t\t\t\n\t\t\t<div class=\"elementor-form-fields-wrapper elementor-labels-above\">\n\t\t\t\t\t\t\t\t<div class=\"elementor-field-type-text elementor-field-group elementor-column elementor-field-group-name elementor-col-100\">\n\t\t\t\t\t\t\t\t\t\t\t\t<label for=\"form-field-name\" class=\"elementor-field-label\">\n\t\t\t\t\t\t\t\tEmri dhe Mbiemri\t\t\t\t\t\t\t<\/label>\n\t\t\t\t\t\t\t\t\t\t\t\t\t\t<input size=\"1\" type=\"text\" name=\"form_fields[name]\" id=\"form-field-name\" class=\"elementor-field elementor-size-sm  elementor-field-textual\">\n\t\t\t\t\t\t\t\t\t\t\t<\/div>\n\t\t\t\t\t\t\t\t<div class=\"elementor-field-type-tel elementor-field-group elementor-column elementor-field-group-field_5e1ea58 elementor-col-100 elementor-field-required elementor-mark-required\">\n\t\t\t\t\t\t\t\t\t\t\t\t<label for=\"form-field-field_5e1ea58\" class=\"elementor-field-label\">\n\t\t\t\t\t\t\t\tNumri telefonit\t\t\t\t\t\t\t<\/label>\n\t\t\t\t\t\t\t\t<input size=\"1\" type=\"tel\" name=\"form_fields[field_5e1ea58]\" id=\"form-field-field_5e1ea58\" class=\"elementor-field elementor-size-sm  elementor-field-textual\" required=\"required\" aria-required=\"true\" pattern=\"[0-9()#&amp;+*-=.]+\" title=\"Only numbers and phone characters (#, -, *, etc) are accepted.\">\n\n\t\t\t\t\t\t<\/div>\n\t\t\t\t\t\t\t\t<div class=\"elementor-field-type-email elementor-field-group elementor-column elementor-field-group-field_1e28d93 elementor-col-100 elementor-field-required elementor-mark-required\">\n\t\t\t\t\t\t\t\t\t\t\t\t<label for=\"form-field-field_1e28d93\" class=\"elementor-field-label\">\n\t\t\t\t\t\t\t\tAdresa elektronike\t\t\t\t\t\t\t<\/label>\n\t\t\t\t\t\t\t\t\t\t\t\t\t\t<input size=\"1\" type=\"email\" name=\"form_fields[field_1e28d93]\" id=\"form-field-field_1e28d93\" class=\"elementor-field elementor-size-sm  elementor-field-textual\" required=\"required\" aria-required=\"true\">\n\t\t\t\t\t\t\t\t\t\t\t<\/div>\n\t\t\t\t\t\t\t\t<div class=\"elementor-field-type-select elementor-field-group elementor-column elementor-field-group-email elementor-col-100 elementor-field-required elementor-mark-required\">\n\t\t\t\t\t\t\t\t\t\t\t\t<label for=\"form-field-email\" class=\"elementor-field-label\">\n\t\t\t\t\t\t\t\tQyteti\t\t\t\t\t\t\t<\/label>\n\t\t\t\t\t\t\t\t<div class=\"elementor-field elementor-select-wrapper \">\n\t\t\t<select name=\"form_fields[email]\" id=\"form-field-email\" class=\"elementor-field-textual elementor-size-sm\" required=\"required\" aria-required=\"true\">\n\t\t\t\t\t\t\t\t\t<option value=\"FERIZAJ\">FERIZAJ<\/option>\n\t\t\t\t\t\t\t\t\t<option value=\"LIPJAN\">LIPJAN<\/option>\n\t\t\t\t\t\t\t\t\t<option value=\"FUSH\u00cb KOSOVE\">FUSH\u00cb KOSOVE<\/option>\n\t\t\t\t\t\t\t\t\t<option value=\"GJAKOV\u00cb\">GJAKOV\u00cb<\/option>\n\t\t\t\t\t\t\t\t\t<option value=\"MALISHEV\u00cb\">MALISHEV\u00cb<\/option>\n\t\t\t\t\t\t\t\t\t<option value=\"PRIZREN\">PRIZREN<\/option>\n\t\t\t\t\t\t\t\t\t<option value=\"PRISHTIN\u00cb\">PRISHTIN\u00cb<\/option>\n\t\t\t\t\t\t\t\t\t<option value=\"MITROVIC\u00cb\">MITROVIC\u00cb<\/option>\n\t\t\t\t\t\t\t\t\t<option value=\"PEJ\u00cb\">PEJ\u00cb<\/option>\n\t\t\t\t\t\t\t\t\t<option value=\"GJILAN\">GJILAN<\/option>\n\t\t\t\t\t\t\t\t\t<option value=\"PODUJEV\u00cb\">PODUJEV\u00cb<\/option>\n\t\t\t\t\t\t\t\t\t<option value=\"KLIN\u00cb\">KLIN\u00cb<\/option>\n\t\t\t\t\t\t\t\t\t<option value=\"ISTOG\">ISTOG<\/option>\n\t\t\t\t\t\t\t\t\t<option value=\"SUHAREK\u00cb\">SUHAREK\u00cb<\/option>\n\t\t\t\t\t\t\t\t\t<option value=\"DE\u00c7AN \">DE\u00c7AN <\/option>\n\t\t\t\t\t\t\t\t\t<option value=\"VUSHTRI \">VUSHTRI <\/option>\n\t\t\t\t\t\t\t\t\t<option value=\"SKENDERAJ\">SKENDERAJ<\/option>\n\t\t\t\t\t\t\t\t\t<option value=\"KAMENIC\u00cb \">KAMENIC\u00cb <\/option>\n\t\t\t\t\t\t\t<\/select>\n\t\t<\/div>\n\t\t\t\t\t\t<\/div>\n\t\t\t\t\t\t\t\t<div class=\"elementor-field-type-select elementor-field-group elementor-column elementor-field-group-field_50c15ff elementor-col-100 elementor-field-required elementor-mark-required\">\n\t\t\t\t\t\t\t\t\t\t\t\t<label for=\"form-field-field_50c15ff\" class=\"elementor-field-label\">\n\t\t\t\t\t\t\t\tPozita q\u00eb aplikoni\t\t\t\t\t\t\t<\/label>\n\t\t\t\t\t\t\t\t<div class=\"elementor-field elementor-select-wrapper \">\n\t\t\t<select name=\"form_fields[field_50c15ff]\" id=\"form-field-field_50c15ff\" class=\"elementor-field-textual elementor-size-sm\" required=\"required\" aria-required=\"true\">\n\t\t\t\t\t\t\t\t\t<option value=\"SHIT\u00cbS\/E N\u00cb DYQAN\">SHIT\u00cbS\/E N\u00cb DYQAN<\/option>\n\t\t\t\t\t\t\t<\/select>\n\t\t<\/div>\n\t\t\t\t\t\t<\/div>\n\t\t\t\t\t\t\t\t<div class=\"elementor-field-type-upload elementor-field-group elementor-column elementor-field-group-field_b205a5b elementor-col-100 elementor-field-required elementor-mark-required\">\n\t\t\t\t\t\t\t\t\t\t\t\t<label for=\"form-field-field_b205a5b\" class=\"elementor-field-label\">\n\t\t\t\t\t\t\t\tVendos CV-n\u00eb tuaj\t\t\t\t\t\t\t<\/label>\n\t\t\t\t\t\t\t\t<input type=\"file\" name=\"form_fields[field_b205a5b]\" id=\"form-field-field_b205a5b\" class=\"elementor-field elementor-size-sm  elementor-upload-field\" required=\"required\" aria-required=\"true\" data-maxsize=\"9\" data-maxsize-message=\"This file exceeds the maximum allowed size.\">\n\n\t\t\t\t\t\t<\/div>\n\t\t\t\t\t\t\t\t<div class=\"elementor-field-group elementor-column elementor-field-type-submit elementor-col-100 e-form__buttons\">\n\t\t\t\t\t<button type=\"submit\" class=\"elementor-button elementor-size-sm\">\n\t\t\t\t\t\t<span >\n\t\t\t\t\t\t\t\t\t\t\t\t\t\t\t<span class=\" elementor-button-icon\">\n\t\t\t\t\t\t\t\t\t\t\t\t\t\t\t\t\t\t\t\t\t\t\t\t\t\t<\/span>\n\t\t\t\t\t\t\t\t\t\t\t\t\t\t\t\t\t\t\t\t\t\t<span class=\"elementor-button-text\">D\u00ebrgo<\/span>\n\t\t\t\t\t\t\t\t\t\t\t\t\t<\/span>\n\t\t\t\t\t<\/button>\n\t\t\t\t<\/div>\n\t\t\t<\/div>\n\t\t<\/form>\n\t\t\t\t<\/div>\n\t\t\t\t<\/div>\n\t\t\t\t\t\t<\/div>\n\t\t\t\t\t<\/div>\n\t\t<\/div>\n\t\t\t\t\t\t\t\t<\/div>\n\t\t\t\t\t<\/div>\n\t\t<\/section>\n\t\t\t\t\t\t\t\t\t<\/div>\n\t\t\t<\/div>\n\t\t\t\t\t<\/div>\n\t\t","protected":false},"excerpt":{"rendered":"<p>Aplikoni tani duke plot\u00ebsuar formularin m\u00eb posht\u00eb, apo d\u00ebrgoni CV-n\u00eb tuaj n\u00eb email adres\u00ebn info@comoditahome.com<\/p>\n","protected":false},"author":1,"featured_media":0,"parent":3162,"menu_order":0,"comment_status":"closed","ping_status":"closed","template":"templates\/homepage.php","meta":{"footnotes":""},"class_list":["post-32676","page","type-page","status-publish","hentry"],"yoast_head":"<!-- This site is optimized with the Yoast SEO Premium plugin v18.2.1 (Yoast SEO v22.5) - https:\/\/yoast.com\/wordpress\/plugins\/seo\/ -->\n<title>Apliko tani! - Comodita Home<\/title>\n<meta name=\"robots\" content=\"index, follow, max-snippet:-1, max-image-preview:large, max-video-preview:-1\" \/>\n<link rel=\"canonical\" href=\"https:\/\/www.comoditahome.com\/ks\/mundesi-punesimi\/apliko-tani\/\" \/>\n<meta property=\"og:locale\" content=\"sq_AL\" \/>\n<meta property=\"og:type\" content=\"article\" \/>\n<meta property=\"og:title\" content=\"Apliko tani!\" \/>\n<meta property=\"og:description\" content=\"Aplikoni tani duke plot\u00ebsuar formularin m\u00eb posht\u00eb, apo d\u00ebrgoni CV-n\u00eb tuaj n\u00eb email adres\u00ebn info@comoditahome.com\" \/>\n<meta property=\"og:url\" content=\"https:\/\/www.comoditahome.com\/ks\/mundesi-punesimi\/apliko-tani\/\" \/>\n<meta property=\"og:site_name\" content=\"Comodita Home\" \/>\n<meta property=\"article:publisher\" content=\"https:\/\/www.facebook.com\/comoditahome\/\" \/>\n<meta property=\"article:modified_time\" content=\"2023-09-19T07:26:55+00:00\" \/>\n<meta name=\"twitter:card\" content=\"summary_large_image\" \/>\n<meta name=\"twitter:label1\" content=\"Est. reading time\" \/>\n\t<meta name=\"twitter:data1\" content=\"1 minut\u00eb\" \/>\n<script type=\"application\/ld+json\" class=\"yoast-schema-graph\">{\"@context\":\"https:\/\/schema.org\",\"@graph\":[{\"@type\":\"WebPage\",\"@id\":\"https:\/\/www.comoditahome.com\/ks\/mundesi-punesimi\/apliko-tani\/\",\"url\":\"https:\/\/www.comoditahome.com\/ks\/mundesi-punesimi\/apliko-tani\/\",\"name\":\"Apliko tani! - Comodita Home\",\"isPartOf\":{\"@id\":\"https:\/\/www.comoditahome.com\/ks\/#website\"},\"datePublished\":\"2022-02-03T09:49:19+00:00\",\"dateModified\":\"2023-09-19T07:26:55+00:00\",\"breadcrumb\":{\"@id\":\"https:\/\/www.comoditahome.com\/ks\/mundesi-punesimi\/apliko-tani\/#breadcrumb\"},\"inLanguage\":\"sq\",\"potentialAction\":[{\"@type\":\"ReadAction\",\"target\":[\"https:\/\/www.comoditahome.com\/ks\/mundesi-punesimi\/apliko-tani\/\"]}]},{\"@type\":\"BreadcrumbList\",\"@id\":\"https:\/\/www.comoditahome.com\/ks\/mundesi-punesimi\/apliko-tani\/#breadcrumb\",\"itemListElement\":[{\"@type\":\"ListItem\",\"position\":1,\"name\":\"Comodita Home Kosova - Dyshek Mattress\",\"item\":\"https:\/\/www.comoditahome.com\/ks\/\"},{\"@type\":\"ListItem\",\"position\":2,\"name\":\"MUND\u00cbSI PUN\u00cbSIMI\",\"item\":\"https:\/\/www.comoditahome.com\/ks\/mundesi-punesimi\/\"},{\"@type\":\"ListItem\",\"position\":3,\"name\":\"Apliko tani!\"}]},{\"@type\":\"WebSite\",\"@id\":\"https:\/\/www.comoditahome.com\/ks\/#website\",\"url\":\"https:\/\/www.comoditahome.com\/ks\/\",\"name\":\"Comodita Home\",\"description\":\"Dyshek, Jorgan, Jast\u00ebk, Kuzhine, Banjo, Kopsht dhe Aksesor\u00eb\",\"publisher\":{\"@id\":\"https:\/\/www.comoditahome.com\/ks\/#organization\"},\"potentialAction\":[{\"@type\":\"SearchAction\",\"target\":{\"@type\":\"EntryPoint\",\"urlTemplate\":\"https:\/\/www.comoditahome.com\/ks\/?s={search_term_string}\"},\"query-input\":\"required name=search_term_string\"}],\"inLanguage\":\"sq\"},{\"@type\":\"Organization\",\"@id\":\"https:\/\/www.comoditahome.com\/ks\/#organization\",\"name\":\"Comodita Home\",\"url\":\"https:\/\/www.comoditahome.com\/ks\/\",\"logo\":{\"@type\":\"ImageObject\",\"inLanguage\":\"sq\",\"@id\":\"https:\/\/www.comoditahome.com\/ks\/#\/schema\/logo\/image\/\",\"url\":\"https:\/\/www.comoditahome.com\/ks\/wp-content\/uploads\/2022\/05\/COMODITA_HOME_LOGO_KS_MK_AL-02.png\",\"contentUrl\":\"https:\/\/www.comoditahome.com\/ks\/wp-content\/uploads\/2022\/05\/COMODITA_HOME_LOGO_KS_MK_AL-02.png\",\"width\":180,\"height\":87,\"caption\":\"Comodita Home\"},\"image\":{\"@id\":\"https:\/\/www.comoditahome.com\/ks\/#\/schema\/logo\/image\/\"},\"sameAs\":[\"https:\/\/www.facebook.com\/comoditahome\/\",\"https:\/\/www.instagram.com\/comoditahome\/\",\"https:\/\/www.linkedin.com\/company\/comoditahome\/?originalSubdomain=fj\",\"https:\/\/www.youtube.com\/channel\/UC5O6IsT4JD4zaiOqmRi_Pvg\"]}]}<\/script>\n<!-- \/ Yoast SEO Premium plugin. -->","yoast_head_json":{"title":"Apliko tani! - Comodita Home","robots":{"index":"index","follow":"follow","max-snippet":"max-snippet:-1","max-image-preview":"max-image-preview:large","max-video-preview":"max-video-preview:-1"},"canonical":"https:\/\/www.comoditahome.com\/ks\/mundesi-punesimi\/apliko-tani\/","og_locale":"sq_AL","og_type":"article","og_title":"Apliko tani!","og_description":"Aplikoni tani duke plot\u00ebsuar formularin m\u00eb posht\u00eb, apo d\u00ebrgoni CV-n\u00eb tuaj n\u00eb email adres\u00ebn info@comoditahome.com","og_url":"https:\/\/www.comoditahome.com\/ks\/mundesi-punesimi\/apliko-tani\/","og_site_name":"Comodita Home","article_publisher":"https:\/\/www.facebook.com\/comoditahome\/","article_modified_time":"2023-09-19T07:26:55+00:00","twitter_card":"summary_large_image","twitter_misc":{"Est. reading time":"1 minut\u00eb"},"schema":{"@context":"https:\/\/schema.org","@graph":[{"@type":"WebPage","@id":"https:\/\/www.comoditahome.com\/ks\/mundesi-punesimi\/apliko-tani\/","url":"https:\/\/www.comoditahome.com\/ks\/mundesi-punesimi\/apliko-tani\/","name":"Apliko tani! - Comodita Home","isPartOf":{"@id":"https:\/\/www.comoditahome.com\/ks\/#website"},"datePublished":"2022-02-03T09:49:19+00:00","dateModified":"2023-09-19T07:26:55+00:00","breadcrumb":{"@id":"https:\/\/www.comoditahome.com\/ks\/mundesi-punesimi\/apliko-tani\/#breadcrumb"},"inLanguage":"sq","potentialAction":[{"@type":"ReadAction","target":["https:\/\/www.comoditahome.com\/ks\/mundesi-punesimi\/apliko-tani\/"]}]},{"@type":"BreadcrumbList","@id":"https:\/\/www.comoditahome.com\/ks\/mundesi-punesimi\/apliko-tani\/#breadcrumb","itemListElement":[{"@type":"ListItem","position":1,"name":"Comodita Home Kosova - Dyshek Mattress","item":"https:\/\/www.comoditahome.com\/ks\/"},{"@type":"ListItem","position":2,"name":"MUND\u00cbSI PUN\u00cbSIMI","item":"https:\/\/www.comoditahome.com\/ks\/mundesi-punesimi\/"},{"@type":"ListItem","position":3,"name":"Apliko tani!"}]},{"@type":"WebSite","@id":"https:\/\/www.comoditahome.com\/ks\/#website","url":"https:\/\/www.comoditahome.com\/ks\/","name":"Comodita Home","description":"Dyshek, Jorgan, Jast\u00ebk, Kuzhine, Banjo, Kopsht dhe Aksesor\u00eb","publisher":{"@id":"https:\/\/www.comoditahome.com\/ks\/#organization"},"potentialAction":[{"@type":"SearchAction","target":{"@type":"EntryPoint","urlTemplate":"https:\/\/www.comoditahome.com\/ks\/?s={search_term_string}"},"query-input":"required name=search_term_string"}],"inLanguage":"sq"},{"@type":"Organization","@id":"https:\/\/www.comoditahome.com\/ks\/#organization","name":"Comodita Home","url":"https:\/\/www.comoditahome.com\/ks\/","logo":{"@type":"ImageObject","inLanguage":"sq","@id":"https:\/\/www.comoditahome.com\/ks\/#\/schema\/logo\/image\/","url":"https:\/\/www.comoditahome.com\/ks\/wp-content\/uploads\/2022\/05\/COMODITA_HOME_LOGO_KS_MK_AL-02.png","contentUrl":"https:\/\/www.comoditahome.com\/ks\/wp-content\/uploads\/2022\/05\/COMODITA_HOME_LOGO_KS_MK_AL-02.png","width":180,"height":87,"caption":"Comodita Home"},"image":{"@id":"https:\/\/www.comoditahome.com\/ks\/#\/schema\/logo\/image\/"},"sameAs":["https:\/\/www.facebook.com\/comoditahome\/","https:\/\/www.instagram.com\/comoditahome\/","https:\/\/www.linkedin.com\/company\/comoditahome\/?originalSubdomain=fj","https:\/\/www.youtube.com\/channel\/UC5O6IsT4JD4zaiOqmRi_Pvg"]}]}},"_links":{"self":[{"href":"https:\/\/www.comoditahome.com\/ks\/wp-json\/wp\/v2\/pages\/32676","targetHints":{"allow":["GET"]}}],"collection":[{"href":"https:\/\/www.comoditahome.com\/ks\/wp-json\/wp\/v2\/pages"}],"about":[{"href":"https:\/\/www.comoditahome.com\/ks\/wp-json\/wp\/v2\/types\/page"}],"author":[{"embeddable":true,"href":"https:\/\/www.comoditahome.com\/ks\/wp-json\/wp\/v2\/users\/1"}],"replies":[{"embeddable":true,"href":"https:\/\/www.comoditahome.com\/ks\/wp-json\/wp\/v2\/comments?post=32676"}],"version-history":[{"count":193,"href":"https:\/\/www.comoditahome.com\/ks\/wp-json\/wp\/v2\/pages\/32676\/revisions"}],"predecessor-version":[{"id":75309,"href":"https:\/\/www.comoditahome.com\/ks\/wp-json\/wp\/v2\/pages\/32676\/revisions\/75309"}],"up":[{"embeddable":true,"href":"https:\/\/www.comoditahome.com\/ks\/wp-json\/wp\/v2\/pages\/3162"}],"wp:attachment":[{"href":"https:\/\/www.comoditahome.com\/ks\/wp-json\/wp\/v2\/media?parent=32676"}],"curies":[{"name":"wp","href":"https:\/\/api.w.org\/{rel}","templated":true}]}}