 {"id":32835,"date":"2022-02-04T13:04:07","date_gmt":"2022-02-04T13:04:07","guid":{"rendered":"https:\/\/ks.comoditahome.com\/?page_id=32835"},"modified":"2025-08-21T08:50:39","modified_gmt":"2025-08-21T06:50:39","slug":"pyetje-dhe-pergjigje","status":"publish","type":"page","link":"https:\/\/www.comoditahome.com\/ks\/pyetje-dhe-pergjigje\/","title":{"rendered":"PYETJE DHE PERGJIGJE"},"content":{"rendered":"\t\t<div data-elementor-type=\"wp-page\" data-elementor-id=\"32835\" class=\"elementor elementor-32835\">\n\t\t\t\t\t\t<div class=\"elementor-inner\">\n\t\t\t\t<div class=\"elementor-section-wrap\">\n\t\t\t\t\t\t\t\t\t<section class=\"elementor-section elementor-top-section elementor-element elementor-element-9a7397f elementor-section-full_width elementor-section-height-default elementor-section-height-default\" data-id=\"9a7397f\" data-element_type=\"section\">\n\t\t\t\t\t\t<div class=\"elementor-container elementor-column-gap-no\">\n\t\t\t\t\t\t\t<div class=\"elementor-row\">\n\t\t\t\t\t<div class=\"elementor-column elementor-col-100 elementor-top-column elementor-element elementor-element-f203dfc\" data-id=\"f203dfc\" data-element_type=\"column\">\n\t\t\t<div class=\"elementor-column-wrap elementor-element-populated\">\n\t\t\t\t\t\t\t<div class=\"elementor-widget-wrap\">\n\t\t\t\t\t\t<div class=\"elementor-element elementor-element-867ea34 elementor-widget elementor-widget-image\" data-id=\"867ea34\" data-element_type=\"widget\" data-widget_type=\"image.default\">\n\t\t\t\t<div class=\"elementor-widget-container\">\n\t\t\t\t\t\t\t\t<div class=\"elementor-image\">\n\t\t\t\t\t\t\t\t\t\t\t\t<img loading=\"lazy\" decoding=\"async\" width=\"1600\" height=\"390\" src=\"https:\/\/www.comoditahome.com\/ks\/wp-content\/uploads\/2022\/02\/Pyetje-pergjigje-WEB-2.jpg\" class=\"attachment-full size-full\" alt=\"\" srcset=\"https:\/\/www.comoditahome.com\/ks\/wp-content\/uploads\/2022\/02\/Pyetje-pergjigje-WEB-2.jpg 1600w, https:\/\/www.comoditahome.com\/ks\/wp-content\/uploads\/2022\/02\/Pyetje-pergjigje-WEB-2-300x73.jpg 300w, https:\/\/www.comoditahome.com\/ks\/wp-content\/uploads\/2022\/02\/Pyetje-pergjigje-WEB-2-1024x250.jpg 1024w, https:\/\/www.comoditahome.com\/ks\/wp-content\/uploads\/2022\/02\/Pyetje-pergjigje-WEB-2-150x37.jpg 150w, https:\/\/www.comoditahome.com\/ks\/wp-content\/uploads\/2022\/02\/Pyetje-pergjigje-WEB-2-768x187.jpg 768w, https:\/\/www.comoditahome.com\/ks\/wp-content\/uploads\/2022\/02\/Pyetje-pergjigje-WEB-2-1536x374.jpg 1536w, https:\/\/www.comoditahome.com\/ks\/wp-content\/uploads\/2022\/02\/Pyetje-pergjigje-WEB-2-1200x293.jpg 1200w\" sizes=\"auto, (max-width: 1600px) 100vw, 1600px\" \/>\t\t\t\t\t\t\t\t\t\t\t\t\t\t<\/div>\n\t\t\t\t\t\t<\/div>\n\t\t\t\t<\/div>\n\t\t\t\t\t\t<\/div>\n\t\t\t\t\t<\/div>\n\t\t<\/div>\n\t\t\t\t\t\t\t\t<\/div>\n\t\t\t\t\t<\/div>\n\t\t<\/section>\n\t\t\t\t<section class=\"elementor-section elementor-top-section elementor-element elementor-element-b329f93 elementor-section-boxed elementor-section-height-default elementor-section-height-default\" data-id=\"b329f93\" data-element_type=\"section\">\n\t\t\t\t\t\t<div class=\"elementor-container elementor-column-gap-no\">\n\t\t\t\t\t\t\t<div class=\"elementor-row\">\n\t\t\t\t\t<div class=\"elementor-column elementor-col-100 elementor-top-column elementor-element elementor-element-989dade\" data-id=\"989dade\" data-element_type=\"column\">\n\t\t\t<div class=\"elementor-column-wrap elementor-element-populated\">\n\t\t\t\t\t\t\t<div class=\"elementor-widget-wrap\">\n\t\t\t\t\t\t<div class=\"elementor-element elementor-element-63ef0f4 elementor-widget elementor-widget-sober-faq\" data-id=\"63ef0f4\" data-element_type=\"widget\" data-widget_type=\"sober-faq.default\">\n\t\t\t\t<div class=\"elementor-widget-container\">\n\t\t\t\t\t<div class=\"sober-faq sober-faq--elementor\">\n\t\t\t<div class=\"sober-faq__question question\">\n\t\t\t\t<span class=\"sober-faq__question-label question-label\">Question<\/span>\n\t\t\t\t<span class=\"sober-faq__question-icon question-icon\"><span class=\"toggle-icon\"><\/span><\/span>\n\t\t\t\t<span class=\"question-title sober-faq__question-title\">Si mund t\u00eb shoh ofert\u00ebn aktuale?<\/span>\n\t\t\t<\/div>\n\t\t\t<div class=\"sober-faq__answer answer\">\n\t\t\t\t<span class=\"sober-faq__answer-label answer-label\">Answer<\/span>\n\t\t\t\t<div class=\"sober-faq__answer-content\"><p>Klikoni n\u00eb linkun: <span style=\"text-decoration: underline\"><a href=\"https:\/\/www.comoditahome.com\/ks\/oferte\/\">Ofertat e fundit<\/a><\/span><\/p><\/div>\n\t\t\t<\/div>\n\t\t<\/div>\n\t\t\t\t<\/div>\n\t\t\t\t<\/div>\n\t\t\t\t<div class=\"elementor-element elementor-element-69ae75a elementor-widget elementor-widget-sober-faq\" data-id=\"69ae75a\" data-element_type=\"widget\" data-widget_type=\"sober-faq.default\">\n\t\t\t\t<div class=\"elementor-widget-container\">\n\t\t\t\t\t<div class=\"sober-faq sober-faq--elementor\">\n\t\t\t<div class=\"sober-faq__question question\">\n\t\t\t\t<span class=\"sober-faq__question-label question-label\">Question<\/span>\n\t\t\t\t<span class=\"sober-faq__question-icon question-icon\"><span class=\"toggle-icon\"><\/span><\/span>\n\t\t\t\t<span class=\"question-title sober-faq__question-title\">Kam b\u00ebr\u00eb porosi n\u00eb webfaqe, por nuk e di se a \u00ebsht\u00eb regjistruar me sukses?<\/span>\n\t\t\t<\/div>\n\t\t\t<div class=\"sober-faq__answer answer\">\n\t\t\t\t<span class=\"sober-faq__answer-label answer-label\">Answer<\/span>\n\t\t\t\t<div class=\"sober-faq__answer-content\"><p>N\u00ebse keni porositur online, ju keni pranuar nj\u00eb email t\u00eb em\u00ebruar: <strong><em>Porosi e re,<\/em><\/strong> me detajet e porosis\u00eb suaj, n\u00eb emailin q\u00eb e keni shkruar gjat\u00eb regjistrimit. Hapi i rradh\u00ebs \u00ebsht\u00eb konfirmimi i porosis\u00eb nga agjent\u00ebt q\u00eb sigurohen q\u00eb numri juaj \u00ebsht\u00eb i sakt\u00eb dhe se gjith\u00e7ka \u00ebsht\u00eb n\u00eb rregull me porosin\u00eb apo n\u00ebse ka di\u00e7ka q\u00eb duhet ndryshuar.<\/p><\/div>\n\t\t\t<\/div>\n\t\t<\/div>\n\t\t\t\t<\/div>\n\t\t\t\t<\/div>\n\t\t\t\t<div class=\"elementor-element elementor-element-9a44488 elementor-widget elementor-widget-sober-faq\" data-id=\"9a44488\" data-element_type=\"widget\" data-widget_type=\"sober-faq.default\">\n\t\t\t\t<div class=\"elementor-widget-container\">\n\t\t\t\t\t<div class=\"sober-faq sober-faq--elementor\">\n\t\t\t<div class=\"sober-faq__question question\">\n\t\t\t\t<span class=\"sober-faq__question-label question-label\">Question<\/span>\n\t\t\t\t<span class=\"sober-faq__question-icon question-icon\"><span class=\"toggle-icon\"><\/span><\/span>\n\t\t\t\t<span class=\"question-title sober-faq__question-title\">Produktin q\u00eb e kam bler\u00eb online tani i ka ndryshuar \u00e7mimi, dhe un\u00eb ende nuk kam pranuar porosin\u00eb?<\/span>\n\t\t\t<\/div>\n\t\t\t<div class=\"sober-faq__answer answer\">\n\t\t\t\t<span class=\"sober-faq__answer-label answer-label\">Answer<\/span>\n\t\t\t\t<div class=\"sober-faq__answer-content\"><p>N\u00ebse keni porositur online, ju do t\u00eb pranoni produktin tuaj me \u00e7mimin q\u00eb ka patur n\u00eb momentin kur e keni b\u00ebr\u00eb blerjen.<\/p><\/div>\n\t\t\t<\/div>\n\t\t<\/div>\n\t\t\t\t<\/div>\n\t\t\t\t<\/div>\n\t\t\t\t<div class=\"elementor-element elementor-element-0934521 elementor-widget elementor-widget-sober-faq\" data-id=\"0934521\" data-element_type=\"widget\" data-widget_type=\"sober-faq.default\">\n\t\t\t\t<div class=\"elementor-widget-container\">\n\t\t\t\t\t<div class=\"sober-faq sober-faq--elementor\">\n\t\t\t<div class=\"sober-faq__question question\">\n\t\t\t\t<span class=\"sober-faq__question-label question-label\">Question<\/span>\n\t\t\t\t<span class=\"sober-faq__question-icon question-icon\"><span class=\"toggle-icon\"><\/span><\/span>\n\t\t\t\t<span class=\"question-title sober-faq__question-title\">A \u00ebsht\u00eb transporti me pages\u00eb?<\/span>\n\t\t\t<\/div>\n\t\t\t<div class=\"sober-faq__answer answer\">\n\t\t\t\t<span class=\"sober-faq__answer-label answer-label\">Answer<\/span>\n\t\t\t\t<div class=\"sober-faq__answer-content\"><p>Po transporti \u00ebsht\u00eb me pages\u00eb n\u00eb t\u00ebr\u00eb Kosov\u00ebn. Cmimet variojne nga 3\u20ac p\u00ebr dyshek\u00ebt dhe mbishtresa nd\u00ebrsa 2\u20ac p\u00ebr artikuj tjer\u00eb.<\/p><\/div>\n\t\t\t<\/div>\n\t\t<\/div>\n\t\t\t\t<\/div>\n\t\t\t\t<\/div>\n\t\t\t\t<div class=\"elementor-element elementor-element-d9a7fa2 elementor-widget elementor-widget-sober-faq\" data-id=\"d9a7fa2\" data-element_type=\"widget\" data-widget_type=\"sober-faq.default\">\n\t\t\t\t<div class=\"elementor-widget-container\">\n\t\t\t\t\t<div class=\"sober-faq sober-faq--elementor\">\n\t\t\t<div class=\"sober-faq__question question\">\n\t\t\t\t<span class=\"sober-faq__question-label question-label\">Question<\/span>\n\t\t\t\t<span class=\"sober-faq__question-icon question-icon\"><span class=\"toggle-icon\"><\/span><\/span>\n\t\t\t\t<span class=\"question-title sober-faq__question-title\">Edhe pse kam sh\u00ebnnuar t\u00ebr\u00eb adres\u00ebn, porosia m\u00eb \u00ebsht\u00eb anuluar sepse nuk kam d\u00ebgjuar telefonin?<\/span>\n\t\t\t<\/div>\n\t\t\t<div class=\"sober-faq__answer answer\">\n\t\t\t\t<span class=\"sober-faq__answer-label answer-label\">Answer<\/span>\n\t\t\t\t<div class=\"sober-faq__answer-content\"><p>\u00c7do porosi vjen p\u00ebrmes transportit t\u00eb Comodita Home, shofer\u00ebt e t\u00eb cil\u00ebs ju kontaktojn\u00eb fillimisht n\u00eb numrin tuaj t\u00eb telefonit p\u00ebr t\u00eb ju njoftuar q\u00eb jan\u00eb af\u00ebr dhe juve duhet t\u00eb dilni t\u00eb pranoni porosin\u00eb. N\u00ebse nuk e hapni telefonin, porosia juaj kthehet n\u00eb depon q\u00ebndrore dhe riniset prap pas 3-4 dit\u00ebve t\u00eb ardhshme. Prandaj p\u00ebr t\u00eb pranuar porosin\u00eb tuaj, ju sugjerojm\u00eb t\u00eb sh\u00ebnoni 2 numra kontakti.<\/p><\/div>\n\t\t\t<\/div>\n\t\t<\/div>\n\t\t\t\t<\/div>\n\t\t\t\t<\/div>\n\t\t\t\t<div class=\"elementor-element elementor-element-7520819 elementor-widget elementor-widget-sober-faq\" data-id=\"7520819\" data-element_type=\"widget\" data-widget_type=\"sober-faq.default\">\n\t\t\t\t<div class=\"elementor-widget-container\">\n\t\t\t\t\t<div class=\"sober-faq sober-faq--elementor\">\n\t\t\t<div class=\"sober-faq__question question\">\n\t\t\t\t<span class=\"sober-faq__question-label question-label\">Question<\/span>\n\t\t\t\t<span class=\"sober-faq__question-icon question-icon\"><span class=\"toggle-icon\"><\/span><\/span>\n\t\t\t\t<span class=\"question-title sober-faq__question-title\">Kam pranuar porosin\u00eb por dua t\u2019a kthej?<\/span>\n\t\t\t<\/div>\n\t\t\t<div class=\"sober-faq__answer answer\">\n\t\t\t\t<span class=\"sober-faq__answer-label answer-label\">Answer<\/span>\n\t\t\t\t<div class=\"sober-faq__answer-content\"><p>Rregulla p\u00ebr kthimin e produkteve ndryshon var\u00ebsisht nga lloji i produktit. P\u00ebr secilin produkt \u00ebsht\u00eb e specifikuar n\u00eb tekstin <strong>kushtet e kthimit. <\/strong>Asnj\u00eb kthim apo reklamacion nuk pranohet n\u00ebse nuk keni kuponin fiskal, fatur\u00ebn e flet\u00ebdor\u00ebzimit, dhe produktin brenda paketimit.<\/p><\/div>\n\t\t\t<\/div>\n\t\t<\/div>\n\t\t\t\t<\/div>\n\t\t\t\t<\/div>\n\t\t\t\t<div class=\"elementor-element elementor-element-932b551 elementor-widget elementor-widget-sober-faq\" data-id=\"932b551\" data-element_type=\"widget\" data-widget_type=\"sober-faq.default\">\n\t\t\t\t<div class=\"elementor-widget-container\">\n\t\t\t\t\t<div class=\"sober-faq sober-faq--elementor\">\n\t\t\t<div class=\"sober-faq__question question\">\n\t\t\t\t<span class=\"sober-faq__question-label question-label\">Question<\/span>\n\t\t\t\t<span class=\"sober-faq__question-icon question-icon\"><span class=\"toggle-icon\"><\/span><\/span>\n\t\t\t\t<span class=\"question-title sober-faq__question-title\">Kam gabuar dimensionin e dyshekut? A mund t\u2019a kthej dhe t\u00eb marr nj\u00eb tjet\u00ebr?<\/span>\n\t\t\t<\/div>\n\t\t\t<div class=\"sober-faq__answer answer\">\n\t\t\t\t<span class=\"sober-faq__answer-label answer-label\">Answer<\/span>\n\t\t\t\t<div class=\"sober-faq__answer-content\"><p>P\u00ebr \u00e7do rast t\u00eb gabimit rreth dimensionit t\u00eb dyshekut duhet t\u00eb sh\u00ebnoni n\u00eb numrin e agjentes q\u00eb ju ka b\u00ebr\u00eb konfirmimin e porosis\u00eb, apo n\u00eb vendin ku e keni b\u00ebr\u00eb porosin\u00eb (rrjetet sociale, Call Center, numri 0800 25 000, apo p\u00ebrmes emisionit t\u00eb shitjes Comodita TV Shop), dhe do t\u00eb merrni informacion t\u00eb sakt\u00eb.<\/p><\/div>\n\t\t\t<\/div>\n\t\t<\/div>\n\t\t\t\t<\/div>\n\t\t\t\t<\/div>\n\t\t\t\t<div class=\"elementor-element elementor-element-41b2020 elementor-widget elementor-widget-sober-faq\" data-id=\"41b2020\" data-element_type=\"widget\" data-widget_type=\"sober-faq.default\">\n\t\t\t\t<div class=\"elementor-widget-container\">\n\t\t\t\t\t<div class=\"sober-faq sober-faq--elementor\">\n\t\t\t<div class=\"sober-faq__question question\">\n\t\t\t\t<span class=\"sober-faq__question-label question-label\">Question<\/span>\n\t\t\t\t<span class=\"sober-faq__question-icon question-icon\"><span class=\"toggle-icon\"><\/span><\/span>\n\t\t\t\t<span class=\"question-title sober-faq__question-title\">Si t\u00eb gjej dyqanin e Comodita Home n\u00eb qytetin tim?<\/span>\n\t\t\t<\/div>\n\t\t\t<div class=\"sober-faq__answer answer\">\n\t\t\t\t<span class=\"sober-faq__answer-label answer-label\">Answer<\/span>\n\t\t\t\t<div class=\"sober-faq__answer-content\"><p>P\u00ebr t\u00eb par\u00eb gjitha informatat rreth lokacioneve t\u00eb pikave t\u00eb shitjes, ju lutem t\u00eb klikoni n\u00eb linkun: <a href=\"https:\/\/ks.comoditahome.com\/pikat-e-shitjes\/\">https:\/\/ks.comoditahome.com\/pikat-e-shitjes\/<\/a><\/p><\/div>\n\t\t\t<\/div>\n\t\t<\/div>\n\t\t\t\t<\/div>\n\t\t\t\t<\/div>\n\t\t\t\t<div class=\"elementor-element elementor-element-a30e7d3 elementor-widget elementor-widget-sober-faq\" data-id=\"a30e7d3\" data-element_type=\"widget\" data-widget_type=\"sober-faq.default\">\n\t\t\t\t<div class=\"elementor-widget-container\">\n\t\t\t\t\t<div class=\"sober-faq sober-faq--elementor\">\n\t\t\t<div class=\"sober-faq__question question\">\n\t\t\t\t<span class=\"sober-faq__question-label question-label\">Question<\/span>\n\t\t\t\t<span class=\"sober-faq__question-icon question-icon\"><span class=\"toggle-icon\"><\/span><\/span>\n\t\t\t\t<span class=\"question-title sober-faq__question-title\">Kam nj\u00eb propozim bashk\u00ebpunimi, sugjerim, kritik\u00eb apo k\u00ebrkes\u00eb p\u00ebr t\u00eb b\u00ebr\u00eb?<\/span>\n\t\t\t<\/div>\n\t\t\t<div class=\"sober-faq__answer answer\">\n\t\t\t\t<span class=\"sober-faq__answer-label answer-label\">Answer<\/span>\n\t\t\t\t<div class=\"sober-faq__answer-content\"><p>Ju lutem t\u00eb na kontaktoni p\u00ebrmes email adres\u00ebs: <a href=\"mailto:info@comoditahome.com\">info@comoditahome.com<\/a>.<\/p><\/div>\n\t\t\t<\/div>\n\t\t<\/div>\n\t\t\t\t<\/div>\n\t\t\t\t<\/div>\n\t\t\t\t\t\t<\/div>\n\t\t\t\t\t<\/div>\n\t\t<\/div>\n\t\t\t\t\t\t\t\t<\/div>\n\t\t\t\t\t<\/div>\n\t\t<\/section>\n\t\t\t\t\t\t\t\t\t<\/div>\n\t\t\t<\/div>\n\t\t\t\t\t<\/div>\n\t\t","protected":false},"excerpt":{"rendered":"<p>Question Si mund t\u00eb shoh ofert\u00ebn aktuale? Answer Klikoni n\u00eb linkun: Ofertat e fundit Question Kam b\u00ebr\u00eb porosi n\u00eb webfaqe, por nuk e di se a \u00ebsht\u00eb regjistruar me sukses?&hellip;<\/p>\n","protected":false},"author":1,"featured_media":0,"parent":0,"menu_order":0,"comment_status":"closed","ping_status":"closed","template":"templates\/homepage.php","meta":{"footnotes":""},"class_list":["post-32835","page","type-page","status-publish","hentry"],"yoast_head":"<!-- This site is optimized with the Yoast SEO Premium plugin v18.2.1 (Yoast SEO v22.5) - https:\/\/yoast.com\/wordpress\/plugins\/seo\/ -->\n<title>PYETJE DHE PERGJIGJE - Comodita Home<\/title>\n<meta name=\"robots\" content=\"index, follow, max-snippet:-1, max-image-preview:large, max-video-preview:-1\" \/>\n<link rel=\"canonical\" href=\"https:\/\/www.comoditahome.com\/ks\/pyetje-dhe-pergjigje\/\" \/>\n<meta property=\"og:locale\" content=\"sq_AL\" \/>\n<meta property=\"og:type\" content=\"article\" \/>\n<meta property=\"og:title\" content=\"PYETJE DHE PERGJIGJE\" \/>\n<meta property=\"og:description\" content=\"Question Si mund t\u00eb shoh ofert\u00ebn aktuale? Answer Klikoni n\u00eb linkun: Ofertat e fundit Question Kam b\u00ebr\u00eb porosi n\u00eb webfaqe, por nuk e di se a \u00ebsht\u00eb regjistruar me sukses?&hellip;\" \/>\n<meta property=\"og:url\" content=\"https:\/\/www.comoditahome.com\/ks\/pyetje-dhe-pergjigje\/\" \/>\n<meta property=\"og:site_name\" content=\"Comodita Home\" \/>\n<meta property=\"article:publisher\" content=\"https:\/\/www.facebook.com\/comoditahome\/\" \/>\n<meta property=\"article:modified_time\" content=\"2025-08-21T06:50:39+00:00\" \/>\n<meta property=\"og:image\" content=\"https:\/\/www.comoditahome.com\/ks\/wp-content\/uploads\/2022\/02\/Pyetje-pergjigje-WEB-2.jpg\" \/>\n<meta name=\"twitter:card\" content=\"summary_large_image\" \/>\n<meta name=\"twitter:label1\" content=\"Est. reading time\" \/>\n\t<meta name=\"twitter:data1\" content=\"3 minuta\" \/>\n<script type=\"application\/ld+json\" class=\"yoast-schema-graph\">{\"@context\":\"https:\/\/schema.org\",\"@graph\":[{\"@type\":\"WebPage\",\"@id\":\"https:\/\/www.comoditahome.com\/ks\/pyetje-dhe-pergjigje\/\",\"url\":\"https:\/\/www.comoditahome.com\/ks\/pyetje-dhe-pergjigje\/\",\"name\":\"PYETJE DHE PERGJIGJE - Comodita Home\",\"isPartOf\":{\"@id\":\"https:\/\/www.comoditahome.com\/ks\/#website\"},\"primaryImageOfPage\":{\"@id\":\"https:\/\/www.comoditahome.com\/ks\/pyetje-dhe-pergjigje\/#primaryimage\"},\"image\":{\"@id\":\"https:\/\/www.comoditahome.com\/ks\/pyetje-dhe-pergjigje\/#primaryimage\"},\"thumbnailUrl\":\"https:\/\/www.comoditahome.com\/ks\/wp-content\/uploads\/2022\/02\/Pyetje-pergjigje-WEB-2.jpg\",\"datePublished\":\"2022-02-04T13:04:07+00:00\",\"dateModified\":\"2025-08-21T06:50:39+00:00\",\"breadcrumb\":{\"@id\":\"https:\/\/www.comoditahome.com\/ks\/pyetje-dhe-pergjigje\/#breadcrumb\"},\"inLanguage\":\"sq\",\"potentialAction\":[{\"@type\":\"ReadAction\",\"target\":[\"https:\/\/www.comoditahome.com\/ks\/pyetje-dhe-pergjigje\/\"]}]},{\"@type\":\"ImageObject\",\"inLanguage\":\"sq\",\"@id\":\"https:\/\/www.comoditahome.com\/ks\/pyetje-dhe-pergjigje\/#primaryimage\",\"url\":\"https:\/\/www.comoditahome.com\/ks\/wp-content\/uploads\/2022\/02\/Pyetje-pergjigje-WEB-2.jpg\",\"contentUrl\":\"https:\/\/www.comoditahome.com\/ks\/wp-content\/uploads\/2022\/02\/Pyetje-pergjigje-WEB-2.jpg\",\"width\":1600,\"height\":390},{\"@type\":\"BreadcrumbList\",\"@id\":\"https:\/\/www.comoditahome.com\/ks\/pyetje-dhe-pergjigje\/#breadcrumb\",\"itemListElement\":[{\"@type\":\"ListItem\",\"position\":1,\"name\":\"Comodita Home Kosova - Dyshek Mattress\",\"item\":\"https:\/\/www.comoditahome.com\/ks\/\"},{\"@type\":\"ListItem\",\"position\":2,\"name\":\"PYETJE DHE PERGJIGJE\"}]},{\"@type\":\"WebSite\",\"@id\":\"https:\/\/www.comoditahome.com\/ks\/#website\",\"url\":\"https:\/\/www.comoditahome.com\/ks\/\",\"name\":\"Comodita Home\",\"description\":\"Dyshek, Jorgan, Jast\u00ebk, Kuzhine, Banjo, Kopsht dhe Aksesor\u00eb\",\"publisher\":{\"@id\":\"https:\/\/www.comoditahome.com\/ks\/#organization\"},\"potentialAction\":[{\"@type\":\"SearchAction\",\"target\":{\"@type\":\"EntryPoint\",\"urlTemplate\":\"https:\/\/www.comoditahome.com\/ks\/?s={search_term_string}\"},\"query-input\":\"required name=search_term_string\"}],\"inLanguage\":\"sq\"},{\"@type\":\"Organization\",\"@id\":\"https:\/\/www.comoditahome.com\/ks\/#organization\",\"name\":\"Comodita Home\",\"url\":\"https:\/\/www.comoditahome.com\/ks\/\",\"logo\":{\"@type\":\"ImageObject\",\"inLanguage\":\"sq\",\"@id\":\"https:\/\/www.comoditahome.com\/ks\/#\/schema\/logo\/image\/\",\"url\":\"https:\/\/www.comoditahome.com\/ks\/wp-content\/uploads\/2022\/05\/COMODITA_HOME_LOGO_KS_MK_AL-02.png\",\"contentUrl\":\"https:\/\/www.comoditahome.com\/ks\/wp-content\/uploads\/2022\/05\/COMODITA_HOME_LOGO_KS_MK_AL-02.png\",\"width\":180,\"height\":87,\"caption\":\"Comodita Home\"},\"image\":{\"@id\":\"https:\/\/www.comoditahome.com\/ks\/#\/schema\/logo\/image\/\"},\"sameAs\":[\"https:\/\/www.facebook.com\/comoditahome\/\",\"https:\/\/www.instagram.com\/comoditahome\/\",\"https:\/\/www.linkedin.com\/company\/comoditahome\/?originalSubdomain=fj\",\"https:\/\/www.youtube.com\/channel\/UC5O6IsT4JD4zaiOqmRi_Pvg\"]}]}<\/script>\n<!-- \/ Yoast SEO Premium plugin. -->","yoast_head_json":{"title":"PYETJE DHE PERGJIGJE - Comodita Home","robots":{"index":"index","follow":"follow","max-snippet":"max-snippet:-1","max-image-preview":"max-image-preview:large","max-video-preview":"max-video-preview:-1"},"canonical":"https:\/\/www.comoditahome.com\/ks\/pyetje-dhe-pergjigje\/","og_locale":"sq_AL","og_type":"article","og_title":"PYETJE DHE PERGJIGJE","og_description":"Question Si mund t\u00eb shoh ofert\u00ebn aktuale? Answer Klikoni n\u00eb linkun: Ofertat e fundit Question Kam b\u00ebr\u00eb porosi n\u00eb webfaqe, por nuk e di se a \u00ebsht\u00eb regjistruar me sukses?&hellip;","og_url":"https:\/\/www.comoditahome.com\/ks\/pyetje-dhe-pergjigje\/","og_site_name":"Comodita Home","article_publisher":"https:\/\/www.facebook.com\/comoditahome\/","article_modified_time":"2025-08-21T06:50:39+00:00","og_image":[{"url":"https:\/\/www.comoditahome.com\/ks\/wp-content\/uploads\/2022\/02\/Pyetje-pergjigje-WEB-2.jpg"}],"twitter_card":"summary_large_image","twitter_misc":{"Est. reading time":"3 minuta"},"schema":{"@context":"https:\/\/schema.org","@graph":[{"@type":"WebPage","@id":"https:\/\/www.comoditahome.com\/ks\/pyetje-dhe-pergjigje\/","url":"https:\/\/www.comoditahome.com\/ks\/pyetje-dhe-pergjigje\/","name":"PYETJE DHE PERGJIGJE - Comodita Home","isPartOf":{"@id":"https:\/\/www.comoditahome.com\/ks\/#website"},"primaryImageOfPage":{"@id":"https:\/\/www.comoditahome.com\/ks\/pyetje-dhe-pergjigje\/#primaryimage"},"image":{"@id":"https:\/\/www.comoditahome.com\/ks\/pyetje-dhe-pergjigje\/#primaryimage"},"thumbnailUrl":"https:\/\/www.comoditahome.com\/ks\/wp-content\/uploads\/2022\/02\/Pyetje-pergjigje-WEB-2.jpg","datePublished":"2022-02-04T13:04:07+00:00","dateModified":"2025-08-21T06:50:39+00:00","breadcrumb":{"@id":"https:\/\/www.comoditahome.com\/ks\/pyetje-dhe-pergjigje\/#breadcrumb"},"inLanguage":"sq","potentialAction":[{"@type":"ReadAction","target":["https:\/\/www.comoditahome.com\/ks\/pyetje-dhe-pergjigje\/"]}]},{"@type":"ImageObject","inLanguage":"sq","@id":"https:\/\/www.comoditahome.com\/ks\/pyetje-dhe-pergjigje\/#primaryimage","url":"https:\/\/www.comoditahome.com\/ks\/wp-content\/uploads\/2022\/02\/Pyetje-pergjigje-WEB-2.jpg","contentUrl":"https:\/\/www.comoditahome.com\/ks\/wp-content\/uploads\/2022\/02\/Pyetje-pergjigje-WEB-2.jpg","width":1600,"height":390},{"@type":"BreadcrumbList","@id":"https:\/\/www.comoditahome.com\/ks\/pyetje-dhe-pergjigje\/#breadcrumb","itemListElement":[{"@type":"ListItem","position":1,"name":"Comodita Home Kosova - Dyshek Mattress","item":"https:\/\/www.comoditahome.com\/ks\/"},{"@type":"ListItem","position":2,"name":"PYETJE DHE PERGJIGJE"}]},{"@type":"WebSite","@id":"https:\/\/www.comoditahome.com\/ks\/#website","url":"https:\/\/www.comoditahome.com\/ks\/","name":"Comodita Home","description":"Dyshek, Jorgan, Jast\u00ebk, Kuzhine, Banjo, Kopsht dhe Aksesor\u00eb","publisher":{"@id":"https:\/\/www.comoditahome.com\/ks\/#organization"},"potentialAction":[{"@type":"SearchAction","target":{"@type":"EntryPoint","urlTemplate":"https:\/\/www.comoditahome.com\/ks\/?s={search_term_string}"},"query-input":"required name=search_term_string"}],"inLanguage":"sq"},{"@type":"Organization","@id":"https:\/\/www.comoditahome.com\/ks\/#organization","name":"Comodita Home","url":"https:\/\/www.comoditahome.com\/ks\/","logo":{"@type":"ImageObject","inLanguage":"sq","@id":"https:\/\/www.comoditahome.com\/ks\/#\/schema\/logo\/image\/","url":"https:\/\/www.comoditahome.com\/ks\/wp-content\/uploads\/2022\/05\/COMODITA_HOME_LOGO_KS_MK_AL-02.png","contentUrl":"https:\/\/www.comoditahome.com\/ks\/wp-content\/uploads\/2022\/05\/COMODITA_HOME_LOGO_KS_MK_AL-02.png","width":180,"height":87,"caption":"Comodita Home"},"image":{"@id":"https:\/\/www.comoditahome.com\/ks\/#\/schema\/logo\/image\/"},"sameAs":["https:\/\/www.facebook.com\/comoditahome\/","https:\/\/www.instagram.com\/comoditahome\/","https:\/\/www.linkedin.com\/company\/comoditahome\/?originalSubdomain=fj","https:\/\/www.youtube.com\/channel\/UC5O6IsT4JD4zaiOqmRi_Pvg"]}]}},"_links":{"self":[{"href":"https:\/\/www.comoditahome.com\/ks\/wp-json\/wp\/v2\/pages\/32835","targetHints":{"allow":["GET"]}}],"collection":[{"href":"https:\/\/www.comoditahome.com\/ks\/wp-json\/wp\/v2\/pages"}],"about":[{"href":"https:\/\/www.comoditahome.com\/ks\/wp-json\/wp\/v2\/types\/page"}],"author":[{"embeddable":true,"href":"https:\/\/www.comoditahome.com\/ks\/wp-json\/wp\/v2\/users\/1"}],"replies":[{"embeddable":true,"href":"https:\/\/www.comoditahome.com\/ks\/wp-json\/wp\/v2\/comments?post=32835"}],"version-history":[{"count":58,"href":"https:\/\/www.comoditahome.com\/ks\/wp-json\/wp\/v2\/pages\/32835\/revisions"}],"predecessor-version":[{"id":106375,"href":"https:\/\/www.comoditahome.com\/ks\/wp-json\/wp\/v2\/pages\/32835\/revisions\/106375"}],"wp:attachment":[{"href":"https:\/\/www.comoditahome.com\/ks\/wp-json\/wp\/v2\/media?parent=32835"}],"curies":[{"name":"wp","href":"https:\/\/api.w.org\/{rel}","templated":true}]}}