 {"id":102940,"date":"2025-05-28T15:33:01","date_gmt":"2025-05-28T13:33:01","guid":{"rendered":"https:\/\/www.comoditahome.com\/ks\/?post_type=product&#038;p=102940"},"modified":"2026-05-06T15:38:44","modified_gmt":"2026-05-06T13:38:44","slug":"pjate-ovale-pretty-bloom","status":"publish","type":"product","link":"https:\/\/www.comoditahome.com\/ks\/produkt\/pjate-ovale-pretty-bloom\/","title":{"rendered":"Pjat\u00eb Ovale Pretty Bloom"},"content":{"rendered":"<p style=\"text-align: left;\">Pjata elegante Pretty Bloom sjell nj\u00eb shp\u00ebrthim ngjyrash n\u00eb tryez\u00ebn tuaj.<\/p>\n<p style=\"text-align: left;\">Me sfond roz\u00eb t\u00eb dekoruar me lule shum\u00ebngjyr\u00ebshe dhe detaje t\u00eb rafinuara p\u00ebrgjat\u00eb skajeve.<\/p>\n<p style=\"text-align: left;\">Kjo pjat\u00eb \u00ebsht\u00eb perfekte p\u00ebr servirje moderne, antipasta ose \u00ebmb\u00eblsira.<\/p>\n","protected":false},"excerpt":{"rendered":"<p style=\"text-align: left;\">Pjata elegante Pretty Bloom sjell nj\u00eb shp\u00ebrthim ngjyrash n\u00eb tryez\u00ebn tuaj. Me sfond roz\u00eb t\u00eb dekoruar me lule shum\u00ebngjyr\u00ebshe dhe detaje t\u00eb rafinuara p\u00ebrgjat\u00eb skajeve, kjo pjat\u00eb \u00ebsht\u00eb perfekte p\u00ebr servirje moderne, antipasta ose \u00ebmb\u00eblsira.<\/p>\n<p style=\"text-align: left;\"><strong>Dimensioni \/ Kompozicioni:<\/strong> 33x16x3 cm<\/p>\n<p style=\"text-align: left;\"><strong>NGJYRA:<\/strong> Me dizajn<\/p>\n<p style=\"text-align: left;\"><strong>MATERIALI:<\/strong> Porcelan<\/p>\n<p style=\"text-align: left;\"><strong>UDH\u00cbZIMET E P\u00cbRDORIMIT:<\/strong> T\u00eb pastrohen me dor\u00eb<\/p>\n<p style=\"text-align: left;\"><strong>KUSHTET E KTHIMIT \/ GARANCION:<\/strong> P\u00ebr k\u00ebt\u00eb produkt pranohet reklamacion brenda 24 or\u00ebve pasi t\u00eb pranoni porosin\u00eb.<\/p>\n<p style=\"text-align: left;\"><span style=\"color: #ffffff;\">3905710920129<\/span><\/p>\n","protected":false},"featured_media":102919,"template":"","meta":[],"product_brand":[],"product_cat":[137,136,125],"product_tag":[],"class_list":{"0":"post-102940","1":"product","2":"type-product","3":"status-publish","4":"has-post-thumbnail","6":"product_cat-ene-servimi","7":"product_cat-tryeze","8":"product_cat-kuzhine","10":"first","11":"outofstock","12":"sale","13":"shipping-taxable","14":"purchasable","15":"product-type-simple","16":"layout-style-1","17":"col-md-4 col-sm-4 col-xs-6","18":"col-lg-2","19":"product-has-gallery","20":"product-style-default"},"yoast_head":"<!-- This site is optimized with the Yoast SEO Premium plugin v18.2.1 (Yoast SEO v22.5) - https:\/\/yoast.com\/wordpress\/plugins\/seo\/ -->\n<title>Pjat\u00eb Ovale Pretty Bloom - Comodita Home<\/title>\n<meta name=\"description\" content=\"Seti i filxhan\u00ebve t\u00eb \u00e7ajit Corinthian, vjen me nj\u00eb dizajn tejet artistik dhe antik, t\u00eb konturuar me detaje speciale t\u00eb filxhanit q\u00eb kombinohet...\" \/>\n<meta name=\"robots\" content=\"index, follow, max-snippet:-1, max-image-preview:large, max-video-preview:-1\" \/>\n<link rel=\"canonical\" href=\"https:\/\/www.comoditahome.com\/ks\/produkt\/pjate-ovale-pretty-bloom\/\" \/>\n<meta property=\"og:locale\" content=\"sq_AL\" \/>\n<meta property=\"og:type\" content=\"article\" \/>\n<meta property=\"og:title\" content=\"Pjat\u00eb Ovale Pretty Bloom\" \/>\n<meta property=\"og:description\" content=\"Seti i filxhan\u00ebve t\u00eb \u00e7ajit Corinthian, vjen me nj\u00eb dizajn tejet artistik dhe antik, t\u00eb konturuar me detaje speciale t\u00eb filxhanit q\u00eb kombinohet...\" \/>\n<meta property=\"og:url\" content=\"https:\/\/www.comoditahome.com\/ks\/produkt\/pjate-ovale-pretty-bloom\/\" \/>\n<meta property=\"og:site_name\" content=\"Comodita Home\" \/>\n<meta property=\"article:publisher\" content=\"https:\/\/www.facebook.com\/comoditahome\/\" \/>\n<meta property=\"article:modified_time\" content=\"2026-05-06T13:38:44+00:00\" \/>\n<meta property=\"og:image\" content=\"https:\/\/www.comoditahome.com\/ks\/wp-content\/uploads\/2025\/05\/3905710920129-1.jpg\" \/>\n\t<meta property=\"og:image:width\" content=\"1204\" \/>\n\t<meta property=\"og:image:height\" content=\"1310\" \/>\n\t<meta property=\"og:image:type\" content=\"image\/jpeg\" \/>\n<meta name=\"twitter:card\" content=\"summary_large_image\" \/>\n<meta name=\"twitter:label1\" content=\"Est. reading time\" \/>\n\t<meta name=\"twitter:data1\" content=\"1 minut\u00eb\" \/>\n<script type=\"application\/ld+json\" class=\"yoast-schema-graph\">{\"@context\":\"https:\/\/schema.org\",\"@graph\":[{\"@type\":\"WebPage\",\"@id\":\"https:\/\/www.comoditahome.com\/ks\/produkt\/pjate-ovale-pretty-bloom\/\",\"url\":\"https:\/\/www.comoditahome.com\/ks\/produkt\/pjate-ovale-pretty-bloom\/\",\"name\":\"Pjat\u00eb Ovale Pretty Bloom - Comodita Home\",\"isPartOf\":{\"@id\":\"https:\/\/www.comoditahome.com\/ks\/#website\"},\"primaryImageOfPage\":{\"@id\":\"https:\/\/www.comoditahome.com\/ks\/produkt\/pjate-ovale-pretty-bloom\/#primaryimage\"},\"image\":{\"@id\":\"https:\/\/www.comoditahome.com\/ks\/produkt\/pjate-ovale-pretty-bloom\/#primaryimage\"},\"thumbnailUrl\":\"https:\/\/www.comoditahome.com\/ks\/wp-content\/uploads\/2025\/05\/3905710920129-1.jpg\",\"datePublished\":\"2025-05-28T13:33:01+00:00\",\"dateModified\":\"2026-05-06T13:38:44+00:00\",\"description\":\"Seti i filxhan\u00ebve t\u00eb \u00e7ajit Corinthian, vjen me nj\u00eb dizajn tejet artistik dhe antik, t\u00eb konturuar me detaje speciale t\u00eb filxhanit q\u00eb kombinohet...\",\"breadcrumb\":{\"@id\":\"https:\/\/www.comoditahome.com\/ks\/produkt\/pjate-ovale-pretty-bloom\/#breadcrumb\"},\"inLanguage\":\"sq\",\"potentialAction\":[{\"@type\":\"ReadAction\",\"target\":[\"https:\/\/www.comoditahome.com\/ks\/produkt\/pjate-ovale-pretty-bloom\/\"]}]},{\"@type\":\"ImageObject\",\"inLanguage\":\"sq\",\"@id\":\"https:\/\/www.comoditahome.com\/ks\/produkt\/pjate-ovale-pretty-bloom\/#primaryimage\",\"url\":\"https:\/\/www.comoditahome.com\/ks\/wp-content\/uploads\/2025\/05\/3905710920129-1.jpg\",\"contentUrl\":\"https:\/\/www.comoditahome.com\/ks\/wp-content\/uploads\/2025\/05\/3905710920129-1.jpg\",\"width\":1204,\"height\":1310},{\"@type\":\"BreadcrumbList\",\"@id\":\"https:\/\/www.comoditahome.com\/ks\/produkt\/pjate-ovale-pretty-bloom\/#breadcrumb\",\"itemListElement\":[{\"@type\":\"ListItem\",\"position\":1,\"name\":\"Comodita Home Kosova - Dyshek Mattress\",\"item\":\"https:\/\/www.comoditahome.com\/ks\/\"},{\"@type\":\"ListItem\",\"position\":2,\"name\":\"Shop\",\"item\":\"https:\/\/www.comoditahome.com\/ks\/shop\/\"},{\"@type\":\"ListItem\",\"position\":3,\"name\":\"Pjat\u00eb Ovale Pretty Bloom\"}]},{\"@type\":\"WebSite\",\"@id\":\"https:\/\/www.comoditahome.com\/ks\/#website\",\"url\":\"https:\/\/www.comoditahome.com\/ks\/\",\"name\":\"Comodita Home\",\"description\":\"Dyshek, Jorgan, Jast\u00ebk, Kuzhine, Banjo, Kopsht dhe Aksesor\u00eb\",\"publisher\":{\"@id\":\"https:\/\/www.comoditahome.com\/ks\/#organization\"},\"potentialAction\":[{\"@type\":\"SearchAction\",\"target\":{\"@type\":\"EntryPoint\",\"urlTemplate\":\"https:\/\/www.comoditahome.com\/ks\/?s={search_term_string}\"},\"query-input\":\"required name=search_term_string\"}],\"inLanguage\":\"sq\"},{\"@type\":\"Organization\",\"@id\":\"https:\/\/www.comoditahome.com\/ks\/#organization\",\"name\":\"Comodita Home\",\"url\":\"https:\/\/www.comoditahome.com\/ks\/\",\"logo\":{\"@type\":\"ImageObject\",\"inLanguage\":\"sq\",\"@id\":\"https:\/\/www.comoditahome.com\/ks\/#\/schema\/logo\/image\/\",\"url\":\"https:\/\/www.comoditahome.com\/ks\/wp-content\/uploads\/2022\/05\/COMODITA_HOME_LOGO_KS_MK_AL-02.png\",\"contentUrl\":\"https:\/\/www.comoditahome.com\/ks\/wp-content\/uploads\/2022\/05\/COMODITA_HOME_LOGO_KS_MK_AL-02.png\",\"width\":180,\"height\":87,\"caption\":\"Comodita Home\"},\"image\":{\"@id\":\"https:\/\/www.comoditahome.com\/ks\/#\/schema\/logo\/image\/\"},\"sameAs\":[\"https:\/\/www.facebook.com\/comoditahome\/\",\"https:\/\/www.instagram.com\/comoditahome\/\",\"https:\/\/www.linkedin.com\/company\/comoditahome\/?originalSubdomain=fj\",\"https:\/\/www.youtube.com\/channel\/UC5O6IsT4JD4zaiOqmRi_Pvg\"]}]}<\/script>\n<!-- \/ Yoast SEO Premium plugin. -->","yoast_head_json":{"title":"Pjat\u00eb Ovale Pretty Bloom - Comodita Home","description":"Seti i filxhan\u00ebve t\u00eb \u00e7ajit Corinthian, vjen me nj\u00eb dizajn tejet artistik dhe antik, t\u00eb konturuar me detaje speciale t\u00eb filxhanit q\u00eb kombinohet...","robots":{"index":"index","follow":"follow","max-snippet":"max-snippet:-1","max-image-preview":"max-image-preview:large","max-video-preview":"max-video-preview:-1"},"canonical":"https:\/\/www.comoditahome.com\/ks\/produkt\/pjate-ovale-pretty-bloom\/","og_locale":"sq_AL","og_type":"article","og_title":"Pjat\u00eb Ovale Pretty Bloom","og_description":"Seti i filxhan\u00ebve t\u00eb \u00e7ajit Corinthian, vjen me nj\u00eb dizajn tejet artistik dhe antik, t\u00eb konturuar me detaje speciale t\u00eb filxhanit q\u00eb kombinohet...","og_url":"https:\/\/www.comoditahome.com\/ks\/produkt\/pjate-ovale-pretty-bloom\/","og_site_name":"Comodita Home","article_publisher":"https:\/\/www.facebook.com\/comoditahome\/","article_modified_time":"2026-05-06T13:38:44+00:00","og_image":[{"width":1204,"height":1310,"url":"https:\/\/www.comoditahome.com\/ks\/wp-content\/uploads\/2025\/05\/3905710920129-1.jpg","type":"image\/jpeg"}],"twitter_card":"summary_large_image","twitter_misc":{"Est. reading time":"1 minut\u00eb"},"schema":{"@context":"https:\/\/schema.org","@graph":[{"@type":"WebPage","@id":"https:\/\/www.comoditahome.com\/ks\/produkt\/pjate-ovale-pretty-bloom\/","url":"https:\/\/www.comoditahome.com\/ks\/produkt\/pjate-ovale-pretty-bloom\/","name":"Pjat\u00eb Ovale Pretty Bloom - Comodita Home","isPartOf":{"@id":"https:\/\/www.comoditahome.com\/ks\/#website"},"primaryImageOfPage":{"@id":"https:\/\/www.comoditahome.com\/ks\/produkt\/pjate-ovale-pretty-bloom\/#primaryimage"},"image":{"@id":"https:\/\/www.comoditahome.com\/ks\/produkt\/pjate-ovale-pretty-bloom\/#primaryimage"},"thumbnailUrl":"https:\/\/www.comoditahome.com\/ks\/wp-content\/uploads\/2025\/05\/3905710920129-1.jpg","datePublished":"2025-05-28T13:33:01+00:00","dateModified":"2026-05-06T13:38:44+00:00","description":"Seti i filxhan\u00ebve t\u00eb \u00e7ajit Corinthian, vjen me nj\u00eb dizajn tejet artistik dhe antik, t\u00eb konturuar me detaje speciale t\u00eb filxhanit q\u00eb kombinohet...","breadcrumb":{"@id":"https:\/\/www.comoditahome.com\/ks\/produkt\/pjate-ovale-pretty-bloom\/#breadcrumb"},"inLanguage":"sq","potentialAction":[{"@type":"ReadAction","target":["https:\/\/www.comoditahome.com\/ks\/produkt\/pjate-ovale-pretty-bloom\/"]}]},{"@type":"ImageObject","inLanguage":"sq","@id":"https:\/\/www.comoditahome.com\/ks\/produkt\/pjate-ovale-pretty-bloom\/#primaryimage","url":"https:\/\/www.comoditahome.com\/ks\/wp-content\/uploads\/2025\/05\/3905710920129-1.jpg","contentUrl":"https:\/\/www.comoditahome.com\/ks\/wp-content\/uploads\/2025\/05\/3905710920129-1.jpg","width":1204,"height":1310},{"@type":"BreadcrumbList","@id":"https:\/\/www.comoditahome.com\/ks\/produkt\/pjate-ovale-pretty-bloom\/#breadcrumb","itemListElement":[{"@type":"ListItem","position":1,"name":"Comodita Home Kosova - Dyshek Mattress","item":"https:\/\/www.comoditahome.com\/ks\/"},{"@type":"ListItem","position":2,"name":"Shop","item":"https:\/\/www.comoditahome.com\/ks\/shop\/"},{"@type":"ListItem","position":3,"name":"Pjat\u00eb Ovale Pretty Bloom"}]},{"@type":"WebSite","@id":"https:\/\/www.comoditahome.com\/ks\/#website","url":"https:\/\/www.comoditahome.com\/ks\/","name":"Comodita Home","description":"Dyshek, Jorgan, Jast\u00ebk, Kuzhine, Banjo, Kopsht dhe Aksesor\u00eb","publisher":{"@id":"https:\/\/www.comoditahome.com\/ks\/#organization"},"potentialAction":[{"@type":"SearchAction","target":{"@type":"EntryPoint","urlTemplate":"https:\/\/www.comoditahome.com\/ks\/?s={search_term_string}"},"query-input":"required name=search_term_string"}],"inLanguage":"sq"},{"@type":"Organization","@id":"https:\/\/www.comoditahome.com\/ks\/#organization","name":"Comodita Home","url":"https:\/\/www.comoditahome.com\/ks\/","logo":{"@type":"ImageObject","inLanguage":"sq","@id":"https:\/\/www.comoditahome.com\/ks\/#\/schema\/logo\/image\/","url":"https:\/\/www.comoditahome.com\/ks\/wp-content\/uploads\/2022\/05\/COMODITA_HOME_LOGO_KS_MK_AL-02.png","contentUrl":"https:\/\/www.comoditahome.com\/ks\/wp-content\/uploads\/2022\/05\/COMODITA_HOME_LOGO_KS_MK_AL-02.png","width":180,"height":87,"caption":"Comodita Home"},"image":{"@id":"https:\/\/www.comoditahome.com\/ks\/#\/schema\/logo\/image\/"},"sameAs":["https:\/\/www.facebook.com\/comoditahome\/","https:\/\/www.instagram.com\/comoditahome\/","https:\/\/www.linkedin.com\/company\/comoditahome\/?originalSubdomain=fj","https:\/\/www.youtube.com\/channel\/UC5O6IsT4JD4zaiOqmRi_Pvg"]}]}},"_links":{"self":[{"href":"https:\/\/www.comoditahome.com\/ks\/wp-json\/wp\/v2\/product\/102940","targetHints":{"allow":["GET"]}}],"collection":[{"href":"https:\/\/www.comoditahome.com\/ks\/wp-json\/wp\/v2\/product"}],"about":[{"href":"https:\/\/www.comoditahome.com\/ks\/wp-json\/wp\/v2\/types\/product"}],"version-history":[{"count":4,"href":"https:\/\/www.comoditahome.com\/ks\/wp-json\/wp\/v2\/product\/102940\/revisions"}],"predecessor-version":[{"id":102947,"href":"https:\/\/www.comoditahome.com\/ks\/wp-json\/wp\/v2\/product\/102940\/revisions\/102947"}],"wp:featuredmedia":[{"embeddable":true,"href":"https:\/\/www.comoditahome.com\/ks\/wp-json\/wp\/v2\/media\/102919"}],"wp:attachment":[{"href":"https:\/\/www.comoditahome.com\/ks\/wp-json\/wp\/v2\/media?parent=102940"}],"wp:term":[{"taxonomy":"product_brand","embeddable":true,"href":"https:\/\/www.comoditahome.com\/ks\/wp-json\/wp\/v2\/product_brand?post=102940"},{"taxonomy":"product_cat","embeddable":true,"href":"https:\/\/www.comoditahome.com\/ks\/wp-json\/wp\/v2\/product_cat?post=102940"},{"taxonomy":"product_tag","embeddable":true,"href":"https:\/\/www.comoditahome.com\/ks\/wp-json\/wp\/v2\/product_tag?post=102940"}],"curies":[{"name":"wp","href":"https:\/\/api.w.org\/{rel}","templated":true}]}}