 {"id":104037,"date":"2025-06-27T15:54:31","date_gmt":"2025-06-27T13:54:31","guid":{"rendered":"https:\/\/www.comoditahome.com\/ks\/?post_type=product&#038;p=104037"},"modified":"2026-04-26T12:48:44","modified_gmt":"2026-04-26T10:48:44","slug":"set-pjatash-deserti-wild-flower","status":"publish","type":"product","link":"https:\/\/www.comoditahome.com\/ks\/produkt\/set-pjatash-deserti-wild-flower\/","title":{"rendered":"Set Pjatash Deserti Wild Flower"},"content":{"rendered":"<p style=\"text-align: left;\">Zbukuroni tryez\u00ebn tuaj me setin elegant t\u00eb pjatave p\u00ebr \u00ebmb\u00eblsira \u201dWild Flower\u201d,<\/p>\n<p style=\"text-align: left;\">t\u00eb dekoruara me motive lulesh shum\u00ebngjyr\u00ebshe dhe nj\u00eb bordur\u00eb roz\u00eb t\u00eb ve\u00e7ant\u00eb me pika t\u00eb bardha.<\/p>\n<p style=\"text-align: left;\">Ideale p\u00ebr sh\u00ebrbimin e \u00ebmb\u00eblsirave, frutave apo antipastave n\u00eb \u00e7do rast t\u00eb ve\u00e7ant\u00eb. Ky set sjell nj\u00eb frym\u00eb pranverore dhe freski n\u00eb \u00e7do ambient.<\/p>\n","protected":false},"excerpt":{"rendered":"<p style=\"text-align: left;\">Zbukuroni tryez\u00ebn tuaj me setin elegant t\u00eb pjatave p\u00ebr \u00ebmb\u00eblsira \u201dWild Flower\u201d, t\u00eb dekoruara me motive lulesh shum\u00ebngjyr\u00ebshe dhe nj\u00eb bordur\u00eb roz\u00eb t\u00eb ve\u00e7ant\u00eb me pika t\u00eb bardha. Ideale p\u00ebr sh\u00ebrbimin e \u00ebmb\u00eblsirave, frutave apo antipastave n\u00eb \u00e7do rast t\u00eb ve\u00e7ant\u00eb. Ky set sjell nj\u00eb frym\u00eb pranverore dhe freski n\u00eb \u00e7do ambient.<br \/>\n<strong>Dimensioni \/ Kompozicioni:<\/strong> Seti ka 6 pjes\u00eb<br \/>\n<strong>NGJYRA:<\/strong> Me dizajn<br \/>\n<strong>MATERIALI:<\/strong> Porcelan<br \/>\n<strong>UDH\u00cbZIMET E P\u00cbRDORIMIT:<\/strong> T\u00eb pastrohet me dor\u00eb<br \/>\n<strong>KUSHTET E KTHIMIT \/ GARANCION:<\/strong> P\u00ebr k\u00ebt\u00eb produkt pranohet reklamacion brenda 24 or\u00ebve pasi t\u00eb pranoni porosin\u00eb.<br \/>\n<span style=\"color: #ffffff;\">3905710920198<\/span><\/p>\n","protected":false},"featured_media":104038,"template":"","meta":[],"product_brand":[],"product_cat":[141,136,125],"product_tag":[],"class_list":{"0":"post-104037","1":"product","2":"type-product","3":"status-publish","4":"has-post-thumbnail","6":"product_cat-set-pjatash","7":"product_cat-tryeze","8":"product_cat-kuzhine","10":"first","11":"instock","12":"sale","13":"featured","14":"shipping-taxable","15":"purchasable","16":"product-type-simple","17":"layout-style-1","18":"col-md-4 col-sm-4 col-xs-6","19":"col-lg-2","20":"product-has-gallery","21":"product-style-default"},"yoast_head":"<!-- This site is optimized with the Yoast SEO Premium plugin v18.2.1 (Yoast SEO v22.5) - https:\/\/yoast.com\/wordpress\/plugins\/seo\/ -->\n<title>Set Pjatash Deserti Wild Flower - Comodita Home<\/title>\n<meta name=\"description\" content=\"Seti i pjatave t\u00eb desertit Fusion Glam life Jaguars, vjen n\u00eb 6 pjes\u00eb n\u00eb form\u00eb t\u00eb rrumbullak\u00ebt. Kan\u00eb materialin cil\u00ebsor t\u00eb porcelanit dhe dizajn...\" \/>\n<meta name=\"robots\" content=\"index, follow, max-snippet:-1, max-image-preview:large, max-video-preview:-1\" \/>\n<link rel=\"canonical\" href=\"https:\/\/www.comoditahome.com\/ks\/produkt\/set-pjatash-deserti-wild-flower\/\" \/>\n<meta property=\"og:locale\" content=\"sq_AL\" \/>\n<meta property=\"og:type\" content=\"article\" \/>\n<meta property=\"og:title\" content=\"Set Pjatash Deserti Wild Flower\" \/>\n<meta property=\"og:description\" content=\"Seti i pjatave t\u00eb desertit Fusion Glam life Jaguars, vjen n\u00eb 6 pjes\u00eb n\u00eb form\u00eb t\u00eb rrumbullak\u00ebt. Kan\u00eb materialin cil\u00ebsor t\u00eb porcelanit dhe dizajn...\" \/>\n<meta property=\"og:url\" content=\"https:\/\/www.comoditahome.com\/ks\/produkt\/set-pjatash-deserti-wild-flower\/\" \/>\n<meta property=\"og:site_name\" content=\"Comodita Home\" \/>\n<meta property=\"article:publisher\" content=\"https:\/\/www.facebook.com\/comoditahome\/\" \/>\n<meta property=\"article:modified_time\" content=\"2026-04-26T10:48:44+00:00\" \/>\n<meta property=\"og:image\" content=\"https:\/\/www.comoditahome.com\/ks\/wp-content\/uploads\/2025\/06\/3905710920198-1.jpg\" \/>\n\t<meta property=\"og:image:width\" content=\"1200\" \/>\n\t<meta property=\"og:image:height\" content=\"1300\" \/>\n\t<meta property=\"og:image:type\" content=\"image\/jpeg\" \/>\n<meta name=\"twitter:card\" content=\"summary_large_image\" \/>\n<meta name=\"twitter:label1\" content=\"Est. reading time\" \/>\n\t<meta name=\"twitter:data1\" content=\"1 minut\u00eb\" \/>\n<script type=\"application\/ld+json\" class=\"yoast-schema-graph\">{\"@context\":\"https:\/\/schema.org\",\"@graph\":[{\"@type\":\"WebPage\",\"@id\":\"https:\/\/www.comoditahome.com\/ks\/produkt\/set-pjatash-deserti-wild-flower\/\",\"url\":\"https:\/\/www.comoditahome.com\/ks\/produkt\/set-pjatash-deserti-wild-flower\/\",\"name\":\"Set Pjatash Deserti Wild Flower - Comodita Home\",\"isPartOf\":{\"@id\":\"https:\/\/www.comoditahome.com\/ks\/#website\"},\"primaryImageOfPage\":{\"@id\":\"https:\/\/www.comoditahome.com\/ks\/produkt\/set-pjatash-deserti-wild-flower\/#primaryimage\"},\"image\":{\"@id\":\"https:\/\/www.comoditahome.com\/ks\/produkt\/set-pjatash-deserti-wild-flower\/#primaryimage\"},\"thumbnailUrl\":\"https:\/\/www.comoditahome.com\/ks\/wp-content\/uploads\/2025\/06\/3905710920198-1.jpg\",\"datePublished\":\"2025-06-27T13:54:31+00:00\",\"dateModified\":\"2026-04-26T10:48:44+00:00\",\"description\":\"Seti i pjatave t\u00eb desertit Fusion Glam life Jaguars, vjen n\u00eb 6 pjes\u00eb n\u00eb form\u00eb t\u00eb rrumbullak\u00ebt. Kan\u00eb materialin cil\u00ebsor t\u00eb porcelanit dhe dizajn...\",\"breadcrumb\":{\"@id\":\"https:\/\/www.comoditahome.com\/ks\/produkt\/set-pjatash-deserti-wild-flower\/#breadcrumb\"},\"inLanguage\":\"sq\",\"potentialAction\":[{\"@type\":\"ReadAction\",\"target\":[\"https:\/\/www.comoditahome.com\/ks\/produkt\/set-pjatash-deserti-wild-flower\/\"]}]},{\"@type\":\"ImageObject\",\"inLanguage\":\"sq\",\"@id\":\"https:\/\/www.comoditahome.com\/ks\/produkt\/set-pjatash-deserti-wild-flower\/#primaryimage\",\"url\":\"https:\/\/www.comoditahome.com\/ks\/wp-content\/uploads\/2025\/06\/3905710920198-1.jpg\",\"contentUrl\":\"https:\/\/www.comoditahome.com\/ks\/wp-content\/uploads\/2025\/06\/3905710920198-1.jpg\",\"width\":1200,\"height\":1300},{\"@type\":\"BreadcrumbList\",\"@id\":\"https:\/\/www.comoditahome.com\/ks\/produkt\/set-pjatash-deserti-wild-flower\/#breadcrumb\",\"itemListElement\":[{\"@type\":\"ListItem\",\"position\":1,\"name\":\"Comodita Home Kosova - Dyshek Mattress\",\"item\":\"https:\/\/www.comoditahome.com\/ks\/\"},{\"@type\":\"ListItem\",\"position\":2,\"name\":\"Shop\",\"item\":\"https:\/\/www.comoditahome.com\/ks\/shop\/\"},{\"@type\":\"ListItem\",\"position\":3,\"name\":\"Set Pjatash Deserti Wild Flower\"}]},{\"@type\":\"WebSite\",\"@id\":\"https:\/\/www.comoditahome.com\/ks\/#website\",\"url\":\"https:\/\/www.comoditahome.com\/ks\/\",\"name\":\"Comodita Home\",\"description\":\"Dyshek, Jorgan, Jast\u00ebk, Kuzhine, Banjo, Kopsht dhe Aksesor\u00eb\",\"publisher\":{\"@id\":\"https:\/\/www.comoditahome.com\/ks\/#organization\"},\"potentialAction\":[{\"@type\":\"SearchAction\",\"target\":{\"@type\":\"EntryPoint\",\"urlTemplate\":\"https:\/\/www.comoditahome.com\/ks\/?s={search_term_string}\"},\"query-input\":\"required name=search_term_string\"}],\"inLanguage\":\"sq\"},{\"@type\":\"Organization\",\"@id\":\"https:\/\/www.comoditahome.com\/ks\/#organization\",\"name\":\"Comodita Home\",\"url\":\"https:\/\/www.comoditahome.com\/ks\/\",\"logo\":{\"@type\":\"ImageObject\",\"inLanguage\":\"sq\",\"@id\":\"https:\/\/www.comoditahome.com\/ks\/#\/schema\/logo\/image\/\",\"url\":\"https:\/\/www.comoditahome.com\/ks\/wp-content\/uploads\/2022\/05\/COMODITA_HOME_LOGO_KS_MK_AL-02.png\",\"contentUrl\":\"https:\/\/www.comoditahome.com\/ks\/wp-content\/uploads\/2022\/05\/COMODITA_HOME_LOGO_KS_MK_AL-02.png\",\"width\":180,\"height\":87,\"caption\":\"Comodita Home\"},\"image\":{\"@id\":\"https:\/\/www.comoditahome.com\/ks\/#\/schema\/logo\/image\/\"},\"sameAs\":[\"https:\/\/www.facebook.com\/comoditahome\/\",\"https:\/\/www.instagram.com\/comoditahome\/\",\"https:\/\/www.linkedin.com\/company\/comoditahome\/?originalSubdomain=fj\",\"https:\/\/www.youtube.com\/channel\/UC5O6IsT4JD4zaiOqmRi_Pvg\"]}]}<\/script>\n<!-- \/ Yoast SEO Premium plugin. -->","yoast_head_json":{"title":"Set Pjatash Deserti Wild Flower - Comodita Home","description":"Seti i pjatave t\u00eb desertit Fusion Glam life Jaguars, vjen n\u00eb 6 pjes\u00eb n\u00eb form\u00eb t\u00eb rrumbullak\u00ebt. Kan\u00eb materialin cil\u00ebsor t\u00eb porcelanit dhe dizajn...","robots":{"index":"index","follow":"follow","max-snippet":"max-snippet:-1","max-image-preview":"max-image-preview:large","max-video-preview":"max-video-preview:-1"},"canonical":"https:\/\/www.comoditahome.com\/ks\/produkt\/set-pjatash-deserti-wild-flower\/","og_locale":"sq_AL","og_type":"article","og_title":"Set Pjatash Deserti Wild Flower","og_description":"Seti i pjatave t\u00eb desertit Fusion Glam life Jaguars, vjen n\u00eb 6 pjes\u00eb n\u00eb form\u00eb t\u00eb rrumbullak\u00ebt. Kan\u00eb materialin cil\u00ebsor t\u00eb porcelanit dhe dizajn...","og_url":"https:\/\/www.comoditahome.com\/ks\/produkt\/set-pjatash-deserti-wild-flower\/","og_site_name":"Comodita Home","article_publisher":"https:\/\/www.facebook.com\/comoditahome\/","article_modified_time":"2026-04-26T10:48:44+00:00","og_image":[{"width":1200,"height":1300,"url":"https:\/\/www.comoditahome.com\/ks\/wp-content\/uploads\/2025\/06\/3905710920198-1.jpg","type":"image\/jpeg"}],"twitter_card":"summary_large_image","twitter_misc":{"Est. reading time":"1 minut\u00eb"},"schema":{"@context":"https:\/\/schema.org","@graph":[{"@type":"WebPage","@id":"https:\/\/www.comoditahome.com\/ks\/produkt\/set-pjatash-deserti-wild-flower\/","url":"https:\/\/www.comoditahome.com\/ks\/produkt\/set-pjatash-deserti-wild-flower\/","name":"Set Pjatash Deserti Wild Flower - Comodita Home","isPartOf":{"@id":"https:\/\/www.comoditahome.com\/ks\/#website"},"primaryImageOfPage":{"@id":"https:\/\/www.comoditahome.com\/ks\/produkt\/set-pjatash-deserti-wild-flower\/#primaryimage"},"image":{"@id":"https:\/\/www.comoditahome.com\/ks\/produkt\/set-pjatash-deserti-wild-flower\/#primaryimage"},"thumbnailUrl":"https:\/\/www.comoditahome.com\/ks\/wp-content\/uploads\/2025\/06\/3905710920198-1.jpg","datePublished":"2025-06-27T13:54:31+00:00","dateModified":"2026-04-26T10:48:44+00:00","description":"Seti i pjatave t\u00eb desertit Fusion Glam life Jaguars, vjen n\u00eb 6 pjes\u00eb n\u00eb form\u00eb t\u00eb rrumbullak\u00ebt. Kan\u00eb materialin cil\u00ebsor t\u00eb porcelanit dhe dizajn...","breadcrumb":{"@id":"https:\/\/www.comoditahome.com\/ks\/produkt\/set-pjatash-deserti-wild-flower\/#breadcrumb"},"inLanguage":"sq","potentialAction":[{"@type":"ReadAction","target":["https:\/\/www.comoditahome.com\/ks\/produkt\/set-pjatash-deserti-wild-flower\/"]}]},{"@type":"ImageObject","inLanguage":"sq","@id":"https:\/\/www.comoditahome.com\/ks\/produkt\/set-pjatash-deserti-wild-flower\/#primaryimage","url":"https:\/\/www.comoditahome.com\/ks\/wp-content\/uploads\/2025\/06\/3905710920198-1.jpg","contentUrl":"https:\/\/www.comoditahome.com\/ks\/wp-content\/uploads\/2025\/06\/3905710920198-1.jpg","width":1200,"height":1300},{"@type":"BreadcrumbList","@id":"https:\/\/www.comoditahome.com\/ks\/produkt\/set-pjatash-deserti-wild-flower\/#breadcrumb","itemListElement":[{"@type":"ListItem","position":1,"name":"Comodita Home Kosova - Dyshek Mattress","item":"https:\/\/www.comoditahome.com\/ks\/"},{"@type":"ListItem","position":2,"name":"Shop","item":"https:\/\/www.comoditahome.com\/ks\/shop\/"},{"@type":"ListItem","position":3,"name":"Set Pjatash Deserti Wild Flower"}]},{"@type":"WebSite","@id":"https:\/\/www.comoditahome.com\/ks\/#website","url":"https:\/\/www.comoditahome.com\/ks\/","name":"Comodita Home","description":"Dyshek, Jorgan, Jast\u00ebk, Kuzhine, Banjo, Kopsht dhe Aksesor\u00eb","publisher":{"@id":"https:\/\/www.comoditahome.com\/ks\/#organization"},"potentialAction":[{"@type":"SearchAction","target":{"@type":"EntryPoint","urlTemplate":"https:\/\/www.comoditahome.com\/ks\/?s={search_term_string}"},"query-input":"required name=search_term_string"}],"inLanguage":"sq"},{"@type":"Organization","@id":"https:\/\/www.comoditahome.com\/ks\/#organization","name":"Comodita Home","url":"https:\/\/www.comoditahome.com\/ks\/","logo":{"@type":"ImageObject","inLanguage":"sq","@id":"https:\/\/www.comoditahome.com\/ks\/#\/schema\/logo\/image\/","url":"https:\/\/www.comoditahome.com\/ks\/wp-content\/uploads\/2022\/05\/COMODITA_HOME_LOGO_KS_MK_AL-02.png","contentUrl":"https:\/\/www.comoditahome.com\/ks\/wp-content\/uploads\/2022\/05\/COMODITA_HOME_LOGO_KS_MK_AL-02.png","width":180,"height":87,"caption":"Comodita Home"},"image":{"@id":"https:\/\/www.comoditahome.com\/ks\/#\/schema\/logo\/image\/"},"sameAs":["https:\/\/www.facebook.com\/comoditahome\/","https:\/\/www.instagram.com\/comoditahome\/","https:\/\/www.linkedin.com\/company\/comoditahome\/?originalSubdomain=fj","https:\/\/www.youtube.com\/channel\/UC5O6IsT4JD4zaiOqmRi_Pvg"]}]}},"_links":{"self":[{"href":"https:\/\/www.comoditahome.com\/ks\/wp-json\/wp\/v2\/product\/104037","targetHints":{"allow":["GET"]}}],"collection":[{"href":"https:\/\/www.comoditahome.com\/ks\/wp-json\/wp\/v2\/product"}],"about":[{"href":"https:\/\/www.comoditahome.com\/ks\/wp-json\/wp\/v2\/types\/product"}],"version-history":[{"count":3,"href":"https:\/\/www.comoditahome.com\/ks\/wp-json\/wp\/v2\/product\/104037\/revisions"}],"predecessor-version":[{"id":104247,"href":"https:\/\/www.comoditahome.com\/ks\/wp-json\/wp\/v2\/product\/104037\/revisions\/104247"}],"wp:featuredmedia":[{"embeddable":true,"href":"https:\/\/www.comoditahome.com\/ks\/wp-json\/wp\/v2\/media\/104038"}],"wp:attachment":[{"href":"https:\/\/www.comoditahome.com\/ks\/wp-json\/wp\/v2\/media?parent=104037"}],"wp:term":[{"taxonomy":"product_brand","embeddable":true,"href":"https:\/\/www.comoditahome.com\/ks\/wp-json\/wp\/v2\/product_brand?post=104037"},{"taxonomy":"product_cat","embeddable":true,"href":"https:\/\/www.comoditahome.com\/ks\/wp-json\/wp\/v2\/product_cat?post=104037"},{"taxonomy":"product_tag","embeddable":true,"href":"https:\/\/www.comoditahome.com\/ks\/wp-json\/wp\/v2\/product_tag?post=104037"}],"curies":[{"name":"wp","href":"https:\/\/api.w.org\/{rel}","templated":true}]}}