 {"id":104870,"date":"2025-07-17T16:11:25","date_gmt":"2025-07-17T14:11:25","guid":{"rendered":"https:\/\/www.comoditahome.com\/ks\/?post_type=product&#038;p=104870"},"modified":"2026-04-24T09:20:38","modified_gmt":"2026-04-24T07:20:38","slug":"cante-udhetimi-day-to-day-green","status":"publish","type":"product","link":"https:\/\/www.comoditahome.com\/ks\/produkt\/cante-udhetimi-day-to-day-green\/","title":{"rendered":"\u00c7ant\u00eb udh\u00ebtimi Day to Day Green"},"content":{"rendered":"<p style=\"text-align: left;\">Kjo \u00e7ant\u00eb shpine moderne dhe praktike \u00ebsht\u00eb zgjedhja ideale p\u00ebr ata q\u00eb jan\u00eb gjithmon\u00eb n\u00eb l\u00ebvizje<\/p>\n<p style=\"text-align: left;\">\u2013 qoft\u00eb p\u00ebr udh\u00ebtime, aventur\u00eb apo p\u00ebrdorim t\u00eb p\u00ebrditsh\u00ebm.<\/p>\n","protected":false},"excerpt":{"rendered":"<p style=\"text-align: left;\">Kjo \u00e7ant\u00eb shpine moderne dhe praktike \u00ebsht\u00eb zgjedhja ideale p\u00ebr ata q\u00eb jan\u00eb gjithmon\u00eb n\u00eb l\u00ebvizje \u2013 qoft\u00eb p\u00ebr udh\u00ebtime, aventur\u00eb apo p\u00ebrdorim t\u00eb p\u00ebrditsh\u00ebm.<\/p>\n<ul style=\"text-align: left;\">\n<li>Dizajn dinamik dhe detaje t\u00eb menduara me kujdes<\/li>\n<li>Material t\u00eb q\u00ebndruesh\u00ebm dhe rezistent ndaj ujit<\/li>\n<li>Kapacitet t\u00eb mjaftuesh\u00ebm dhe organizim t\u00eb brendsh\u00ebm<\/li>\n<li>Shirit\u00eb an\u00ebsor\u00eb, doreza dhe rripa t\u00eb mbushur p\u00ebr fleksibilitet n\u00eb mbajtje<\/li>\n<li>Xhep p\u00ebr sigurin\u00eb e sendeve me vler\u00eb.<\/li>\n<\/ul>\n<p style=\"text-align: left;\">Stil, funksionalitet dhe rehati \u2013 t\u00eb gjitha n\u00eb nj\u00eb \u00e7ant\u00eb q\u00eb i p\u00ebrshtatet \u00e7do destinacioni.<\/p>\n<p style=\"text-align: left;\"><strong>Dimensioni: <\/strong><strong>31.5*17*49 cm<\/strong><\/p>\n<p style=\"text-align: left;\"><strong>NGJYRA:<\/strong>\u00a0Gjelb\u00ebrt e err\u00ebt dhe Portokall<\/p>\n<p style=\"text-align: left;\"><strong>MATERIALI:<\/strong>\u00a0Poliester i ricikluar + L\u00ebkur\u00eb mikrofib\u00ebr<\/p>\n<p style=\"text-align: left;\"><strong>UDH\u00cbZIMET E P\u00cbRDORIMIT:<\/strong>\u00a0T\u00eb pastrohet me dor\u00eb<\/p>\n<p style=\"text-align: left;\"><strong>KUSHTET E KTHIMIT \/ GARANCION:<\/strong>\u00a0P\u00ebr k\u00ebt\u00eb produkt pranohet reklamacion brenda 24 or\u00ebve pasi t\u00eb pranoni porosin\u00eb.<\/p>\n<p style=\"text-align: left;\"><span style=\"color: #ffffff;\">3905710930708<\/span><\/p>\n","protected":false},"featured_media":104871,"template":"","meta":[],"product_brand":[],"product_cat":[143,142],"product_tag":[],"class_list":{"0":"post-104870","1":"product","2":"type-product","3":"status-publish","4":"has-post-thumbnail","6":"product_cat-cante","7":"product_cat-udhetim","9":"first","10":"outofstock","11":"sale","12":"shipping-taxable","13":"purchasable","14":"product-type-simple","15":"layout-style-1","16":"col-md-4 col-sm-4 col-xs-6","17":"col-lg-2","18":"product-has-gallery","19":"product-style-default"},"yoast_head":"<!-- This site is optimized with the Yoast SEO Premium plugin v18.2.1 (Yoast SEO v22.5) - https:\/\/yoast.com\/wordpress\/plugins\/seo\/ -->\n<title>\u00c7ant\u00eb udh\u00ebtimi Day to Day Green - Comodita Home<\/title>\n<meta name=\"description\" content=\"\u00c7anta e shpin\u00ebs Regent Slim vjen e punuar me p\u00ebrpikm\u00ebri n\u00eb t\u00eb gjitha detajet dhe finesat estetike. T\u00eb rafinuara n\u00eb pamje me tipare specifike, p\u00ebrforcuar...\" \/>\n<meta name=\"robots\" content=\"index, follow, max-snippet:-1, max-image-preview:large, max-video-preview:-1\" \/>\n<link rel=\"canonical\" href=\"https:\/\/www.comoditahome.com\/ks\/produkt\/cante-udhetimi-day-to-day-green\/\" \/>\n<meta property=\"og:locale\" content=\"sq_AL\" \/>\n<meta property=\"og:type\" content=\"article\" \/>\n<meta property=\"og:title\" content=\"\u00c7ant\u00eb udh\u00ebtimi Day to Day Green\" \/>\n<meta property=\"og:description\" content=\"\u00c7anta e shpin\u00ebs Regent Slim vjen e punuar me p\u00ebrpikm\u00ebri n\u00eb t\u00eb gjitha detajet dhe finesat estetike. T\u00eb rafinuara n\u00eb pamje me tipare specifike, p\u00ebrforcuar...\" \/>\n<meta property=\"og:url\" content=\"https:\/\/www.comoditahome.com\/ks\/produkt\/cante-udhetimi-day-to-day-green\/\" \/>\n<meta property=\"og:site_name\" content=\"Comodita Home\" \/>\n<meta property=\"article:publisher\" content=\"https:\/\/www.facebook.com\/comoditahome\/\" \/>\n<meta property=\"article:modified_time\" content=\"2026-04-24T07:20:38+00:00\" \/>\n<meta property=\"og:image\" content=\"https:\/\/www.comoditahome.com\/ks\/wp-content\/uploads\/2025\/07\/3905710930708-1.jpg\" \/>\n\t<meta property=\"og:image:width\" content=\"1200\" \/>\n\t<meta property=\"og:image:height\" content=\"1300\" \/>\n\t<meta property=\"og:image:type\" content=\"image\/jpeg\" \/>\n<meta name=\"twitter:card\" content=\"summary_large_image\" \/>\n<meta name=\"twitter:label1\" content=\"Est. reading time\" \/>\n\t<meta name=\"twitter:data1\" content=\"1 minut\u00eb\" \/>\n<script type=\"application\/ld+json\" class=\"yoast-schema-graph\">{\"@context\":\"https:\/\/schema.org\",\"@graph\":[{\"@type\":\"WebPage\",\"@id\":\"https:\/\/www.comoditahome.com\/ks\/produkt\/cante-udhetimi-day-to-day-green\/\",\"url\":\"https:\/\/www.comoditahome.com\/ks\/produkt\/cante-udhetimi-day-to-day-green\/\",\"name\":\"\u00c7ant\u00eb udh\u00ebtimi Day to Day Green - Comodita Home\",\"isPartOf\":{\"@id\":\"https:\/\/www.comoditahome.com\/ks\/#website\"},\"primaryImageOfPage\":{\"@id\":\"https:\/\/www.comoditahome.com\/ks\/produkt\/cante-udhetimi-day-to-day-green\/#primaryimage\"},\"image\":{\"@id\":\"https:\/\/www.comoditahome.com\/ks\/produkt\/cante-udhetimi-day-to-day-green\/#primaryimage\"},\"thumbnailUrl\":\"https:\/\/www.comoditahome.com\/ks\/wp-content\/uploads\/2025\/07\/3905710930708-1.jpg\",\"datePublished\":\"2025-07-17T14:11:25+00:00\",\"dateModified\":\"2026-04-24T07:20:38+00:00\",\"description\":\"\u00c7anta e shpin\u00ebs Regent Slim vjen e punuar me p\u00ebrpikm\u00ebri n\u00eb t\u00eb gjitha detajet dhe finesat estetike. T\u00eb rafinuara n\u00eb pamje me tipare specifike, p\u00ebrforcuar...\",\"breadcrumb\":{\"@id\":\"https:\/\/www.comoditahome.com\/ks\/produkt\/cante-udhetimi-day-to-day-green\/#breadcrumb\"},\"inLanguage\":\"sq\",\"potentialAction\":[{\"@type\":\"ReadAction\",\"target\":[\"https:\/\/www.comoditahome.com\/ks\/produkt\/cante-udhetimi-day-to-day-green\/\"]}]},{\"@type\":\"ImageObject\",\"inLanguage\":\"sq\",\"@id\":\"https:\/\/www.comoditahome.com\/ks\/produkt\/cante-udhetimi-day-to-day-green\/#primaryimage\",\"url\":\"https:\/\/www.comoditahome.com\/ks\/wp-content\/uploads\/2025\/07\/3905710930708-1.jpg\",\"contentUrl\":\"https:\/\/www.comoditahome.com\/ks\/wp-content\/uploads\/2025\/07\/3905710930708-1.jpg\",\"width\":1200,\"height\":1300},{\"@type\":\"BreadcrumbList\",\"@id\":\"https:\/\/www.comoditahome.com\/ks\/produkt\/cante-udhetimi-day-to-day-green\/#breadcrumb\",\"itemListElement\":[{\"@type\":\"ListItem\",\"position\":1,\"name\":\"Comodita Home Kosova - Dyshek Mattress\",\"item\":\"https:\/\/www.comoditahome.com\/ks\/\"},{\"@type\":\"ListItem\",\"position\":2,\"name\":\"Shop\",\"item\":\"https:\/\/www.comoditahome.com\/ks\/shop\/\"},{\"@type\":\"ListItem\",\"position\":3,\"name\":\"\u00c7ant\u00eb udh\u00ebtimi Day to Day Green\"}]},{\"@type\":\"WebSite\",\"@id\":\"https:\/\/www.comoditahome.com\/ks\/#website\",\"url\":\"https:\/\/www.comoditahome.com\/ks\/\",\"name\":\"Comodita Home\",\"description\":\"Dyshek, Jorgan, Jast\u00ebk, Kuzhine, Banjo, Kopsht dhe Aksesor\u00eb\",\"publisher\":{\"@id\":\"https:\/\/www.comoditahome.com\/ks\/#organization\"},\"potentialAction\":[{\"@type\":\"SearchAction\",\"target\":{\"@type\":\"EntryPoint\",\"urlTemplate\":\"https:\/\/www.comoditahome.com\/ks\/?s={search_term_string}\"},\"query-input\":\"required name=search_term_string\"}],\"inLanguage\":\"sq\"},{\"@type\":\"Organization\",\"@id\":\"https:\/\/www.comoditahome.com\/ks\/#organization\",\"name\":\"Comodita Home\",\"url\":\"https:\/\/www.comoditahome.com\/ks\/\",\"logo\":{\"@type\":\"ImageObject\",\"inLanguage\":\"sq\",\"@id\":\"https:\/\/www.comoditahome.com\/ks\/#\/schema\/logo\/image\/\",\"url\":\"https:\/\/www.comoditahome.com\/ks\/wp-content\/uploads\/2022\/05\/COMODITA_HOME_LOGO_KS_MK_AL-02.png\",\"contentUrl\":\"https:\/\/www.comoditahome.com\/ks\/wp-content\/uploads\/2022\/05\/COMODITA_HOME_LOGO_KS_MK_AL-02.png\",\"width\":180,\"height\":87,\"caption\":\"Comodita Home\"},\"image\":{\"@id\":\"https:\/\/www.comoditahome.com\/ks\/#\/schema\/logo\/image\/\"},\"sameAs\":[\"https:\/\/www.facebook.com\/comoditahome\/\",\"https:\/\/www.instagram.com\/comoditahome\/\",\"https:\/\/www.linkedin.com\/company\/comoditahome\/?originalSubdomain=fj\",\"https:\/\/www.youtube.com\/channel\/UC5O6IsT4JD4zaiOqmRi_Pvg\"]}]}<\/script>\n<!-- \/ Yoast SEO Premium plugin. -->","yoast_head_json":{"title":"\u00c7ant\u00eb udh\u00ebtimi Day to Day Green - Comodita Home","description":"\u00c7anta e shpin\u00ebs Regent Slim vjen e punuar me p\u00ebrpikm\u00ebri n\u00eb t\u00eb gjitha detajet dhe finesat estetike. T\u00eb rafinuara n\u00eb pamje me tipare specifike, p\u00ebrforcuar...","robots":{"index":"index","follow":"follow","max-snippet":"max-snippet:-1","max-image-preview":"max-image-preview:large","max-video-preview":"max-video-preview:-1"},"canonical":"https:\/\/www.comoditahome.com\/ks\/produkt\/cante-udhetimi-day-to-day-green\/","og_locale":"sq_AL","og_type":"article","og_title":"\u00c7ant\u00eb udh\u00ebtimi Day to Day Green","og_description":"\u00c7anta e shpin\u00ebs Regent Slim vjen e punuar me p\u00ebrpikm\u00ebri n\u00eb t\u00eb gjitha detajet dhe finesat estetike. T\u00eb rafinuara n\u00eb pamje me tipare specifike, p\u00ebrforcuar...","og_url":"https:\/\/www.comoditahome.com\/ks\/produkt\/cante-udhetimi-day-to-day-green\/","og_site_name":"Comodita Home","article_publisher":"https:\/\/www.facebook.com\/comoditahome\/","article_modified_time":"2026-04-24T07:20:38+00:00","og_image":[{"width":1200,"height":1300,"url":"https:\/\/www.comoditahome.com\/ks\/wp-content\/uploads\/2025\/07\/3905710930708-1.jpg","type":"image\/jpeg"}],"twitter_card":"summary_large_image","twitter_misc":{"Est. reading time":"1 minut\u00eb"},"schema":{"@context":"https:\/\/schema.org","@graph":[{"@type":"WebPage","@id":"https:\/\/www.comoditahome.com\/ks\/produkt\/cante-udhetimi-day-to-day-green\/","url":"https:\/\/www.comoditahome.com\/ks\/produkt\/cante-udhetimi-day-to-day-green\/","name":"\u00c7ant\u00eb udh\u00ebtimi Day to Day Green - Comodita Home","isPartOf":{"@id":"https:\/\/www.comoditahome.com\/ks\/#website"},"primaryImageOfPage":{"@id":"https:\/\/www.comoditahome.com\/ks\/produkt\/cante-udhetimi-day-to-day-green\/#primaryimage"},"image":{"@id":"https:\/\/www.comoditahome.com\/ks\/produkt\/cante-udhetimi-day-to-day-green\/#primaryimage"},"thumbnailUrl":"https:\/\/www.comoditahome.com\/ks\/wp-content\/uploads\/2025\/07\/3905710930708-1.jpg","datePublished":"2025-07-17T14:11:25+00:00","dateModified":"2026-04-24T07:20:38+00:00","description":"\u00c7anta e shpin\u00ebs Regent Slim vjen e punuar me p\u00ebrpikm\u00ebri n\u00eb t\u00eb gjitha detajet dhe finesat estetike. T\u00eb rafinuara n\u00eb pamje me tipare specifike, p\u00ebrforcuar...","breadcrumb":{"@id":"https:\/\/www.comoditahome.com\/ks\/produkt\/cante-udhetimi-day-to-day-green\/#breadcrumb"},"inLanguage":"sq","potentialAction":[{"@type":"ReadAction","target":["https:\/\/www.comoditahome.com\/ks\/produkt\/cante-udhetimi-day-to-day-green\/"]}]},{"@type":"ImageObject","inLanguage":"sq","@id":"https:\/\/www.comoditahome.com\/ks\/produkt\/cante-udhetimi-day-to-day-green\/#primaryimage","url":"https:\/\/www.comoditahome.com\/ks\/wp-content\/uploads\/2025\/07\/3905710930708-1.jpg","contentUrl":"https:\/\/www.comoditahome.com\/ks\/wp-content\/uploads\/2025\/07\/3905710930708-1.jpg","width":1200,"height":1300},{"@type":"BreadcrumbList","@id":"https:\/\/www.comoditahome.com\/ks\/produkt\/cante-udhetimi-day-to-day-green\/#breadcrumb","itemListElement":[{"@type":"ListItem","position":1,"name":"Comodita Home Kosova - Dyshek Mattress","item":"https:\/\/www.comoditahome.com\/ks\/"},{"@type":"ListItem","position":2,"name":"Shop","item":"https:\/\/www.comoditahome.com\/ks\/shop\/"},{"@type":"ListItem","position":3,"name":"\u00c7ant\u00eb udh\u00ebtimi Day to Day Green"}]},{"@type":"WebSite","@id":"https:\/\/www.comoditahome.com\/ks\/#website","url":"https:\/\/www.comoditahome.com\/ks\/","name":"Comodita Home","description":"Dyshek, Jorgan, Jast\u00ebk, Kuzhine, Banjo, Kopsht dhe Aksesor\u00eb","publisher":{"@id":"https:\/\/www.comoditahome.com\/ks\/#organization"},"potentialAction":[{"@type":"SearchAction","target":{"@type":"EntryPoint","urlTemplate":"https:\/\/www.comoditahome.com\/ks\/?s={search_term_string}"},"query-input":"required name=search_term_string"}],"inLanguage":"sq"},{"@type":"Organization","@id":"https:\/\/www.comoditahome.com\/ks\/#organization","name":"Comodita Home","url":"https:\/\/www.comoditahome.com\/ks\/","logo":{"@type":"ImageObject","inLanguage":"sq","@id":"https:\/\/www.comoditahome.com\/ks\/#\/schema\/logo\/image\/","url":"https:\/\/www.comoditahome.com\/ks\/wp-content\/uploads\/2022\/05\/COMODITA_HOME_LOGO_KS_MK_AL-02.png","contentUrl":"https:\/\/www.comoditahome.com\/ks\/wp-content\/uploads\/2022\/05\/COMODITA_HOME_LOGO_KS_MK_AL-02.png","width":180,"height":87,"caption":"Comodita Home"},"image":{"@id":"https:\/\/www.comoditahome.com\/ks\/#\/schema\/logo\/image\/"},"sameAs":["https:\/\/www.facebook.com\/comoditahome\/","https:\/\/www.instagram.com\/comoditahome\/","https:\/\/www.linkedin.com\/company\/comoditahome\/?originalSubdomain=fj","https:\/\/www.youtube.com\/channel\/UC5O6IsT4JD4zaiOqmRi_Pvg"]}]}},"_links":{"self":[{"href":"https:\/\/www.comoditahome.com\/ks\/wp-json\/wp\/v2\/product\/104870","targetHints":{"allow":["GET"]}}],"collection":[{"href":"https:\/\/www.comoditahome.com\/ks\/wp-json\/wp\/v2\/product"}],"about":[{"href":"https:\/\/www.comoditahome.com\/ks\/wp-json\/wp\/v2\/types\/product"}],"version-history":[{"count":1,"href":"https:\/\/www.comoditahome.com\/ks\/wp-json\/wp\/v2\/product\/104870\/revisions"}],"predecessor-version":[{"id":104878,"href":"https:\/\/www.comoditahome.com\/ks\/wp-json\/wp\/v2\/product\/104870\/revisions\/104878"}],"wp:featuredmedia":[{"embeddable":true,"href":"https:\/\/www.comoditahome.com\/ks\/wp-json\/wp\/v2\/media\/104871"}],"wp:attachment":[{"href":"https:\/\/www.comoditahome.com\/ks\/wp-json\/wp\/v2\/media?parent=104870"}],"wp:term":[{"taxonomy":"product_brand","embeddable":true,"href":"https:\/\/www.comoditahome.com\/ks\/wp-json\/wp\/v2\/product_brand?post=104870"},{"taxonomy":"product_cat","embeddable":true,"href":"https:\/\/www.comoditahome.com\/ks\/wp-json\/wp\/v2\/product_cat?post=104870"},{"taxonomy":"product_tag","embeddable":true,"href":"https:\/\/www.comoditahome.com\/ks\/wp-json\/wp\/v2\/product_tag?post=104870"}],"curies":[{"name":"wp","href":"https:\/\/api.w.org\/{rel}","templated":true}]}}