 {"id":104925,"date":"2025-07-17T16:27:34","date_gmt":"2025-07-17T14:27:34","guid":{"rendered":"https:\/\/www.comoditahome.com\/ks\/?post_type=product&#038;p=104925"},"modified":"2026-04-24T09:20:38","modified_gmt":"2026-04-24T07:20:38","slug":"cante-kozmetike-dusty-rose","status":"publish","type":"product","link":"https:\/\/www.comoditahome.com\/ks\/produkt\/cante-kozmetike-dusty-rose\/","title":{"rendered":"\u00c7ant\u00eb Kozmetike Dusty Rose"},"content":{"rendered":"<p style=\"text-align: left\">Kjo \u00e7ant\u00eb praktike n\u00eb ngjyr\u00eb Roz\u00eb e hapur \u00ebsht\u00eb zgjidhja perfekte p\u00ebr organizimin e aksesor\u00ebve personal.<\/p>\n","protected":false},"excerpt":{"rendered":"<p style=\"text-align: left\">Kjo \u00e7ant\u00eb praktike n\u00eb ngjyr\u00eb Roz\u00eb e hapur \u00ebsht\u00eb zgjidhja perfekte p\u00ebr organizimin e aksesor\u00ebve personal.<\/p>\n<ul style=\"text-align: left\">\n<li>Dizajn t\u00eb rafinuar dhe funksionalitet t\u00eb zgjuar<\/li>\n<li>Dy ndarje t\u00eb ve\u00e7anta: nj\u00eb ndarje kryesore p\u00ebr sendet m\u00eb t\u00eb m\u00ebdha dhe nj\u00eb ndarje t\u00eb poshtme me zinxhir p\u00ebr organizim shtes\u00eb<\/li>\n<li>Ideale p\u00ebr udh\u00ebtime, zyr\u00eb apo palest\u00ebr, kjo \u00e7ant\u00eb ju ndihmon t\u00eb mbani gjith\u00e7ka n\u00eb rregull \u2013 me stil.<\/li>\n<li>Material t\u00eb q\u00ebndruesh\u00ebm dhe t\u00eb pap\u00ebrshkuesh\u00ebm nga uji<\/li>\n<li>Dizajn elegant me dorez\u00eb p\u00ebr mbajtje t\u00eb leht\u00eb<\/li>\n<li>Ngjyr\u00eb moderne e neutrale q\u00eb i p\u00ebrshtatet \u00e7do stili.<\/li>\n<\/ul>\n<p style=\"text-align: left\"><strong>Dimensioni: <\/strong><strong>23*13*14cm<\/strong><\/p>\n<p style=\"text-align: left\"><strong>NGJYRA: <\/strong>Roz\u00eb e hapur<\/p>\n<p style=\"text-align: left\"><strong>MATERIALI:<\/strong>\u00a0Poliuretani<\/p>\n<p style=\"text-align: left\"><strong>UDH\u00cbZIMET E P\u00cbRDORIMIT:<\/strong>\u00a0T\u00eb pastrohet me dor\u00eb<\/p>\n<p style=\"text-align: left\"><strong>KUSHTET E KTHIMIT \/ GARANCION:<\/strong>\u00a0P\u00ebr k\u00ebt\u00eb produkt pranohet reklamacion brenda 24 or\u00ebve pasi t\u00eb pranoni porosin\u00eb.<\/p>\n<p style=\"text-align: left\"><span style=\"color: #ffffff\">3905710930807<\/span><\/p>\n","protected":false},"featured_media":104926,"template":"","meta":[],"product_brand":[],"product_cat":[143,142],"product_tag":[],"class_list":{"0":"post-104925","1":"product","2":"type-product","3":"status-publish","4":"has-post-thumbnail","6":"product_cat-cante","7":"product_cat-udhetim","9":"first","10":"outofstock","11":"sale","12":"shipping-taxable","13":"purchasable","14":"product-type-simple","15":"layout-style-1","16":"col-md-4 col-sm-4 col-xs-6","17":"col-lg-2","18":"product-has-gallery","19":"product-style-default"},"yoast_head":"<!-- This site is optimized with the Yoast SEO Premium plugin v18.2.1 (Yoast SEO v22.5) - https:\/\/yoast.com\/wordpress\/plugins\/seo\/ -->\n<title>\u00c7ant\u00eb Kozmetike Dusty Rose - Comodita Home<\/title>\n<meta name=\"description\" content=\"\u00c7anta e shpin\u00ebs Regent Slim vjen e punuar me p\u00ebrpikm\u00ebri n\u00eb t\u00eb gjitha detajet dhe finesat estetike. T\u00eb rafinuara n\u00eb pamje me tipare specifike, p\u00ebrforcuar...\" \/>\n<meta name=\"robots\" content=\"index, follow, max-snippet:-1, max-image-preview:large, max-video-preview:-1\" \/>\n<link rel=\"canonical\" href=\"https:\/\/www.comoditahome.com\/ks\/produkt\/cante-kozmetike-dusty-rose\/\" \/>\n<meta property=\"og:locale\" content=\"sq_AL\" \/>\n<meta property=\"og:type\" content=\"article\" \/>\n<meta property=\"og:title\" content=\"\u00c7ant\u00eb Kozmetike Dusty Rose\" \/>\n<meta property=\"og:description\" content=\"\u00c7anta e shpin\u00ebs Regent Slim vjen e punuar me p\u00ebrpikm\u00ebri n\u00eb t\u00eb gjitha detajet dhe finesat estetike. T\u00eb rafinuara n\u00eb pamje me tipare specifike, p\u00ebrforcuar...\" \/>\n<meta property=\"og:url\" content=\"https:\/\/www.comoditahome.com\/ks\/produkt\/cante-kozmetike-dusty-rose\/\" \/>\n<meta property=\"og:site_name\" content=\"Comodita Home\" \/>\n<meta property=\"article:publisher\" content=\"https:\/\/www.facebook.com\/comoditahome\/\" \/>\n<meta property=\"article:modified_time\" content=\"2026-04-24T07:20:38+00:00\" \/>\n<meta property=\"og:image\" content=\"https:\/\/www.comoditahome.com\/ks\/wp-content\/uploads\/2025\/07\/3905710930807-1.jpg\" \/>\n\t<meta property=\"og:image:width\" content=\"1200\" \/>\n\t<meta property=\"og:image:height\" content=\"1300\" \/>\n\t<meta property=\"og:image:type\" content=\"image\/jpeg\" \/>\n<meta name=\"twitter:card\" content=\"summary_large_image\" \/>\n<meta name=\"twitter:label1\" content=\"Est. reading time\" \/>\n\t<meta name=\"twitter:data1\" content=\"1 minut\u00eb\" \/>\n<script type=\"application\/ld+json\" class=\"yoast-schema-graph\">{\"@context\":\"https:\/\/schema.org\",\"@graph\":[{\"@type\":\"WebPage\",\"@id\":\"https:\/\/www.comoditahome.com\/ks\/produkt\/cante-kozmetike-dusty-rose\/\",\"url\":\"https:\/\/www.comoditahome.com\/ks\/produkt\/cante-kozmetike-dusty-rose\/\",\"name\":\"\u00c7ant\u00eb Kozmetike Dusty Rose - Comodita Home\",\"isPartOf\":{\"@id\":\"https:\/\/www.comoditahome.com\/ks\/#website\"},\"primaryImageOfPage\":{\"@id\":\"https:\/\/www.comoditahome.com\/ks\/produkt\/cante-kozmetike-dusty-rose\/#primaryimage\"},\"image\":{\"@id\":\"https:\/\/www.comoditahome.com\/ks\/produkt\/cante-kozmetike-dusty-rose\/#primaryimage\"},\"thumbnailUrl\":\"https:\/\/www.comoditahome.com\/ks\/wp-content\/uploads\/2025\/07\/3905710930807-1.jpg\",\"datePublished\":\"2025-07-17T14:27:34+00:00\",\"dateModified\":\"2026-04-24T07:20:38+00:00\",\"description\":\"\u00c7anta e shpin\u00ebs Regent Slim vjen e punuar me p\u00ebrpikm\u00ebri n\u00eb t\u00eb gjitha detajet dhe finesat estetike. T\u00eb rafinuara n\u00eb pamje me tipare specifike, p\u00ebrforcuar...\",\"breadcrumb\":{\"@id\":\"https:\/\/www.comoditahome.com\/ks\/produkt\/cante-kozmetike-dusty-rose\/#breadcrumb\"},\"inLanguage\":\"sq\",\"potentialAction\":[{\"@type\":\"ReadAction\",\"target\":[\"https:\/\/www.comoditahome.com\/ks\/produkt\/cante-kozmetike-dusty-rose\/\"]}]},{\"@type\":\"ImageObject\",\"inLanguage\":\"sq\",\"@id\":\"https:\/\/www.comoditahome.com\/ks\/produkt\/cante-kozmetike-dusty-rose\/#primaryimage\",\"url\":\"https:\/\/www.comoditahome.com\/ks\/wp-content\/uploads\/2025\/07\/3905710930807-1.jpg\",\"contentUrl\":\"https:\/\/www.comoditahome.com\/ks\/wp-content\/uploads\/2025\/07\/3905710930807-1.jpg\",\"width\":1200,\"height\":1300},{\"@type\":\"BreadcrumbList\",\"@id\":\"https:\/\/www.comoditahome.com\/ks\/produkt\/cante-kozmetike-dusty-rose\/#breadcrumb\",\"itemListElement\":[{\"@type\":\"ListItem\",\"position\":1,\"name\":\"Comodita Home Kosova - Dyshek Mattress\",\"item\":\"https:\/\/www.comoditahome.com\/ks\/\"},{\"@type\":\"ListItem\",\"position\":2,\"name\":\"Shop\",\"item\":\"https:\/\/www.comoditahome.com\/ks\/shop\/\"},{\"@type\":\"ListItem\",\"position\":3,\"name\":\"\u00c7ant\u00eb Kozmetike Dusty Rose\"}]},{\"@type\":\"WebSite\",\"@id\":\"https:\/\/www.comoditahome.com\/ks\/#website\",\"url\":\"https:\/\/www.comoditahome.com\/ks\/\",\"name\":\"Comodita Home\",\"description\":\"Dyshek, Jorgan, Jast\u00ebk, Kuzhine, Banjo, Kopsht dhe Aksesor\u00eb\",\"publisher\":{\"@id\":\"https:\/\/www.comoditahome.com\/ks\/#organization\"},\"potentialAction\":[{\"@type\":\"SearchAction\",\"target\":{\"@type\":\"EntryPoint\",\"urlTemplate\":\"https:\/\/www.comoditahome.com\/ks\/?s={search_term_string}\"},\"query-input\":\"required name=search_term_string\"}],\"inLanguage\":\"sq\"},{\"@type\":\"Organization\",\"@id\":\"https:\/\/www.comoditahome.com\/ks\/#organization\",\"name\":\"Comodita Home\",\"url\":\"https:\/\/www.comoditahome.com\/ks\/\",\"logo\":{\"@type\":\"ImageObject\",\"inLanguage\":\"sq\",\"@id\":\"https:\/\/www.comoditahome.com\/ks\/#\/schema\/logo\/image\/\",\"url\":\"https:\/\/www.comoditahome.com\/ks\/wp-content\/uploads\/2022\/05\/COMODITA_HOME_LOGO_KS_MK_AL-02.png\",\"contentUrl\":\"https:\/\/www.comoditahome.com\/ks\/wp-content\/uploads\/2022\/05\/COMODITA_HOME_LOGO_KS_MK_AL-02.png\",\"width\":180,\"height\":87,\"caption\":\"Comodita Home\"},\"image\":{\"@id\":\"https:\/\/www.comoditahome.com\/ks\/#\/schema\/logo\/image\/\"},\"sameAs\":[\"https:\/\/www.facebook.com\/comoditahome\/\",\"https:\/\/www.instagram.com\/comoditahome\/\",\"https:\/\/www.linkedin.com\/company\/comoditahome\/?originalSubdomain=fj\",\"https:\/\/www.youtube.com\/channel\/UC5O6IsT4JD4zaiOqmRi_Pvg\"]}]}<\/script>\n<!-- \/ Yoast SEO Premium plugin. -->","yoast_head_json":{"title":"\u00c7ant\u00eb Kozmetike Dusty Rose - Comodita Home","description":"\u00c7anta e shpin\u00ebs Regent Slim vjen e punuar me p\u00ebrpikm\u00ebri n\u00eb t\u00eb gjitha detajet dhe finesat estetike. T\u00eb rafinuara n\u00eb pamje me tipare specifike, p\u00ebrforcuar...","robots":{"index":"index","follow":"follow","max-snippet":"max-snippet:-1","max-image-preview":"max-image-preview:large","max-video-preview":"max-video-preview:-1"},"canonical":"https:\/\/www.comoditahome.com\/ks\/produkt\/cante-kozmetike-dusty-rose\/","og_locale":"sq_AL","og_type":"article","og_title":"\u00c7ant\u00eb Kozmetike Dusty Rose","og_description":"\u00c7anta e shpin\u00ebs Regent Slim vjen e punuar me p\u00ebrpikm\u00ebri n\u00eb t\u00eb gjitha detajet dhe finesat estetike. T\u00eb rafinuara n\u00eb pamje me tipare specifike, p\u00ebrforcuar...","og_url":"https:\/\/www.comoditahome.com\/ks\/produkt\/cante-kozmetike-dusty-rose\/","og_site_name":"Comodita Home","article_publisher":"https:\/\/www.facebook.com\/comoditahome\/","article_modified_time":"2026-04-24T07:20:38+00:00","og_image":[{"width":1200,"height":1300,"url":"https:\/\/www.comoditahome.com\/ks\/wp-content\/uploads\/2025\/07\/3905710930807-1.jpg","type":"image\/jpeg"}],"twitter_card":"summary_large_image","twitter_misc":{"Est. reading time":"1 minut\u00eb"},"schema":{"@context":"https:\/\/schema.org","@graph":[{"@type":"WebPage","@id":"https:\/\/www.comoditahome.com\/ks\/produkt\/cante-kozmetike-dusty-rose\/","url":"https:\/\/www.comoditahome.com\/ks\/produkt\/cante-kozmetike-dusty-rose\/","name":"\u00c7ant\u00eb Kozmetike Dusty Rose - Comodita Home","isPartOf":{"@id":"https:\/\/www.comoditahome.com\/ks\/#website"},"primaryImageOfPage":{"@id":"https:\/\/www.comoditahome.com\/ks\/produkt\/cante-kozmetike-dusty-rose\/#primaryimage"},"image":{"@id":"https:\/\/www.comoditahome.com\/ks\/produkt\/cante-kozmetike-dusty-rose\/#primaryimage"},"thumbnailUrl":"https:\/\/www.comoditahome.com\/ks\/wp-content\/uploads\/2025\/07\/3905710930807-1.jpg","datePublished":"2025-07-17T14:27:34+00:00","dateModified":"2026-04-24T07:20:38+00:00","description":"\u00c7anta e shpin\u00ebs Regent Slim vjen e punuar me p\u00ebrpikm\u00ebri n\u00eb t\u00eb gjitha detajet dhe finesat estetike. T\u00eb rafinuara n\u00eb pamje me tipare specifike, p\u00ebrforcuar...","breadcrumb":{"@id":"https:\/\/www.comoditahome.com\/ks\/produkt\/cante-kozmetike-dusty-rose\/#breadcrumb"},"inLanguage":"sq","potentialAction":[{"@type":"ReadAction","target":["https:\/\/www.comoditahome.com\/ks\/produkt\/cante-kozmetike-dusty-rose\/"]}]},{"@type":"ImageObject","inLanguage":"sq","@id":"https:\/\/www.comoditahome.com\/ks\/produkt\/cante-kozmetike-dusty-rose\/#primaryimage","url":"https:\/\/www.comoditahome.com\/ks\/wp-content\/uploads\/2025\/07\/3905710930807-1.jpg","contentUrl":"https:\/\/www.comoditahome.com\/ks\/wp-content\/uploads\/2025\/07\/3905710930807-1.jpg","width":1200,"height":1300},{"@type":"BreadcrumbList","@id":"https:\/\/www.comoditahome.com\/ks\/produkt\/cante-kozmetike-dusty-rose\/#breadcrumb","itemListElement":[{"@type":"ListItem","position":1,"name":"Comodita Home Kosova - Dyshek Mattress","item":"https:\/\/www.comoditahome.com\/ks\/"},{"@type":"ListItem","position":2,"name":"Shop","item":"https:\/\/www.comoditahome.com\/ks\/shop\/"},{"@type":"ListItem","position":3,"name":"\u00c7ant\u00eb Kozmetike Dusty Rose"}]},{"@type":"WebSite","@id":"https:\/\/www.comoditahome.com\/ks\/#website","url":"https:\/\/www.comoditahome.com\/ks\/","name":"Comodita Home","description":"Dyshek, Jorgan, Jast\u00ebk, Kuzhine, Banjo, Kopsht dhe Aksesor\u00eb","publisher":{"@id":"https:\/\/www.comoditahome.com\/ks\/#organization"},"potentialAction":[{"@type":"SearchAction","target":{"@type":"EntryPoint","urlTemplate":"https:\/\/www.comoditahome.com\/ks\/?s={search_term_string}"},"query-input":"required name=search_term_string"}],"inLanguage":"sq"},{"@type":"Organization","@id":"https:\/\/www.comoditahome.com\/ks\/#organization","name":"Comodita Home","url":"https:\/\/www.comoditahome.com\/ks\/","logo":{"@type":"ImageObject","inLanguage":"sq","@id":"https:\/\/www.comoditahome.com\/ks\/#\/schema\/logo\/image\/","url":"https:\/\/www.comoditahome.com\/ks\/wp-content\/uploads\/2022\/05\/COMODITA_HOME_LOGO_KS_MK_AL-02.png","contentUrl":"https:\/\/www.comoditahome.com\/ks\/wp-content\/uploads\/2022\/05\/COMODITA_HOME_LOGO_KS_MK_AL-02.png","width":180,"height":87,"caption":"Comodita Home"},"image":{"@id":"https:\/\/www.comoditahome.com\/ks\/#\/schema\/logo\/image\/"},"sameAs":["https:\/\/www.facebook.com\/comoditahome\/","https:\/\/www.instagram.com\/comoditahome\/","https:\/\/www.linkedin.com\/company\/comoditahome\/?originalSubdomain=fj","https:\/\/www.youtube.com\/channel\/UC5O6IsT4JD4zaiOqmRi_Pvg"]}]}},"_links":{"self":[{"href":"https:\/\/www.comoditahome.com\/ks\/wp-json\/wp\/v2\/product\/104925","targetHints":{"allow":["GET"]}}],"collection":[{"href":"https:\/\/www.comoditahome.com\/ks\/wp-json\/wp\/v2\/product"}],"about":[{"href":"https:\/\/www.comoditahome.com\/ks\/wp-json\/wp\/v2\/types\/product"}],"version-history":[{"count":2,"href":"https:\/\/www.comoditahome.com\/ks\/wp-json\/wp\/v2\/product\/104925\/revisions"}],"predecessor-version":[{"id":107336,"href":"https:\/\/www.comoditahome.com\/ks\/wp-json\/wp\/v2\/product\/104925\/revisions\/107336"}],"wp:featuredmedia":[{"embeddable":true,"href":"https:\/\/www.comoditahome.com\/ks\/wp-json\/wp\/v2\/media\/104926"}],"wp:attachment":[{"href":"https:\/\/www.comoditahome.com\/ks\/wp-json\/wp\/v2\/media?parent=104925"}],"wp:term":[{"taxonomy":"product_brand","embeddable":true,"href":"https:\/\/www.comoditahome.com\/ks\/wp-json\/wp\/v2\/product_brand?post=104925"},{"taxonomy":"product_cat","embeddable":true,"href":"https:\/\/www.comoditahome.com\/ks\/wp-json\/wp\/v2\/product_cat?post=104925"},{"taxonomy":"product_tag","embeddable":true,"href":"https:\/\/www.comoditahome.com\/ks\/wp-json\/wp\/v2\/product_tag?post=104925"}],"curies":[{"name":"wp","href":"https:\/\/api.w.org\/{rel}","templated":true}]}}