 {"id":105226,"date":"2025-07-24T13:12:39","date_gmt":"2025-07-24T11:12:39","guid":{"rendered":"https:\/\/www.comoditahome.com\/ks\/?post_type=product&#038;p=105226"},"modified":"2025-10-17T10:52:50","modified_gmt":"2025-10-17T08:52:50","slug":"aparat-kafeje-prince-5","status":"publish","type":"product","link":"https:\/\/www.comoditahome.com\/ks\/produkt\/aparat-kafeje-prince-5\/","title":{"rendered":"Aparat kafeje Prince <strong>+ 50 KAPSULA GRATIS<\/strong>"},"content":{"rendered":"<p style=\"text-align: left\">Aparati i kafes\u00eb Prince vjen i dizajnuar n\u00eb model modern me ngjyr\u00eb t\u00eb zez\u00eb.<\/p>\n<p style=\"text-align: left\">Ky aparat leht\u00ebsisht mund t\u00eb p\u00ebrshkruhet si miku juaj m\u00eb i mir\u00eb q\u00eb mund t\u2019a keni! Krahas operacioneve t\u00eb krijimit t\u00eb kafeve me nj\u00eb shije t\u00eb jasht\u00ebzakonshme, kjo pajisje \u00ebsht\u00eb edhe shum\u00eb e leht\u00eb p\u00ebr t\u2019u mir\u00ebmbajtur!<\/p>\n<p style=\"text-align: left\">Aparati ka kapacitetin e rezervuarit t\u00eb ujit deri n\u00eb 600ml. Me k\u00ebt\u00eb aparat mund t\u00eb b\u00ebni kafen\u00eb n\u00eb dy lloje madh\u00ebsish: 30ml dhe 50ml!<\/p>\n","protected":false},"excerpt":{"rendered":"<p style=\"text-align: left\">Aparati i kafes\u00eb Prince vjen i dizajnuar n\u00eb model modern me ngjyr\u00eb t\u00eb zez\u00eb. Ky aparat leht\u00ebsisht mund t\u00eb p\u00ebrshkruhet si miku juaj m\u00eb i mir\u00eb q\u00eb mund t\u2019a keni! Krahas operacioneve t\u00eb krijimit t\u00eb kafeve me nj\u00eb shije t\u00eb jasht\u00ebzakonshme, kjo pajisje \u00ebsht\u00eb edhe shum\u00eb e leht\u00eb p\u00ebr t\u2019u mir\u00ebmbajtur! Aparati ka kapacitetin e rezervuarit t\u00eb ujit deri n\u00eb 600ml. Me k\u00ebt\u00eb aparat mund t\u00eb b\u00ebni kafen\u00eb n\u00eb dy lloje madh\u00ebsish: 30ml dhe 50ml!<br \/>\nSi p\u00ebrdoret:<br \/>\nVendoset aparati n\u00eb prizm\u00eb dhe duhet t\u00eb prisni disa sekonda q\u00eb t\u00eb ndizen gjitha butonat dhe t\u00eb jet\u00eb i gatsh\u00ebm p\u00ebr perdorim.<br \/>\nPasi gjith\u00e7ka \u00ebsht\u00eb gati, duhet t\u00eb mbushni rezervuarin e ujit me uj\u00eb t\u00eb pijsh\u00ebm. Hapni lev\u00ebn n\u00eb pjes\u00ebn e sip\u00ebrme p\u00ebr 90\u00b0 t\u00eb aperatit dhe vendosni brenda kapsul\u00ebn dhe mbyllni prap lev\u00ebn. Vendosni filxhanin n\u00eb pjes\u00ebn e p\u00ebrparme t\u00eb aparatit dhe shtypni nj\u00ebrin nga butonat e madh\u00ebsive (var\u00ebsisht nga lloji i kafes\u00eb q\u00eb doni) dhe prisni q\u00eb t\u00eb kryhet kafeja.<br \/>\nN\u00eb fund t\u00eb zbrasjes s\u00eb kafes\u00eb, rekomandohet q\u00eb menj\u00ebher\u00eb ta hapni lev\u00ebn dhe ta hidhni kapsul\u00ebn n\u00eb sirtarin e kapsuleve t\u00eb p\u00ebrdorura<br \/>\n<strong>Dimensioni \/ Kompozicioni:<\/strong> 220-240w ~ 50\/60hz.<br \/>\n<strong>NGJYRA:<\/strong> I zez\u00eb<br \/>\n<strong>MATERIALI:<\/strong> Plasitk\u00eb, elektrik\u00eb<br \/>\n<strong>UDH\u00cbZIMET E P\u00cbRDORIMIT:<\/strong> T\u00eb pastrohet me pastruese pluhuri<br \/>\n<strong>KUSHTET E KTHIMIT \/ GARANCION:<\/strong> P\u00ebr k\u00ebt\u00eb produkt pranohet reklamacion brenda 24 or\u00ebve pasi t\u00eb pranoni porosin\u00eb.<\/p>\n<p style=\"text-align: left\"><span style=\"color: #ffffff\">3904074540592<\/span><\/p>\n","protected":false},"featured_media":105227,"template":"","meta":[],"product_brand":[],"product_cat":[236],"product_tag":[],"class_list":{"0":"post-105226","1":"product","2":"type-product","3":"status-publish","4":"has-post-thumbnail","6":"product_cat-princ-caffe","8":"first","9":"instock","10":"shipping-taxable","11":"purchasable","12":"product-type-simple","13":"layout-style-1","14":"col-md-4 col-sm-4 col-xs-6","15":"col-lg-2","16":"product-has-gallery","17":"product-style-default"},"yoast_head":"<!-- This site is optimized with the Yoast SEO Premium plugin v18.2.1 (Yoast SEO v22.5) - https:\/\/yoast.com\/wordpress\/plugins\/seo\/ -->\n<title>Aparat kafeje Prince + 50 KAPSULA GRATIS - Comodita Home<\/title>\n<meta name=\"description\" content=\"Aparati i kafes\u00eb Prince vjen i dizajnuar n\u00eb model modern me ngjyr\u00eb t\u00eb bardh\u00eb. Ky aparat leht\u00ebsisht mund t\u00eb p\u00ebrshkruhet si miku juaj m\u00eb i mir\u00eb...\" \/>\n<meta name=\"robots\" content=\"index, follow, max-snippet:-1, max-image-preview:large, max-video-preview:-1\" \/>\n<link rel=\"canonical\" href=\"https:\/\/www.comoditahome.com\/ks\/produkt\/aparat-kafeje-prince-5\/\" \/>\n<meta property=\"og:locale\" content=\"sq_AL\" \/>\n<meta property=\"og:type\" content=\"article\" \/>\n<meta property=\"og:title\" content=\"Aparat kafeje Prince + 50 KAPSULA GRATIS\" \/>\n<meta property=\"og:description\" content=\"Aparati i kafes\u00eb Prince vjen i dizajnuar n\u00eb model modern me ngjyr\u00eb t\u00eb bardh\u00eb. Ky aparat leht\u00ebsisht mund t\u00eb p\u00ebrshkruhet si miku juaj m\u00eb i mir\u00eb...\" \/>\n<meta property=\"og:url\" content=\"https:\/\/www.comoditahome.com\/ks\/produkt\/aparat-kafeje-prince-5\/\" \/>\n<meta property=\"og:site_name\" content=\"Comodita Home\" \/>\n<meta property=\"article:publisher\" content=\"https:\/\/www.facebook.com\/comoditahome\/\" \/>\n<meta property=\"article:modified_time\" content=\"2025-10-17T08:52:50+00:00\" \/>\n<meta property=\"og:image\" content=\"https:\/\/www.comoditahome.com\/ks\/wp-content\/uploads\/2025\/07\/3904074540592-1.jpg\" \/>\n\t<meta property=\"og:image:width\" content=\"1200\" \/>\n\t<meta property=\"og:image:height\" content=\"1300\" \/>\n\t<meta property=\"og:image:type\" content=\"image\/jpeg\" \/>\n<meta name=\"twitter:card\" content=\"summary_large_image\" \/>\n<meta name=\"twitter:label1\" content=\"Est. reading time\" \/>\n\t<meta name=\"twitter:data1\" content=\"1 minut\u00eb\" \/>\n<script type=\"application\/ld+json\" class=\"yoast-schema-graph\">{\"@context\":\"https:\/\/schema.org\",\"@graph\":[{\"@type\":\"WebPage\",\"@id\":\"https:\/\/www.comoditahome.com\/ks\/produkt\/aparat-kafeje-prince-5\/\",\"url\":\"https:\/\/www.comoditahome.com\/ks\/produkt\/aparat-kafeje-prince-5\/\",\"name\":\"Aparat kafeje Prince + 50 KAPSULA GRATIS - Comodita Home\",\"isPartOf\":{\"@id\":\"https:\/\/www.comoditahome.com\/ks\/#website\"},\"primaryImageOfPage\":{\"@id\":\"https:\/\/www.comoditahome.com\/ks\/produkt\/aparat-kafeje-prince-5\/#primaryimage\"},\"image\":{\"@id\":\"https:\/\/www.comoditahome.com\/ks\/produkt\/aparat-kafeje-prince-5\/#primaryimage\"},\"thumbnailUrl\":\"https:\/\/www.comoditahome.com\/ks\/wp-content\/uploads\/2025\/07\/3904074540592-1.jpg\",\"datePublished\":\"2025-07-24T11:12:39+00:00\",\"dateModified\":\"2025-10-17T08:52:50+00:00\",\"description\":\"Aparati i kafes\u00eb Prince vjen i dizajnuar n\u00eb model modern me ngjyr\u00eb t\u00eb bardh\u00eb. Ky aparat leht\u00ebsisht mund t\u00eb p\u00ebrshkruhet si miku juaj m\u00eb i mir\u00eb...\",\"breadcrumb\":{\"@id\":\"https:\/\/www.comoditahome.com\/ks\/produkt\/aparat-kafeje-prince-5\/#breadcrumb\"},\"inLanguage\":\"sq\",\"potentialAction\":[{\"@type\":\"ReadAction\",\"target\":[\"https:\/\/www.comoditahome.com\/ks\/produkt\/aparat-kafeje-prince-5\/\"]}]},{\"@type\":\"ImageObject\",\"inLanguage\":\"sq\",\"@id\":\"https:\/\/www.comoditahome.com\/ks\/produkt\/aparat-kafeje-prince-5\/#primaryimage\",\"url\":\"https:\/\/www.comoditahome.com\/ks\/wp-content\/uploads\/2025\/07\/3904074540592-1.jpg\",\"contentUrl\":\"https:\/\/www.comoditahome.com\/ks\/wp-content\/uploads\/2025\/07\/3904074540592-1.jpg\",\"width\":1200,\"height\":1300},{\"@type\":\"BreadcrumbList\",\"@id\":\"https:\/\/www.comoditahome.com\/ks\/produkt\/aparat-kafeje-prince-5\/#breadcrumb\",\"itemListElement\":[{\"@type\":\"ListItem\",\"position\":1,\"name\":\"Comodita Home Kosova - Dyshek Mattress\",\"item\":\"https:\/\/www.comoditahome.com\/ks\/\"},{\"@type\":\"ListItem\",\"position\":2,\"name\":\"Shop\",\"item\":\"https:\/\/www.comoditahome.com\/ks\/shop\/\"},{\"@type\":\"ListItem\",\"position\":3,\"name\":\"Aparat kafeje Prince + 50 KAPSULA GRATIS\"}]},{\"@type\":\"WebSite\",\"@id\":\"https:\/\/www.comoditahome.com\/ks\/#website\",\"url\":\"https:\/\/www.comoditahome.com\/ks\/\",\"name\":\"Comodita Home\",\"description\":\"Dyshek, Jorgan, Jast\u00ebk, Kuzhine, Banjo, Kopsht dhe Aksesor\u00eb\",\"publisher\":{\"@id\":\"https:\/\/www.comoditahome.com\/ks\/#organization\"},\"potentialAction\":[{\"@type\":\"SearchAction\",\"target\":{\"@type\":\"EntryPoint\",\"urlTemplate\":\"https:\/\/www.comoditahome.com\/ks\/?s={search_term_string}\"},\"query-input\":\"required name=search_term_string\"}],\"inLanguage\":\"sq\"},{\"@type\":\"Organization\",\"@id\":\"https:\/\/www.comoditahome.com\/ks\/#organization\",\"name\":\"Comodita Home\",\"url\":\"https:\/\/www.comoditahome.com\/ks\/\",\"logo\":{\"@type\":\"ImageObject\",\"inLanguage\":\"sq\",\"@id\":\"https:\/\/www.comoditahome.com\/ks\/#\/schema\/logo\/image\/\",\"url\":\"https:\/\/www.comoditahome.com\/ks\/wp-content\/uploads\/2022\/05\/COMODITA_HOME_LOGO_KS_MK_AL-02.png\",\"contentUrl\":\"https:\/\/www.comoditahome.com\/ks\/wp-content\/uploads\/2022\/05\/COMODITA_HOME_LOGO_KS_MK_AL-02.png\",\"width\":180,\"height\":87,\"caption\":\"Comodita Home\"},\"image\":{\"@id\":\"https:\/\/www.comoditahome.com\/ks\/#\/schema\/logo\/image\/\"},\"sameAs\":[\"https:\/\/www.facebook.com\/comoditahome\/\",\"https:\/\/www.instagram.com\/comoditahome\/\",\"https:\/\/www.linkedin.com\/company\/comoditahome\/?originalSubdomain=fj\",\"https:\/\/www.youtube.com\/channel\/UC5O6IsT4JD4zaiOqmRi_Pvg\"]}]}<\/script>\n<!-- \/ Yoast SEO Premium plugin. -->","yoast_head_json":{"title":"Aparat kafeje Prince + 50 KAPSULA GRATIS - Comodita Home","description":"Aparati i kafes\u00eb Prince vjen i dizajnuar n\u00eb model modern me ngjyr\u00eb t\u00eb bardh\u00eb. Ky aparat leht\u00ebsisht mund t\u00eb p\u00ebrshkruhet si miku juaj m\u00eb i mir\u00eb...","robots":{"index":"index","follow":"follow","max-snippet":"max-snippet:-1","max-image-preview":"max-image-preview:large","max-video-preview":"max-video-preview:-1"},"canonical":"https:\/\/www.comoditahome.com\/ks\/produkt\/aparat-kafeje-prince-5\/","og_locale":"sq_AL","og_type":"article","og_title":"Aparat kafeje Prince + 50 KAPSULA GRATIS","og_description":"Aparati i kafes\u00eb Prince vjen i dizajnuar n\u00eb model modern me ngjyr\u00eb t\u00eb bardh\u00eb. Ky aparat leht\u00ebsisht mund t\u00eb p\u00ebrshkruhet si miku juaj m\u00eb i mir\u00eb...","og_url":"https:\/\/www.comoditahome.com\/ks\/produkt\/aparat-kafeje-prince-5\/","og_site_name":"Comodita Home","article_publisher":"https:\/\/www.facebook.com\/comoditahome\/","article_modified_time":"2025-10-17T08:52:50+00:00","og_image":[{"width":1200,"height":1300,"url":"https:\/\/www.comoditahome.com\/ks\/wp-content\/uploads\/2025\/07\/3904074540592-1.jpg","type":"image\/jpeg"}],"twitter_card":"summary_large_image","twitter_misc":{"Est. reading time":"1 minut\u00eb"},"schema":{"@context":"https:\/\/schema.org","@graph":[{"@type":"WebPage","@id":"https:\/\/www.comoditahome.com\/ks\/produkt\/aparat-kafeje-prince-5\/","url":"https:\/\/www.comoditahome.com\/ks\/produkt\/aparat-kafeje-prince-5\/","name":"Aparat kafeje Prince + 50 KAPSULA GRATIS - Comodita Home","isPartOf":{"@id":"https:\/\/www.comoditahome.com\/ks\/#website"},"primaryImageOfPage":{"@id":"https:\/\/www.comoditahome.com\/ks\/produkt\/aparat-kafeje-prince-5\/#primaryimage"},"image":{"@id":"https:\/\/www.comoditahome.com\/ks\/produkt\/aparat-kafeje-prince-5\/#primaryimage"},"thumbnailUrl":"https:\/\/www.comoditahome.com\/ks\/wp-content\/uploads\/2025\/07\/3904074540592-1.jpg","datePublished":"2025-07-24T11:12:39+00:00","dateModified":"2025-10-17T08:52:50+00:00","description":"Aparati i kafes\u00eb Prince vjen i dizajnuar n\u00eb model modern me ngjyr\u00eb t\u00eb bardh\u00eb. Ky aparat leht\u00ebsisht mund t\u00eb p\u00ebrshkruhet si miku juaj m\u00eb i mir\u00eb...","breadcrumb":{"@id":"https:\/\/www.comoditahome.com\/ks\/produkt\/aparat-kafeje-prince-5\/#breadcrumb"},"inLanguage":"sq","potentialAction":[{"@type":"ReadAction","target":["https:\/\/www.comoditahome.com\/ks\/produkt\/aparat-kafeje-prince-5\/"]}]},{"@type":"ImageObject","inLanguage":"sq","@id":"https:\/\/www.comoditahome.com\/ks\/produkt\/aparat-kafeje-prince-5\/#primaryimage","url":"https:\/\/www.comoditahome.com\/ks\/wp-content\/uploads\/2025\/07\/3904074540592-1.jpg","contentUrl":"https:\/\/www.comoditahome.com\/ks\/wp-content\/uploads\/2025\/07\/3904074540592-1.jpg","width":1200,"height":1300},{"@type":"BreadcrumbList","@id":"https:\/\/www.comoditahome.com\/ks\/produkt\/aparat-kafeje-prince-5\/#breadcrumb","itemListElement":[{"@type":"ListItem","position":1,"name":"Comodita Home Kosova - Dyshek Mattress","item":"https:\/\/www.comoditahome.com\/ks\/"},{"@type":"ListItem","position":2,"name":"Shop","item":"https:\/\/www.comoditahome.com\/ks\/shop\/"},{"@type":"ListItem","position":3,"name":"Aparat kafeje Prince + 50 KAPSULA GRATIS"}]},{"@type":"WebSite","@id":"https:\/\/www.comoditahome.com\/ks\/#website","url":"https:\/\/www.comoditahome.com\/ks\/","name":"Comodita Home","description":"Dyshek, Jorgan, Jast\u00ebk, Kuzhine, Banjo, Kopsht dhe Aksesor\u00eb","publisher":{"@id":"https:\/\/www.comoditahome.com\/ks\/#organization"},"potentialAction":[{"@type":"SearchAction","target":{"@type":"EntryPoint","urlTemplate":"https:\/\/www.comoditahome.com\/ks\/?s={search_term_string}"},"query-input":"required name=search_term_string"}],"inLanguage":"sq"},{"@type":"Organization","@id":"https:\/\/www.comoditahome.com\/ks\/#organization","name":"Comodita Home","url":"https:\/\/www.comoditahome.com\/ks\/","logo":{"@type":"ImageObject","inLanguage":"sq","@id":"https:\/\/www.comoditahome.com\/ks\/#\/schema\/logo\/image\/","url":"https:\/\/www.comoditahome.com\/ks\/wp-content\/uploads\/2022\/05\/COMODITA_HOME_LOGO_KS_MK_AL-02.png","contentUrl":"https:\/\/www.comoditahome.com\/ks\/wp-content\/uploads\/2022\/05\/COMODITA_HOME_LOGO_KS_MK_AL-02.png","width":180,"height":87,"caption":"Comodita Home"},"image":{"@id":"https:\/\/www.comoditahome.com\/ks\/#\/schema\/logo\/image\/"},"sameAs":["https:\/\/www.facebook.com\/comoditahome\/","https:\/\/www.instagram.com\/comoditahome\/","https:\/\/www.linkedin.com\/company\/comoditahome\/?originalSubdomain=fj","https:\/\/www.youtube.com\/channel\/UC5O6IsT4JD4zaiOqmRi_Pvg"]}]}},"_links":{"self":[{"href":"https:\/\/www.comoditahome.com\/ks\/wp-json\/wp\/v2\/product\/105226","targetHints":{"allow":["GET"]}}],"collection":[{"href":"https:\/\/www.comoditahome.com\/ks\/wp-json\/wp\/v2\/product"}],"about":[{"href":"https:\/\/www.comoditahome.com\/ks\/wp-json\/wp\/v2\/types\/product"}],"version-history":[{"count":3,"href":"https:\/\/www.comoditahome.com\/ks\/wp-json\/wp\/v2\/product\/105226\/revisions"}],"predecessor-version":[{"id":106709,"href":"https:\/\/www.comoditahome.com\/ks\/wp-json\/wp\/v2\/product\/105226\/revisions\/106709"}],"wp:featuredmedia":[{"embeddable":true,"href":"https:\/\/www.comoditahome.com\/ks\/wp-json\/wp\/v2\/media\/105227"}],"wp:attachment":[{"href":"https:\/\/www.comoditahome.com\/ks\/wp-json\/wp\/v2\/media?parent=105226"}],"wp:term":[{"taxonomy":"product_brand","embeddable":true,"href":"https:\/\/www.comoditahome.com\/ks\/wp-json\/wp\/v2\/product_brand?post=105226"},{"taxonomy":"product_cat","embeddable":true,"href":"https:\/\/www.comoditahome.com\/ks\/wp-json\/wp\/v2\/product_cat?post=105226"},{"taxonomy":"product_tag","embeddable":true,"href":"https:\/\/www.comoditahome.com\/ks\/wp-json\/wp\/v2\/product_tag?post=105226"}],"curies":[{"name":"wp","href":"https:\/\/api.w.org\/{rel}","templated":true}]}}