 {"id":105530,"date":"2025-07-31T12:23:19","date_gmt":"2025-07-31T10:23:19","guid":{"rendered":"https:\/\/www.comoditahome.com\/ks\/?post_type=product&#038;p=105530"},"modified":"2026-04-24T09:20:38","modified_gmt":"2026-04-24T07:20:38","slug":"set-pjatash-navy-green","status":"publish","type":"product","link":"https:\/\/www.comoditahome.com\/ks\/produkt\/set-pjatash-navy-green\/","title":{"rendered":"Set Pjatash Navy Green"},"content":{"rendered":"<p style=\"text-align: left;\"><span data-contrast=\"auto\">Shtoni eleganc\u00eb dhe thjesht\u00ebsi n\u00eb tryez\u00ebn tuaj me setin minimalist t\u00eb pjatave.<\/span><\/p>\n<p style=\"text-align: left;\"><span data-contrast=\"auto\"> Ky set prej 18 pjes\u00ebsh, n\u00eb nj\u00eb ngjyr\u00eb elegante gjelb\u00ebrt, sjell nj\u00eb harmoni t\u00eb ve\u00e7ant\u00eb mes dizajnit modern dhe funksionalitetit t\u00eb p\u00ebrditsh\u00ebm. <\/span><\/p>\n<p style=\"text-align: left;\"><span data-contrast=\"auto\">Me linja t\u00eb pastra dhe ngjyr\u00eb speciale, ky set krijon nj\u00eb atmosfer\u00eb t\u00eb qet\u00eb dhe bashk\u00ebkohore n\u00eb \u00e7do vakt \u2013 qoft\u00eb p\u00ebr nj\u00eb drek\u00eb t\u00eb p\u00ebrditshme apo nj\u00eb dark\u00eb t\u00eb ve\u00e7ant\u00eb.<\/span><span data-ccp-props=\"{}\">\u00a0<\/span><\/p>\n","protected":false},"excerpt":{"rendered":"<p style=\"text-align: left;\"><span data-contrast=\"auto\">Shtoni eleganc\u00eb dhe thjesht\u00ebsi n\u00eb tryez\u00ebn tuaj me setin minimalist t\u00eb pjatave. Ky set prej 18 pjes\u00ebsh, n\u00eb nj\u00eb ngjyr\u00eb elegante gjelb\u00ebrt, sjell nj\u00eb harmoni t\u00eb ve\u00e7ant\u00eb mes dizajnit modern dhe funksionalitetit t\u00eb p\u00ebrditsh\u00ebm. Me linja t\u00eb pastra dhe ngjyr\u00eb speciale, ky set krijon nj\u00eb atmosfer\u00eb t\u00eb qet\u00eb dhe bashk\u00ebkohore n\u00eb \u00e7do vakt \u2013 qoft\u00eb p\u00ebr nj\u00eb drek\u00eb t\u00eb p\u00ebrditshme apo nj\u00eb dark\u00eb t\u00eb ve\u00e7ant\u00eb.<\/span><span data-ccp-props=\"{}\">\u00a0<\/span><\/p>\n<p style=\"text-align: left;\"><b><span data-contrast=\"auto\">Dimensioni \/ Kompozicioni:<\/span><\/b><span data-contrast=\"auto\">\u202fSeti ka 18 pjes\u00eb: 6x pjata p\u00ebr ushqim, 6x pjata p\u00ebr sup\u00eb, 6x pjata p\u00ebr desert.<\/span><span data-ccp-props=\"{}\">\u00a0<\/span><\/p>\n<p style=\"text-align: left;\"><b><span data-contrast=\"auto\">NGJYRA:<\/span><\/b><span data-contrast=\"auto\">\u202fGjelb\u00ebrt\u00a0<\/span><span data-ccp-props=\"{}\">\u00a0<\/span><\/p>\n<p style=\"text-align: left;\"><b><span data-contrast=\"auto\">MATERIALI:<\/span><\/b><span data-contrast=\"auto\">\u202fGuri<\/span><span data-ccp-props=\"{}\">\u00a0<\/span><\/p>\n<p style=\"text-align: left;\"><b><span data-contrast=\"auto\">UDH\u00cbZIMET E P\u00cbRDORIMIT:<\/span><\/b><span data-contrast=\"auto\">\u202fT\u00eb pastrohen me dor\u00eb<\/span><span data-ccp-props=\"{}\">\u00a0<\/span><\/p>\n<p style=\"text-align: left;\"><b><span data-contrast=\"auto\">KUSHTET E KTHIMIT \/ GARANCION:<\/span><\/b><span data-contrast=\"auto\">\u202fP\u00ebr k\u00ebt\u00eb produkt pranohet reklamacion brenda 24 or\u00ebve pasi t\u00eb pranoni porosin\u00eb.<\/span><span data-ccp-props=\"{}\">\u00a0<\/span><\/p>\n<p style=\"text-align: left;\"><span style=\"color: #ffffff;\">3905710930821\u00a0<\/span><\/p>\n","protected":false},"featured_media":105531,"template":"","meta":[],"product_brand":[],"product_cat":[141,136],"product_tag":[],"class_list":{"0":"post-105530","1":"product","2":"type-product","3":"status-publish","4":"has-post-thumbnail","6":"product_cat-set-pjatash","7":"product_cat-tryeze","9":"first","10":"outofstock","11":"sale","12":"shipping-taxable","13":"purchasable","14":"product-type-simple","15":"layout-style-1","16":"col-md-4 col-sm-4 col-xs-6","17":"col-lg-2","18":"product-style-default"},"yoast_head":"<!-- This site is optimized with the Yoast SEO Premium plugin v18.2.1 (Yoast SEO v22.5) - https:\/\/yoast.com\/wordpress\/plugins\/seo\/ -->\n<title>Set Pjatash Navy Green - Comodita Home<\/title>\n<meta name=\"description\" content=\"Shtoni eleganc\u00eb dhe thjesht\u00ebsi n\u00eb tryez\u00ebn tuaj me setin minimalist t\u00eb pjatave.Ky set prej 18 pjes\u00ebsh, n\u00eb nj\u00eb ngjyr\u00eb elegante t\u00eb zez\u00eb, sjell nj\u00eb harmoni t\u00eb ve\u00e7ant\u00eb mes dizajnit modern dhe funksionalitetit t\u00eb p\u00ebrditsh\u00ebm.Me linja t\u00eb pastra dhe ngjyr\u00eb speciale, ky set krijon nj\u00eb atmosfer\u00eb t\u00eb qet\u00eb dhe bashk\u00ebkohore n\u00eb \u00e7do vakt \u2013 qoft\u00eb p\u00ebr nj\u00eb drek\u00eb t\u00eb p\u00ebrditshme apo nj\u00eb dark\u00eb t\u00eb ve\u00e7ant\u00eb.\u00a0\" \/>\n<meta name=\"robots\" content=\"index, follow, max-snippet:-1, max-image-preview:large, max-video-preview:-1\" \/>\n<link rel=\"canonical\" href=\"https:\/\/www.comoditahome.com\/ks\/produkt\/set-pjatash-navy-green\/\" \/>\n<meta property=\"og:locale\" content=\"sq_AL\" \/>\n<meta property=\"og:type\" content=\"article\" \/>\n<meta property=\"og:title\" content=\"Set Pjatash Navy Green\" \/>\n<meta property=\"og:description\" content=\"Shtoni eleganc\u00eb dhe thjesht\u00ebsi n\u00eb tryez\u00ebn tuaj me setin minimalist t\u00eb pjatave.Ky set prej 18 pjes\u00ebsh, n\u00eb nj\u00eb ngjyr\u00eb elegante t\u00eb zez\u00eb, sjell nj\u00eb harmoni t\u00eb ve\u00e7ant\u00eb mes dizajnit modern dhe funksionalitetit t\u00eb p\u00ebrditsh\u00ebm.Me linja t\u00eb pastra dhe ngjyr\u00eb speciale, ky set krijon nj\u00eb atmosfer\u00eb t\u00eb qet\u00eb dhe bashk\u00ebkohore n\u00eb \u00e7do vakt \u2013 qoft\u00eb p\u00ebr nj\u00eb drek\u00eb t\u00eb p\u00ebrditshme apo nj\u00eb dark\u00eb t\u00eb ve\u00e7ant\u00eb.\u00a0\" \/>\n<meta property=\"og:url\" content=\"https:\/\/www.comoditahome.com\/ks\/produkt\/set-pjatash-navy-green\/\" \/>\n<meta property=\"og:site_name\" content=\"Comodita Home\" \/>\n<meta property=\"article:publisher\" content=\"https:\/\/www.facebook.com\/comoditahome\/\" \/>\n<meta property=\"article:modified_time\" content=\"2026-04-24T07:20:38+00:00\" \/>\n<meta property=\"og:image\" content=\"https:\/\/www.comoditahome.com\/ks\/wp-content\/uploads\/2025\/07\/3905710930821-1.jpg\" \/>\n\t<meta property=\"og:image:width\" content=\"1200\" \/>\n\t<meta property=\"og:image:height\" content=\"1300\" \/>\n\t<meta property=\"og:image:type\" content=\"image\/jpeg\" \/>\n<meta name=\"twitter:card\" content=\"summary_large_image\" \/>\n<meta name=\"twitter:label1\" content=\"Est. reading time\" \/>\n\t<meta name=\"twitter:data1\" content=\"1 minut\u00eb\" \/>\n<script type=\"application\/ld+json\" class=\"yoast-schema-graph\">{\"@context\":\"https:\/\/schema.org\",\"@graph\":[{\"@type\":\"WebPage\",\"@id\":\"https:\/\/www.comoditahome.com\/ks\/produkt\/set-pjatash-navy-green\/\",\"url\":\"https:\/\/www.comoditahome.com\/ks\/produkt\/set-pjatash-navy-green\/\",\"name\":\"Set Pjatash Navy Green - Comodita Home\",\"isPartOf\":{\"@id\":\"https:\/\/www.comoditahome.com\/ks\/#website\"},\"primaryImageOfPage\":{\"@id\":\"https:\/\/www.comoditahome.com\/ks\/produkt\/set-pjatash-navy-green\/#primaryimage\"},\"image\":{\"@id\":\"https:\/\/www.comoditahome.com\/ks\/produkt\/set-pjatash-navy-green\/#primaryimage\"},\"thumbnailUrl\":\"https:\/\/www.comoditahome.com\/ks\/wp-content\/uploads\/2025\/07\/3905710930821-1.jpg\",\"datePublished\":\"2025-07-31T10:23:19+00:00\",\"dateModified\":\"2026-04-24T07:20:38+00:00\",\"description\":\"Shtoni eleganc\u00eb dhe thjesht\u00ebsi n\u00eb tryez\u00ebn tuaj me setin minimalist t\u00eb pjatave.Ky set prej 18 pjes\u00ebsh, n\u00eb nj\u00eb ngjyr\u00eb elegante t\u00eb zez\u00eb, sjell nj\u00eb harmoni t\u00eb ve\u00e7ant\u00eb mes dizajnit modern dhe funksionalitetit t\u00eb p\u00ebrditsh\u00ebm.Me linja t\u00eb pastra dhe ngjyr\u00eb speciale, ky set krijon nj\u00eb atmosfer\u00eb t\u00eb qet\u00eb dhe bashk\u00ebkohore n\u00eb \u00e7do vakt \u2013 qoft\u00eb p\u00ebr nj\u00eb drek\u00eb t\u00eb p\u00ebrditshme apo nj\u00eb dark\u00eb t\u00eb ve\u00e7ant\u00eb.\u00a0\",\"breadcrumb\":{\"@id\":\"https:\/\/www.comoditahome.com\/ks\/produkt\/set-pjatash-navy-green\/#breadcrumb\"},\"inLanguage\":\"sq\",\"potentialAction\":[{\"@type\":\"ReadAction\",\"target\":[\"https:\/\/www.comoditahome.com\/ks\/produkt\/set-pjatash-navy-green\/\"]}]},{\"@type\":\"ImageObject\",\"inLanguage\":\"sq\",\"@id\":\"https:\/\/www.comoditahome.com\/ks\/produkt\/set-pjatash-navy-green\/#primaryimage\",\"url\":\"https:\/\/www.comoditahome.com\/ks\/wp-content\/uploads\/2025\/07\/3905710930821-1.jpg\",\"contentUrl\":\"https:\/\/www.comoditahome.com\/ks\/wp-content\/uploads\/2025\/07\/3905710930821-1.jpg\",\"width\":1200,\"height\":1300},{\"@type\":\"BreadcrumbList\",\"@id\":\"https:\/\/www.comoditahome.com\/ks\/produkt\/set-pjatash-navy-green\/#breadcrumb\",\"itemListElement\":[{\"@type\":\"ListItem\",\"position\":1,\"name\":\"Comodita Home Kosova - Dyshek Mattress\",\"item\":\"https:\/\/www.comoditahome.com\/ks\/\"},{\"@type\":\"ListItem\",\"position\":2,\"name\":\"Shop\",\"item\":\"https:\/\/www.comoditahome.com\/ks\/shop\/\"},{\"@type\":\"ListItem\",\"position\":3,\"name\":\"Set Pjatash Navy Green\"}]},{\"@type\":\"WebSite\",\"@id\":\"https:\/\/www.comoditahome.com\/ks\/#website\",\"url\":\"https:\/\/www.comoditahome.com\/ks\/\",\"name\":\"Comodita Home\",\"description\":\"Dyshek, Jorgan, Jast\u00ebk, Kuzhine, Banjo, Kopsht dhe Aksesor\u00eb\",\"publisher\":{\"@id\":\"https:\/\/www.comoditahome.com\/ks\/#organization\"},\"potentialAction\":[{\"@type\":\"SearchAction\",\"target\":{\"@type\":\"EntryPoint\",\"urlTemplate\":\"https:\/\/www.comoditahome.com\/ks\/?s={search_term_string}\"},\"query-input\":\"required name=search_term_string\"}],\"inLanguage\":\"sq\"},{\"@type\":\"Organization\",\"@id\":\"https:\/\/www.comoditahome.com\/ks\/#organization\",\"name\":\"Comodita Home\",\"url\":\"https:\/\/www.comoditahome.com\/ks\/\",\"logo\":{\"@type\":\"ImageObject\",\"inLanguage\":\"sq\",\"@id\":\"https:\/\/www.comoditahome.com\/ks\/#\/schema\/logo\/image\/\",\"url\":\"https:\/\/www.comoditahome.com\/ks\/wp-content\/uploads\/2022\/05\/COMODITA_HOME_LOGO_KS_MK_AL-02.png\",\"contentUrl\":\"https:\/\/www.comoditahome.com\/ks\/wp-content\/uploads\/2022\/05\/COMODITA_HOME_LOGO_KS_MK_AL-02.png\",\"width\":180,\"height\":87,\"caption\":\"Comodita Home\"},\"image\":{\"@id\":\"https:\/\/www.comoditahome.com\/ks\/#\/schema\/logo\/image\/\"},\"sameAs\":[\"https:\/\/www.facebook.com\/comoditahome\/\",\"https:\/\/www.instagram.com\/comoditahome\/\",\"https:\/\/www.linkedin.com\/company\/comoditahome\/?originalSubdomain=fj\",\"https:\/\/www.youtube.com\/channel\/UC5O6IsT4JD4zaiOqmRi_Pvg\"]}]}<\/script>\n<!-- \/ Yoast SEO Premium plugin. -->","yoast_head_json":{"title":"Set Pjatash Navy Green - Comodita Home","description":"Shtoni eleganc\u00eb dhe thjesht\u00ebsi n\u00eb tryez\u00ebn tuaj me setin minimalist t\u00eb pjatave.Ky set prej 18 pjes\u00ebsh, n\u00eb nj\u00eb ngjyr\u00eb elegante t\u00eb zez\u00eb, sjell nj\u00eb harmoni t\u00eb ve\u00e7ant\u00eb mes dizajnit modern dhe funksionalitetit t\u00eb p\u00ebrditsh\u00ebm.Me linja t\u00eb pastra dhe ngjyr\u00eb speciale, ky set krijon nj\u00eb atmosfer\u00eb t\u00eb qet\u00eb dhe bashk\u00ebkohore n\u00eb \u00e7do vakt \u2013 qoft\u00eb p\u00ebr nj\u00eb drek\u00eb t\u00eb p\u00ebrditshme apo nj\u00eb dark\u00eb t\u00eb ve\u00e7ant\u00eb.\u00a0","robots":{"index":"index","follow":"follow","max-snippet":"max-snippet:-1","max-image-preview":"max-image-preview:large","max-video-preview":"max-video-preview:-1"},"canonical":"https:\/\/www.comoditahome.com\/ks\/produkt\/set-pjatash-navy-green\/","og_locale":"sq_AL","og_type":"article","og_title":"Set Pjatash Navy Green","og_description":"Shtoni eleganc\u00eb dhe thjesht\u00ebsi n\u00eb tryez\u00ebn tuaj me setin minimalist t\u00eb pjatave.Ky set prej 18 pjes\u00ebsh, n\u00eb nj\u00eb ngjyr\u00eb elegante t\u00eb zez\u00eb, sjell nj\u00eb harmoni t\u00eb ve\u00e7ant\u00eb mes dizajnit modern dhe funksionalitetit t\u00eb p\u00ebrditsh\u00ebm.Me linja t\u00eb pastra dhe ngjyr\u00eb speciale, ky set krijon nj\u00eb atmosfer\u00eb t\u00eb qet\u00eb dhe bashk\u00ebkohore n\u00eb \u00e7do vakt \u2013 qoft\u00eb p\u00ebr nj\u00eb drek\u00eb t\u00eb p\u00ebrditshme apo nj\u00eb dark\u00eb t\u00eb ve\u00e7ant\u00eb.\u00a0","og_url":"https:\/\/www.comoditahome.com\/ks\/produkt\/set-pjatash-navy-green\/","og_site_name":"Comodita Home","article_publisher":"https:\/\/www.facebook.com\/comoditahome\/","article_modified_time":"2026-04-24T07:20:38+00:00","og_image":[{"width":1200,"height":1300,"url":"https:\/\/www.comoditahome.com\/ks\/wp-content\/uploads\/2025\/07\/3905710930821-1.jpg","type":"image\/jpeg"}],"twitter_card":"summary_large_image","twitter_misc":{"Est. reading time":"1 minut\u00eb"},"schema":{"@context":"https:\/\/schema.org","@graph":[{"@type":"WebPage","@id":"https:\/\/www.comoditahome.com\/ks\/produkt\/set-pjatash-navy-green\/","url":"https:\/\/www.comoditahome.com\/ks\/produkt\/set-pjatash-navy-green\/","name":"Set Pjatash Navy Green - Comodita Home","isPartOf":{"@id":"https:\/\/www.comoditahome.com\/ks\/#website"},"primaryImageOfPage":{"@id":"https:\/\/www.comoditahome.com\/ks\/produkt\/set-pjatash-navy-green\/#primaryimage"},"image":{"@id":"https:\/\/www.comoditahome.com\/ks\/produkt\/set-pjatash-navy-green\/#primaryimage"},"thumbnailUrl":"https:\/\/www.comoditahome.com\/ks\/wp-content\/uploads\/2025\/07\/3905710930821-1.jpg","datePublished":"2025-07-31T10:23:19+00:00","dateModified":"2026-04-24T07:20:38+00:00","description":"Shtoni eleganc\u00eb dhe thjesht\u00ebsi n\u00eb tryez\u00ebn tuaj me setin minimalist t\u00eb pjatave.Ky set prej 18 pjes\u00ebsh, n\u00eb nj\u00eb ngjyr\u00eb elegante t\u00eb zez\u00eb, sjell nj\u00eb harmoni t\u00eb ve\u00e7ant\u00eb mes dizajnit modern dhe funksionalitetit t\u00eb p\u00ebrditsh\u00ebm.Me linja t\u00eb pastra dhe ngjyr\u00eb speciale, ky set krijon nj\u00eb atmosfer\u00eb t\u00eb qet\u00eb dhe bashk\u00ebkohore n\u00eb \u00e7do vakt \u2013 qoft\u00eb p\u00ebr nj\u00eb drek\u00eb t\u00eb p\u00ebrditshme apo nj\u00eb dark\u00eb t\u00eb ve\u00e7ant\u00eb.\u00a0","breadcrumb":{"@id":"https:\/\/www.comoditahome.com\/ks\/produkt\/set-pjatash-navy-green\/#breadcrumb"},"inLanguage":"sq","potentialAction":[{"@type":"ReadAction","target":["https:\/\/www.comoditahome.com\/ks\/produkt\/set-pjatash-navy-green\/"]}]},{"@type":"ImageObject","inLanguage":"sq","@id":"https:\/\/www.comoditahome.com\/ks\/produkt\/set-pjatash-navy-green\/#primaryimage","url":"https:\/\/www.comoditahome.com\/ks\/wp-content\/uploads\/2025\/07\/3905710930821-1.jpg","contentUrl":"https:\/\/www.comoditahome.com\/ks\/wp-content\/uploads\/2025\/07\/3905710930821-1.jpg","width":1200,"height":1300},{"@type":"BreadcrumbList","@id":"https:\/\/www.comoditahome.com\/ks\/produkt\/set-pjatash-navy-green\/#breadcrumb","itemListElement":[{"@type":"ListItem","position":1,"name":"Comodita Home Kosova - Dyshek Mattress","item":"https:\/\/www.comoditahome.com\/ks\/"},{"@type":"ListItem","position":2,"name":"Shop","item":"https:\/\/www.comoditahome.com\/ks\/shop\/"},{"@type":"ListItem","position":3,"name":"Set Pjatash Navy Green"}]},{"@type":"WebSite","@id":"https:\/\/www.comoditahome.com\/ks\/#website","url":"https:\/\/www.comoditahome.com\/ks\/","name":"Comodita Home","description":"Dyshek, Jorgan, Jast\u00ebk, Kuzhine, Banjo, Kopsht dhe Aksesor\u00eb","publisher":{"@id":"https:\/\/www.comoditahome.com\/ks\/#organization"},"potentialAction":[{"@type":"SearchAction","target":{"@type":"EntryPoint","urlTemplate":"https:\/\/www.comoditahome.com\/ks\/?s={search_term_string}"},"query-input":"required name=search_term_string"}],"inLanguage":"sq"},{"@type":"Organization","@id":"https:\/\/www.comoditahome.com\/ks\/#organization","name":"Comodita Home","url":"https:\/\/www.comoditahome.com\/ks\/","logo":{"@type":"ImageObject","inLanguage":"sq","@id":"https:\/\/www.comoditahome.com\/ks\/#\/schema\/logo\/image\/","url":"https:\/\/www.comoditahome.com\/ks\/wp-content\/uploads\/2022\/05\/COMODITA_HOME_LOGO_KS_MK_AL-02.png","contentUrl":"https:\/\/www.comoditahome.com\/ks\/wp-content\/uploads\/2022\/05\/COMODITA_HOME_LOGO_KS_MK_AL-02.png","width":180,"height":87,"caption":"Comodita Home"},"image":{"@id":"https:\/\/www.comoditahome.com\/ks\/#\/schema\/logo\/image\/"},"sameAs":["https:\/\/www.facebook.com\/comoditahome\/","https:\/\/www.instagram.com\/comoditahome\/","https:\/\/www.linkedin.com\/company\/comoditahome\/?originalSubdomain=fj","https:\/\/www.youtube.com\/channel\/UC5O6IsT4JD4zaiOqmRi_Pvg"]}]}},"_links":{"self":[{"href":"https:\/\/www.comoditahome.com\/ks\/wp-json\/wp\/v2\/product\/105530","targetHints":{"allow":["GET"]}}],"collection":[{"href":"https:\/\/www.comoditahome.com\/ks\/wp-json\/wp\/v2\/product"}],"about":[{"href":"https:\/\/www.comoditahome.com\/ks\/wp-json\/wp\/v2\/types\/product"}],"version-history":[{"count":3,"href":"https:\/\/www.comoditahome.com\/ks\/wp-json\/wp\/v2\/product\/105530\/revisions"}],"predecessor-version":[{"id":105576,"href":"https:\/\/www.comoditahome.com\/ks\/wp-json\/wp\/v2\/product\/105530\/revisions\/105576"}],"wp:featuredmedia":[{"embeddable":true,"href":"https:\/\/www.comoditahome.com\/ks\/wp-json\/wp\/v2\/media\/105531"}],"wp:attachment":[{"href":"https:\/\/www.comoditahome.com\/ks\/wp-json\/wp\/v2\/media?parent=105530"}],"wp:term":[{"taxonomy":"product_brand","embeddable":true,"href":"https:\/\/www.comoditahome.com\/ks\/wp-json\/wp\/v2\/product_brand?post=105530"},{"taxonomy":"product_cat","embeddable":true,"href":"https:\/\/www.comoditahome.com\/ks\/wp-json\/wp\/v2\/product_cat?post=105530"},{"taxonomy":"product_tag","embeddable":true,"href":"https:\/\/www.comoditahome.com\/ks\/wp-json\/wp\/v2\/product_tag?post=105530"}],"curies":[{"name":"wp","href":"https:\/\/api.w.org\/{rel}","templated":true}]}}