 {"id":106583,"date":"2025-08-29T16:17:28","date_gmt":"2025-08-29T14:17:28","guid":{"rendered":"https:\/\/www.comoditahome.com\/ks\/?post_type=product&#038;p=106583"},"modified":"2026-04-24T09:20:38","modified_gmt":"2026-04-24T07:20:38","slug":"tabak-sherbimi-wavelle-pearl-duo","status":"publish","type":"product","link":"https:\/\/www.comoditahome.com\/ks\/produkt\/tabak-sherbimi-wavelle-pearl-duo\/","title":{"rendered":"Tabak sh\u00ebrbimi Wavelle Pearl Duo"},"content":{"rendered":"<div class=\"x_elementToProof\" style=\"text-align: left;\" data-olk-copy-source=\"MessageBody\">Nj\u00eb tabake elegante dhe funksionale me 2 pjes\u00eb, ideale si p\u00ebr sh\u00ebrbim ashtu edhe si dekor n\u00eb ambientin tuaj.<\/div>\n<div class=\"x_elementToProof\" style=\"text-align: left;\" data-olk-copy-source=\"MessageBody\">Me form\u00eb t\u00eb rregullt, korniz\u00eb t\u00eb punuar me kujdes dhe doreza praktike anash<\/div>\n<div class=\"x_elementToProof\" style=\"text-align: left;\" data-olk-copy-source=\"MessageBody\">Ajo kombinon stilin me funksionalitetin, duke i dh\u00ebn\u00eb nj\u00eb prekje luksoze tryez\u00ebs apo kuzhin\u00ebs suaj.<\/div>\n<div class=\"x_elementToProof\" style=\"text-align: left;\">Perfekte p\u00ebr p\u00ebrdorim t\u00eb p\u00ebrditsh\u00ebm ose p\u00ebr ta b\u00ebr\u00eb pjes\u00eb t\u00eb dekorit t\u00eb sht\u00ebpis\u00eb.<\/div>\n","protected":false},"excerpt":{"rendered":"<div class=\"x_elementToProof\" style=\"text-align: left;\" data-olk-copy-source=\"MessageBody\">Nj\u00eb tabake elegante dhe funksionale me 2 pjes\u00eb, ideale si p\u00ebr sh\u00ebrbim ashtu edhe si dekor n\u00eb ambientin tuaj. Me form\u00eb t\u00eb rregullt, korniz\u00eb t\u00eb punuar me kujdes dhe doreza praktike anash, ajo kombinon stilin me funksionalitetin, duke i dh\u00ebn\u00eb nj\u00eb prekje luksoze tryez\u00ebs apo kuzhin\u00ebs suaj.<\/div>\n<div class=\"x_elementToProof\" style=\"text-align: left;\">Perfekte p\u00ebr p\u00ebrdorim t\u00eb p\u00ebrditsh\u00ebm ose p\u00ebr ta b\u00ebr\u00eb pjes\u00eb t\u00eb dekorit t\u00eb sht\u00ebpis\u00eb.<\/div>\n<p style=\"text-align: left;\"><strong>Dimensioni \/ Kompozicioni:<\/strong> 2PJES\u00cb 1X33X33cm &amp; 1X36X36cm<\/p>\n<p style=\"text-align: left;\"><strong>NGJYRA:<\/strong> <span data-olk-copy-source=\"MessageBody\">Me dizajn<\/span><\/p>\n<p style=\"text-align: left;\"><strong>MATERIALI:<\/strong> <span data-olk-copy-source=\"MessageBody\">Qelq,Polistiren dhe Fiberdruri me dend\u00ebsi mesatare<\/span><\/p>\n<p style=\"text-align: left;\"><strong>UDH\u00cbZIMET E P\u00cbRDORIMIT:<\/strong> T\u00eb pastrohet me Dor\u00eb<\/p>\n<p style=\"text-align: left;\"><strong>KUSHTET E KTHIMIT \/ GARANCION:<\/strong>P\u00ebr k\u00ebt\u00eb produkt pranohet reklamacion brenda 24 or\u00ebve pasi t\u00eb pranoni porosin\u00eb.<br \/>\n<span style=\"color: #ffffff;\">3905710940660<\/span><\/p>\n","protected":false},"featured_media":106584,"template":"","meta":[],"product_brand":[],"product_cat":[136,132],"product_tag":[],"class_list":{"0":"post-106583","1":"product","2":"type-product","3":"status-publish","4":"has-post-thumbnail","6":"product_cat-tryeze","7":"product_cat-tabak","9":"first","10":"outofstock","11":"sale","12":"shipping-taxable","13":"purchasable","14":"product-type-simple","15":"layout-style-1","16":"col-md-4 col-sm-4 col-xs-6","17":"col-lg-2","18":"product-has-gallery","19":"product-style-default"},"yoast_head":"<!-- This site is optimized with the Yoast SEO Premium plugin v18.2.1 (Yoast SEO v22.5) - https:\/\/yoast.com\/wordpress\/plugins\/seo\/ -->\n<title>Tabak sh\u00ebrbimi Wavelle Pearl Duo - Comodita Home<\/title>\n<meta name=\"description\" content=\"Nj\u00eb tabake elegante dhe funksionale me 2 pjes\u00eb, ideale si p\u00ebr sh\u00ebrbim ashtu edhe si dekor n\u00eb ambientin tuaj.Me form\u00eb t\u00eb rregullt, korniz\u00eb t\u00eb punuar me kujdes dhe doreza praktike anashAjo kombinon stilin me funksionalitetin, duke i dh\u00ebn\u00eb nj\u00eb prekje luksoze tryez\u00ebs apo kuzhin\u00ebs suaj.Perfekte p\u00ebr p\u00ebrdorim t\u00eb p\u00ebrditsh\u00ebm ose p\u00ebr ta b\u00ebr\u00eb pjes\u00eb t\u00eb dekorit t\u00eb sht\u00ebpis\u00eb.\" \/>\n<meta name=\"robots\" content=\"index, follow, max-snippet:-1, max-image-preview:large, max-video-preview:-1\" \/>\n<link rel=\"canonical\" href=\"https:\/\/www.comoditahome.com\/ks\/produkt\/tabak-sherbimi-wavelle-pearl-duo\/\" \/>\n<meta property=\"og:locale\" content=\"sq_AL\" \/>\n<meta property=\"og:type\" content=\"article\" \/>\n<meta property=\"og:title\" content=\"Tabak sh\u00ebrbimi Wavelle Pearl Duo\" \/>\n<meta property=\"og:description\" content=\"Nj\u00eb tabake elegante dhe funksionale me 2 pjes\u00eb, ideale si p\u00ebr sh\u00ebrbim ashtu edhe si dekor n\u00eb ambientin tuaj.Me form\u00eb t\u00eb rregullt, korniz\u00eb t\u00eb punuar me kujdes dhe doreza praktike anashAjo kombinon stilin me funksionalitetin, duke i dh\u00ebn\u00eb nj\u00eb prekje luksoze tryez\u00ebs apo kuzhin\u00ebs suaj.Perfekte p\u00ebr p\u00ebrdorim t\u00eb p\u00ebrditsh\u00ebm ose p\u00ebr ta b\u00ebr\u00eb pjes\u00eb t\u00eb dekorit t\u00eb sht\u00ebpis\u00eb.\" \/>\n<meta property=\"og:url\" content=\"https:\/\/www.comoditahome.com\/ks\/produkt\/tabak-sherbimi-wavelle-pearl-duo\/\" \/>\n<meta property=\"og:site_name\" content=\"Comodita Home\" \/>\n<meta property=\"article:publisher\" content=\"https:\/\/www.facebook.com\/comoditahome\/\" \/>\n<meta property=\"article:modified_time\" content=\"2026-04-24T07:20:38+00:00\" \/>\n<meta property=\"og:image\" content=\"https:\/\/www.comoditahome.com\/ks\/wp-content\/uploads\/2025\/08\/3905710940660-1.jpg\" \/>\n\t<meta property=\"og:image:width\" content=\"1200\" \/>\n\t<meta property=\"og:image:height\" content=\"1302\" \/>\n\t<meta property=\"og:image:type\" content=\"image\/jpeg\" \/>\n<meta name=\"twitter:card\" content=\"summary_large_image\" \/>\n<meta name=\"twitter:label1\" content=\"Est. reading time\" \/>\n\t<meta name=\"twitter:data1\" content=\"1 minut\u00eb\" \/>\n<script type=\"application\/ld+json\" class=\"yoast-schema-graph\">{\"@context\":\"https:\/\/schema.org\",\"@graph\":[{\"@type\":\"WebPage\",\"@id\":\"https:\/\/www.comoditahome.com\/ks\/produkt\/tabak-sherbimi-wavelle-pearl-duo\/\",\"url\":\"https:\/\/www.comoditahome.com\/ks\/produkt\/tabak-sherbimi-wavelle-pearl-duo\/\",\"name\":\"Tabak sh\u00ebrbimi Wavelle Pearl Duo - Comodita Home\",\"isPartOf\":{\"@id\":\"https:\/\/www.comoditahome.com\/ks\/#website\"},\"primaryImageOfPage\":{\"@id\":\"https:\/\/www.comoditahome.com\/ks\/produkt\/tabak-sherbimi-wavelle-pearl-duo\/#primaryimage\"},\"image\":{\"@id\":\"https:\/\/www.comoditahome.com\/ks\/produkt\/tabak-sherbimi-wavelle-pearl-duo\/#primaryimage\"},\"thumbnailUrl\":\"https:\/\/www.comoditahome.com\/ks\/wp-content\/uploads\/2025\/08\/3905710940660-1.jpg\",\"datePublished\":\"2025-08-29T14:17:28+00:00\",\"dateModified\":\"2026-04-24T07:20:38+00:00\",\"description\":\"Nj\u00eb tabake elegante dhe funksionale me 2 pjes\u00eb, ideale si p\u00ebr sh\u00ebrbim ashtu edhe si dekor n\u00eb ambientin tuaj.Me form\u00eb t\u00eb rregullt, korniz\u00eb t\u00eb punuar me kujdes dhe doreza praktike anashAjo kombinon stilin me funksionalitetin, duke i dh\u00ebn\u00eb nj\u00eb prekje luksoze tryez\u00ebs apo kuzhin\u00ebs suaj.Perfekte p\u00ebr p\u00ebrdorim t\u00eb p\u00ebrditsh\u00ebm ose p\u00ebr ta b\u00ebr\u00eb pjes\u00eb t\u00eb dekorit t\u00eb sht\u00ebpis\u00eb.\",\"breadcrumb\":{\"@id\":\"https:\/\/www.comoditahome.com\/ks\/produkt\/tabak-sherbimi-wavelle-pearl-duo\/#breadcrumb\"},\"inLanguage\":\"sq\",\"potentialAction\":[{\"@type\":\"ReadAction\",\"target\":[\"https:\/\/www.comoditahome.com\/ks\/produkt\/tabak-sherbimi-wavelle-pearl-duo\/\"]}]},{\"@type\":\"ImageObject\",\"inLanguage\":\"sq\",\"@id\":\"https:\/\/www.comoditahome.com\/ks\/produkt\/tabak-sherbimi-wavelle-pearl-duo\/#primaryimage\",\"url\":\"https:\/\/www.comoditahome.com\/ks\/wp-content\/uploads\/2025\/08\/3905710940660-1.jpg\",\"contentUrl\":\"https:\/\/www.comoditahome.com\/ks\/wp-content\/uploads\/2025\/08\/3905710940660-1.jpg\",\"width\":1200,\"height\":1302},{\"@type\":\"BreadcrumbList\",\"@id\":\"https:\/\/www.comoditahome.com\/ks\/produkt\/tabak-sherbimi-wavelle-pearl-duo\/#breadcrumb\",\"itemListElement\":[{\"@type\":\"ListItem\",\"position\":1,\"name\":\"Comodita Home Kosova - Dyshek Mattress\",\"item\":\"https:\/\/www.comoditahome.com\/ks\/\"},{\"@type\":\"ListItem\",\"position\":2,\"name\":\"Shop\",\"item\":\"https:\/\/www.comoditahome.com\/ks\/shop\/\"},{\"@type\":\"ListItem\",\"position\":3,\"name\":\"Tabak sh\u00ebrbimi Wavelle Pearl Duo\"}]},{\"@type\":\"WebSite\",\"@id\":\"https:\/\/www.comoditahome.com\/ks\/#website\",\"url\":\"https:\/\/www.comoditahome.com\/ks\/\",\"name\":\"Comodita Home\",\"description\":\"Dyshek, Jorgan, Jast\u00ebk, Kuzhine, Banjo, Kopsht dhe Aksesor\u00eb\",\"publisher\":{\"@id\":\"https:\/\/www.comoditahome.com\/ks\/#organization\"},\"potentialAction\":[{\"@type\":\"SearchAction\",\"target\":{\"@type\":\"EntryPoint\",\"urlTemplate\":\"https:\/\/www.comoditahome.com\/ks\/?s={search_term_string}\"},\"query-input\":\"required name=search_term_string\"}],\"inLanguage\":\"sq\"},{\"@type\":\"Organization\",\"@id\":\"https:\/\/www.comoditahome.com\/ks\/#organization\",\"name\":\"Comodita Home\",\"url\":\"https:\/\/www.comoditahome.com\/ks\/\",\"logo\":{\"@type\":\"ImageObject\",\"inLanguage\":\"sq\",\"@id\":\"https:\/\/www.comoditahome.com\/ks\/#\/schema\/logo\/image\/\",\"url\":\"https:\/\/www.comoditahome.com\/ks\/wp-content\/uploads\/2022\/05\/COMODITA_HOME_LOGO_KS_MK_AL-02.png\",\"contentUrl\":\"https:\/\/www.comoditahome.com\/ks\/wp-content\/uploads\/2022\/05\/COMODITA_HOME_LOGO_KS_MK_AL-02.png\",\"width\":180,\"height\":87,\"caption\":\"Comodita Home\"},\"image\":{\"@id\":\"https:\/\/www.comoditahome.com\/ks\/#\/schema\/logo\/image\/\"},\"sameAs\":[\"https:\/\/www.facebook.com\/comoditahome\/\",\"https:\/\/www.instagram.com\/comoditahome\/\",\"https:\/\/www.linkedin.com\/company\/comoditahome\/?originalSubdomain=fj\",\"https:\/\/www.youtube.com\/channel\/UC5O6IsT4JD4zaiOqmRi_Pvg\"]}]}<\/script>\n<!-- \/ Yoast SEO Premium plugin. -->","yoast_head_json":{"title":"Tabak sh\u00ebrbimi Wavelle Pearl Duo - Comodita Home","description":"Nj\u00eb tabake elegante dhe funksionale me 2 pjes\u00eb, ideale si p\u00ebr sh\u00ebrbim ashtu edhe si dekor n\u00eb ambientin tuaj.Me form\u00eb t\u00eb rregullt, korniz\u00eb t\u00eb punuar me kujdes dhe doreza praktike anashAjo kombinon stilin me funksionalitetin, duke i dh\u00ebn\u00eb nj\u00eb prekje luksoze tryez\u00ebs apo kuzhin\u00ebs suaj.Perfekte p\u00ebr p\u00ebrdorim t\u00eb p\u00ebrditsh\u00ebm ose p\u00ebr ta b\u00ebr\u00eb pjes\u00eb t\u00eb dekorit t\u00eb sht\u00ebpis\u00eb.","robots":{"index":"index","follow":"follow","max-snippet":"max-snippet:-1","max-image-preview":"max-image-preview:large","max-video-preview":"max-video-preview:-1"},"canonical":"https:\/\/www.comoditahome.com\/ks\/produkt\/tabak-sherbimi-wavelle-pearl-duo\/","og_locale":"sq_AL","og_type":"article","og_title":"Tabak sh\u00ebrbimi Wavelle Pearl Duo","og_description":"Nj\u00eb tabake elegante dhe funksionale me 2 pjes\u00eb, ideale si p\u00ebr sh\u00ebrbim ashtu edhe si dekor n\u00eb ambientin tuaj.Me form\u00eb t\u00eb rregullt, korniz\u00eb t\u00eb punuar me kujdes dhe doreza praktike anashAjo kombinon stilin me funksionalitetin, duke i dh\u00ebn\u00eb nj\u00eb prekje luksoze tryez\u00ebs apo kuzhin\u00ebs suaj.Perfekte p\u00ebr p\u00ebrdorim t\u00eb p\u00ebrditsh\u00ebm ose p\u00ebr ta b\u00ebr\u00eb pjes\u00eb t\u00eb dekorit t\u00eb sht\u00ebpis\u00eb.","og_url":"https:\/\/www.comoditahome.com\/ks\/produkt\/tabak-sherbimi-wavelle-pearl-duo\/","og_site_name":"Comodita Home","article_publisher":"https:\/\/www.facebook.com\/comoditahome\/","article_modified_time":"2026-04-24T07:20:38+00:00","og_image":[{"width":1200,"height":1302,"url":"https:\/\/www.comoditahome.com\/ks\/wp-content\/uploads\/2025\/08\/3905710940660-1.jpg","type":"image\/jpeg"}],"twitter_card":"summary_large_image","twitter_misc":{"Est. reading time":"1 minut\u00eb"},"schema":{"@context":"https:\/\/schema.org","@graph":[{"@type":"WebPage","@id":"https:\/\/www.comoditahome.com\/ks\/produkt\/tabak-sherbimi-wavelle-pearl-duo\/","url":"https:\/\/www.comoditahome.com\/ks\/produkt\/tabak-sherbimi-wavelle-pearl-duo\/","name":"Tabak sh\u00ebrbimi Wavelle Pearl Duo - Comodita Home","isPartOf":{"@id":"https:\/\/www.comoditahome.com\/ks\/#website"},"primaryImageOfPage":{"@id":"https:\/\/www.comoditahome.com\/ks\/produkt\/tabak-sherbimi-wavelle-pearl-duo\/#primaryimage"},"image":{"@id":"https:\/\/www.comoditahome.com\/ks\/produkt\/tabak-sherbimi-wavelle-pearl-duo\/#primaryimage"},"thumbnailUrl":"https:\/\/www.comoditahome.com\/ks\/wp-content\/uploads\/2025\/08\/3905710940660-1.jpg","datePublished":"2025-08-29T14:17:28+00:00","dateModified":"2026-04-24T07:20:38+00:00","description":"Nj\u00eb tabake elegante dhe funksionale me 2 pjes\u00eb, ideale si p\u00ebr sh\u00ebrbim ashtu edhe si dekor n\u00eb ambientin tuaj.Me form\u00eb t\u00eb rregullt, korniz\u00eb t\u00eb punuar me kujdes dhe doreza praktike anashAjo kombinon stilin me funksionalitetin, duke i dh\u00ebn\u00eb nj\u00eb prekje luksoze tryez\u00ebs apo kuzhin\u00ebs suaj.Perfekte p\u00ebr p\u00ebrdorim t\u00eb p\u00ebrditsh\u00ebm ose p\u00ebr ta b\u00ebr\u00eb pjes\u00eb t\u00eb dekorit t\u00eb sht\u00ebpis\u00eb.","breadcrumb":{"@id":"https:\/\/www.comoditahome.com\/ks\/produkt\/tabak-sherbimi-wavelle-pearl-duo\/#breadcrumb"},"inLanguage":"sq","potentialAction":[{"@type":"ReadAction","target":["https:\/\/www.comoditahome.com\/ks\/produkt\/tabak-sherbimi-wavelle-pearl-duo\/"]}]},{"@type":"ImageObject","inLanguage":"sq","@id":"https:\/\/www.comoditahome.com\/ks\/produkt\/tabak-sherbimi-wavelle-pearl-duo\/#primaryimage","url":"https:\/\/www.comoditahome.com\/ks\/wp-content\/uploads\/2025\/08\/3905710940660-1.jpg","contentUrl":"https:\/\/www.comoditahome.com\/ks\/wp-content\/uploads\/2025\/08\/3905710940660-1.jpg","width":1200,"height":1302},{"@type":"BreadcrumbList","@id":"https:\/\/www.comoditahome.com\/ks\/produkt\/tabak-sherbimi-wavelle-pearl-duo\/#breadcrumb","itemListElement":[{"@type":"ListItem","position":1,"name":"Comodita Home Kosova - Dyshek Mattress","item":"https:\/\/www.comoditahome.com\/ks\/"},{"@type":"ListItem","position":2,"name":"Shop","item":"https:\/\/www.comoditahome.com\/ks\/shop\/"},{"@type":"ListItem","position":3,"name":"Tabak sh\u00ebrbimi Wavelle Pearl Duo"}]},{"@type":"WebSite","@id":"https:\/\/www.comoditahome.com\/ks\/#website","url":"https:\/\/www.comoditahome.com\/ks\/","name":"Comodita Home","description":"Dyshek, Jorgan, Jast\u00ebk, Kuzhine, Banjo, Kopsht dhe Aksesor\u00eb","publisher":{"@id":"https:\/\/www.comoditahome.com\/ks\/#organization"},"potentialAction":[{"@type":"SearchAction","target":{"@type":"EntryPoint","urlTemplate":"https:\/\/www.comoditahome.com\/ks\/?s={search_term_string}"},"query-input":"required name=search_term_string"}],"inLanguage":"sq"},{"@type":"Organization","@id":"https:\/\/www.comoditahome.com\/ks\/#organization","name":"Comodita Home","url":"https:\/\/www.comoditahome.com\/ks\/","logo":{"@type":"ImageObject","inLanguage":"sq","@id":"https:\/\/www.comoditahome.com\/ks\/#\/schema\/logo\/image\/","url":"https:\/\/www.comoditahome.com\/ks\/wp-content\/uploads\/2022\/05\/COMODITA_HOME_LOGO_KS_MK_AL-02.png","contentUrl":"https:\/\/www.comoditahome.com\/ks\/wp-content\/uploads\/2022\/05\/COMODITA_HOME_LOGO_KS_MK_AL-02.png","width":180,"height":87,"caption":"Comodita Home"},"image":{"@id":"https:\/\/www.comoditahome.com\/ks\/#\/schema\/logo\/image\/"},"sameAs":["https:\/\/www.facebook.com\/comoditahome\/","https:\/\/www.instagram.com\/comoditahome\/","https:\/\/www.linkedin.com\/company\/comoditahome\/?originalSubdomain=fj","https:\/\/www.youtube.com\/channel\/UC5O6IsT4JD4zaiOqmRi_Pvg"]}]}},"_links":{"self":[{"href":"https:\/\/www.comoditahome.com\/ks\/wp-json\/wp\/v2\/product\/106583","targetHints":{"allow":["GET"]}}],"collection":[{"href":"https:\/\/www.comoditahome.com\/ks\/wp-json\/wp\/v2\/product"}],"about":[{"href":"https:\/\/www.comoditahome.com\/ks\/wp-json\/wp\/v2\/types\/product"}],"version-history":[{"count":4,"href":"https:\/\/www.comoditahome.com\/ks\/wp-json\/wp\/v2\/product\/106583\/revisions"}],"predecessor-version":[{"id":106884,"href":"https:\/\/www.comoditahome.com\/ks\/wp-json\/wp\/v2\/product\/106583\/revisions\/106884"}],"wp:featuredmedia":[{"embeddable":true,"href":"https:\/\/www.comoditahome.com\/ks\/wp-json\/wp\/v2\/media\/106584"}],"wp:attachment":[{"href":"https:\/\/www.comoditahome.com\/ks\/wp-json\/wp\/v2\/media?parent=106583"}],"wp:term":[{"taxonomy":"product_brand","embeddable":true,"href":"https:\/\/www.comoditahome.com\/ks\/wp-json\/wp\/v2\/product_brand?post=106583"},{"taxonomy":"product_cat","embeddable":true,"href":"https:\/\/www.comoditahome.com\/ks\/wp-json\/wp\/v2\/product_cat?post=106583"},{"taxonomy":"product_tag","embeddable":true,"href":"https:\/\/www.comoditahome.com\/ks\/wp-json\/wp\/v2\/product_tag?post=106583"}],"curies":[{"name":"wp","href":"https:\/\/api.w.org\/{rel}","templated":true}]}}